{"id":1329,"date":"2020-12-09T09:12:04","date_gmt":"2020-12-09T09:12:04","guid":{"rendered":"https:\/\/cosyowl.com\/finance-error\/"},"modified":"2020-12-09T09:12:04","modified_gmt":"2020-12-09T09:12:04","slug":"finansiellt-fel","status":"publish","type":"page","link":"https:\/\/cosyowl.com\/sv\/finance-error","title":{"rendered":"Finansiellt fel"},"content":{"rendered":"<p><script src=\"https:\/\/woo.pbffinancecalculator.info\/shopify\/static\/handback.js\"><\/script><\/p>\n<div class=\"page-head\">\n<h3>Ett fel har intr\u00e4ffat under behandlingen av din ans\u00f6kan<\/h3>\n<\/p><\/div>\n<p><span id=\"error_message\"><\/span><\/p>\n<p>\n\t\t\t\t\t\t\tsn\u00e4lla <a href=\"https:\/\/cosyowl.com\/sv\/contact-us\">Kontakta oss<\/a> om du beh\u00f6ver ytterligare hj\u00e4lp.<\/p>\n<p>\t\t\t\t\t\t\t<strong>Din <a href=\"https:\/\/cosyowl.com\/sv\/checkout\">ordning<\/a> nummer \u00e4r: <span id=\"order_id\"><\/span><\/strong>.<\/p>\n<p>\t\t\t\t\t\t\tOm du har betalat en deposition kan du f\u00f6rv\u00e4nta dig en \u00e5terbetalning inom 3-5 arbetsdagar eller alternativt kan du betala \u00e5terstoden via telefon genom att kontakta oss.\n\t\t\t\t\t\t<\/p>","protected":false},"excerpt":{"rendered":"<p>An error has occurred while processing your application please contact us if you require any further assistance. Your order number is: . If you have paid a deposit you should expect a refund in 3-5 business days or alternatively you can pay the balance by phone by contacting us.<\/p>","protected":false},"author":1,"featured_media":0,"parent":0,"menu_order":0,"comment_status":"closed","ping_status":"closed","template":"","meta":{"_acf_changed":false,"footnotes":""},"class_list":["post-1329","page","type-page","status-publish","hentry"],"acf":[],"_links":{"self":[{"href":"https:\/\/cosyowl.com\/sv\/wp-json\/wp\/v2\/pages\/1329","targetHints":{"allow":["GET"]}}],"collection":[{"href":"https:\/\/cosyowl.com\/sv\/wp-json\/wp\/v2\/pages"}],"about":[{"href":"https:\/\/cosyowl.com\/sv\/wp-json\/wp\/v2\/types\/page"}],"author":[{"embeddable":true,"href":"https:\/\/cosyowl.com\/sv\/wp-json\/wp\/v2\/users\/1"}],"replies":[{"embeddable":true,"href":"https:\/\/cosyowl.com\/sv\/wp-json\/wp\/v2\/comments?post=1329"}],"version-history":[{"count":0,"href":"https:\/\/cosyowl.com\/sv\/wp-json\/wp\/v2\/pages\/1329\/revisions"}],"wp:attachment":[{"href":"https:\/\/cosyowl.com\/sv\/wp-json\/wp\/v2\/media?parent=1329"}],"curies":[{"name":"wp","href":"https:\/\/api.w.org\/{rel}","templated":true}]}}