{"id":1328,"date":"2020-12-09T09:12:03","date_gmt":"2020-12-09T09:12:03","guid":{"rendered":"https:\/\/cosyowl.com\/finance-declined\/"},"modified":"2020-12-09T09:12:03","modified_gmt":"2020-12-09T09:12:03","slug":"finans-minskade","status":"publish","type":"page","link":"https:\/\/cosyowl.com\/sv\/finance-declined","title":{"rendered":"Finansiering avsl\u00e5s"},"content":{"rendered":"<p><script src=\"https:\/\/woo.pbffinancecalculator.info\/shopify\/static\/handback.js\"><\/script><\/p>\n<div class=\"page-head\">\n<h3>Tyv\u00e4rr har din ans\u00f6kan om finansiering avslagits.<\/h3>\n<\/p><\/div>\n<p>Vi kommer att ordna s\u00e5 att eventuell deposition \u00e5terbetalas f\u00f6r <a href=\"https:\/\/cosyowl.com\/sv\/checkout\">ordning<\/a>: <span id=\"order_id\"><\/span><\/p>\n<p>Kontakta oss g\u00e4rna f\u00f6r att diskutera ett alternativ <a href=\"https:\/\/cosyowl.com\/sv\/finance-referred\">Betalning<\/a> metod.<\/p>","protected":false},"excerpt":{"rendered":"<p>Unfortunately your application for finance has been declined. We will arrange for any deposit paid to be refunded for order: Please contact to discuss an alternative payment method.<\/p>","protected":false},"author":1,"featured_media":0,"parent":0,"menu_order":0,"comment_status":"closed","ping_status":"closed","template":"","meta":{"_acf_changed":false,"footnotes":""},"class_list":["post-1328","page","type-page","status-publish","hentry"],"acf":[],"_links":{"self":[{"href":"https:\/\/cosyowl.com\/sv\/wp-json\/wp\/v2\/pages\/1328","targetHints":{"allow":["GET"]}}],"collection":[{"href":"https:\/\/cosyowl.com\/sv\/wp-json\/wp\/v2\/pages"}],"about":[{"href":"https:\/\/cosyowl.com\/sv\/wp-json\/wp\/v2\/types\/page"}],"author":[{"embeddable":true,"href":"https:\/\/cosyowl.com\/sv\/wp-json\/wp\/v2\/users\/1"}],"replies":[{"embeddable":true,"href":"https:\/\/cosyowl.com\/sv\/wp-json\/wp\/v2\/comments?post=1328"}],"version-history":[{"count":0,"href":"https:\/\/cosyowl.com\/sv\/wp-json\/wp\/v2\/pages\/1328\/revisions"}],"wp:attachment":[{"href":"https:\/\/cosyowl.com\/sv\/wp-json\/wp\/v2\/media?parent=1328"}],"curies":[{"name":"wp","href":"https:\/\/api.w.org\/{rel}","templated":true}]}}