{"id":1326,"date":"2020-12-09T09:12:00","date_gmt":"2020-12-09T09:12:00","guid":{"rendered":"https:\/\/cosyowl.com\/finance-accepted\/"},"modified":"2020-12-09T09:12:00","modified_gmt":"2020-12-09T09:12:00","slug":"finansiering-accepterad","status":"publish","type":"page","link":"https:\/\/cosyowl.com\/sv\/finance-accepted","title":{"rendered":"Finans accepterad"},"content":{"rendered":"<p>Det gl\u00e4der mig att kunna bekr\u00e4fta att din <a href=\"https:\/\/cosyowl.com\/sv\/guides\/how-to-use-fragrance-oils\">Ans\u00f6kan<\/a> har nu accepterats och din <a href=\"https:\/\/cosyowl.com\/sv\/checkout\">ordning<\/a> \u00e4r nu reserverad i v\u00e5ra system.<\/p>\n<p>Din order kommer dock inte att skickas f\u00f6rr\u00e4n antingen din e-signatur har slutf\u00f6rts, om s\u00e5dan erbjuds, eller din undertecknade dokumentation har returnerats till Hitachi Personal Finance p\u00e5 f\u00f6ljande adress:<\/p>\n<ul>\n<li>PaybyFinance<\/li>\n<li>Hitachi Personal Finance<\/li>\n<li>Fri post RRYU-HCAT-JEUG<\/li>\n<li>2 Apex View<\/li>\n<li>Leeds, LS11 9BH<\/li>\n<\/ul>\n<p>Om du inte redan har e-signerat (om tillg\u00e4ngligt) eller skrivit ut och signerat dokumentationen har ett e-postmeddelande skickats till din tilldelade e-postadress f\u00f6r att du ska fylla i och skicka tillbaka dokumentationen s\u00e5 snart som m\u00f6jligt.<\/p>\n<p>Under tiden, tack f\u00f6r att du anv\u00e4nder , vi ser fram emot att g\u00f6ra aff\u00e4rer med dig i framtiden.<\/p>","protected":false},"excerpt":{"rendered":"<p>I am delighted to confirm that your application has now been accepted and your order is now reserved in our systems. However your order will not be dispatched until either your e-signature has been completed, if offered, or your signed documentation has been returned to Hitachi Personal Finance at the following address: PaybyFinance Hitachi Personal [&hellip;]<\/p>\n","protected":false},"author":1,"featured_media":0,"parent":0,"menu_order":0,"comment_status":"closed","ping_status":"closed","template":"","meta":{"_acf_changed":false,"footnotes":""},"class_list":["post-1326","page","type-page","status-publish","hentry"],"acf":[],"_links":{"self":[{"href":"https:\/\/cosyowl.com\/sv\/wp-json\/wp\/v2\/pages\/1326","targetHints":{"allow":["GET"]}}],"collection":[{"href":"https:\/\/cosyowl.com\/sv\/wp-json\/wp\/v2\/pages"}],"about":[{"href":"https:\/\/cosyowl.com\/sv\/wp-json\/wp\/v2\/types\/page"}],"author":[{"embeddable":true,"href":"https:\/\/cosyowl.com\/sv\/wp-json\/wp\/v2\/users\/1"}],"replies":[{"embeddable":true,"href":"https:\/\/cosyowl.com\/sv\/wp-json\/wp\/v2\/comments?post=1326"}],"version-history":[{"count":0,"href":"https:\/\/cosyowl.com\/sv\/wp-json\/wp\/v2\/pages\/1326\/revisions"}],"wp:attachment":[{"href":"https:\/\/cosyowl.com\/sv\/wp-json\/wp\/v2\/media?parent=1326"}],"curies":[{"name":"wp","href":"https:\/\/api.w.org\/{rel}","templated":true}]}}