{"id":11677,"date":"2021-01-20T13:14:08","date_gmt":"2021-01-20T13:14:08","guid":{"rendered":"https:\/\/cosyowl.com\/?page_id=11677"},"modified":"2025-09-03T13:59:56","modified_gmt":"2025-09-03T12:59:56","slug":"free-delivery-2","status":"publish","type":"page","link":"https:\/\/cosyowl.com\/sv\/free-delivery","title":{"rendered":"Fri leverans"},"content":{"rendered":"<p>Vi erbjuder fri frakt f\u00f6r Royal Mail- och Courier-best\u00e4llningar \u00f6ver \u00a3 250 inklusive moms, till de flesta adresser i Storbritannien. Det kostnadsfria fraktalternativet \u00e4r en standardtj\u00e4nst som endast tar upp till 5 arbetsdagar.<\/p>\n<p>P\u00e5 grund av deras vikt omfattar erbjudandet om fri frakt tyv\u00e4rr inte vaxprodukter eller glasf\u00f6rpackningar. Vi kan tyv\u00e4rr inte heller erbjuda hela besparingen p\u00e5 kurirf\u00f6rs\u00e4ndelser endast till v\u00e5ra kunder i omr\u00e5den som anses vara \"Highlands &amp; Islands\", utan du kommer endast att f\u00e5 en reducerad fraktsats.  Erbjudandet omfattar inte heller stora pallbest\u00e4llningar till n\u00e5gon plats i Storbritannien.<\/p>\n<p>V\u00e4nligen se till att du v\u00e4ljer alternativet GRATIS LEVERANS p\u00e5 <a href=\"https:\/\/cosyowl.com\/sv\/checkout\">kassan<\/a> eftersom detta inte kommer att \u00e5terbetalas retroaktivt.<\/p>\n<p>F\u00f6r v\u00e5ra kunder utomlands erbjuder vi fri frakt f\u00f6r best\u00e4llningar som \u00f6verstiger 300 \u20ac exkl. TVA\/VAT. Best\u00e4llningar till dessa l\u00e4nder kan ocks\u00e5 g\u00f6ras via v\u00e5r <a href=\"https:\/\/cosyowl.com\/sv\/fr\/?wmc-currency=EUR\">Franska<\/a> eller <a href=\"https:\/\/cosyowl.com\/sv\/de\/?wmc-currency=EUR\">Tysk<\/a> webbplatser.<\/p>\n<p>Denna kampanj f\u00f6r fri frakt t\u00e4cker endast kostnaden f\u00f6r att skicka ett kurirpaket och vid tillf\u00e4llen d\u00e5 en extra fraktkostnad m\u00e5ste tas ut, kommer en medlem av v\u00e5r <a href=\"https:\/\/cosyowl.com\/sv\/contact-us\">Kundservice<\/a> team kommer att kontakta dig via e-post s\u00e5 snart som m\u00f6jligt n\u00e4sta arbetsdag.<\/p>","protected":false},"excerpt":{"rendered":"<p>We offer free shipping for Royal Mail and Courier orders over \u00a3250 including VAT, to the majority of UK addresses. The free shipping option is a standard, up to 5 business day service only. Regretably, due to their weight, the free shipping offer excludes any Wax products or Packs of Glassware. We are sadly also [&hellip;]<\/p>\n","protected":false},"author":1,"featured_media":0,"parent":0,"menu_order":0,"comment_status":"closed","ping_status":"closed","template":"","meta":{"_acf_changed":false,"footnotes":""},"class_list":["post-11677","page","type-page","status-publish","hentry"],"acf":[],"_links":{"self":[{"href":"https:\/\/cosyowl.com\/sv\/wp-json\/wp\/v2\/pages\/11677","targetHints":{"allow":["GET"]}}],"collection":[{"href":"https:\/\/cosyowl.com\/sv\/wp-json\/wp\/v2\/pages"}],"about":[{"href":"https:\/\/cosyowl.com\/sv\/wp-json\/wp\/v2\/types\/page"}],"author":[{"embeddable":true,"href":"https:\/\/cosyowl.com\/sv\/wp-json\/wp\/v2\/users\/1"}],"replies":[{"embeddable":true,"href":"https:\/\/cosyowl.com\/sv\/wp-json\/wp\/v2\/comments?post=11677"}],"version-history":[{"count":0,"href":"https:\/\/cosyowl.com\/sv\/wp-json\/wp\/v2\/pages\/11677\/revisions"}],"wp:attachment":[{"href":"https:\/\/cosyowl.com\/sv\/wp-json\/wp\/v2\/media?parent=11677"}],"curies":[{"name":"wp","href":"https:\/\/api.w.org\/{rel}","templated":true}]}}