{"id":9995,"date":"2021-01-07T06:00:00","date_gmt":"2021-01-07T06:00:00","guid":{"rendered":"https:\/\/cosyowl.com\/product\/uncategorized\/import-placeholder-for-tcdl-ccon-bwed-ntlc-ctl1-209"},"modified":"2026-03-03T13:50:13","modified_gmt":"2026-03-03T13:50:13","slug":"aluminiowe-podgrzewacze-do-herbaty-37-mm-x-22-mm","status":"publish","type":"product","link":"https:\/\/cosyowl.com\/pl\/candle-making-supplies\/candle-containers\/metal-containers\/aluminium-tea-light-cups-375mm-x-22mm","title":{"rendered":"Aluminiowe podgrzewacze do herbaty - 37,5 mm x 22 mm"},"content":{"rendered":"<p>Te <a href=\"https:\/\/cosyowl.com\/pl\/candle-making-supplies\/candle-containers\/metal-containers\/aluminium-tea-light-cups-36mm-x-164mm\">Aluminiowa lampka do herbaty<\/a> Kubki maj\u0105 37,5 mm szeroko\u015bci x 22 mm wysoko\u015bci i s\u0105 przeznaczone g\u0142\u00f3wnie do u\u017cytku z <a href=\"https:\/\/cosyowl.com\/pl\/guides\/the-truth-about-paraffin-wax-being-vegan-friendly\">parafina<\/a>. Knoty z podtrzymywaczami s\u0105 dostarczane oddzielnie - patrz lista w sekcji \"Knoty do \u015bwiec\" \/ produkt: <strong>Knot do podgrzewaczy (TL 15\/S.30) - <a href=\"https:\/\/cosyowl.com\/pl\/candle-wicks\/tealight-wick-tl15\">D\u0142ugo\u015b\u0107 40 mm<\/a><\/strong>.<\/p>\n<p>Wa\u017cna uwaga: nie nale\u017cy umieszcza\u0107 Tea Light <a href=\"https:\/\/cosyowl.com\/pl\/guides\/a-summers-beach-gel-votive-candle\">\u015bwieca<\/a> bezpo\u015brednio na paln\u0105 powierzchni\u0119, poniewa\u017c podstawa pojemnika mo\u017ce si\u0119 bardzo nagrza\u0107.<\/p>","protected":false},"excerpt":{"rendered":"<p>These Aluminium Tea Light Cups are 37.5mm wide x 22mm in height and for use predominantly with paraffin wax. The wicks with sustainers are supplied separately &#8211; see listings under &#8216;Candle Wicks&#8217; \/ product: Tea Light Wick (TL 15\/S.30) &#8211; 40mm Long. Important note, do not place the Tea Light candle directly onto a combustible [&hellip;]<\/p>\n","protected":false},"featured_media":54005,"comment_status":"open","ping_status":"closed","template":"","meta":{"_acf_changed":false},"product_brand":[],"product_cat":[501,502],"product_tag":[925],"class_list":{"0":"post-9995","1":"product","2":"type-product","3":"status-publish","4":"has-post-thumbnail","6":"product_cat-metal-containers","7":"product_cat-candle-containers-other-containers","8":"product_tag-tea-light-cup","9":"product_shipping_class-royal_mail","11":"first","12":"instock","13":"taxable","14":"shipping-taxable","15":"purchasable","16":"product-type-variable"},"acf":[],"_links":{"self":[{"href":"https:\/\/cosyowl.com\/pl\/wp-json\/wp\/v2\/product\/9995","targetHints":{"allow":["GET"]}}],"collection":[{"href":"https:\/\/cosyowl.com\/pl\/wp-json\/wp\/v2\/product"}],"about":[{"href":"https:\/\/cosyowl.com\/pl\/wp-json\/wp\/v2\/types\/product"}],"replies":[{"embeddable":true,"href":"https:\/\/cosyowl.com\/pl\/wp-json\/wp\/v2\/comments?post=9995"}],"wp:featuredmedia":[{"embeddable":true,"href":"https:\/\/cosyowl.com\/pl\/wp-json\/wp\/v2\/media\/54005"}],"wp:attachment":[{"href":"https:\/\/cosyowl.com\/pl\/wp-json\/wp\/v2\/media?parent=9995"}],"wp:term":[{"taxonomy":"product_brand","embeddable":true,"href":"https:\/\/cosyowl.com\/pl\/wp-json\/wp\/v2\/product_brand?post=9995"},{"taxonomy":"product_cat","embeddable":true,"href":"https:\/\/cosyowl.com\/pl\/wp-json\/wp\/v2\/product_cat?post=9995"},{"taxonomy":"product_tag","embeddable":true,"href":"https:\/\/cosyowl.com\/pl\/wp-json\/wp\/v2\/product_tag?post=9995"}],"curies":[{"name":"wp","href":"https:\/\/api.w.org\/{rel}","templated":true}]}}