{"id":9964,"date":"2021-01-10T06:00:00","date_gmt":"2021-01-10T06:00:00","guid":{"rendered":"https:\/\/cosyowl.com\/product\/uncategorized\/import-placeholder-for-tcdl-cwik-bwed-s5mt-clx-206"},"modified":"2026-03-03T13:43:52","modified_gmt":"2026-03-03T13:43:52","slug":"wedo-lx-wick-raw","status":"publish","type":"product","link":"https:\/\/cosyowl.com\/pl\/candle-wicks\/wedo-lx-wick-raw","title":{"rendered":"Knot do \u015bwiec Wedo LX - surowy"},"content":{"rendered":"<p>Ten knot jest dostarczany w odcinkach o d\u0142ugo\u015bci 5 metr\u00f3w.<\/p>\n<p><a href=\"https:\/\/cosyowl.com\/pl\/\">Przytulna sowa<\/a> Dostarcza knot Wedo z serii LX, kt\u00f3ry jest przeznaczony do pojemnik\u00f3w i \u015bwiec wolnostoj\u0105cych wykonanych g\u0142\u00f3wnie z nast\u0119puj\u0105cych materia\u0142\u00f3w <a href=\"https:\/\/cosyowl.com\/pl\/guides\/the-truth-about-paraffin-wax-being-vegan-friendly\">parafina<\/a> ale r\u00f3wnie\u017c dobrze sprawdza si\u0119 w mieszankach zawieraj\u0105cych wosk ro\u015blinny. Ponadto seria ta zapewnia wysok\u0105 wydajno\u015b\u0107 przy normalnych st\u0119\u017ceniach substancji zapachowych i barwnik\u00f3w. Seria ma swoje w\u0142asne <a href=\"https:\/\/cosyowl.com\/pl\/candle-making-supplies\/fragrance-oils-for-candle-making\/all-fragrances\/alien-type-fragrance-oil\">wyj\u0105tkowy<\/a> \"X\" obr\u00f3bka chemiczna. Bezrdzeniowa konstrukcja knota z dodatkowymi gwintami stabilizuj\u0105cymi zapewnia doskona\u0142\u0105 wytrzyma\u0142o\u015b\u0107 strukturaln\u0105 do stosowania zar\u00f3wno w formowaniu \/ zalewaniu, jak i prasowaniu <a href=\"https:\/\/cosyowl.com\/pl\/guides\/a-summers-beach-gel-votive-candle\">\u015bwieca<\/a> operacje produkcyjne.<\/p>\n<p>Seria LX jest wykonana wy\u0142\u0105cznie z najwy\u017cszej jako\u015bci bawe\u0142ny ring-spun. Poprawia to og\u00f3ln\u0105 konsystencj\u0119, dzi\u0119ki czemu produkcja \u015bwiec przebiega p\u0142ynniej i zapewnia lepsze rezultaty palenia.<\/p>\n<p>Knoty Wedo \u0142\u0105cz\u0105 w sobie najwy\u017cszej jako\u015bci materia\u0142y knotowe, najnowocze\u015bniejsz\u0105 technologi\u0119 oplatania i nawijania na szpul\u0119, a tak\u017ce wypr\u00f3bowane, przetestowane i <a href=\"https:\/\/cosyowl.com\/pl\/finance-accepted\">zatwierdzony<\/a> Obr\u00f3bka chemiczna zapewnia najczystsze i najbezpieczniejsze mo\u017cliwe spalanie danych materia\u0142\u00f3w. Materia\u0142y i procesy zapewniaj\u0105 r\u00f3wnie\u017c sp\u00f3jno\u015b\u0107 produktu <a href=\"https:\/\/cosyowl.com\/pl\/candle-wicks\/wedo-lx-wick-120mm\">jako\u015b\u0107<\/a> od pocz\u0105tku do ko\u0144ca i od partii do partii. Samoprzycinaj\u0105cy si\u0119 knot minimalizuje lub eliminuje tworzenie si\u0119 osad\u00f3w w\u0119glowych i znacznie zmniejsza po\u015bwiat\u0119. Jako akredytowany dostawca, Wedo produkuje wy\u0142\u0105cznie knoty, kt\u00f3re spe\u0142niaj\u0105 rygorystyczne wymagania europejskiego znaku jako\u015bci RAL GZ 041. Wedo posiada certyfikat EN ISO 9001:2008.<\/p>\n<h3>Zalecenia dotycz\u0105ce knot\u00f3w**<\/h3>\n<p><strong>Kliknij poni\u017cszy link, aby zapozna\u0107 si\u0119 z naszymi knotami <a href=\"https:\/\/cosyowl.com\/pl\/guides\/using-cotton-wicks-with-soyaluna-container-wax-recommendations\">zalecenia<\/a> dostosowane do Twoich potrzeb w zakresie produkcji \u015bwiec.<\/strong><\/p>\n<p><a href=\"https:\/\/cosyowl.com\/pl\/przewodniki\/wartosci-procentowe-i-pomiary\/?wmc-currency=EUR\">Rekomendacje Cosy Owl Wick<\/a><\/p>\n<p>*Nale\u017cy pami\u0119ta\u0107, \u017ce zalecana ilo\u015b\u0107 wosku to <a href=\"https:\/\/cosyowl.com\/pl\/guides\/a-guide-to-creating-your-own-soap-products\">przewodnik<\/a> i opiera si\u0119 na maksymalnej pojemno\u015bci danego pojemnika. Dlatego mo\u017cliwe jest u\u017cycie mniejszej ilo\u015bci wosku, ale nie zalecamy przekraczania maksymalnej pojemno\u015bci. Zalecamy stosowanie podanych ilo\u015bci wosku wy\u0142\u0105cznie jako punktu wyj\u015bcia i dostosowanie ich do w\u0142asnych potrzeb. <a href=\"https:\/\/cosyowl.com\/pl\/guides\/weighing-fragrance\">pomiary<\/a> zgodnie z w\u0142asnymi preferencjami.<\/p>\n<p>**Uwaga: wszystkie zalecenia dotycz\u0105ce knot\u00f3w opieraj\u0105 si\u0119 wy\u0142\u0105cznie na u\u017cyciu z naszym woskiem. Najmniejszy <a href=\"https:\/\/cosyowl.com\/pl\/guides\/candle-wick-size-chart\">Rozmiar knota<\/a> zalecany jest do u\u017cytku wy\u0142\u0105cznie z woskiem. Najwi\u0119kszy zalecany rozmiar knota jest przeznaczony do u\u017cytku, gdy <a href=\"https:\/\/cosyowl.com\/pl\/candle-making-supplies\/fragrance-oils-for-candle-making\/premium-fragrance-oils\/cosy-owl-premium-1-million-type-fragrance-oil\">Olejek zapachowy<\/a> i\/lub barwnik. Wszystkie podane informacje nale\u017cy traktowa\u0107 wy\u0142\u0105cznie jako wskaz\u00f3wki pomocne w znalezieniu punktu wyj\u015bcia podczas eksperymentowania z knotami, poniewa\u017c zmienne temperatury i <a href=\"https:\/\/cosyowl.com\/pl\/guides\/2023-spring-fragrance-oil-trends\">Olejki zapachowe<\/a> b\u0119d\u0105 mia\u0142y wp\u0142yw na sukces knota.<\/p>","protected":false},"excerpt":{"rendered":"<p>This wick is supplied in 5 metre lengths. Cosy Owl supplies the LX series Wedo wick which is designed for containers and free standing candles made primarily of paraffin wax but also performs well in blends containing vegetable wax. In addition, the series gives high performance with normal fragrance loads and color concentrations. The series [&hellip;]<\/p>\n","protected":false},"featured_media":11924,"comment_status":"open","ping_status":"closed","template":"","meta":{"_acf_changed":false},"product_brand":[],"product_cat":[499],"product_tag":[945],"class_list":{"0":"post-9964","1":"product","2":"type-product","3":"status-publish","4":"has-post-thumbnail","6":"product_cat-candle-wicks","7":"product_tag-wicks-lx-series","9":"first","10":"instock","11":"taxable","12":"shipping-taxable","13":"purchasable","14":"product-type-variable"},"acf":[],"_links":{"self":[{"href":"https:\/\/cosyowl.com\/pl\/wp-json\/wp\/v2\/product\/9964","targetHints":{"allow":["GET"]}}],"collection":[{"href":"https:\/\/cosyowl.com\/pl\/wp-json\/wp\/v2\/product"}],"about":[{"href":"https:\/\/cosyowl.com\/pl\/wp-json\/wp\/v2\/types\/product"}],"replies":[{"embeddable":true,"href":"https:\/\/cosyowl.com\/pl\/wp-json\/wp\/v2\/comments?post=9964"}],"wp:featuredmedia":[{"embeddable":true,"href":"https:\/\/cosyowl.com\/pl\/wp-json\/wp\/v2\/media\/11924"}],"wp:attachment":[{"href":"https:\/\/cosyowl.com\/pl\/wp-json\/wp\/v2\/media?parent=9964"}],"wp:term":[{"taxonomy":"product_brand","embeddable":true,"href":"https:\/\/cosyowl.com\/pl\/wp-json\/wp\/v2\/product_brand?post=9964"},{"taxonomy":"product_cat","embeddable":true,"href":"https:\/\/cosyowl.com\/pl\/wp-json\/wp\/v2\/product_cat?post=9964"},{"taxonomy":"product_tag","embeddable":true,"href":"https:\/\/cosyowl.com\/pl\/wp-json\/wp\/v2\/product_tag?post=9964"}],"curies":[{"name":"wp","href":"https:\/\/api.w.org\/{rel}","templated":true}]}}