{"id":9963,"date":"2021-01-10T06:00:00","date_gmt":"2021-01-10T06:00:00","guid":{"rendered":"https:\/\/cosyowl.com\/product\/uncategorized\/import-placeholder-for-tcdl-cwik-bwed-s5mt-ceco-205"},"modified":"2026-03-03T13:43:52","modified_gmt":"2026-03-03T13:43:52","slug":"wedo-eco-wick-raw","status":"publish","type":"product","link":"https:\/\/cosyowl.com\/pl\/candle-wicks\/wedo-eco-wick-raw","title":{"rendered":"Knot do \u015bwiec Wedo ECO - surowy"},"content":{"rendered":"<p>Ten knot jest dostarczany w odcinkach o d\u0142ugo\u015bci 5 metr\u00f3w.<\/p>\n<p><a href=\"https:\/\/cosyowl.com\/pl\/\">Przytulna sowa<\/a> dostarcza Wedo Eco Wick, wysokiej <a href=\"https:\/\/cosyowl.com\/pl\/candle-wicks\/wedo-lx-wick-raw\">jako\u015b\u0107<\/a> Knot odpowiedni do wosk\u00f3w parafinowych, sojowych i ro\u015blinnych, zar\u00f3wno z barwnikami i\/lub substancjami zapachowymi, jak i bez nich. Nadaje si\u0119 zar\u00f3wno do zastosowa\u0144 pojemnikowych, jak i s\u0142upkowych.<\/p>\n<p>Knot Wedo Eco jest wysokiej jako\u015bci p\u0142ask\u0105, bezrdzeniow\u0105 bawe\u0142n\u0105 typu ring-spun i zawiera cienkie papierowe w\u0142\u00f3kna i nici przeplatane, zapewniaj\u0105c bardziej stabilne i sp\u00f3jne spalanie. Samoprzycinaj\u0105cy si\u0119 knot minimalizuje lub eliminuje tworzenie si\u0119 osad\u00f3w w\u0119glowych i znacznie zmniejsza po\u015bwiat\u0119.<\/p>\n<p>Knoty Wedo \u0142\u0105cz\u0105 w sobie najwy\u017cszej jako\u015bci materia\u0142y knotowe, najnowocze\u015bniejsz\u0105 technologi\u0119 oplatania i nawijania na szpul\u0119, a tak\u017ce wypr\u00f3bowane, przetestowane i <a href=\"https:\/\/cosyowl.com\/pl\/finance-accepted\">zatwierdzony<\/a> obr\u00f3bki chemicznej w celu zapewnienia mo\u017cliwie najczystszego i najbezpieczniejszego spalania danych materia\u0142\u00f3w. Materia\u0142y i procesy zapewniaj\u0105 r\u00f3wnie\u017c sta\u0142\u0105 jako\u015b\u0107 produktu od pocz\u0105tku do ko\u0144ca i od partii do partii. Jako akredytowany dostawca, Wedo produkuje wy\u0142\u0105cznie knoty, kt\u00f3re spe\u0142niaj\u0105 rygorystyczne wymagania europejskiego znaku jako\u015bci RAL GZ 041. Wedo posiada certyfikat zgodno\u015bci z norm\u0105 EN ISO 9001:2008.<\/p>\n<h3>Zalecenia dotycz\u0105ce knot\u00f3w**<\/h3>\n<p><strong>Kliknij poni\u017cszy link, aby zapozna\u0107 si\u0119 z naszymi knotami <a href=\"https:\/\/cosyowl.com\/pl\/guides\/using-cotton-wicks-with-soyaluna-container-wax-recommendations\">zalecenia<\/a> dostosowane do Twoich potrzeb w zakresie produkcji \u015bwiec.<\/strong><\/p>\n<p><a href=\"https:\/\/cosyowl.com\/pl\/przewodniki\/wartosci-procentowe-i-pomiary\/?wmc-currency=EUR\">Rekomendacje Cosy Owl Wick<\/a><\/p>\n<p>*Nale\u017cy pami\u0119ta\u0107, \u017ce zalecana ilo\u015b\u0107 wosku to <a href=\"https:\/\/cosyowl.com\/pl\/guides\/a-guide-to-creating-your-own-soap-products\">przewodnik<\/a> i opiera si\u0119 na maksymalnej pojemno\u015bci danego pojemnika. Dlatego mo\u017cliwe jest u\u017cycie mniejszej ilo\u015bci wosku, ale nie zalecamy przekraczania maksymalnej pojemno\u015bci. Zalecamy stosowanie podanych ilo\u015bci wosku wy\u0142\u0105cznie jako punktu wyj\u015bcia i dostosowanie ich do w\u0142asnych potrzeb. <a href=\"https:\/\/cosyowl.com\/pl\/guides\/weighing-fragrance\">pomiary<\/a> zgodnie z w\u0142asnymi preferencjami.<\/p>\n<p>**Uwaga: wszystkie zalecenia dotycz\u0105ce knot\u00f3w opieraj\u0105 si\u0119 wy\u0142\u0105cznie na u\u017cyciu z naszym woskiem. Najmniejszy <a href=\"https:\/\/cosyowl.com\/pl\/guides\/candle-wick-size-chart\">Rozmiar knota<\/a> zalecany jest do u\u017cytku wy\u0142\u0105cznie z woskiem. Najwi\u0119kszy zalecany rozmiar knota jest przeznaczony do u\u017cytku, gdy <a href=\"https:\/\/cosyowl.com\/pl\/candle-making-supplies\/fragrance-oils-for-candle-making\/premium-fragrance-oils\/cosy-owl-premium-1-million-type-fragrance-oil\">Olejek zapachowy<\/a> i\/lub barwnik. Wszystkie podane informacje nale\u017cy traktowa\u0107 wy\u0142\u0105cznie jako wskaz\u00f3wki pomocne w znalezieniu punktu wyj\u015bcia podczas eksperymentowania z knotami, poniewa\u017c zmienne temperatury i <a href=\"https:\/\/cosyowl.com\/pl\/guides\/2023-spring-fragrance-oil-trends\">Olejki zapachowe<\/a> b\u0119d\u0105 mia\u0142y wp\u0142yw na sukces knota.<\/p>","protected":false},"excerpt":{"rendered":"<p>This wick is supplied in 5 metre lengths. Cosy Owl supplies Wedo Eco Wick, a high quality wick appropriate for paraffin, soy and vegetable waxes whether with or without dye and\/or fragrances. It is suitable for both container and pillar applications. Wedo Eco wick is a high grade flat, coreless ring-spun cotton and incorporates thin [&hellip;]<\/p>\n","protected":false},"featured_media":11923,"comment_status":"open","ping_status":"closed","template":"","meta":{"_acf_changed":false},"product_brand":[],"product_cat":[499],"product_tag":[944],"class_list":{"0":"post-9963","1":"product","2":"type-product","3":"status-publish","4":"has-post-thumbnail","6":"product_cat-candle-wicks","7":"product_tag-wicks-eco-series","9":"first","10":"instock","11":"taxable","12":"shipping-taxable","13":"purchasable","14":"product-type-variable"},"acf":[],"_links":{"self":[{"href":"https:\/\/cosyowl.com\/pl\/wp-json\/wp\/v2\/product\/9963","targetHints":{"allow":["GET"]}}],"collection":[{"href":"https:\/\/cosyowl.com\/pl\/wp-json\/wp\/v2\/product"}],"about":[{"href":"https:\/\/cosyowl.com\/pl\/wp-json\/wp\/v2\/types\/product"}],"replies":[{"embeddable":true,"href":"https:\/\/cosyowl.com\/pl\/wp-json\/wp\/v2\/comments?post=9963"}],"wp:featuredmedia":[{"embeddable":true,"href":"https:\/\/cosyowl.com\/pl\/wp-json\/wp\/v2\/media\/11923"}],"wp:attachment":[{"href":"https:\/\/cosyowl.com\/pl\/wp-json\/wp\/v2\/media?parent=9963"}],"wp:term":[{"taxonomy":"product_brand","embeddable":true,"href":"https:\/\/cosyowl.com\/pl\/wp-json\/wp\/v2\/product_brand?post=9963"},{"taxonomy":"product_cat","embeddable":true,"href":"https:\/\/cosyowl.com\/pl\/wp-json\/wp\/v2\/product_cat?post=9963"},{"taxonomy":"product_tag","embeddable":true,"href":"https:\/\/cosyowl.com\/pl\/wp-json\/wp\/v2\/product_tag?post=9963"}],"curies":[{"name":"wp","href":"https:\/\/api.w.org\/{rel}","templated":true}]}}