{"id":9903,"date":"2021-01-10T06:00:00","date_gmt":"2021-01-10T06:00:00","guid":{"rendered":"https:\/\/cosyowl.com\/product\/uncategorized\/import-placeholder-for-tcdl-cwik-bowl-ctcr-204"},"modified":"2026-04-10T12:21:40","modified_gmt":"2026-04-10T11:21:40","slug":"knot-serii-tcr-o-dlugosci-120-mm","status":"publish","type":"product","link":"https:\/\/cosyowl.com\/pl\/candle-wicks\/tcr-series-wick-120mm","title":{"rendered":"Knot do \u015bwiec z serii TCR - 120 mm d\u0142ugo\u015bci"},"content":{"rendered":"<p><a href=\"https:\/\/cosyowl.com\/pl\/\">Przytulna sowa<\/a> dostarcza TCR Wick, wysokiej <a href=\"https:\/\/cosyowl.com\/pl\/candle-wicks\/wedo-lx-wick-raw\">jako\u015b\u0107<\/a> Knot odpowiedni zar\u00f3wno do wosk\u00f3w ro\u015blinnych, jak i sojowych, zar\u00f3wno z barwnikami i\/lub substancjami zapachowymi, jak i bez nich. Knot jest ju\u017c mocno osadzony w podtrzymywaczu (metalowej wypustce) gotowym do umieszczenia w odpornym na ciep\u0142o pojemniku. Knot TCR ma papierow\u0105 struktur\u0119 nici, kt\u00f3ra zapewnia wysoki poziom sztywno\u015bci i jest samoczynnie przycinany, co oznacza, \u017ce zmniejsza si\u0119 prawdopodobie\u0144stwo powstawania grzyb\u00f3w oraz wytwarzania dymu i sadzy.<\/p>\n<p>Knoty z serii TCR s\u0105 przycinane do d\u0142ugo\u015bci 120 mm i umieszczane w metalowym podtrzymywaczu o wymiarach 15 mm x 3 mm x 2,4 mm. <strong>Nazwa nadana ka\u017cdej opcji knota odzwierciedla wewn\u0119trzn\u0105 wi\u0105zk\u0119 i zewn\u0119trzny p\u0142aszcz nici. Na przyk\u0142ad, TCR 33\/18 jest wi\u0119kszy ni\u017c TCR 30\/18, poniewa\u017c zawiera wi\u0119cej bawe\u0142nianych nici wewn\u0105trz, mimo \u017ce oba maj\u0105 tak\u0105 sam\u0105 ilo\u015b\u0107 na p\u0142aszczu zewn\u0119trznym.<\/strong><\/p>\n<h3>Zalecenia dotycz\u0105ce knot\u00f3w**<\/h3>\n<p><strong>Kliknij poni\u017cszy link, aby zapozna\u0107 si\u0119 z naszymi knotami <a href=\"https:\/\/cosyowl.com\/pl\/guides\/using-cotton-wicks-with-soyaluna-container-wax-recommendations\">zalecenia<\/a> dostosowane do Twoich potrzeb w zakresie produkcji \u015bwiec.<\/strong><\/p>\n<p><a href=\"https:\/\/cosyowl.com\/pl\/przewodniki\/wartosci-procentowe-i-pomiary\/?wmc-currency=EUR\">Rekomendacje Cosy Owl Wick<\/a><\/p>\n<p>*Nale\u017cy pami\u0119ta\u0107, \u017ce zalecana ilo\u015b\u0107 wosku to <a href=\"https:\/\/cosyowl.com\/pl\/guides\/a-guide-to-creating-your-own-soap-products\">przewodnik<\/a> i opiera si\u0119 na maksymalnej pojemno\u015bci danego pojemnika. Dlatego mo\u017cliwe jest u\u017cycie mniejszej ilo\u015bci wosku, ale nie zalecamy przekraczania maksymalnej pojemno\u015bci. Zalecamy stosowanie podanych ilo\u015bci wosku wy\u0142\u0105cznie jako punktu wyj\u015bcia i dostosowanie ich do w\u0142asnych potrzeb. <a href=\"https:\/\/cosyowl.com\/pl\/guides\/weighing-fragrance\">pomiary<\/a> zgodnie z w\u0142asnymi preferencjami.<\/p>\n<p>**Uwaga: wszystkie zalecenia dotycz\u0105ce knot\u00f3w opieraj\u0105 si\u0119 wy\u0142\u0105cznie na u\u017cyciu z naszym woskiem. Najmniejszy <a href=\"https:\/\/cosyowl.com\/pl\/guides\/candle-wick-size-chart\">Rozmiar knota<\/a> zalecany jest do u\u017cytku wy\u0142\u0105cznie z woskiem. Najwi\u0119kszy zalecany rozmiar knota jest przeznaczony do u\u017cytku, gdy <a href=\"https:\/\/cosyowl.com\/pl\/candle-making-supplies\/fragrance-oils-for-candle-making\/premium-fragrance-oils\/cosy-owl-premium-1-million-type-fragrance-oil\">Olejek zapachowy<\/a> i\/lub barwnik. Wszystkie podane informacje nale\u017cy traktowa\u0107 wy\u0142\u0105cznie jako wskaz\u00f3wki pomocne w znalezieniu punktu wyj\u015bcia podczas eksperymentowania z knotami, poniewa\u017c zmienne temperatury i <a href=\"https:\/\/cosyowl.com\/pl\/guides\/2023-spring-fragrance-oil-trends\">Olejki zapachowe<\/a> b\u0119d\u0105 mia\u0142y wp\u0142yw na sukces knota.<\/p>","protected":false},"excerpt":{"rendered":"<p>Cosy Owl supplies TCR Wick, a high quality wick appropriate for both vegetable and soy waxes whether with or without dye and\/or fragrances. The wick is already firmly incorporated into a sustainer (metal tab) ready for placing into a heat resistant container. TCR wick has paper structured threads that provides a high level of stiffness [&hellip;]<\/p>\n","protected":false},"featured_media":11922,"comment_status":"open","ping_status":"closed","template":"","meta":{"_acf_changed":false},"product_brand":[],"product_cat":[499],"product_tag":[943],"class_list":{"0":"post-9903","1":"product","2":"type-product","3":"status-publish","4":"has-post-thumbnail","6":"product_cat-candle-wicks","7":"product_tag-wicks-tcr-series","9":"first","10":"instock","11":"taxable","12":"shipping-taxable","13":"purchasable","14":"product-type-variable"},"acf":[],"_links":{"self":[{"href":"https:\/\/cosyowl.com\/pl\/wp-json\/wp\/v2\/product\/9903","targetHints":{"allow":["GET"]}}],"collection":[{"href":"https:\/\/cosyowl.com\/pl\/wp-json\/wp\/v2\/product"}],"about":[{"href":"https:\/\/cosyowl.com\/pl\/wp-json\/wp\/v2\/types\/product"}],"replies":[{"embeddable":true,"href":"https:\/\/cosyowl.com\/pl\/wp-json\/wp\/v2\/comments?post=9903"}],"wp:featuredmedia":[{"embeddable":true,"href":"https:\/\/cosyowl.com\/pl\/wp-json\/wp\/v2\/media\/11922"}],"wp:attachment":[{"href":"https:\/\/cosyowl.com\/pl\/wp-json\/wp\/v2\/media?parent=9903"}],"wp:term":[{"taxonomy":"product_brand","embeddable":true,"href":"https:\/\/cosyowl.com\/pl\/wp-json\/wp\/v2\/product_brand?post=9903"},{"taxonomy":"product_cat","embeddable":true,"href":"https:\/\/cosyowl.com\/pl\/wp-json\/wp\/v2\/product_cat?post=9903"},{"taxonomy":"product_tag","embeddable":true,"href":"https:\/\/cosyowl.com\/pl\/wp-json\/wp\/v2\/product_tag?post=9903"}],"curies":[{"name":"wp","href":"https:\/\/api.w.org\/{rel}","templated":true}]}}