{"id":9786,"date":"2021-01-10T06:00:03","date_gmt":"2021-01-10T06:00:03","guid":{"rendered":"https:\/\/cosyowl.com\/product\/uncategorized\/import-placeholder-for-tcdl-cdye-bbek-ldre-190"},"modified":"2026-03-03T13:43:36","modified_gmt":"2026-03-03T13:43:36","slug":"bekro-6133-34-ciemnoczerwony-barwnik-do-swiec","status":"publish","type":"product","link":"https:\/\/cosyowl.com\/pl\/candle-dyes\/bekro-6133-34-red-candle-dye","title":{"rendered":"Bekro 6133\/34 Ciemnoczerwony barwnik do \u015bwiec"},"content":{"rendered":"<p>Te <a href=\"https:\/\/cosyowl.com\/pl\/craft-supplies\/wax-melt-supplies\/mica-powder-glitter\/light-copper-biodegradable-candle-glitter\">przyjazny dla \u015brodowiska<\/a>Nietoksyczne barwniki s\u0105 wysoce skoncentrowane, \u0142atwe w u\u017cyciu i zapewniaj\u0105 du\u017c\u0105 g\u0142\u0119bi\u0119 koloru. Barwnik jest bardzo \u0142atwo dodawany i mieszany do roztopionego wosku i rozprasza si\u0119 r\u00f3wnomiernie w wosku, zapewniaj\u0105c wymagan\u0105 konsystencj\u0119. Rezultatem jest <a href=\"https:\/\/cosyowl.com\/pl\/guides\/a-summers-beach-gel-votive-candle\">\u015bwieca<\/a> z kolorystyk\u0105 nie r\u00f3\u017cni\u0105c\u0105 si\u0119 od tych, kt\u00f3re s\u0105 produkowane profesjonalnie. Konkurencyjne ceny Cosy Owl sprawiaj\u0105, \u017ce profesjonalny poziom <a href=\"https:\/\/cosyowl.com\/pl\/guides\/how-to-make-a-candle\">produkcja \u015bwiec<\/a> Bardzo przyst\u0119pna cena i fantastyczny stosunek jako\u015bci do ceny.<\/p>\n<p>R\u00f3\u017cnokolorowe barwniki mog\u0105 by\u0107 mieszane z woskiem, tworz\u0105c kolory kompozytowe, pozwalaj\u0105c na eksperymentowanie z w\u0142asnymi umiej\u0119tno\u015bciami tw\u00f3rczymi w celu wyprodukowania \u015bwiec idealnie pasuj\u0105cych do estetyki ka\u017cdego pomieszczenia; pasuj\u0105cych lub uzupe\u0142niaj\u0105cych kolor \u015bcian, mebli, zas\u0142on, poduszek, dywan\u00f3w.<\/p>\n<p>10-gramowa torebka wystarcza na wyprodukowanie do 10 kg kolorowego wosku - ilo\u015b\u0107 ta mo\u017ce si\u0119 r\u00f3\u017cni\u0107 w zale\u017cno\u015bci od intensywno\u015bci wymaganego koloru. Nale\u017cy pami\u0119ta\u0107, \u017ce zdj\u0119cie sta\u0142ego barwnika (jak pokazano powy\u017cej) nie zawsze przedstawia kolor \u015bwiecy po zako\u0144czeniu. Kliknij zdj\u0119cie \u015bwiecy pokazane powy\u017cej, aby zobaczy\u0107 rzeczywisty kolor. Ten produkt nie nadaje si\u0119 do stosowania z woskiem \u017celowym.<\/p>","protected":false},"excerpt":{"rendered":"<p>These eco-friendly, non-toxic dyes are highly concentrated, easy to work with and provide a great depth of colour. The dye is very simply added and stirred into the molten wax and dissipates evenly throughout the wax providing the consistency required. The result is a candle with a colouration no different to those which are professionally [&hellip;]<\/p>\n","protected":false},"featured_media":11908,"comment_status":"open","ping_status":"closed","template":"","meta":{"_acf_changed":false},"product_brand":[],"product_cat":[496,497],"product_tag":[916],"class_list":{"0":"post-9786","1":"product","2":"type-product","3":"status-publish","4":"has-post-thumbnail","6":"product_cat-candle-dyes","7":"product_cat-wax-melts-dyes","8":"product_tag-dye","10":"first","11":"instock","12":"taxable","13":"shipping-taxable","14":"purchasable","15":"product-type-variable"},"acf":[],"_links":{"self":[{"href":"https:\/\/cosyowl.com\/pl\/wp-json\/wp\/v2\/product\/9786","targetHints":{"allow":["GET"]}}],"collection":[{"href":"https:\/\/cosyowl.com\/pl\/wp-json\/wp\/v2\/product"}],"about":[{"href":"https:\/\/cosyowl.com\/pl\/wp-json\/wp\/v2\/types\/product"}],"replies":[{"embeddable":true,"href":"https:\/\/cosyowl.com\/pl\/wp-json\/wp\/v2\/comments?post=9786"}],"wp:featuredmedia":[{"embeddable":true,"href":"https:\/\/cosyowl.com\/pl\/wp-json\/wp\/v2\/media\/11908"}],"wp:attachment":[{"href":"https:\/\/cosyowl.com\/pl\/wp-json\/wp\/v2\/media?parent=9786"}],"wp:term":[{"taxonomy":"product_brand","embeddable":true,"href":"https:\/\/cosyowl.com\/pl\/wp-json\/wp\/v2\/product_brand?post=9786"},{"taxonomy":"product_cat","embeddable":true,"href":"https:\/\/cosyowl.com\/pl\/wp-json\/wp\/v2\/product_cat?post=9786"},{"taxonomy":"product_tag","embeddable":true,"href":"https:\/\/cosyowl.com\/pl\/wp-json\/wp\/v2\/product_tag?post=9786"}],"curies":[{"name":"wp","href":"https:\/\/api.w.org\/{rel}","templated":true}]}}