{"id":9754,"date":"2021-01-10T05:59:00","date_gmt":"2021-01-10T05:59:00","guid":{"rendered":"https:\/\/cosyowl.com\/product\/uncategorized\/import-placeholder-for-tcdl-cwax-bker-n4600-cppp-181"},"modified":"2026-04-30T16:17:19","modified_gmt":"2026-04-30T15:17:19","slug":"kerawax-4600-wosk-parafinowy-do-filarow","status":"publish","type":"product","link":"https:\/\/cosyowl.com\/pl\/candle-making-supplies\/candle-wax\/paraffin-wax\/kerawax-4600-paraffin-pillar-wax","title":{"rendered":"KeraWax 4600 Wosk parafinowy do filar\u00f3w"},"content":{"rendered":"<p>To <a href=\"https:\/\/cosyowl.com\/pl\/craft-supplies\/wax-melt-supplies\/mica-powder-glitter\/light-copper-biodegradable-candle-glitter\">przyjazny dla \u015brodowiska<\/a> <a href=\"https:\/\/cosyowl.com\/pl\/guides\/the-truth-about-paraffin-wax-being-vegan-friendly\">parafina<\/a> zosta\u0142 opracowany specjalnie do produkcji \u015bwiec filarowych i do stosowania w formach do tworzenia \u015bwiec o profesjonalnym standardzie. Podobnie jak w przypadku naszego wosku Blended Container Wax, ma on doskona\u0142e w\u0142a\u015bciwo\u015bci, kt\u00f3re pozwalaj\u0105 na dalsze mieszanie z naszymi wysokimi standardami. <a href=\"https:\/\/cosyowl.com\/pl\/candle-wicks\/wedo-lx-wick-raw\">jako\u015b\u0107<\/a> substancje zapachowe i barwniki.<\/p>\n<p>Wosk ten pozwala tworzy\u0107 \u015bwiece o g\u0142adkim i b\u0142yszcz\u0105cym wyko\u0144czeniu, kt\u00f3re mo\u017cna ulepszy\u0107 poprzez dodanie barwnika w celu dopasowania lub uzupe\u0142nienia estetyki pomieszczenia. Wosk ten ma posta\u0107 pastylek, a po zestaleniu <a href=\"https:\/\/cosyowl.com\/pl\/guides\/a-summers-beach-gel-votive-candle\">\u015bwieca<\/a> mo\u017cna \u0142atwo usun\u0105\u0107 z formy. W przypadku wosku typu pillar blend, gdy wosk zastyga, kurczy si\u0119 on nieco od kraw\u0119dzi formy. Zalecamy pozostawienie \u015bwiecy na 24 do 48 godzin w temperaturze pokojowej przed wyj\u0119ciem z formy.<\/p>\n<p>Chocia\u017c istniej\u0105 r\u00f3\u017cne rodzaje knot\u00f3w, zalecamy korzystanie z naszego knota z serii LX. <a href=\"https:\/\/cosyowl.com\/pl\/candle-making-supplies\/glitters\/pure-white-biodegradable\">czysty<\/a> i d\u0142ugotrwa\u0142e spalanie. <a href=\"https:\/\/cosyowl.com\/pl\/\">Przytulna sowa<\/a> Wosk ten pochodzi od renomowanego i wyspecjalizowanego producenta z Wielkiej Brytanii i jest dost\u0119pny w ilo\u015bciach 800 gram\u00f3w, 5 kg i 25 kg.<\/p>","protected":false},"excerpt":{"rendered":"<p>This eco-friendly paraffin wax is specifically developed to produce pillar candles and for use in moulds to create candles of a professional standard. As with our Blended Container Wax it has excellent qualities to allow further blending with our high quality fragrances and dyes. The wax will allow you to create candles which have a [&hellip;]<\/p>\n","protected":false},"featured_media":53340,"comment_status":"open","ping_status":"closed","template":"","meta":{"_acf_changed":false},"product_brand":[],"product_cat":[492,495],"product_tag":[928],"class_list":{"0":"post-9754","1":"product","2":"type-product","3":"status-publish","4":"has-post-thumbnail","6":"product_cat-paraffin-wax","7":"product_cat-wax-melts-wax","8":"product_tag-wax","10":"first","11":"outofstock","12":"taxable","13":"shipping-taxable","14":"purchasable","15":"product-type-variable"},"acf":[],"_links":{"self":[{"href":"https:\/\/cosyowl.com\/pl\/wp-json\/wp\/v2\/product\/9754","targetHints":{"allow":["GET"]}}],"collection":[{"href":"https:\/\/cosyowl.com\/pl\/wp-json\/wp\/v2\/product"}],"about":[{"href":"https:\/\/cosyowl.com\/pl\/wp-json\/wp\/v2\/types\/product"}],"replies":[{"embeddable":true,"href":"https:\/\/cosyowl.com\/pl\/wp-json\/wp\/v2\/comments?post=9754"}],"wp:featuredmedia":[{"embeddable":true,"href":"https:\/\/cosyowl.com\/pl\/wp-json\/wp\/v2\/media\/53340"}],"wp:attachment":[{"href":"https:\/\/cosyowl.com\/pl\/wp-json\/wp\/v2\/media?parent=9754"}],"wp:term":[{"taxonomy":"product_brand","embeddable":true,"href":"https:\/\/cosyowl.com\/pl\/wp-json\/wp\/v2\/product_brand?post=9754"},{"taxonomy":"product_cat","embeddable":true,"href":"https:\/\/cosyowl.com\/pl\/wp-json\/wp\/v2\/product_cat?post=9754"},{"taxonomy":"product_tag","embeddable":true,"href":"https:\/\/cosyowl.com\/pl\/wp-json\/wp\/v2\/product_tag?post=9754"}],"curies":[{"name":"wp","href":"https:\/\/api.w.org\/{rel}","templated":true}]}}