{"id":9753,"date":"2021-01-10T05:59:00","date_gmt":"2021-01-10T05:59:00","guid":{"rendered":"https:\/\/cosyowl.com\/product\/uncategorized\/import-placeholder-for-tcdl-cwax-bker-n4105-cpcp-180"},"modified":"2026-03-24T17:11:56","modified_gmt":"2026-03-24T17:11:56","slug":"kerawax-4105-parafina-do-pojemnikow","status":"publish","type":"product","link":"https:\/\/cosyowl.com\/pl\/candle-making-supplies\/candle-wax\/paraffin-wax\/kerawax-4105-paraffin-container-wax","title":{"rendered":"Wosk parafinowy do pojemnik\u00f3w KeraWax 4105"},"content":{"rendered":"<p>To <a href=\"https:\/\/cosyowl.com\/pl\/craft-supplies\/wax-melt-supplies\/mica-powder-glitter\/light-copper-biodegradable-candle-glitter\">przyjazny dla \u015brodowiska<\/a> mieszanka <a href=\"https:\/\/cosyowl.com\/pl\/guides\/the-truth-about-paraffin-wax-being-vegan-friendly\">parafina<\/a> i wosk\u00f3w ro\u015blinnych zosta\u0142 specjalnie opracowany do produkcji \u015bwiec formowanych w pojemnikach i w luksusowym i profesjonalnym standardzie, nie r\u00f3\u017cni\u0105cym si\u0119 od tych kupowanych w wielu punktach sprzeda\u017cy detalicznej. Podobnie jak w przypadku naszego wosku Pillar Wax, ma on doskona\u0142e w\u0142a\u015bciwo\u015bci pozwalaj\u0105ce na dalsze mieszanie z naszymi wysokimi aromatami. <a href=\"https:\/\/cosyowl.com\/pl\/candle-wicks\/wedo-lx-wick-raw\">jako\u015b\u0107<\/a> substancje zapachowe i barwniki.<\/p>\n<p>Wosk pozwala na tworzenie \u015bwiec w dowolnym rodzaju \u017caroodpornego pojemnika z pe\u0142n\u0105 przyczepno\u015bci\u0105 do twardego wn\u0119trza. Szklane pojemniki s\u0105 najbardziej powszechne i estetyczne. Po <a href=\"https:\/\/cosyowl.com\/pl\/guides\/a-summers-beach-gel-votive-candle\">\u015bwieca<\/a> pojemnik mo\u017ce zosta\u0107 wyczyszczony i ponownie u\u017cyty (patrz nasza strona <a href=\"https:\/\/cosyowl.com\/pl\/guides\/a-guide-to-creating-your-own-soap-products\">przewodnik<\/a> na <a href=\"https:\/\/cosyowl.com\/pl\/guides\/how-to-make-a-candle\">produkcja \u015bwiec<\/a> aby uzyska\u0107 wi\u0119cej informacji na temat czyszczenia pojemnika). Najlepiej jest unika\u0107 u\u017cywania plastikowych pojemnik\u00f3w.<\/p>\n<p><a href=\"https:\/\/cosyowl.com\/pl\/\">Przytulna sowa<\/a> Wosk ten pochodzi od renomowanego i wyspecjalizowanego producenta z Wielkiej Brytanii i jest dost\u0119pny w ilo\u015bciach 800 gram\u00f3w, 5 kg, 10 kg i 25 kg.<\/p>","protected":false},"excerpt":{"rendered":"<p>This eco-friendly blend of paraffin wax and vegetable waxes is specifically developed to produce candles formed in containers and to a luxurious and professional standard, no different from those purchased in many retail outlets. As with our Pillar Wax, it has excellent qualities to allow further blending with our high quality fragrances and dyes. The [&hellip;]<\/p>\n","protected":false},"featured_media":53341,"comment_status":"open","ping_status":"closed","template":"","meta":{"_acf_changed":false},"product_brand":[],"product_cat":[492],"product_tag":[928],"class_list":{"0":"post-9753","1":"product","2":"type-product","3":"status-publish","4":"has-post-thumbnail","6":"product_cat-paraffin-wax","7":"product_tag-wax","9":"first","10":"instock","11":"taxable","12":"shipping-taxable","13":"purchasable","14":"product-type-variable"},"acf":[],"_links":{"self":[{"href":"https:\/\/cosyowl.com\/pl\/wp-json\/wp\/v2\/product\/9753","targetHints":{"allow":["GET"]}}],"collection":[{"href":"https:\/\/cosyowl.com\/pl\/wp-json\/wp\/v2\/product"}],"about":[{"href":"https:\/\/cosyowl.com\/pl\/wp-json\/wp\/v2\/types\/product"}],"replies":[{"embeddable":true,"href":"https:\/\/cosyowl.com\/pl\/wp-json\/wp\/v2\/comments?post=9753"}],"wp:featuredmedia":[{"embeddable":true,"href":"https:\/\/cosyowl.com\/pl\/wp-json\/wp\/v2\/media\/53341"}],"wp:attachment":[{"href":"https:\/\/cosyowl.com\/pl\/wp-json\/wp\/v2\/media?parent=9753"}],"wp:term":[{"taxonomy":"product_brand","embeddable":true,"href":"https:\/\/cosyowl.com\/pl\/wp-json\/wp\/v2\/product_brand?post=9753"},{"taxonomy":"product_cat","embeddable":true,"href":"https:\/\/cosyowl.com\/pl\/wp-json\/wp\/v2\/product_cat?post=9753"},{"taxonomy":"product_tag","embeddable":true,"href":"https:\/\/cosyowl.com\/pl\/wp-json\/wp\/v2\/product_tag?post=9753"}],"curies":[{"name":"wp","href":"https:\/\/api.w.org\/{rel}","templated":true}]}}