{"id":84785,"date":"2024-10-10T16:07:06","date_gmt":"2024-10-10T15:07:06","guid":{"rendered":"https:\/\/cosyowl.com\/?post_type=product&#038;p=84785"},"modified":"2026-04-08T12:05:12","modified_gmt":"2026-04-08T11:05:12","slug":"baza-alkoholowa-dla-perfumiarzy-do-mieszania-olejkow-zapachowych-w-celu-produkcji-perfum-i-wod-kolonskich","status":"publish","type":"product","link":"https:\/\/cosyowl.com\/pl\/uncategorised\/perfumers-alcohol-base-for-blending-fragrance-oils-to-make-perfumes-and-colognes","title":{"rendered":"Alkohol perfumeryjny - baza do mieszania olejk\u00f3w zapachowych do produkcji perfum i w\u00f3d kolo\u0144skich"},"content":{"rendered":"<h3>Alkohol perfumeryjny - baza do mieszania olejk\u00f3w zapachowych do produkcji perfum i w\u00f3d kolo\u0144skich<\/h3>\n<p>Perfumers Alcohol to wyspecjalizowana baza do mieszania <a href=\"https:\/\/cosyowl.com\/pl\/guides\/2023-spring-fragrance-oil-trends\">olejki zapachowe<\/a> do tworzenia perfum, w\u00f3d kolo\u0144skich i olejk\u00f3w do dyfuzor\u00f3w. Nadaje si\u0119 zar\u00f3wno dla profesjonalist\u00f3w, jak i hobbyst\u00f3w. <a href=\"https:\/\/cosyowl.com\/pl\/candle-making-extras\/50mm-candle-safety-label-white-black-text\">czysty<\/a> rozwi\u0105zanie zapewnia, \u017ce mieszane zapachy pozostaj\u0105 <a href=\"https:\/\/cosyowl.com\/pl\/guides\/cmrs-and-phthalates-in-fragrance-oils\">wolny od<\/a> zm\u0119tnienie. Zawiera trzy g\u0142\u00f3wne sk\u0142adniki - denaturowany etanol, mirystynian izopropylu i glikol monopropylenowy - kt\u00f3re pomagaj\u0105 w dyspersji zapachu i kontrolowanym odparowaniu.<\/p>\n<h4>Kluczowe cechy:<\/h4>\n<ul>\n<li><strong>Profesjonalna formu\u0142a<\/strong>: Idealny do mieszania olejk\u00f3w zapachowych, <a href=\"https:\/\/cosyowl.com\/pl\/guides\/essential-oil-benefits\">olejki eteryczne<\/a>i absolut\u00f3w.<\/li>\n<li><strong>Bezwonny i przezroczysty<\/strong>: Zapewnia, \u017ce prawdziwy aromat zapachu \u015bwieci bez zak\u0142\u00f3ce\u0144.<\/li>\n<li><strong>Wszechstronne zastosowanie<\/strong>: Idealny do perfum, w\u00f3d kolo\u0144skich, spray\u00f3w do cia\u0142a i nie tylko.<\/li>\n<li><strong>Doskona\u0142a rozpuszczalno\u015b\u0107<\/strong>: Zapewnia p\u0142ynne i stabilne mieszanie zapach\u00f3w.<\/li>\n<li><strong>Bezpieczny dla produkt\u00f3w higieny osobistej<\/strong>: Spe\u0142nia normy dotycz\u0105ce stosowania w perfumach i produktach do cia\u0142a.<\/li>\n<li><strong>\u0141atwy w u\u017cyciu<\/strong>: Wystarczy wymiesza\u0107 z wybranymi olejkami zapachowymi, aby stworzy\u0107 w\u0142asny zapach. <a href=\"https:\/\/cosyowl.com\/pl\/fragrance-oils\/all-fragrances\/ck-one-mens-type-fragrance-oil\">charakterystyczny zapach<\/a>.<\/li>\n<li><strong>Dost\u0119pne w r\u00f3\u017cnych rozmiarach od 1L do 25L<\/strong><\/li>\n<\/ul>\n<p>Tw\u00f3rz wci\u0105gaj\u0105ce i <a href=\"https:\/\/cosyowl.com\/pl\/candle-making-supplies\/fragrance-oils-for-candle-making\/all-fragrances\/alien-type-fragrance-oil\">wyj\u0105tkowy<\/a> Zapachy, kt\u00f3re trwaj\u0105 dzi\u0119ki naszemu wysokiej jako\u015bci alkoholowi perfumeryjnemu i pozw\u00f3l swojej kreatywno\u015bci przej\u0105\u0107 inicjatyw\u0119 w podr\u00f3\u017cy zapachowej.<\/p>\n<p><strong>Wytyczne dotycz\u0105ce tworzenia perfum:<\/strong><\/p>\n<ul>\n<li>Perfumy (15-30%)*<\/li>\n<li>Woda perfumowana (10-15%)*<\/li>\n<li>Woda toaletowa (4-8%)*<\/li>\n<li>Kolonia (3-5%)*<\/li>\n<li>Cologne Splash (1-3%)*<\/li>\n<li>Rozpylacze do pomieszcze\u0144 (1-5%)*<\/li>\n<\/ul>\n<ol>\n<li>Przygotuj zapach, dok\u0142adnie mieszaj\u0105c wybrane olejki eteryczne<\/li>\n<li>Dodaj po\u0142\u0105czone olejki do alkoholu perfumeryjnego<\/li>\n<li>Miesza\u0107 roztw\u00f3r powoli i dok\u0142adnie, a\u017c roztw\u00f3r si\u0119 oczy\u015bci.<\/li>\n<li>Pozostawi\u0107 roztw\u00f3r na co najmniej 48 godzin.<\/li>\n<\/ol>\n<p><strong>Wytyczne dotycz\u0105ce wytwarzania olejk\u00f3w do dyfuzor\u00f3w:<\/strong><\/p>\n<ul>\n<li>30% Olejek zapachowy*<\/li>\n<li>60-65% DPG (kup DPG)<\/li>\n<li>5-10% Alkohol perfumeryjny (Kup alkohol perfumeryjny)<\/li>\n<\/ul>\n<p>Aby przygotowa\u0107 mieszank\u0119 olejk\u00f3w do dyfuzora <a href=\"https:\/\/cosyowl.com\/pl\/candle-making-supplies\/fragrance-oils-for-candle-making\/premium-fragrance-oils\/cosy-owl-premium-1-million-type-fragrance-oil\">olejek zapachowy<\/a> z DPG do uzyskania klarowno\u015bci. Dodaj alkohol Perfumers, aby zmniejszy\u0107 lepko\u015b\u0107 do po\u017c\u0105danej grubo\u015bci.<\/p>\n<p><strong>*Zawsze nale\u017cy zapozna\u0107 si\u0119 z dokumentem IFRA olejku zapachowego, aby uzyska\u0107 informacje na temat jego bezpiecze\u0144stwa. <a href=\"https:\/\/cosyowl.com\/pl\/guides\/percentages-and-measurements\">procenty<\/a> mo\u017cna u\u017cy\u0107 okre\u015blonego zapachu, poniewa\u017c zast\u0119puje on powy\u017cszy. <a href=\"https:\/\/cosyowl.com\/pl\/guides\/using-cotton-wicks-with-soyaluna-container-wax-recommendations\">zalecenia<\/a>.<\/strong><\/p>\n<p>&nbsp;<\/p>\n<p><strong><em>The <a href=\"https:\/\/cosyowl.com\/pl\/candle-making-supplies\/candle-containers\/other-containers\/wax-melt-christmas-tree-mould-3\">3<\/a>\u00a0G\u0142\u00f3wnymi sk\u0142adnikami alkoholu perfumeryjnego s\u0105<\/em><\/strong><\/p>\n<ol>\n<li><strong>Etanol (denaturat)<\/strong>\u00a0-Alkohol, kt\u00f3ry jest g\u0142\u00f3wnym no\u015bnikiem olejk\u00f3w zapachowych. Alkohol ten szybko odparowuje pod wp\u0142ywem temperatury sk\u00f3ry, uwalniaj\u0105c zapachy r\u00f3wnomiernie na jej powierzchni.<\/li>\n<li><strong>mirystynian izopropylu<\/strong>\u00a0- stosowany w preparatach, w kt\u00f3rych po\u017c\u0105dane jest dobre wch\u0142anianie.<\/li>\n<li><strong>Glikol monopropylenowy<\/strong>\u00a0- wsp\u00f3\u0142rozpuszczalnik, kt\u00f3ry umo\u017cliwia rozpuszczanie olejk\u00f3w zapachowych w no\u015bniku alkoholowym. Pomaga to kontrolowa\u0107 parowanie alkoholu, dzi\u0119ki czemu nie ulatnia si\u0119 on zbyt szybko.<\/li>\n<\/ol>","protected":false},"excerpt":{"rendered":"<p>Perfumers Alcohol \u2013\u00a0 Base for Blending Fragrance Oils to Make Perfumes and Colognes Perfumers Alcohol is a specialised base for blending fragrance oils to create perfumes, colognes, and diffuser oils. Suitable for both professionals and hobbyists, this clear solution ensures that blended fragrances remain free from cloudiness. It contains three main ingredients\u2014denatured ethanol, isopropyl myristate, [&hellip;]<\/p>\n","protected":false},"featured_media":84796,"comment_status":"open","ping_status":"closed","template":"","meta":{"_acf_changed":false},"product_brand":[],"product_cat":[800,903],"product_tag":[947],"class_list":{"0":"post-84785","1":"product","2":"type-product","3":"status-publish","4":"has-post-thumbnail","6":"product_cat-new","7":"product_cat-perfumers-alcohol","8":"product_tag-alcohol","9":"pa_bottle-size-1litre","10":"pa_bottle-size-25-litres","11":"pa_bottle-size-5litre","13":"first","14":"instock","15":"taxable","16":"shipping-taxable","17":"purchasable","18":"product-type-variable"},"acf":[],"_links":{"self":[{"href":"https:\/\/cosyowl.com\/pl\/wp-json\/wp\/v2\/product\/84785","targetHints":{"allow":["GET"]}}],"collection":[{"href":"https:\/\/cosyowl.com\/pl\/wp-json\/wp\/v2\/product"}],"about":[{"href":"https:\/\/cosyowl.com\/pl\/wp-json\/wp\/v2\/types\/product"}],"replies":[{"embeddable":true,"href":"https:\/\/cosyowl.com\/pl\/wp-json\/wp\/v2\/comments?post=84785"}],"wp:featuredmedia":[{"embeddable":true,"href":"https:\/\/cosyowl.com\/pl\/wp-json\/wp\/v2\/media\/84796"}],"wp:attachment":[{"href":"https:\/\/cosyowl.com\/pl\/wp-json\/wp\/v2\/media?parent=84785"}],"wp:term":[{"taxonomy":"product_brand","embeddable":true,"href":"https:\/\/cosyowl.com\/pl\/wp-json\/wp\/v2\/product_brand?post=84785"},{"taxonomy":"product_cat","embeddable":true,"href":"https:\/\/cosyowl.com\/pl\/wp-json\/wp\/v2\/product_cat?post=84785"},{"taxonomy":"product_tag","embeddable":true,"href":"https:\/\/cosyowl.com\/pl\/wp-json\/wp\/v2\/product_tag?post=84785"}],"curies":[{"name":"wp","href":"https:\/\/api.w.org\/{rel}","templated":true}]}}