{"id":81999,"date":"2024-08-28T15:48:46","date_gmt":"2024-08-28T14:48:46","guid":{"rendered":"https:\/\/cosyowl.com\/?post_type=product&#038;p=81999"},"modified":"2026-03-03T13:46:29","modified_gmt":"2026-03-03T13:46:29","slug":"czarna-okragla-puszka-na-swiece-ze-zgrzewanym-bocznym-szwem-250-ml-pojedyncza","status":"publish","type":"product","link":"https:\/\/cosyowl.com\/pl\/candle-making-supplies\/candle-containers\/metal-containers\/rose-gold-round-candle-tin-with-welded-side-seam-250ml-single-copy","title":{"rendered":"Czarna okr\u0105g\u0142a puszka na \u015bwiec\u0119 ze spawanym szwem bocznym - 250 ml - pojedyncza"},"content":{"rendered":"<p>Puszki te s\u0105 dost\u0119pne w dw\u00f3ch rozmiarach, 100 ml i 250 ml, w kolorze srebrnym, r\u00f3\u017cowego z\u0142ota lub czarnym. Posiadaj\u0105 one widoczny <a href=\"https:\/\/cosyowl.com\/pl\/candle-containers\/candle-tins\/rose-gold-round-candle-tin-with-welded-side-seam-100ml-single\">Spawany szew boczny<\/a> w kolorze srebrnym. Wsuwana pokrywa ma niewielki stopie\u0144, dzi\u0119ki czemu mo\u017cna j\u0105 \u0142atwo uk\u0142ada\u0107, przechowywa\u0107 lub eksponowa\u0107.<\/p>\n<p>Nasz <a href=\"https:\/\/cosyowl.com\/pl\/guides\/a-summers-beach-gel-votive-candle\">\u015bwieca<\/a> Puszki s\u0105 bardzo konkurencyjne cenowo i naprawd\u0119 mog\u0105 wnie\u015b\u0107 odrobin\u0119 klasy do ka\u017cdego pomieszczenia.<\/p>\n<p>T\u0119 puszk\u0119 mo\u017cna naby\u0107 jako pojedyncz\u0105 puszk\u0119 Sample oraz w opakowaniach po 10 lub 50 puszek.<\/p>\n<p>Rozmiar i obj\u0119to\u015b\u0107:<\/p>\n<ul>\n<li style=\"list-style-type: none\">\n<ul>\n<li>Puszka o pojemno\u015bci 250 ml mie\u015bci oko\u0142o 200 g wosku*.<\/li>\n<li>Rozmiar: 77 mm (\u015brednica) x 65 mm (wysoko\u015b\u0107)<\/li>\n<\/ul>\n<\/li>\n<\/ul>\n<h3>Zalecenia dotycz\u0105ce knot\u00f3w**<\/h3>\n<table class=\"notesTableBorder\">\n<tbody>\n<tr>\n<th>Wosk Kerasoy (sojowy)<\/th>\n<th>Kerawax (parafina)<\/th>\n<th>Zar\u00f3wno soja, jak i parafina<\/th>\n<th>Wiele knot\u00f3w <a href=\"https:\/\/cosyowl.com\/pl\/guides\/using-cotton-wicks-with-soyaluna-container-wax-recommendations\">zalecenia<\/a><\/th>\n<\/tr>\n<tr>\n<td>ECO 12<\/td>\n<td>LX 18<\/td>\n<td>TCR 30\/18<\/td>\n<td>2 x LX 8 (<a href=\"https:\/\/cosyowl.com\/pl\/guides\/the-truth-about-paraffin-wax-being-vegan-friendly\">Wosk parafinowy<\/a>)<\/td>\n<\/tr>\n<tr>\n<td>ECO 14<\/td>\n<td>LX 20<\/td>\n<td>TCR 33\/18<\/td>\n<td>2 x TCR 21\/12 (oba woski)<\/td>\n<\/tr>\n<\/tbody>\n<\/table>\n<p>*Nale\u017cy pami\u0119ta\u0107, \u017ce zalecana ilo\u015b\u0107 wosku to <a href=\"https:\/\/cosyowl.com\/pl\/guides\/a-guide-to-creating-your-own-soap-products\">przewodnik<\/a> i opiera si\u0119 na maksymalnej pojemno\u015bci danego pojemnika. Dlatego mo\u017cliwe jest u\u017cycie mniejszej ilo\u015bci wosku, ale nie zalecamy przekraczania maksymalnej pojemno\u015bci. Zalecamy stosowanie podanych ilo\u015bci wosku wy\u0142\u0105cznie jako punktu wyj\u015bcia i dostosowanie ich do w\u0142asnych potrzeb. <a href=\"https:\/\/cosyowl.com\/pl\/guides\/weighing-fragrance\">pomiary<\/a> zgodnie z w\u0142asnymi preferencjami.<\/p>\n<p>**Uwaga: wszystkie zalecenia dotycz\u0105ce knot\u00f3w opieraj\u0105 si\u0119 wy\u0142\u0105cznie na u\u017cyciu z naszym woskiem. Najmniejszy <a href=\"https:\/\/cosyowl.com\/pl\/guides\/candle-wick-size-chart\">Rozmiar knota<\/a> zalecany jest do u\u017cytku wy\u0142\u0105cznie z woskiem. Najwi\u0119kszy zalecany rozmiar knota jest przeznaczony do u\u017cytku, gdy <a href=\"https:\/\/cosyowl.com\/pl\/candle-making-supplies\/fragrance-oils-for-candle-making\/premium-fragrance-oils\/cosy-owl-premium-1-million-type-fragrance-oil\">Olejek zapachowy<\/a> i\/lub barwnik. Wszystkie podane informacje nale\u017cy traktowa\u0107 wy\u0142\u0105cznie jako wskaz\u00f3wki pomocne w znalezieniu punktu wyj\u015bcia podczas eksperymentowania z knotami, poniewa\u017c zmienne temperatury i <a href=\"https:\/\/cosyowl.com\/pl\/guides\/2023-spring-fragrance-oil-trends\">Olejki zapachowe<\/a> b\u0119d\u0105 mia\u0142y wp\u0142yw na sukces knota.<\/p>","protected":false},"excerpt":{"rendered":"<p>These tins are available in two sizes, 100ml and 250ml, with colour choices of Silver, Rose Gold or Black. They feature a visible welded side seam which is silver in colour. The slip lid features a small step, making it easy for stacking, storing or displaying. Our candle tins are very competitively priced and really [&hellip;]<\/p>\n","protected":false},"featured_media":82001,"comment_status":"open","ping_status":"closed","template":"","meta":{"_acf_changed":false},"product_brand":[],"product_cat":[501,639,500,490],"product_tag":[918],"class_list":{"0":"post-81999","1":"product","2":"type-product","3":"status-publish","4":"has-post-thumbnail","6":"product_cat-metal-containers","7":"product_cat-body-care-containers","8":"product_cat-candle-containers","9":"product_cat-candle-making-supplies","10":"product_tag-candle-tin","11":"product_shipping_class-royal_mail","13":"first","14":"instock","15":"sold-individually","16":"taxable","17":"shipping-taxable","18":"purchasable","19":"product-type-simple"},"acf":[],"_links":{"self":[{"href":"https:\/\/cosyowl.com\/pl\/wp-json\/wp\/v2\/product\/81999","targetHints":{"allow":["GET"]}}],"collection":[{"href":"https:\/\/cosyowl.com\/pl\/wp-json\/wp\/v2\/product"}],"about":[{"href":"https:\/\/cosyowl.com\/pl\/wp-json\/wp\/v2\/types\/product"}],"replies":[{"embeddable":true,"href":"https:\/\/cosyowl.com\/pl\/wp-json\/wp\/v2\/comments?post=81999"}],"wp:featuredmedia":[{"embeddable":true,"href":"https:\/\/cosyowl.com\/pl\/wp-json\/wp\/v2\/media\/82001"}],"wp:attachment":[{"href":"https:\/\/cosyowl.com\/pl\/wp-json\/wp\/v2\/media?parent=81999"}],"wp:term":[{"taxonomy":"product_brand","embeddable":true,"href":"https:\/\/cosyowl.com\/pl\/wp-json\/wp\/v2\/product_brand?post=81999"},{"taxonomy":"product_cat","embeddable":true,"href":"https:\/\/cosyowl.com\/pl\/wp-json\/wp\/v2\/product_cat?post=81999"},{"taxonomy":"product_tag","embeddable":true,"href":"https:\/\/cosyowl.com\/pl\/wp-json\/wp\/v2\/product_tag?post=81999"}],"curies":[{"name":"wp","href":"https:\/\/api.w.org\/{rel}","templated":true}]}}