{"id":80167,"date":"2024-06-25T14:57:47","date_gmt":"2024-06-25T13:57:47","guid":{"rendered":"https:\/\/cosyowl.com\/?post_type=product&#038;p=80167"},"modified":"2026-03-03T13:46:20","modified_gmt":"2026-03-03T13:46:20","slug":"porex-naturalna-trzcina-do-dyfuzorow-240mm-x-o-3mm","status":"publish","type":"product","link":"https:\/\/cosyowl.com\/pl\/porex-natural-reeds-for-diffusers-240mm-x-o-3mm","title":{"rendered":"Naturalne trzciny do dyfuzor\u00f3w Porex - 240 mm x \u00d8 3 mm"},"content":{"rendered":"<p><a href=\"https:\/\/cosyowl.com\/pl\/guides\/a-beginners-guide-to-making-reed-diffusers\">Dyfuzory trzcinowe<\/a> s\u0105 <a href=\"https:\/\/cosyowl.com\/pl\/candle-making-supplies\/glitters\/pure-white-biodegradable\">elegancki<\/a> Rozwi\u0105zanie, kt\u00f3re sprawi, \u017ce zapach w Twoim domu b\u0119dzie bezpieczniejszy i trwalszy. Nasza gama odpornych na zabarwienia i szybkoschn\u0105cych trzcin POREX jest idealnym dodatkiem, kt\u00f3ry pomo\u017ce Ci uwolni\u0107 pe\u0142ny potencja\u0142 Twojego zapachu. <a href=\"https:\/\/cosyowl.com\/pl\/guides\/essential-oil-benefits\">olejki eteryczne<\/a>.<\/p>\n<p>Kontrolowanie szybko\u015bci uwalniania zapachu ma kluczowe znaczenie dla <a href=\"https:\/\/cosyowl.com\/pl\/candle-wicks\/wedo-lx-wick-raw\">jako\u015b\u0107<\/a>. Trzcina i POREX charakteryzuj\u0105 si\u0119 wysokowydajn\u0105 dyfuzj\u0105 zapachu i kapilarno\u015bci\u0105 w po\u0142\u0105czeniu z technologi\u0105 anti-all-colour, dzi\u0119ki czemu trzciny te utrzymuj\u0105 stabilny zapach i kolor bez konieczno\u015bci \"przerzucania\".<\/p>","protected":false},"excerpt":{"rendered":"<p>Reed Diffusers are an elegant solution to making your home&#8217;s fragrance safer and longer lasting. Our range of colour-resistant and quick-drying POREX reeds are the ideal accompaniment to help you unlock the full potential of your essential oils. Controlling the fragrance release rate is crucial for quality. Reed and POREX feature high-performance fragrance diffusion and [&hellip;]<\/p>\n","protected":false},"featured_media":80172,"comment_status":"open","ping_status":"closed","template":"","meta":{"_acf_changed":false},"product_brand":[],"product_cat":[648],"product_tag":[937],"class_list":{"0":"post-80167","1":"product","2":"type-product","3":"status-publish","4":"has-post-thumbnail","6":"product_cat-reed-diffusers-reeds","7":"product_tag-reeds","9":"first","10":"instock","11":"taxable","12":"shipping-taxable","13":"purchasable","14":"product-type-variable"},"acf":[],"_links":{"self":[{"href":"https:\/\/cosyowl.com\/pl\/wp-json\/wp\/v2\/product\/80167","targetHints":{"allow":["GET"]}}],"collection":[{"href":"https:\/\/cosyowl.com\/pl\/wp-json\/wp\/v2\/product"}],"about":[{"href":"https:\/\/cosyowl.com\/pl\/wp-json\/wp\/v2\/types\/product"}],"replies":[{"embeddable":true,"href":"https:\/\/cosyowl.com\/pl\/wp-json\/wp\/v2\/comments?post=80167"}],"wp:featuredmedia":[{"embeddable":true,"href":"https:\/\/cosyowl.com\/pl\/wp-json\/wp\/v2\/media\/80172"}],"wp:attachment":[{"href":"https:\/\/cosyowl.com\/pl\/wp-json\/wp\/v2\/media?parent=80167"}],"wp:term":[{"taxonomy":"product_brand","embeddable":true,"href":"https:\/\/cosyowl.com\/pl\/wp-json\/wp\/v2\/product_brand?post=80167"},{"taxonomy":"product_cat","embeddable":true,"href":"https:\/\/cosyowl.com\/pl\/wp-json\/wp\/v2\/product_cat?post=80167"},{"taxonomy":"product_tag","embeddable":true,"href":"https:\/\/cosyowl.com\/pl\/wp-json\/wp\/v2\/product_tag?post=80167"}],"curies":[{"name":"wp","href":"https:\/\/api.w.org\/{rel}","templated":true}]}}