{"id":79497,"date":"2024-05-30T17:01:00","date_gmt":"2024-05-30T16:01:00","guid":{"rendered":"https:\/\/cosyowl.com\/?post_type=product&#038;p=79497"},"modified":"2026-04-28T17:21:41","modified_gmt":"2026-04-28T16:21:41","slug":"zestaw-do-tworzenia-dyfuzorow-oceanicznych","status":"publish","type":"product","link":"https:\/\/cosyowl.com\/pl\/craft-kits\/diffuser-making-kits\/jasmine-diffuser-making-kit-copy","title":{"rendered":"Zestaw do tworzenia dyfuzor\u00f3w oceanicznych"},"content":{"rendered":"<p><span style=\"color: #080000\">Nasze zestawy dyfuzor\u00f3w s\u0105 idealnym zakupem dla ka\u017cdego, kto chce by\u0107 kreatywny i zacz\u0105\u0107 tworzy\u0107 w\u0142asne dyfuzory w domu. Ten zestaw zawiera wszystko, czego potrzebujesz do wykonania trzech dyfuzor\u00f3w.<\/span><\/p>\n<h3>Co znajduje si\u0119 w zestawie do tworzenia dyfuzor\u00f3w?<\/h3>\n<ul>\n<li><span style=\"color: #080000\"><a href=\"https:\/\/cosyowl.com\/pl\/candle-containers\/candle-tins\/rose-gold-round-candle-tin-with-welded-side-seam-100ml-single\">100ml<\/a> - <a style=\"color: #080000\" href=\"https:\/\/cosyowl.com\/pl\/materialy-do-produkcji-swiec\/olejki-zapachowe-do-produkcji-swiec\/wszystkie-zapachy\/olejek-zapachowy-z-lawendy-i-rumianku\/?wmc-currency=EUR\"><strong>Olejek zapachowy Ocean<\/strong><\/a> - A <a href=\"https:\/\/cosyowl.com\/pl\/candle-making-supplies\/essential-oils\/eucalyptus-globulus-essential-oil\">\u015bwie\u017cy<\/a>energetyzuj\u0105ca mieszanka nut morskich i ozonowych, <a href=\"https:\/\/cosyowl.com\/pl\/candle-making-supplies\/fragrance-oils-for-candle-making\/all-fragrances\/lime-basil-mandarin-fragrance-oil\">zesty<\/a> bergamotka, delikatne kwiaty i odrobina <a href=\"https:\/\/cosyowl.com\/pl\/candle-making-supplies\/fragrance-oils-for-candle-making\/all-fragrances\/black-coconut-fragrance-oil\">egzotyczny<\/a> lasy - wywo\u0142uj\u0105c <a href=\"https:\/\/cosyowl.com\/pl\/candle-making-supplies\/glitters\/pure-white-biodegradable\">czysty<\/a> zapach nadmorskiej bryzy.<\/span><\/li>\n<li><span style=\"color: #080000\">500g <a href=\"https:\/\/cosyowl.com\/pl\/dyfuzory-trzcinowe\/olej-bazowy-do-dyfuzorow-trzcinowych\/?wmc-currency=EUR\"><strong>Olej bazowy do dyfuzora Augeo Clean Multi<\/strong><\/a> - Specjalnie opracowany do mieszania z <a href=\"https:\/\/cosyowl.com\/pl\/candle-making-supplies\/fragrance-oils-for-candle-making\/premium-fragrance-oils\/cosy-owl-premium-1-million-type-fragrance-oil\">olejek zapachowy<\/a> aby zapewni\u0107 czysty, d\u0142ugotrwa\u0142y zapach.<\/span><\/li>\n<li data-start=\"853\" data-end=\"884\"><span style=\"color: #080000\"><a href=\"https:\/\/cosyowl.com\/pl\/candle-making-supplies\/candle-containers\/other-containers\/wax-melt-christmas-tree-mould-3\">3<\/a> Stylowy <a href=\"https:\/\/cosyowl.com\/pl\/craft-supplies\/reed-diffuser-supplies\/reed-diffuser-bottles\/14mm-clear-glass-marble-balls-for-diffuser-bottles\">Butelki z dyfuzorem<\/a>:\u00a0<strong><a style=\"color: #080000\" href=\"https:\/\/cosyowl.com\/pl\/materialy-rzemieslnicze\/materialy-eksploatacyjne-do-dyfuzorow-trzcinowych\/butelki-z-dyfuzorem-trzcinowym\/szklany-pojemnik-100ml-kostka-dyfuzora\/?wmc-currency=EUR\">Dyfuzor w szklanej kostce o pojemno\u015bci 100 ml<\/a>,<a style=\"color: #080000\" href=\"https:\/\/cosyowl.com\/pl\/materialy-rzemieslnicze\/materialy-eksploatacyjne-do-dyfuzorow-trzcinowych\/butelki-z-dyfuzorem-trzcinowym\/szklany-pojemnik-200ml-butelka-z-dyfuzorem-karen\/?wmc-currency=EUR\"> 2x <\/a><\/strong><strong><a style=\"color: #080000\" href=\"https:\/\/cosyowl.com\/pl\/materialy-rzemieslnicze\/materialy-eksploatacyjne-do-dyfuzorow-trzcinowych\/butelki-z-dyfuzorem-trzcinowym\/szklany-pojemnik-200ml-butelka-z-dyfuzorem-karen\/?wmc-currency=EUR\">Szklane butelki Karen o pojemno\u015bci 100 ml<\/a><\/strong><\/span><\/li>\n<li data-start=\"975\" data-end=\"1019\"><span style=\"color: #080000\">3 <a style=\"color: #080000\" href=\"https:\/\/cosyowl.com\/pl\/materialy-rzemieslnicze\/materialy-eksploatacyjne-do-dyfuzorow-trzcinowych\/butelki-z-dyfuzorem-trzcinowym\/nasadka-dyfuzora-z-metalowa-powloka-w-kolorze-zlotym-blyszczacym\/?wmc-currency=EUR\"><strong data-start=\"975\" data-end=\"1000\">Metalowe za\u015blepki dyfuzora<\/strong><\/a> (1 z\u0142oty, 2 srebrne)<\/span><\/li>\n<li data-start=\"1022\" data-end=\"1064\"><span style=\"color: #080000\">30 <a style=\"color: #080000\" href=\"https:\/\/cosyowl.com\/pl\/dyfuzory-trzcinowe\/trzciny\/?wmc-currency=EUR\"><strong data-start=\"1022\" data-end=\"1043\">Stroiki dyfuzora<\/strong><\/a> (20 czarnych, 10 bia\u0142ych)<\/span><\/li>\n<li data-start=\"1067\" data-end=\"1087\"><span style=\"color: #080000\">3 <a style=\"color: #080000\" href=\"https:\/\/cosyowl.com\/pl\/materialy-rzemieslnicze\/materialy-eksploatacyjne-do-dyfuzorow-trzcinowych\/butelki-z-dyfuzorem-trzcinowym\/zatyczka-butelki-z-dyfuzorem\/?wmc-currency=EUR\"><strong data-start=\"1067\" data-end=\"1087\">Za\u015blepki dyfuzora<\/strong><\/a><\/span><\/li>\n<li data-start=\"1067\" data-end=\"1087\"><span style=\"color: #080000\"><a style=\"color: #080000\" href=\"https:\/\/cosyowl.com\/pl\/przewodniki\/przewodnik-dla-poczatkujacych-po-tworzeniu-dyfuzorow-trzcinowych\/?wmc-currency=EUR\"><strong data-start=\"1090\" data-end=\"1124\">Instrukcja obs\u0142ugi krok po kroku<\/strong><\/a><\/span><\/li>\n<\/ul>\n<p>Nasz\u00a0<strong><a href=\"https:\/\/cosyowl.com\/pl\/candle-making-supplies\/fragrance-oils-for-candle-making\/all-fragrances\/ocean-fragrance-oil\">Ocean<\/a> Olejek zapachowy<\/strong>\u00a0zosta\u0142 specjalnie opracowany, aby przywo\u0142ywa\u0107 znajomy aromat \u015bwie\u017cych zapach\u00f3w nadmorskich poprzez intensywne nuty morskie i ozonowe, z lekkim <a href=\"https:\/\/cosyowl.com\/pl\/candle-making-supplies\/fragrance-oils-for-candle-making\/all-fragrances\/jasmine-fragrance-oil\">kwiatowy<\/a> wyd\u017awi\u0119k i emanuj\u0105cy\u00a0<strong>bergamotka i sk\u00f3rka pomara\u0144czowa<\/strong>. Ten pocz\u0105tkowy aromat jest najbardziej wyra\u017any, gdy <a href=\"https:\/\/cosyowl.com\/pl\/guides\/a-summers-beach-gel-votive-candle\">\u015bwieca<\/a> zaczyna si\u0119 pali\u0107, wype\u0142niaj\u0105c pomieszczenie zapachem, kt\u00f3ry jest nast\u0119pnie wzmacniany przez lekkie tony\u00a0<strong>kalon, lilia wodna<\/strong>. W recepturze tego charakterystycznego zapachu znajduje si\u0119 <a href=\"https:\/\/cosyowl.com\/pl\/fragrance-oils\/strawberry-bon-bon\">zachwycaj\u0105cy<\/a> \u015bladowy posmak\u00a0<strong>drewno egzotyczne<\/strong>.<\/p>\n<p>Jeste\u015bmy dumni z zapewniania najwy\u017cszej <a href=\"https:\/\/cosyowl.com\/pl\/candle-wicks\/wedo-lx-wick-raw\">jako\u015b\u0107<\/a> sk\u0142adnik\u00f3w dost\u0119pnych na rynku do tworzenia idealnych dyfuzor\u00f3w w domu. Nasze zestawy s\u0105 idealne zar\u00f3wno dla tych, kt\u00f3rzy dopiero zaczynaj\u0105, jak i dla tych, kt\u00f3rzy ju\u017c opanowali t\u0119 umiej\u0119tno\u015b\u0107, wi\u0119c chwy\u0107 fartuch i zacznijmy tworzy\u0107.<\/p>\n<p>&nbsp;<\/p>\n<h3 data-start=\"2493\" data-end=\"2542\">Pomocne zasoby dla sukcesu w tworzeniu \u015bwiec<\/h3>\n<ul>\n<li><a href=\"https:\/\/cosyowl.com\/pl\/przewodniki\/przewodnik-dla-poczatkujacych-po-tworzeniu-dyfuzorow-trzcinowych\/?wmc-currency=EUR\"><strong><span style=\"color: #ff6600\">Przewodnik dla pocz\u0105tkuj\u0105cych po tworzeniu dyfuzor\u00f3w trzcinowych<\/span><\/strong><\/a><\/li>\n<li><a href=\"https:\/\/cosyowl.com\/pl\/przewodniki\/tworzenie-dyfuzora-trzcinowego\/?wmc-currency=EUR\"><strong><span style=\"color: #ff6600\">Jak zrobi\u0107 w\u0142asne dyfuzory z trzciny?<\/span><\/strong><\/a><\/li>\n<li class=\"entry-title\"><a href=\"https:\/\/cosyowl.com\/pl\/przewodniki\/jak-uzywac-olejkow-zapachowych\/?wmc-currency=EUR\"><strong><span style=\"color: #ff6600\">Jak u\u017cywa\u0107 olejk\u00f3w zapachowych<\/span><\/strong><\/a><\/li>\n<li><strong><span style=\"color: #ff6600\"><a style=\"color: #ff6600\" href=\"https:\/\/cosyowl.com\/pl\/przewodniki\/cmrs-i-ftalany-w-olejkach-zapachowych\/?wmc-currency=EUR\">CMR, ftalany, parabeny, PEG i silikon w olejkach zapachowych - nasz przewodnik Free From.<\/a><\/span><\/strong><\/li>\n<li><a href=\"https:\/\/cosyowl.com\/pl\/przewodniki\/?wmc-currency=EUR\"><span style=\"color: #ff6600\"><strong>Przewodniki i przepisy<\/strong><\/span><\/a><\/li>\n<\/ul>","protected":false},"excerpt":{"rendered":"<p>Our Diffuser kits are the perfect purchase for anyone looking to get creative and start crafting their own Diffusers at home. With this kit you have everything you need to make Three Diffusers. What\u2019s Inside Your Diffuser Making Kit? 100ml &#8211; Ocean Fragrance Oil &#8211; A fresh, energizing blend of marine and ozone notes, zesty [&hellip;]<\/p>\n","protected":false},"featured_media":79460,"comment_status":"open","ping_status":"closed","template":"","meta":{"_acf_changed":false},"product_brand":[],"product_cat":[654,653,800,726],"product_tag":[929],"class_list":{"0":"post-79497","1":"product","2":"type-product","3":"status-publish","4":"has-post-thumbnail","6":"product_cat-diffuser-making-kits","7":"product_cat-craft-kits","8":"product_cat-new","9":"product_cat-reed-diffuser-kits","10":"product_tag-diffuser-making-kit","11":"product_shipping_class-royal_mail_kits","13":"first","14":"instock","15":"taxable","16":"shipping-taxable","17":"purchasable","18":"product-type-simple"},"acf":[],"_links":{"self":[{"href":"https:\/\/cosyowl.com\/pl\/wp-json\/wp\/v2\/product\/79497","targetHints":{"allow":["GET"]}}],"collection":[{"href":"https:\/\/cosyowl.com\/pl\/wp-json\/wp\/v2\/product"}],"about":[{"href":"https:\/\/cosyowl.com\/pl\/wp-json\/wp\/v2\/types\/product"}],"replies":[{"embeddable":true,"href":"https:\/\/cosyowl.com\/pl\/wp-json\/wp\/v2\/comments?post=79497"}],"wp:featuredmedia":[{"embeddable":true,"href":"https:\/\/cosyowl.com\/pl\/wp-json\/wp\/v2\/media\/79460"}],"wp:attachment":[{"href":"https:\/\/cosyowl.com\/pl\/wp-json\/wp\/v2\/media?parent=79497"}],"wp:term":[{"taxonomy":"product_brand","embeddable":true,"href":"https:\/\/cosyowl.com\/pl\/wp-json\/wp\/v2\/product_brand?post=79497"},{"taxonomy":"product_cat","embeddable":true,"href":"https:\/\/cosyowl.com\/pl\/wp-json\/wp\/v2\/product_cat?post=79497"},{"taxonomy":"product_tag","embeddable":true,"href":"https:\/\/cosyowl.com\/pl\/wp-json\/wp\/v2\/product_tag?post=79497"}],"curies":[{"name":"wp","href":"https:\/\/api.w.org\/{rel}","templated":true}]}}