{"id":79491,"date":"2024-05-30T16:15:23","date_gmt":"2024-05-30T15:15:23","guid":{"rendered":"https:\/\/cosyowl.com\/?post_type=product&#038;p=79491"},"modified":"2026-03-03T13:46:18","modified_gmt":"2026-03-03T13:46:18","slug":"zestaw-do-wytapiania-wosku-z-oszroniona-zurawina","status":"publish","type":"product","link":"https:\/\/cosyowl.com\/pl\/craft-kits\/wax-melt-making-kits\/frosted-cranberries-wax-melt-making-kit","title":{"rendered":"Zestaw do robienia wosku z mro\u017con\u0105 \u017curawin\u0105"},"content":{"rendered":"<p data-start=\"125\" data-end=\"542\">B\u0105d\u017a kreatywny w domu dzi\u0119ki naszym <strong data-start=\"226\" data-end=\"262\">Mro\u017cona \u017curawina <a href=\"https:\/\/cosyowl.com\/pl\/craft-kits\/wax-melt-making-kits\/lavender-wax-melt-making-kit\">Zestaw do topienia wosku<\/a><\/strong>to idealny wyb\u00f3r dla ka\u017cdego, kto chce zanurzy\u0107 si\u0119 w zabawnym i satysfakcjonuj\u0105cym \u015bwiecie rzemios\u0142a woskowego. Niezale\u017cnie od tego, czy jeste\u015b pocz\u0105tkuj\u0105cym, czy do\u015bwiadczonym rzemie\u015blnikiem, ten uniwersalny zestaw zawiera wszystko, czego potrzebujesz, aby stworzy\u0107 pi\u0119knie pachn\u0105ce produkty, <a href=\"https:\/\/cosyowl.com\/pl\/candle-making-kits\/soy-wax-christmas-spice-candle-making-kit\">\u015bwi\u0105teczny<\/a> <a href=\"https:\/\/cosyowl.com\/pl\/guides\/sandalwood-vanilla-leaf-wax-melts-guide\">wosk topi si\u0119<\/a> w r\u00f3\u017cnych <a href=\"https:\/\/cosyowl.com\/pl\/candle-making-supplies\/fragrance-oils-for-candle-making\/all-fragrances\/alien-type-fragrance-oil\">wyj\u0105tkowy<\/a> kszta\u0142ty. Z bogatym, sezonowym zapachem i <a href=\"https:\/\/cosyowl.com\/pl\/candle-making-supplies\/glitters\/fluorescent-peach\">przyci\u0105gaj\u0105cy wzrok<\/a> Kolor, domowe melty b\u0119d\u0105 wygl\u0105da\u0107 tak dobrze, jak pachn\u0105. Idealne do u\u017cytku osobistego, na prezent lub do kreatywnych zastosowa\u0144 <a href=\"https:\/\/cosyowl.com\/pl\/candle-making-kits\/winter-pine-candle-making-kit\">\u015bwi\u0119to<\/a> projekty!<\/p>\n<h3>Co znajduje si\u0119 w zestawie do topienia wosku?<\/h3>\n<ul>\n<li><span style=\"color: #080000\"><a style=\"color: #080000\" href=\"https:\/\/cosyowl.com\/pl\/materialy-do-produkcji-swiec\/olejki-zapachowe-do-produkcji-swiec\/wszystkie-zapachy\/olejek-zapachowy-frosted-cranberries\/?wmc-currency=EUR\">50ml - <span style=\"color: #ff6600\"><strong data-start=\"182\" data-end=\"224\">Olejek zapachowy Frosted Cranberries<\/strong> <\/span>- S\u0142odko-cierpki \u015bwi\u0105teczny zapach, kt\u00f3ry wype\u0142nia przestrze\u0144 \u015bwi\u0105teczn\u0105 rado\u015bci\u0105<\/a><\/span><\/li>\n<li data-start=\"303\" data-end=\"389\"><span style=\"color: #080000\"><a style=\"color: #080000\" href=\"https:\/\/cosyowl.com\/pl\/materialy-rzemieslnicze\/materialy-do-topienia-wosku\/brokat-w-proszku-mika\/czerwona-mika-perlowa-w-proszku\/?wmc-currency=EUR\">25g - <span style=\"color: #ff6600\"><strong data-start=\"303\" data-end=\"332\">Czerwona per\u0142a w proszku<\/strong><\/span> - Dodaje pi\u0119kne po\u0142yskuj\u0105ce wyko\u0144czenie do wosk\u00f3w topionych.<\/a><\/span><\/li>\n<li data-start=\"392\" data-end=\"485\"><span style=\"color: #080000\"><a style=\"color: #080000\" href=\"https:\/\/cosyowl.com\/pl\/barwniki-do-swiec\/bekro-6133-34-czerwony-barwnik-do-swiec\/?wmc-currency=EUR\">3g - <span style=\"color: #ff6600\"><strong data-start=\"392\" data-end=\"417\">Ciemnoczerwony barwnik Bekro<\/strong><\/span> - Zapewnia bogaty, \u017cywy czerwony kolor dla odwa\u017cnego i sezonowego wygl\u0105du.<\/a><\/span><\/li>\n<li data-start=\"883\" data-end=\"942\"><span style=\"color: #080000\"><a style=\"color: #080000\" href=\"https:\/\/cosyowl.com\/pl\/materialy-rzemieslnicze\/materialy-do-topienia-wosku\/wosk-do-topienia-wosku\/naturalne-woski-soyaluna-meltpillar-wax\/?wmc-currency=EUR\">350g - <span style=\"color: #ff6600\"><strong data-start=\"883\" data-end=\"902\">Wosk Pillar<\/strong><\/span> - Wysokiej jako\u015bci wosk idealny do form<\/a><\/span><\/li>\n<li data-start=\"945\" data-end=\"1023\"><span style=\"color: #080000\"><a style=\"color: #080000\" href=\"https:\/\/cosyowl.com\/pl\/wosk-topi-sie\/formy\/?wmc-currency=EUR\">4<span style=\"color: #ff6600\"><strong> Formy<\/strong><\/span> - 1x muszla, 1x muszla z sercem, 1x muszla z gwiazd\u0105, 1x garnek delikatesowy<\/a><\/span><\/li>\n<li data-start=\"1026\" data-end=\"1112\"><span style=\"color: #080000\"><a style=\"color: #080000\" href=\"https:\/\/cosyowl.com\/pl\/przewodniki\/przewodnik-dla-poczatkujacych-dotyczacy-wytwarzania-wosku-topionego\/?wmc-currency=EUR\"><span style=\"color: #ff6600\"><strong data-start=\"1026\" data-end=\"1060\">Instrukcja krok po kroku<\/strong><\/span> - \u0141atwe do na\u015bladowania wskaz\u00f3wki dotycz\u0105ce tworzenia klej\u00f3w<\/a><\/span><\/li>\n<\/ul>\n<p>Nasz <span style=\"color: #080000\"><a style=\"color: #080000\" href=\"https:\/\/cosyowl.com\/pl\/materialy-do-produkcji-swiec\/olejki-zapachowe-do-produkcji-swiec\/wszystkie-zapachy\/olejek-zapachowy-frosted-cranberries\/?wmc-currency=EUR\"><span style=\"color: #ff6600\"><strong data-start=\"182\" data-end=\"224\">Olejek zapachowy Frosted Cranberries<\/strong><\/span><\/a><\/span> jest <a href=\"https:\/\/cosyowl.com\/pl\/craft-supplies\/wax-melt-supplies\/mica-powder-glitter\/bright-peach-biodegradable-candle-glitter\">iskrzenie<\/a> R\u00f3\u017cowa mieszanka musuj\u0105cych b\u0105belk\u00f3w, <a href=\"https:\/\/cosyowl.com\/pl\/candle-making-supplies\/essential-oils\/eucalyptus-globulus-essential-oil\">\u015bwie\u017cy<\/a> <strong>soczyste pomelo<\/strong>i odrobina <strong>\u017curawina<\/strong>. Spoczywa na pysznej bazie <strong>karmel, wanilia i irys<\/strong>ten zapach jest zar\u00f3wno <a href=\"https:\/\/cosyowl.com\/pl\/candle-making-supplies\/essential-oils\/rosemary-essential-oil\">o\u017cywczy<\/a> i pocieszaj\u0105ce.<\/p>\n<p>Jeste\u015bmy dumni z zapewniania najwy\u017cszej <a href=\"https:\/\/cosyowl.com\/pl\/candle-wicks\/wedo-lx-wick-raw\">jako\u015b\u0107<\/a> sk\u0142adnik\u00f3w dost\u0119pnych na rynku do tworzenia idealnych wosk\u00f3w w domu. Nasze zestawy s\u0105 idealne zar\u00f3wno dla tych, kt\u00f3rzy dopiero zaczynaj\u0105, jak i dla tych, kt\u00f3rzy ju\u017c opanowali t\u0119 umiej\u0119tno\u015b\u0107, wi\u0119c chwy\u0107 fartuch i zacznijmy tworzy\u0107.<\/p>\n<p>&nbsp;<\/p>\n<h3 data-start=\"2493\" data-end=\"2542\">Pomocne zasoby dla sukcesu w tworzeniu \u015bwiec<\/h3>\n<ul>\n<li><strong><span style=\"color: #ff6600\"><a style=\"color: #ff6600\" href=\"https:\/\/cosyowl.com\/pl\/przewodniki\/przewodnik-dla-poczatkujacych-dotyczacy-wytwarzania-wosku-topionego\/?wmc-currency=EUR\">Przewodnik dla pocz\u0105tkuj\u0105cych dotycz\u0105cy wytwarzania wosku topionego<\/a><\/span><br \/>\n<\/strong><\/li>\n<li><span style=\"color: #ff6600\"><strong><a style=\"color: #ff6600\" href=\"https:\/\/cosyowl.com\/pl\/przewodniki\/przewodnik-po-stosowaniu-barwnika-woskowego-bekro\/?wmc-currency=EUR\">Przewodnik po u\u017cywaniu barwnika woskowego Bekro<\/a><\/strong><\/span><\/li>\n<li><strong><span style=\"color: #ff6600\"><a style=\"color: #ff6600\" href=\"https:\/\/cosyowl.com\/pl\/przewodniki\/6-najwazniejszych-pytan-dotyczacych-produkcji-wosku\/?wmc-currency=EUR\">6 najcz\u0119\u015bciej zadawanych pyta\u0144 - edycja dotycz\u0105ca wytwarzania wosku<\/a><\/span><\/strong><\/li>\n<li><strong><span style=\"color: #ff6600\"><a style=\"color: #ff6600\" href=\"https:\/\/cosyowl.com\/pl\/przewodniki\/jak-zrobic-wosk-do-topienia-w-domu\/?wmc-currency=EUR\">Jak zrobi\u0107 wosk w domu<\/a><\/span><\/strong><\/li>\n<li><strong><span style=\"color: #ff6600\"><a style=\"color: #ff6600\" href=\"https:\/\/cosyowl.com\/pl\/przewodniki\/?wmc-currency=EUR\">Przewodniki i przepisy<\/a><\/span><\/strong><\/li>\n<\/ul>","protected":false},"excerpt":{"rendered":"<p>Get creative at home with our Frosted Cranberries Wax Melt Kit, the perfect choice for anyone looking to dive into the fun and satisfying world of wax melt crafting. Whether you\u2019re a beginner or experienced crafter, this all-in-one kit includes everything you need to make beautifully scented, festive wax melts in a variety of unique [&hellip;]<\/p>\n","protected":false},"featured_media":79479,"comment_status":"open","ping_status":"closed","template":"","meta":{"_acf_changed":false},"product_brand":[],"product_cat":[655,498,653,800,727],"product_tag":[1594,927],"class_list":{"0":"post-79491","1":"product","2":"type-product","3":"status-publish","4":"has-post-thumbnail","6":"product_cat-wax-melt-making-kits","7":"product_cat-christmas","8":"product_cat-craft-kits","9":"product_cat-new","10":"product_cat-wax-melt-making-kits-wax-melts","11":"product_tag-christmas","12":"product_tag-wax-melt-making-kit","13":"product_shipping_class-royal_mail_kits","15":"first","16":"instock","17":"taxable","18":"shipping-taxable","19":"purchasable","20":"product-type-simple"},"acf":[],"_links":{"self":[{"href":"https:\/\/cosyowl.com\/pl\/wp-json\/wp\/v2\/product\/79491","targetHints":{"allow":["GET"]}}],"collection":[{"href":"https:\/\/cosyowl.com\/pl\/wp-json\/wp\/v2\/product"}],"about":[{"href":"https:\/\/cosyowl.com\/pl\/wp-json\/wp\/v2\/types\/product"}],"replies":[{"embeddable":true,"href":"https:\/\/cosyowl.com\/pl\/wp-json\/wp\/v2\/comments?post=79491"}],"wp:featuredmedia":[{"embeddable":true,"href":"https:\/\/cosyowl.com\/pl\/wp-json\/wp\/v2\/media\/79479"}],"wp:attachment":[{"href":"https:\/\/cosyowl.com\/pl\/wp-json\/wp\/v2\/media?parent=79491"}],"wp:term":[{"taxonomy":"product_brand","embeddable":true,"href":"https:\/\/cosyowl.com\/pl\/wp-json\/wp\/v2\/product_brand?post=79491"},{"taxonomy":"product_cat","embeddable":true,"href":"https:\/\/cosyowl.com\/pl\/wp-json\/wp\/v2\/product_cat?post=79491"},{"taxonomy":"product_tag","embeddable":true,"href":"https:\/\/cosyowl.com\/pl\/wp-json\/wp\/v2\/product_tag?post=79491"}],"curies":[{"name":"wp","href":"https:\/\/api.w.org\/{rel}","templated":true}]}}