{"id":79490,"date":"2024-05-30T16:12:01","date_gmt":"2024-05-30T15:12:01","guid":{"rendered":"https:\/\/cosyowl.com\/?post_type=product&#038;p=79490"},"modified":"2026-03-03T13:46:18","modified_gmt":"2026-03-03T13:46:18","slug":"zestaw-do-produkcji-swiezego-wosku-unstoppables","status":"publish","type":"product","link":"https:\/\/cosyowl.com\/pl\/craft-kits\/wax-melt-making-kits\/fresh-unstoppables-wax-melt-making-kit","title":{"rendered":"Zestaw do produkcji wosku Fresh Unstoppables"},"content":{"rendered":"<p data-start=\"110\" data-end=\"501\">Nasz <strong data-start=\"183\" data-end=\"200\">Zestawy do topienia wosku<\/strong> s\u0105 idealnym wyborem dla ka\u017cdego, kto chce by\u0107 kreatywny i zacz\u0105\u0107 tworzy\u0107 w\u0142asne, pi\u0119knie pachn\u0105ce produkty. <a href=\"https:\/\/cosyowl.com\/pl\/guides\/sandalwood-vanilla-leaf-wax-melts-guide\">wosk topi si\u0119<\/a> w domu. Niezale\u017cnie od tego, czy jeste\u015b pocz\u0105tkuj\u0105cym, czy do\u015bwiadczonym rzemie\u015blnikiem, ten zestaw all-in-one zapewnia wszystko, czego potrzebujesz, aby stworzy\u0107 r\u00f3\u017cnorodne topione woski o unikalnych kszta\u0142tach. <a href=\"https:\/\/cosyowl.com\/pl\/candle-making-supplies\/glitters\/pure-white-biodegradable\">czysty<\/a>, <a href=\"https:\/\/cosyowl.com\/pl\/candle-making-supplies\/essential-oils\/eucalyptus-globulus-essential-oil\">\u015bwie\u017cy<\/a> zapach. Zawiera najwy\u017cszej jako\u015bci sk\u0142adniki i <a href=\"https:\/\/cosyowl.com\/pl\/candle-making-supplies\/glitters\/fluorescent-peach\">przyci\u0105gaj\u0105cy wzrok<\/a> kolor, jest idealny do u\u017cytku osobistego, przemy\u015blanych prezent\u00f3w lub po prostu cieszenia si\u0119 <a href=\"https:\/\/cosyowl.com\/pl\/guides\/how-to-make-wax-melts-at-home\">rzemios\u0142o<\/a> z <a href=\"https:\/\/cosyowl.com\/pl\/guides\/how-to-melt-wax-soap-bases\">topienie wosku<\/a>.<\/p>\n<h3>Co znajduje si\u0119 w zestawie do topienia wosku?<\/h3>\n<ul>\n<li><span style=\"color: #050000\"><a style=\"color: #050000\" href=\"https:\/\/cosyowl.com\/pl\/materialy-do-produkcji-swiec\/olejki-zapachowe-do-produkcji-swiec\/wszystkie-zapachy\/swiezy-olejek-zapachowy-unstoppables\/?wmc-currency=EUR\">50ml - <span style=\"color: #ff6600\"><strong>Olejek zapachowy Fresh Unstoppables<\/strong><\/span> - \u017bywy, czysty zapach inspirowany popularnymi zapachami do prania<\/a><\/span><\/li>\n<li><span style=\"color: #050000\"><a style=\"color: #050000\" href=\"https:\/\/cosyowl.com\/pl\/materialy-do-produkcji-swiec\/proszki-miki\/blysk-niebieski\/?wmc-currency=EUR\">25g - <span style=\"color: #ff6600\"><strong>Flash Blue Mica Powder<\/strong> <\/span>- Dodaje po\u0142yskuj\u0105cego, przyci\u0105gaj\u0105cego wzrok wyko\u0144czenia do topielc\u00f3w.<\/a><\/span><\/li>\n<li><span style=\"color: #050000\"><a style=\"color: #050000\" href=\"https:\/\/cosyowl.com\/pl\/barwniki-do-swiec\/bekro-52-5561-niebieski-barwnik-do-swiec\/?wmc-currency=EUR\">3g - <span style=\"color: #ff6600\"><strong>Jasnoniebieski barwnik Bekro<\/strong><\/span> - Tworzy delikatny, od\u015bwie\u017caj\u0105cy niebieski kolor pasuj\u0105cy do czystego zapachu.<\/a><\/span><\/li>\n<li><span style=\"color: #050000\"><a style=\"color: #050000\" href=\"https:\/\/cosyowl.com\/pl\/materialy-rzemieslnicze\/materialy-do-topienia-wosku\/wosk-do-topienia-wosku\/naturalne-woski-soyaluna-meltpillar-wax\/?wmc-currency=EUR\">350g - <span style=\"color: #ff6600\"><strong data-start=\"883\" data-end=\"902\">Wosk Pillar<\/strong><\/span> - Wysokiej jako\u015bci wosk idealny do form<\/a><\/span><\/li>\n<li><span style=\"color: #050000\"><a style=\"color: #050000\" href=\"https:\/\/cosyowl.com\/pl\/wosk-topi-sie\/formy\/?wmc-currency=EUR\">4<strong><span style=\"color: #ff6600\"> Formy<\/span><\/strong> - 1x muszla, 1x muszla z sercem, 1x muszla z gwiazd\u0105, 1x garnek delikatesowy<\/a><\/span><\/li>\n<li><span style=\"color: #050000\"><a style=\"color: #050000\" href=\"https:\/\/cosyowl.com\/pl\/przewodniki\/przewodnik-dla-poczatkujacych-dotyczacy-wytwarzania-wosku-topionego\/?wmc-currency=EUR\"><span style=\"color: #ff6600\"><strong data-start=\"1026\" data-end=\"1060\">Instrukcja krok po kroku<\/strong><\/span> - \u0141atwe do na\u015bladowania wskaz\u00f3wki dotycz\u0105ce tworzenia klej\u00f3w<\/a><\/span><\/li>\n<\/ul>\n<p>Do\u015bwiadcz esencji \u015bwie\u017co\u015bci jak nigdy dot\u0105d dzi\u0119ki <span style=\"color: #050000\"><a style=\"color: #050000\" href=\"https:\/\/cosyowl.com\/pl\/materialy-do-produkcji-swiec\/olejki-zapachowe-do-produkcji-swiec\/wszystkie-zapachy\/swiezy-olejek-zapachowy-unstoppables\/?wmc-currency=EUR\"><span style=\"color: #ff6600\"><strong>Olejek zapachowy Fresh Unstoppables <\/strong><\/span><\/a><\/span>Zainspirowany popularnymi wzmacniaczami zapachu, \u0142\u0105cz\u0105c dyfuzyjny\u00a0<strong>owocowo-kwiatowy<\/strong>\u00a0akord, kt\u00f3ry otwiera symfonia\u00a0<strong>czyste nuty ozonowe<\/strong>bez wysi\u0142ku przeplataj\u0105 si\u0119 z jasn\u0105 esencj\u0105\u00a0<strong>cytrusowa pomara\u0144cza, soczysta brzoskwinia i chrupi\u0105ca <a href=\"https:\/\/cosyowl.com\/pl\/fragrance-oils\/fresh-cut-grass\">zielony<\/a> jab\u0142ko<\/strong>. Ta harmonijna mieszanka przygotowuje scen\u0119 dla urzekaj\u0105cego kwiatowego serca, w kt\u00f3rym delikatne aromaty p\u00f3\u0142przezroczystego\u00a0<strong><a href=\"https:\/\/cosyowl.com\/pl\/candle-making-supplies\/fragrance-oils-for-candle-making\/all-fragrances\/jasmine-fragrance-oil\">ja\u015bmin<\/a>, <a href=\"https:\/\/cosyowl.com\/pl\/candle-making-supplies\/candle-containers\/candle-glasses\/glass-candle-container-50cl-classic-jar-with-lid\">elegancki<\/a> r\u00f3\u017ca<\/strong>i podnosz\u0105ca na duchu neroli ta\u0144cz\u0105 razem, wzmocnione przez subtelne <a href=\"https:\/\/cosyowl.com\/pl\/fragrance-oils\/coffee\">aromatyczny<\/a> niuanse any\u017cu, <a href=\"https:\/\/cosyowl.com\/pl\/candle-making-supplies\/glitters\/turquoise-blue-candle-glitter\">od\u015bwie\u017canie<\/a> eukaliptus i bujne nuty zielone. Aby zako\u0144czy\u0107 t\u0119 olfaktoryczn\u0105 podr\u00f3\u017c, zapach z wdzi\u0119kiem ko\u0144czy si\u0119 delikatnym szlakiem\u00a0<strong>paczula i wanilia<\/strong>pozostawiaj\u0105c po sobie d\u0142ugotrwa\u0142e poczucie komfortu i ciep\u0142a.<\/p>\n<p>Jeste\u015bmy dumni z zapewniania najwy\u017cszej <a href=\"https:\/\/cosyowl.com\/pl\/candle-wicks\/wedo-lx-wick-raw\">jako\u015b\u0107<\/a> sk\u0142adnik\u00f3w dost\u0119pnych na rynku do tworzenia idealnych wosk\u00f3w w domu. Nasze zestawy s\u0105 idealne zar\u00f3wno dla tych, kt\u00f3rzy dopiero zaczynaj\u0105, jak i dla tych, kt\u00f3rzy ju\u017c opanowali t\u0119 umiej\u0119tno\u015b\u0107, wi\u0119c chwy\u0107 fartuch i zacznijmy tworzy\u0107.<\/p>\n<p>&nbsp;<\/p>\n<h3 data-start=\"2493\" data-end=\"2542\">Pomocne zasoby dla sukcesu w tworzeniu \u015bwiec<\/h3>\n<ul>\n<li><strong><span style=\"color: #ff6600\"><a style=\"color: #ff6600\" href=\"https:\/\/cosyowl.com\/pl\/przewodniki\/przewodnik-dla-poczatkujacych-dotyczacy-wytwarzania-wosku-topionego\/?wmc-currency=EUR\">Przewodnik dla pocz\u0105tkuj\u0105cych dotycz\u0105cy wytwarzania wosku topionego<\/a><\/span><br \/>\n<\/strong><\/li>\n<li><span style=\"color: #ff6600\"><strong><a style=\"color: #ff6600\" href=\"https:\/\/cosyowl.com\/pl\/przewodniki\/przewodnik-po-stosowaniu-barwnika-woskowego-bekro\/?wmc-currency=EUR\">Przewodnik po u\u017cywaniu barwnika woskowego Bekro<\/a><\/strong><\/span><\/li>\n<li><strong><span style=\"color: #ff6600\"><a style=\"color: #ff6600\" href=\"https:\/\/cosyowl.com\/pl\/przewodniki\/6-najwazniejszych-pytan-dotyczacych-produkcji-wosku\/?wmc-currency=EUR\">6 najcz\u0119\u015bciej zadawanych pyta\u0144 - edycja dotycz\u0105ca wytwarzania wosku<\/a><\/span><\/strong><\/li>\n<li><strong><span style=\"color: #ff6600\"><a style=\"color: #ff6600\" href=\"https:\/\/cosyowl.com\/pl\/przewodniki\/jak-zrobic-wosk-do-topienia-w-domu\/?wmc-currency=EUR\">Jak zrobi\u0107 wosk w domu<\/a><\/span><\/strong><\/li>\n<li><strong><span style=\"color: #ff6600\"><a style=\"color: #ff6600\" href=\"https:\/\/cosyowl.com\/pl\/przewodniki\/?wmc-currency=EUR\">Przewodniki i przepisy<\/a><\/span><\/strong><\/li>\n<\/ul>","protected":false},"excerpt":{"rendered":"<p>Our Wax Melt Kits are the perfect pick for anyone ready to get creative and start making their own beautifully scented wax melts at home. Whether you&#8217;re a total beginner or a seasoned crafter, this all-in-one kit gives you everything you need to create a variety of uniquely shaped wax melts with a clean, fresh [&hellip;]<\/p>\n","protected":false},"featured_media":79475,"comment_status":"open","ping_status":"closed","template":"","meta":{"_acf_changed":false},"product_brand":[],"product_cat":[655,653,800,727],"product_tag":[927],"class_list":{"0":"post-79490","1":"product","2":"type-product","3":"status-publish","4":"has-post-thumbnail","6":"product_cat-wax-melt-making-kits","7":"product_cat-craft-kits","8":"product_cat-new","9":"product_cat-wax-melt-making-kits-wax-melts","10":"product_tag-wax-melt-making-kit","11":"product_shipping_class-royal_mail_kits","13":"first","14":"instock","15":"taxable","16":"shipping-taxable","17":"purchasable","18":"product-type-simple"},"acf":[],"_links":{"self":[{"href":"https:\/\/cosyowl.com\/pl\/wp-json\/wp\/v2\/product\/79490","targetHints":{"allow":["GET"]}}],"collection":[{"href":"https:\/\/cosyowl.com\/pl\/wp-json\/wp\/v2\/product"}],"about":[{"href":"https:\/\/cosyowl.com\/pl\/wp-json\/wp\/v2\/types\/product"}],"replies":[{"embeddable":true,"href":"https:\/\/cosyowl.com\/pl\/wp-json\/wp\/v2\/comments?post=79490"}],"wp:featuredmedia":[{"embeddable":true,"href":"https:\/\/cosyowl.com\/pl\/wp-json\/wp\/v2\/media\/79475"}],"wp:attachment":[{"href":"https:\/\/cosyowl.com\/pl\/wp-json\/wp\/v2\/media?parent=79490"}],"wp:term":[{"taxonomy":"product_brand","embeddable":true,"href":"https:\/\/cosyowl.com\/pl\/wp-json\/wp\/v2\/product_brand?post=79490"},{"taxonomy":"product_cat","embeddable":true,"href":"https:\/\/cosyowl.com\/pl\/wp-json\/wp\/v2\/product_cat?post=79490"},{"taxonomy":"product_tag","embeddable":true,"href":"https:\/\/cosyowl.com\/pl\/wp-json\/wp\/v2\/product_tag?post=79490"}],"curies":[{"name":"wp","href":"https:\/\/api.w.org\/{rel}","templated":true}]}}