{"id":79486,"date":"2024-05-30T16:07:59","date_gmt":"2024-05-30T15:07:59","guid":{"rendered":"https:\/\/cosyowl.com\/?post_type=product&#038;p=79486"},"modified":"2026-03-03T13:46:18","modified_gmt":"2026-03-03T13:46:18","slug":"zestaw-do-wytapiania-swiezego-wosku-lnianego","status":"publish","type":"product","link":"https:\/\/cosyowl.com\/pl\/craft-kits\/wax-melt-making-kits\/fresh-linen-wax-melt-making-kit","title":{"rendered":"Zestaw do wytapiania wosku Fresh Linen"},"content":{"rendered":"<p data-start=\"158\" data-end=\"438\">Przynie\u015b chrupkie, <a href=\"https:\/\/cosyowl.com\/pl\/candle-making-supplies\/glitters\/pure-white-biodegradable\">czysty<\/a> Zapach \u015bwie\u017co wypranej po\u015bcieli w Twoim domu dzi\u0119ki naszym <strong data-start=\"239\" data-end=\"267\"><a href=\"https:\/\/cosyowl.com\/pl\/candle-making-supplies\/essential-oils\/eucalyptus-globulus-essential-oil\">\u015awie\u017cy<\/a> Po\u015bciel <a href=\"https:\/\/cosyowl.com\/pl\/craft-kits\/wax-melt-making-kits\/lavender-wax-melt-making-kit\">Zestaw do topienia wosku<\/a><\/strong>. Idealny zar\u00f3wno dla pocz\u0105tkuj\u0105cych, jak i do\u015bwiadczonych rzemie\u015blnik\u00f3w, ten wszechstronny zestaw zapewnia wszystko, czego potrzebujesz, aby stworzy\u0107 pi\u0119knie pachn\u0105cy zapach. <a href=\"https:\/\/cosyowl.com\/pl\/guides\/sandalwood-vanilla-leaf-wax-melts-guide\">wosk topi si\u0119<\/a> w r\u00f3\u017cnych zabawnych kszta\u0142tach.<\/p>\n<h3>Co znajduje si\u0119 w zestawie do topienia wosku?<\/h3>\n<ul>\n<li><span style=\"color: #050000\"><a style=\"color: #050000\" href=\"https:\/\/cosyowl.com\/pl\/olejki-zapachowe\/swieza-posciel\/?wmc-currency=EUR\">50ml - <span style=\"color: #ff6600\"><strong>Olejek zapachowy Fresh Linen<\/strong><\/span> - Wyra\u017any, komfortowy zapach, kt\u00f3ry wnosi poczucie \u015bwie\u017co\u015bci do ka\u017cdego pomieszczenia.<\/a><\/span><\/li>\n<li><span style=\"color: #050000\"><a style=\"color: #050000\" href=\"https:\/\/cosyowl.com\/pl\/materialy-do-produkcji-swiec\/proszki-miki\/srebrna-satyna\/?wmc-currency=EUR\">25g - <span style=\"color: #ff6600\"><strong>Srebrna satynowa mika w proszku<\/strong><\/span> - Dodaje subtelny, elegancki po\u0142ysk do wosk\u00f3w topionych.<\/a><\/span><\/li>\n<li><span style=\"color: #050000\"><a style=\"color: #050000\" href=\"https:\/\/cosyowl.com\/pl\/barwniki-do-swiec\/bekro-52-5561-niebieski-barwnik-do-swiec\/?wmc-currency=EUR\">3g - <span style=\"color: #ff6600\"><strong>Jasnoniebieski barwnik Bekro<\/strong><\/span> - Zapewnia delikatny, uspokajaj\u0105cy odcie\u0144 uzupe\u0142niaj\u0105cy zapach lnu.<\/a><\/span><\/li>\n<li data-start=\"883\" data-end=\"942\"><span style=\"color: #050000\"><a style=\"color: #050000\" href=\"https:\/\/cosyowl.com\/pl\/materialy-rzemieslnicze\/materialy-do-topienia-wosku\/wosk-do-topienia-wosku\/naturalne-woski-soyaluna-meltpillar-wax\/?wmc-currency=EUR\">350g - <span style=\"color: #ff6600\"><strong data-start=\"883\" data-end=\"902\">Wosk Pillar<\/strong><\/span> - Wysokiej jako\u015bci wosk idealny do form<\/a><\/span><\/li>\n<li data-start=\"945\" data-end=\"1023\"><span style=\"color: #050000\"><a style=\"color: #050000\" href=\"https:\/\/cosyowl.com\/pl\/wosk-topi-sie\/formy\/?wmc-currency=EUR\">4<span style=\"color: #ff6600\"><strong> Formy<\/strong> <\/span>- 1x muszla, 1x muszla z sercem, 1x muszla z gwiazd\u0105, 1x garnek delikatesowy<\/a><\/span><\/li>\n<li data-start=\"1026\" data-end=\"1112\"><span style=\"color: #050000\"><a style=\"color: #050000\" href=\"https:\/\/cosyowl.com\/pl\/przewodniki\/przewodnik-dla-poczatkujacych-dotyczacy-wytwarzania-wosku-topionego\/?wmc-currency=EUR\"><span style=\"color: #ff6600\"><strong data-start=\"1026\" data-end=\"1060\">Instrukcja krok po kroku<\/strong><\/span> - \u0141atwe do na\u015bladowania wskaz\u00f3wki dotycz\u0105ce tworzenia klej\u00f3w<\/a><\/span><\/li>\n<\/ul>\n<p>Nasz <span style=\"color: #050000\"><a style=\"color: #050000\" href=\"https:\/\/cosyowl.com\/pl\/olejki-zapachowe\/swieza-posciel\/?wmc-currency=EUR\"><span style=\"color: #ff6600\"><strong>Olejek zapachowy Fresh Linen<\/strong><\/span><\/a><\/span>\u00a0zosta\u0142 specjalnie opracowany, aby przywo\u0142a\u0107 znajomy i dobrze znany zapach kojarzony ze \u015bwie\u017co wyczyszczon\u0105 po\u015bciel\u0105 - rodzaj rze\u015bkiego zapachu i uczucia, kt\u00f3re wszyscy kochamy, gdy wsuwamy si\u0119 do \u0142\u00f3\u017cka ze \u015bwie\u017co wyczyszczon\u0105 po\u015bciel\u0105. Olejek pocz\u0105tkowo emanuje silnym i wyra\u017anym zapachem kojarzonym z<strong>\u00a0rumianek, lilia i frezja<\/strong>. Aromat ten jest najbardziej wyra\u017any, gdy <a href=\"https:\/\/cosyowl.com\/pl\/guides\/a-summers-beach-gel-votive-candle\">\u015bwieca<\/a> zaczyna si\u0119 pali\u0107, wype\u0142niaj\u0105c pomieszczenie zapachem, kt\u00f3ry jest nast\u0119pnie wzmacniany przez lekkie tony<strong>\u00a0<a href=\"https:\/\/cosyowl.com\/pl\/fragrance-oils\/gardenia\">gardenia<\/a>korze\u0144 irysa i bia\u0142e kwiaty<\/strong>. W sk\u0142adzie tego charakterystycznego zapachu znajduje si\u0119 rozkoszny \u015bladowy posmak\u00a0<strong>Wanilia z Madagaskaru i bia\u0142e pi\u017cmo<\/strong>.<\/p>\n<p>Jeste\u015bmy dumni z zapewniania najwy\u017cszej <a href=\"https:\/\/cosyowl.com\/pl\/candle-wicks\/wedo-lx-wick-raw\">jako\u015b\u0107<\/a> sk\u0142adnik\u00f3w dost\u0119pnych na rynku do tworzenia idealnych wosk\u00f3w w domu. Nasze zestawy s\u0105 idealne zar\u00f3wno dla tych, kt\u00f3rzy dopiero zaczynaj\u0105, jak i dla tych, kt\u00f3rzy ju\u017c opanowali t\u0119 umiej\u0119tno\u015b\u0107, wi\u0119c chwy\u0107 fartuch i zacznijmy tworzy\u0107.<\/p>\n<p>&nbsp;<\/p>\n<h3 data-start=\"2493\" data-end=\"2542\">Pomocne zasoby dla sukcesu w tworzeniu \u015bwiec<\/h3>\n<ul>\n<li><strong><span style=\"color: #ff6600\"><a style=\"color: #ff6600\" href=\"https:\/\/cosyowl.com\/pl\/przewodniki\/przewodnik-dla-poczatkujacych-dotyczacy-wytwarzania-wosku-topionego\/?wmc-currency=EUR\">Przewodnik dla pocz\u0105tkuj\u0105cych dotycz\u0105cy wytwarzania wosku topionego<\/a><\/span><br \/>\n<\/strong><\/li>\n<li><span style=\"color: #ff6600\"><strong><a style=\"color: #ff6600\" href=\"https:\/\/cosyowl.com\/pl\/przewodniki\/przewodnik-po-stosowaniu-barwnika-woskowego-bekro\/?wmc-currency=EUR\">Przewodnik po u\u017cywaniu barwnika woskowego Bekro<\/a><\/strong><\/span><\/li>\n<li><strong><span style=\"color: #ff6600\"><a style=\"color: #ff6600\" href=\"https:\/\/cosyowl.com\/pl\/przewodniki\/6-najwazniejszych-pytan-dotyczacych-produkcji-wosku\/?wmc-currency=EUR\">6 najcz\u0119\u015bciej zadawanych pyta\u0144 - edycja dotycz\u0105ca wytwarzania wosku<\/a><\/span><\/strong><\/li>\n<li><strong><span style=\"color: #ff6600\"><a style=\"color: #ff6600\" href=\"https:\/\/cosyowl.com\/pl\/przewodniki\/jak-zrobic-wosk-do-topienia-w-domu\/?wmc-currency=EUR\">Jak zrobi\u0107 wosk w domu<\/a><\/span><\/strong><\/li>\n<li><strong><span style=\"color: #ff6600\"><a style=\"color: #ff6600\" href=\"https:\/\/cosyowl.com\/pl\/przewodniki\/?wmc-currency=EUR\">Przewodniki i przepisy<\/a><\/span><\/strong><\/li>\n<\/ul>","protected":false},"excerpt":{"rendered":"<p>Bring the crisp, clean scent of freshly laundered linens into your home with our Fresh Linen Wax Melt Kit. Perfect for beginners and experienced crafters alike, this all-in-one set gives you everything you need to make beautifully scented wax melts in a variety of fun shapes. What\u2019s Inside Your Wax Melt Kit: 50ml &#8211; Fresh [&hellip;]<\/p>\n","protected":false},"featured_media":79487,"comment_status":"open","ping_status":"closed","template":"","meta":{"_acf_changed":false},"product_brand":[],"product_cat":[655,653,800,727],"product_tag":[927],"class_list":{"0":"post-79486","1":"product","2":"type-product","3":"status-publish","4":"has-post-thumbnail","6":"product_cat-wax-melt-making-kits","7":"product_cat-craft-kits","8":"product_cat-new","9":"product_cat-wax-melt-making-kits-wax-melts","10":"product_tag-wax-melt-making-kit","11":"product_shipping_class-royal_mail_kits","13":"first","14":"instock","15":"taxable","16":"shipping-taxable","17":"purchasable","18":"product-type-simple"},"acf":[],"_links":{"self":[{"href":"https:\/\/cosyowl.com\/pl\/wp-json\/wp\/v2\/product\/79486","targetHints":{"allow":["GET"]}}],"collection":[{"href":"https:\/\/cosyowl.com\/pl\/wp-json\/wp\/v2\/product"}],"about":[{"href":"https:\/\/cosyowl.com\/pl\/wp-json\/wp\/v2\/types\/product"}],"replies":[{"embeddable":true,"href":"https:\/\/cosyowl.com\/pl\/wp-json\/wp\/v2\/comments?post=79486"}],"wp:featuredmedia":[{"embeddable":true,"href":"https:\/\/cosyowl.com\/pl\/wp-json\/wp\/v2\/media\/79487"}],"wp:attachment":[{"href":"https:\/\/cosyowl.com\/pl\/wp-json\/wp\/v2\/media?parent=79486"}],"wp:term":[{"taxonomy":"product_brand","embeddable":true,"href":"https:\/\/cosyowl.com\/pl\/wp-json\/wp\/v2\/product_brand?post=79486"},{"taxonomy":"product_cat","embeddable":true,"href":"https:\/\/cosyowl.com\/pl\/wp-json\/wp\/v2\/product_cat?post=79486"},{"taxonomy":"product_tag","embeddable":true,"href":"https:\/\/cosyowl.com\/pl\/wp-json\/wp\/v2\/product_tag?post=79486"}],"curies":[{"name":"wp","href":"https:\/\/api.w.org\/{rel}","templated":true}]}}