{"id":79482,"date":"2024-05-30T16:05:11","date_gmt":"2024-05-30T15:05:11","guid":{"rendered":"https:\/\/cosyowl.com\/?post_type=product&#038;p=79482"},"modified":"2026-03-03T13:46:18","modified_gmt":"2026-03-03T13:46:18","slug":"zestaw-do-wytapiania-wosku-z-drzewa-sandalowego-i-mirry","status":"publish","type":"product","link":"https:\/\/cosyowl.com\/pl\/craft-kits\/wax-melt-making-kits\/sandalwood-myrrh-wax-melt-making-kit","title":{"rendered":"Zestaw do produkcji wosku z drzewa sanda\u0142owego i mirry"},"content":{"rendered":"<p data-start=\"123\" data-end=\"476\">Nasz <strong data-start=\"200\" data-end=\"235\">Drzewo sanda\u0142owe i mirra <a href=\"https:\/\/cosyowl.com\/pl\/craft-kits\/wax-melt-making-kits\/lavender-wax-melt-making-kit\">Zestaw do topienia wosku<\/a><\/strong> to idealny spos\u00f3b na zanurzenie si\u0119 w \u015bwiecie rzemios\u0142a woskowego. Zaprojektowany zar\u00f3wno dla pocz\u0105tkuj\u0105cych, jak i do\u015bwiadczonych majsterkowicz\u00f3w, ten zestaw all-in-one zawiera wszystko, czego potrzebujesz, aby stworzy\u0107 pi\u0119knie ukszta\u0142towane, luksusowo pachn\u0105ce woski. <a href=\"https:\/\/cosyowl.com\/pl\/guides\/sandalwood-vanilla-leaf-wax-melts-guide\">wosk topi si\u0119<\/a> w zaciszu w\u0142asnego domu. Dzi\u0119ki bogatemu, ziemistemu zapachowi i <a href=\"https:\/\/cosyowl.com\/pl\/craft-kits\/candle-making-kits\/soy-wax-mulled-wine-christmas-candle-making-kit\">ciep\u0142y<\/a> z\u0142oty po\u0142ysk, Twoje r\u0119cznie robione topienie przyniesie <a href=\"https:\/\/cosyowl.com\/pl\/candle-making-supplies\/glitters\/pure-white-biodegradable\">elegancki<\/a>uspokajaj\u0105ca atmosfera w ka\u017cdej przestrzeni.<\/p>\n<h3>Co znajduje si\u0119 w zestawie do topienia wosku?<\/h3>\n<ul>\n<li data-start=\"653\" data-end=\"754\"><span style=\"color: #080000\"><a style=\"color: #080000\" href=\"https:\/\/cosyowl.com\/pl\/materialy-do-produkcji-swiec\/olejki-zapachowe-do-produkcji-swiec\/wszystkie-zapachy\/olejek-zapachowy-z-drzewa-sandalowego-i-mirry\/?wmc-currency=EUR\">50 ml <span style=\"color: #ff6600\"><strong data-start=\"653\" data-end=\"694\">Olejek zapachowy drzewo sanda\u0142owe i mirra<\/strong><\/span> - Koj\u0105ca, drzewna mieszanka z nut\u0105 przypraw i ciep\u0142a<\/a><\/span><\/li>\n<li data-start=\"757\" data-end=\"841\"><span style=\"color: #080000\"><a style=\"color: #080000\" href=\"https:\/\/cosyowl.com\/pl\/materialy-do-produkcji-swiec\/proszki-miki\/zlota-satyna\/?wmc-currency=EUR\">25g <span style=\"color: #ff6600\"><strong data-start=\"757\" data-end=\"787\">Z\u0142ota satynowa mika w proszku<\/strong><\/span> - Dodaje wyrafinowanego z\u0142otego po\u0142ysku do top\u00f3w<\/a><\/span><\/li>\n<li data-start=\"844\" data-end=\"944\"><span style=\"color: #080000\"><a style=\"color: #080000\" href=\"https:\/\/cosyowl.com\/pl\/barwniki-do-swiec\/bekro-227-kremowy-barwnik-do-swiec\/?wmc-currency=EUR\">3g<\/a> <span style=\"color: #ff6600\"><strong data-start=\"844\" data-end=\"866\">Bekro Cream Dye<\/strong><\/span> - Tworzy delikatny, neutralny kremowy odcie\u0144, kt\u00f3ry pi\u0119knie \u0142\u0105czy si\u0119 z zapachem.<\/span><\/li>\n<li data-start=\"883\" data-end=\"942\"><span style=\"color: #080000\"><a style=\"color: #080000\" href=\"https:\/\/cosyowl.com\/pl\/materialy-rzemieslnicze\/materialy-do-topienia-wosku\/wosk-do-topienia-wosku\/naturalne-woski-soyaluna-meltpillar-wax\/?wmc-currency=EUR\">350g - <span style=\"color: #ff6600\"><strong data-start=\"883\" data-end=\"902\">Wosk Pillar<\/strong><\/span> - Wysokiej jako\u015bci wosk idealny do form<\/a><\/span><\/li>\n<li data-start=\"945\" data-end=\"1023\"><span style=\"color: #080000\"><a style=\"color: #080000\" href=\"https:\/\/cosyowl.com\/pl\/wosk-topi-sie\/formy\/?wmc-currency=EUR\">4<span style=\"color: #ff6600\"><strong> Formy<\/strong> <\/span>- 1x muszla, 1x muszla z sercem, 1x muszla z gwiazd\u0105, 1x garnek delikatesowy<\/a><\/span><\/li>\n<li data-start=\"1026\" data-end=\"1112\"><span style=\"color: #080000\"><a style=\"color: #080000\" href=\"https:\/\/cosyowl.com\/pl\/przewodniki\/przewodnik-dla-poczatkujacych-dotyczacy-wytwarzania-wosku-topionego\/?wmc-currency=EUR\"><strong data-start=\"1026\" data-end=\"1060\"><span style=\"color: #ff6600\">Instrukcja krok po kroku<\/span><\/strong> - \u0141atwe do na\u015bladowania wskaz\u00f3wki dotycz\u0105ce tworzenia klej\u00f3w<\/a><\/span><\/li>\n<\/ul>\n<p data-start=\"139\" data-end=\"856\">Ponadczasowe po\u0142\u0105czenie jasno\u015bci i g\u0142\u0119bi, <span style=\"color: #080000\"><a style=\"color: #080000\" href=\"https:\/\/cosyowl.com\/pl\/materialy-do-produkcji-swiec\/olejki-zapachowe-do-produkcji-swiec\/wszystkie-zapachy\/olejek-zapachowy-z-drzewa-sandalowego-i-mirry\/?wmc-currency=EUR\"><span style=\"color: #ff6600\"><strong data-start=\"653\" data-end=\"694\">Olejek zapachowy drzewo sanda\u0142owe i mirra<\/strong><\/span><\/a><\/span>\u00a0otwiera si\u0119 <a href=\"https:\/\/cosyowl.com\/pl\/candle-making-supplies\/essential-oils\/eucalyptus-globulus-essential-oil\">\u015bwie\u017cy<\/a>, <a href=\"https:\/\/cosyowl.com\/pl\/candle-making-supplies\/essential-oils\/rosemary-essential-oil\">o\u017cywczy<\/a> bryza <strong data-start=\"270\" data-end=\"285\">sk\u00f3rka cytrusowa<\/strong>ch\u0142odzenie <strong data-start=\"295\" data-end=\"309\" data-is-only-node=\"\">eukaliptus<\/strong>, rze\u015bki <strong data-start=\"317\" data-end=\"328\">ja\u0142owiec<\/strong>i mi\u0119kki <strong data-start=\"339\" data-end=\"351\">lawenda<\/strong>-aromatyczny wst\u0119p, kt\u00f3ry podnosi na duchu i budzi. Jego sercem jest ciep\u0142e, przyprawione po\u0142\u0105czenie <strong data-start=\"442\" data-end=\"454\">cynamon<\/strong> oraz <strong data-start=\"459\" data-end=\"468\">go\u017adzik<\/strong> ta\u0144czy z pudrow\u0105 kwiatow\u0105 elegancj\u0105 <strong data-start=\"512\" data-end=\"521\">orris<\/strong>, przywo\u0142uj\u0105c wyrafinowany, <a href=\"https:\/\/cosyowl.com\/pl\/candle-making-supplies\/fragrance-oils-for-candle-making\/all-fragrances\/midnight-passion-fragrance-oil\">tajemniczy<\/a> powab. Kotwic\u0105 zapachu jest bogata, zmys\u0142owa baza, w kt\u00f3rej <a href=\"https:\/\/cosyowl.com\/pl\/candle-making-supplies\/fragrance-oils-for-candle-making\/all-fragrances\/french-vanilla-fragrance-oil\">kremowy<\/a> <strong data-start=\"622\" data-end=\"636\">drzewo sanda\u0142owe<\/strong> i staro\u017cytny <strong data-start=\"649\" data-end=\"658\">mirra<\/strong> poznaj z\u0142oto <strong data-start=\"671\" data-end=\"680\">bursztyn<\/strong>ziemisty <strong data-start=\"689\" data-end=\"702\">paczula<\/strong>zadymiony <strong data-start=\"710\" data-end=\"719\">cedr<\/strong>i uwodzicielsk\u0105 mieszank\u0119 <strong data-start=\"746\" data-end=\"754\">pi\u017cmo<\/strong> oraz <strong data-start=\"759\" data-end=\"770\">wanilia<\/strong>. Rezultatem jest z\u0142o\u017cony, uduchowiony zapach - \u015bwie\u017cy, ale dymny, jasny, ale g\u0142\u0119boko uziemiaj\u0105cy.<\/p>\n<p>Jeste\u015bmy dumni z zapewniania najwy\u017cszej <a href=\"https:\/\/cosyowl.com\/pl\/candle-wicks\/wedo-lx-wick-raw\">jako\u015b\u0107<\/a> sk\u0142adnik\u00f3w dost\u0119pnych na rynku do tworzenia idealnych wosk\u00f3w w domu. Nasze zestawy s\u0105 idealne zar\u00f3wno dla tych, kt\u00f3rzy dopiero zaczynaj\u0105, jak i dla tych, kt\u00f3rzy ju\u017c opanowali t\u0119 umiej\u0119tno\u015b\u0107, wi\u0119c chwy\u0107 fartuch i zacznijmy tworzy\u0107.<\/p>\n<p>&nbsp;<\/p>\n<h3 data-start=\"2493\" data-end=\"2542\">Pomocne zasoby dla sukcesu w tworzeniu \u015bwiec<\/h3>\n<ul>\n<li><strong><span style=\"color: #ff6600\"><a style=\"color: #ff6600\" href=\"https:\/\/cosyowl.com\/pl\/przewodniki\/przewodnik-dla-poczatkujacych-dotyczacy-wytwarzania-wosku-topionego\/?wmc-currency=EUR\">Przewodnik dla pocz\u0105tkuj\u0105cych dotycz\u0105cy wytwarzania wosku topionego<\/a><\/span><br \/>\n<\/strong><\/li>\n<li><span style=\"color: #ff6600\"><strong><a style=\"color: #ff6600\" href=\"https:\/\/cosyowl.com\/pl\/przewodniki\/przewodnik-po-stosowaniu-barwnika-woskowego-bekro\/?wmc-currency=EUR\">Przewodnik po u\u017cywaniu barwnika woskowego Bekro<\/a><\/strong><\/span><\/li>\n<li><strong><span style=\"color: #ff6600\"><a style=\"color: #ff6600\" href=\"https:\/\/cosyowl.com\/pl\/przewodniki\/6-najwazniejszych-pytan-dotyczacych-produkcji-wosku\/?wmc-currency=EUR\">6 najcz\u0119\u015bciej zadawanych pyta\u0144 - edycja dotycz\u0105ca wytwarzania wosku<\/a><\/span><\/strong><\/li>\n<li><strong><span style=\"color: #ff6600\"><a style=\"color: #ff6600\" href=\"https:\/\/cosyowl.com\/pl\/przewodniki\/jak-zrobic-wosk-do-topienia-w-domu\/?wmc-currency=EUR\">Jak zrobi\u0107 wosk w domu<\/a><\/span><\/strong><\/li>\n<li><strong><span style=\"color: #ff6600\"><a style=\"color: #ff6600\" href=\"https:\/\/cosyowl.com\/pl\/przewodniki\/?wmc-currency=EUR\">Przewodniki i przepisy<\/a><\/span><\/strong><\/li>\n<\/ul>","protected":false},"excerpt":{"rendered":"<p>Our Sandalwood &amp; Myrrh Wax Melt Kit is the perfect way to dive into the world of wax crafting. Designed for both beginners and seasoned DIYers, this all-in-one kit includes everything you need to make beautifully shaped, luxuriously scented wax melts from the comfort of home.\u00a0With a rich, earthy fragrance and a warm golden shimmer, [&hellip;]<\/p>\n","protected":false},"featured_media":79483,"comment_status":"open","ping_status":"closed","template":"","meta":{"_acf_changed":false},"product_brand":[],"product_cat":[655,498,653,800,727],"product_tag":[1594,927],"class_list":{"0":"post-79482","1":"product","2":"type-product","3":"status-publish","4":"has-post-thumbnail","6":"product_cat-wax-melt-making-kits","7":"product_cat-christmas","8":"product_cat-craft-kits","9":"product_cat-new","10":"product_cat-wax-melt-making-kits-wax-melts","11":"product_tag-christmas","12":"product_tag-wax-melt-making-kit","13":"product_shipping_class-royal_mail_kits","15":"first","16":"instock","17":"taxable","18":"shipping-taxable","19":"purchasable","20":"product-type-simple"},"acf":[],"_links":{"self":[{"href":"https:\/\/cosyowl.com\/pl\/wp-json\/wp\/v2\/product\/79482","targetHints":{"allow":["GET"]}}],"collection":[{"href":"https:\/\/cosyowl.com\/pl\/wp-json\/wp\/v2\/product"}],"about":[{"href":"https:\/\/cosyowl.com\/pl\/wp-json\/wp\/v2\/types\/product"}],"replies":[{"embeddable":true,"href":"https:\/\/cosyowl.com\/pl\/wp-json\/wp\/v2\/comments?post=79482"}],"wp:featuredmedia":[{"embeddable":true,"href":"https:\/\/cosyowl.com\/pl\/wp-json\/wp\/v2\/media\/79483"}],"wp:attachment":[{"href":"https:\/\/cosyowl.com\/pl\/wp-json\/wp\/v2\/media?parent=79482"}],"wp:term":[{"taxonomy":"product_brand","embeddable":true,"href":"https:\/\/cosyowl.com\/pl\/wp-json\/wp\/v2\/product_brand?post=79482"},{"taxonomy":"product_cat","embeddable":true,"href":"https:\/\/cosyowl.com\/pl\/wp-json\/wp\/v2\/product_cat?post=79482"},{"taxonomy":"product_tag","embeddable":true,"href":"https:\/\/cosyowl.com\/pl\/wp-json\/wp\/v2\/product_tag?post=79482"}],"curies":[{"name":"wp","href":"https:\/\/api.w.org\/{rel}","templated":true}]}}