{"id":79470,"date":"2024-05-30T15:52:41","date_gmt":"2024-05-30T14:52:41","guid":{"rendered":"https:\/\/cosyowl.com\/?post_type=product&#038;p=79470"},"modified":"2026-03-03T13:46:18","modified_gmt":"2026-03-03T13:46:18","slug":"lawendowy-zestaw-do-topienia-wosku","status":"publish","type":"product","link":"https:\/\/cosyowl.com\/pl\/craft-kits\/wax-melt-making-kits\/lavender-wax-melt-making-kit","title":{"rendered":"Zestaw do produkcji wosku lawendowego"},"content":{"rendered":"<p data-start=\"231\" data-end=\"533\">Uwolnij swoj\u0105 kreatywno\u015b\u0107 i wnie\u015b poczucie <a href=\"https:\/\/cosyowl.com\/pl\/guides\/scent-and-relaxation\">spok\u00f3j<\/a> do swojej przestrzeni dzi\u0119ki naszym <strong data-start=\"304\" data-end=\"329\"><a href=\"https:\/\/cosyowl.com\/pl\/guides\/how-to-lavender-wax-melts\">Wosk lawendowy<\/a> Zestaw do topienia<\/strong>. Niezale\u017cnie od tego, czy jeste\u015b pocz\u0105tkuj\u0105cym rzemie\u015blnikiem, czy do\u015bwiadczonym tw\u00f3rc\u0105, ten zestaw zawiera wszystko, czego potrzebujesz, aby stworzy\u0107 pi\u0119knie ukszta\u0142towany, pachn\u0105cy <a href=\"https:\/\/cosyowl.com\/pl\/guides\/sandalwood-vanilla-leaf-wax-melts-guide\">wosk topi si\u0119<\/a> w relaksuj\u0105cym zapachu lawendy z odrobin\u0105 <a href=\"https:\/\/cosyowl.com\/pl\/craft-supplies\/wax-melt-supplies\/mica-powder-glitter\/light-copper-biodegradable-candle-glitter\">po\u0142yskuj\u0105cy<\/a> fioletowy.<\/p>\n<h3>Co znajduje si\u0119 w zestawie do topienia wosku?<\/h3>\n<ul>\n<li data-start=\"859\" data-end=\"958\"><span style=\"color: #050000\"><a style=\"color: #050000\" href=\"https:\/\/cosyowl.com\/pl\/materialy-do-produkcji-swiec\/olejki-zapachowe-do-produkcji-swiec\/wszystkie-zapachy\/lawendowy-olejek-zapachowy\/?wmc-currency=EUR\">50ml - <span style=\"color: #ff6600\"><strong data-start=\"859\" data-end=\"890\">Lawendowy olejek zapachowy<\/strong><\/span> - Pi\u0119kna kwiatowa mieszanka ze \u015bwie\u017cymi, zio\u0142owymi nutami<\/a><\/span><\/li>\n<li data-start=\"961\" data-end=\"1040\"><span style=\"color: #050000\"><a style=\"color: #050000\" href=\"https:\/\/cosyowl.com\/pl\/materialy-rzemieslnicze\/materialy-do-topienia-wosku\/brokat-w-proszku-mika\/magiczna-fioletowa-mika-w-proszku\/?wmc-currency=EUR\">25g - <span style=\"color: #ff6600\"><strong data-start=\"961\" data-end=\"993\">Magiczna fioletowa mika w proszku<\/strong><\/span> - Dodaje przyci\u0105gaj\u0105cy wzrok po\u0142ysk do topielc\u00f3w.<\/a><\/span><\/li>\n<li data-start=\"1043\" data-end=\"1121\"><span style=\"color: #050000\"><a style=\"color: #050000\" href=\"https:\/\/cosyowl.com\/pl\/materialy-do-produkcji-swiec\/barwniki-do-swiec\/bekro-601127-liliowy-barwnik-do-swiec\/?wmc-currency=EUR\">3g - <span style=\"color: #ff6600\"><strong data-start=\"1043\" data-end=\"1065\">Bekro Lilac Dye<\/strong> <\/span>- Delikatny lawendowy odcie\u0144 zapewnia marzycielsk\u0105 estetyk\u0119.<\/a><\/span><\/li>\n<li data-start=\"883\" data-end=\"942\"><span style=\"color: #050000\"><a style=\"color: #050000\" href=\"https:\/\/cosyowl.com\/pl\/materialy-rzemieslnicze\/materialy-do-topienia-wosku\/wosk-do-topienia-wosku\/naturalne-woski-soyaluna-meltpillar-wax\/?wmc-currency=EUR\">350g - <span style=\"color: #ff6600\"><strong data-start=\"883\" data-end=\"902\">Wosk Pillar<\/strong><\/span> - Wysokiej jako\u015bci wosk idealny do form<\/a><\/span><\/li>\n<li data-start=\"945\" data-end=\"1023\"><span style=\"color: #050000\"><a style=\"color: #050000\" href=\"https:\/\/cosyowl.com\/pl\/wosk-topi-sie\/formy\/?wmc-currency=EUR\">4<span style=\"color: #ff6600\"><strong> Formy<\/strong> <\/span>- 1x muszla, 1x muszla z sercem, 1x muszla z gwiazd\u0105, 1x garnek delikatesowy<\/a><\/span><\/li>\n<li data-start=\"1026\" data-end=\"1112\"><span style=\"color: #050000\"><a style=\"color: #050000\" href=\"https:\/\/cosyowl.com\/pl\/przewodniki\/przewodnik-dla-poczatkujacych-dotyczacy-wytwarzania-wosku-topionego\/?wmc-currency=EUR\"><strong data-start=\"1026\" data-end=\"1060\"><span style=\"color: #ff6600\">Instrukcja krok po kroku<\/span><\/strong> - \u0141atwe do na\u015bladowania wskaz\u00f3wki dotycz\u0105ce tworzenia klej\u00f3w<\/a><\/span><\/li>\n<\/ul>\n<p>Prosty, ale uderzaj\u0105co <a href=\"https:\/\/cosyowl.com\/pl\/candle-making-supplies\/candle-containers\/candle-glasses\/glass-candle-container-50cl-classic-jar-with-lid\">elegancki<\/a> porozumienie, to <span style=\"color: #050000\"><a style=\"color: #050000\" href=\"https:\/\/cosyowl.com\/pl\/materialy-do-produkcji-swiec\/olejki-zapachowe-do-produkcji-swiec\/wszystkie-zapachy\/lawendowy-olejek-zapachowy\/?wmc-currency=EUR\"><span style=\"color: #ff6600\"><strong data-start=\"859\" data-end=\"890\">Lawendowy olejek zapachowy<\/strong><\/span><\/a><\/span>\u00a0oddaje istot\u0119 spokoju dzi\u0119ki <a href=\"https:\/\/cosyowl.com\/pl\/candle-making-supplies\/glitters\/turquoise-blue-candle-glitter\">od\u015bwie\u017canie<\/a> skr\u0119t. Otwiera si\u0119 wyra\u017anymi nutami g\u0142owy <strong data-start=\"369\" data-end=\"396\"><a href=\"https:\/\/cosyowl.com\/pl\/candle-making-supplies\/essential-oils\/eucalyptus-globulus-essential-oil\">\u015bwie\u017cy<\/a> li\u015bcie eukaliptusa<\/strong> i delikatna jasno\u015b\u0107 <strong data-start=\"428\" data-end=\"450\" data-is-only-node=\"\">mi\u0119kki rdze\u0144 bergamotki<\/strong>tworz\u0105c <a href=\"https:\/\/cosyowl.com\/pl\/candle-making-supplies\/glitters\/pure-white-biodegradable\">czysty<\/a> i wprowadzenie do ch\u0142odzenia. W sercu klasyczny <strong data-start=\"517\" data-end=\"529\">lawenda<\/strong> jest ocieplony ziemistym <strong data-start=\"550\" data-end=\"563\">paczula<\/strong> i subtelna s\u0142odycz <strong data-start=\"592\" data-end=\"606\">b\u00f3b tonka<\/strong>nadaj\u0105c zapachowi przytuln\u0105, komfortow\u0105 g\u0142\u0119bi\u0119. Wreszcie, baza rozwija si\u0119 w trwa\u0142y u\u015bcisk <strong data-start=\"703\" data-end=\"716\">mi\u0119kki mech<\/strong> oraz <strong data-start=\"721\" data-end=\"736\"><a href=\"https:\/\/cosyowl.com\/pl\/fragrance-oils\/teakwood\">drzewny<\/a> pi\u017cma<\/strong>, nadaj\u0105c zapachowi spokojny charakter, <a href=\"https:\/\/cosyowl.com\/pl\/candle-making-supplies\/fragrance-oils-for-candle-making\/all-fragrances\/honey-fragrance-oil\">naturalny<\/a> ciep\u0142o, kt\u00f3re pi\u0119knie si\u0119 utrzymuje.<\/p>\n<p>Jeste\u015bmy dumni z zapewniania najwy\u017cszej <a href=\"https:\/\/cosyowl.com\/pl\/candle-wicks\/wedo-lx-wick-raw\">jako\u015b\u0107<\/a> sk\u0142adnik\u00f3w dost\u0119pnych na rynku do tworzenia idealnych wosk\u00f3w w domu. Nasze zestawy s\u0105 idealne zar\u00f3wno dla tych, kt\u00f3rzy dopiero zaczynaj\u0105, jak i dla tych, kt\u00f3rzy ju\u017c opanowali t\u0119 umiej\u0119tno\u015b\u0107, wi\u0119c chwy\u0107 fartuch i zacznijmy tworzy\u0107.<\/p>\n<p>&nbsp;<\/p>\n<h3 data-start=\"2493\" data-end=\"2542\">Pomocne zasoby dla sukcesu w tworzeniu \u015bwiec<\/h3>\n<ul>\n<li><strong><span style=\"color: #ff6600\"><a style=\"color: #ff6600\" href=\"https:\/\/cosyowl.com\/pl\/przewodniki\/przewodnik-dla-poczatkujacych-dotyczacy-wytwarzania-wosku-topionego\/?wmc-currency=EUR\">Przewodnik dla pocz\u0105tkuj\u0105cych dotycz\u0105cy wytwarzania wosku topionego<\/a><\/span><br \/>\n<\/strong><\/li>\n<li><span style=\"color: #ff6600\"><strong><a style=\"color: #ff6600\" href=\"https:\/\/cosyowl.com\/pl\/przewodniki\/przewodnik-po-stosowaniu-barwnika-woskowego-bekro\/?wmc-currency=EUR\">Przewodnik po u\u017cywaniu barwnika woskowego Bekro<\/a><\/strong><\/span><\/li>\n<li><strong><span style=\"color: #ff6600\"><a style=\"color: #ff6600\" href=\"https:\/\/cosyowl.com\/pl\/przewodniki\/6-najwazniejszych-pytan-dotyczacych-produkcji-wosku\/?wmc-currency=EUR\">6 najcz\u0119\u015bciej zadawanych pyta\u0144 - edycja dotycz\u0105ca wytwarzania wosku<\/a><\/span><\/strong><\/li>\n<li><strong><span style=\"color: #ff6600\"><a style=\"color: #ff6600\" href=\"https:\/\/cosyowl.com\/pl\/przewodniki\/jak-zrobic-wosk-do-topienia-w-domu\/?wmc-currency=EUR\">Jak zrobi\u0107 wosk w domu<\/a><\/span><\/strong><\/li>\n<li><strong><span style=\"color: #ff6600\"><a style=\"color: #ff6600\" href=\"https:\/\/cosyowl.com\/pl\/przewodniki\/?wmc-currency=EUR\">Przewodniki i przepisy<\/a><\/span><\/strong><\/li>\n<\/ul>","protected":false},"excerpt":{"rendered":"<p>Unleash your creativity and bring a sense of calm to your space with our Lavender Wax Melt Kit. Whether you&#8217;re new to crafting or a seasoned maker, this kit includes everything you need to create beautifully shaped, fragrant wax melts in a relaxing lavender scent with a touch of shimmering violet. What\u2019s Inside Your Wax [&hellip;]<\/p>\n","protected":false},"featured_media":79474,"comment_status":"open","ping_status":"closed","template":"","meta":{"_acf_changed":false},"product_brand":[],"product_cat":[655,653,800,727],"product_tag":[927],"class_list":{"0":"post-79470","1":"product","2":"type-product","3":"status-publish","4":"has-post-thumbnail","6":"product_cat-wax-melt-making-kits","7":"product_cat-craft-kits","8":"product_cat-new","9":"product_cat-wax-melt-making-kits-wax-melts","10":"product_tag-wax-melt-making-kit","11":"product_shipping_class-royal_mail_kits","13":"first","14":"instock","15":"taxable","16":"shipping-taxable","17":"purchasable","18":"product-type-simple"},"acf":[],"_links":{"self":[{"href":"https:\/\/cosyowl.com\/pl\/wp-json\/wp\/v2\/product\/79470","targetHints":{"allow":["GET"]}}],"collection":[{"href":"https:\/\/cosyowl.com\/pl\/wp-json\/wp\/v2\/product"}],"about":[{"href":"https:\/\/cosyowl.com\/pl\/wp-json\/wp\/v2\/types\/product"}],"replies":[{"embeddable":true,"href":"https:\/\/cosyowl.com\/pl\/wp-json\/wp\/v2\/comments?post=79470"}],"wp:featuredmedia":[{"embeddable":true,"href":"https:\/\/cosyowl.com\/pl\/wp-json\/wp\/v2\/media\/79474"}],"wp:attachment":[{"href":"https:\/\/cosyowl.com\/pl\/wp-json\/wp\/v2\/media?parent=79470"}],"wp:term":[{"taxonomy":"product_brand","embeddable":true,"href":"https:\/\/cosyowl.com\/pl\/wp-json\/wp\/v2\/product_brand?post=79470"},{"taxonomy":"product_cat","embeddable":true,"href":"https:\/\/cosyowl.com\/pl\/wp-json\/wp\/v2\/product_cat?post=79470"},{"taxonomy":"product_tag","embeddable":true,"href":"https:\/\/cosyowl.com\/pl\/wp-json\/wp\/v2\/product_tag?post=79470"}],"curies":[{"name":"wp","href":"https:\/\/api.w.org\/{rel}","templated":true}]}}