{"id":78885,"date":"2024-05-15T11:35:09","date_gmt":"2024-05-15T10:35:09","guid":{"rendered":"https:\/\/cosyowl.com\/?post_type=product&#038;p=78885"},"modified":"2026-03-24T16:27:30","modified_gmt":"2026-03-24T16:27:30","slug":"olejek-zapachowy-kadzidlo-mirra","status":"publish","type":"product","link":"https:\/\/cosyowl.com\/pl\/candle-making-supplies\/fragrance-oils-for-candle-making\/frankincense-myrrh-fragrance-oil","title":{"rendered":"Olejek zapachowy Frankincense &amp; Myrrh"},"content":{"rendered":"<p><strong>Uwaga - wszystkie modele 5 kg, 10 kg i 25 kg <a href=\"https:\/\/cosyowl.com\/pl\/guides\/2023-spring-fragrance-oil-trends\">Olejki zapachowe<\/a> S\u0105 to produkty wykonywane na zam\u00f3wienie i maj\u0105 czas realizacji do 6 tygodni, co nie jest odzwierciedlone w opcjach wysy\u0142ki przedstawionych na stronie <a href=\"https:\/\/cosyowl.com\/pl\/checkout\">kasa<\/a>. Je\u015bli <a href=\"https:\/\/cosyowl.com\/pl\/basket\">porz\u0105dek<\/a> obejmuje dowolne olejki zapachowe o wadze 5 kg, 10 kg lub 25 kg, czas realizacji ca\u0142ego zam\u00f3wienia wynosi do 6 tygodni. 5kg, 10kg lub 25kg olejki zapachowe na zam\u00f3wienie r\u00f3wnie\u017c nie podlegaj\u0105 zwrotowi.<\/strong><\/p>\n<p>Wszystkie nasze olejki zapachowe s\u0105 dost\u0119pne wy\u0142\u0105cznie dla <a href=\"https:\/\/cosyowl.com\/pl\/\">Przytulna sowa<\/a> i zosta\u0142y opracowane przez naszych ekspert\u00f3w pod k\u0105tem doskona\u0142ych w\u0142a\u015bciwo\u015bci uwalniania zapachu, a nast\u0119pnie zoptymalizowane pod k\u0105tem idealnego \u0142\u0105czenia z naszymi woskami. Nasze olejki s\u0105 skoncentrowane w 100% i doskonale \u0142\u0105cz\u0105 si\u0119 ze wszystkimi naszymi woskami.<\/p>\n<p><strong>Ile <a href=\"https:\/\/cosyowl.com\/pl\/candle-making-supplies\/fragrance-oils-for-candle-making\/all-fragrances\/winter-pine-fragrance-oil\">olejek zapachowy<\/a> powinienem u\u017cy\u0107?<\/strong><\/p>\n<p>Wszystkie nasze olejki zapachowe s\u0105 wysokiej jako\u015bci <a href=\"https:\/\/cosyowl.com\/pl\/candle-wicks\/wedo-lx-wick-raw\">jako\u015b\u0107<\/a> i zaprojektowane specjalnie ze wzgl\u0119du na ich doskona\u0142e w\u0142a\u015bciwo\u015bci uwalniania zapachu, co oznacza, \u017ce niewielka ilo\u015b\u0107 zwykle wystarcza na d\u0142ugi czas. Wz\u00f3r na obliczenie dok\u0142adnej potrzebnej ilo\u015bci jest stosunkowo skomplikowany. W\u0142a\u015bnie dlatego przygotowali\u015bmy <a href=\"https:\/\/cosyowl.com\/pl\/guides\/a-guide-to-creating-your-own-soap-products\">przewodnik<\/a> kt\u00f3ry zawiera bardziej szczeg\u00f3\u0142owe informacje na ten temat i kt\u00f3ry mo\u017cna znale\u017a\u0107 tutaj. Zasadniczo zaleca si\u0119 rozpocz\u0119cie od proporcji olejku zapachowego w zakresie 5-8% ca\u0142kowitej obj\u0119to\u015bci, chocia\u017c w przypadku mniej intensywnych zapach\u00f3w mo\u017cna przej\u015b\u0107 do 10%. Zawsze najlepiej jest eksperymentowa\u0107 z ka\u017cd\u0105 kombinacj\u0105 wosku i olejku zapachowego, pami\u0119taj\u0105c, aby post\u0119powa\u0107 stopniowo, stopniowo zwi\u0119kszaj\u0105c ilo\u015b\u0107. Je\u015bli b\u0119dziesz post\u0119powa\u0107 zgodnie z instrukcjami i przestrzega\u0107 temperatur zap\u0142onu, b\u0119dziesz w stanie stworzy\u0107 pi\u0119knie pachn\u0105ce \u015bwiece w mgnieniu oka. Nie zaleca si\u0119 stosowania proporcji olejku zapachowego wi\u0119kszej ni\u017c 12% ca\u0142kowitej obj\u0119to\u015bci, aby zapobiec <a href=\"https:\/\/cosyowl.com\/pl\/guides\/a-summers-beach-gel-votive-candle\">\u015bwieca<\/a> nie zacznie si\u0119 s\u0105czy\u0107 lub olej nie zacznie sp\u0142ywa\u0107 w d\u00f3\u0142 \u015bwiecy.<\/p>\n<p><strong>Czy mog\u0119 u\u017cywa\u0107 tego olejku zapachowego w dyfuzorze w sztyfcie?<\/strong><\/p>\n<p>Wszystkie nasze olejki zapachowe zosta\u0142y zaprojektowane tak, aby by\u0142y kompatybilne z dyfuzorami w sztyfcie. Wystarczy zmiesza\u0107 je z olejem bazowym do dyfuzor\u00f3w, dost\u0119pnym tutaj. Przygotuj mieszank\u0119 oleju bazowego i perfum sk\u0142adaj\u0105c\u0105 si\u0119 z nie wi\u0119cej ni\u017c jednej czwartej (25%) olejku zapachowego, w zale\u017cno\u015bci od po\u017c\u0105danej intensywno\u015bci.<\/p>\n<p><strong>Czy mog\u0119 u\u017cywa\u0107 tego olejku zapachowego w mydle?<\/strong><\/p>\n<p>Nasze olejki zapachowe s\u0105 specjalnie opracowane do stosowania w kostkach myd\u0142a. Zapoznaj si\u0119 z kart\u0105 charakterystyki, aby dowiedzie\u0107 si\u0119 o maksymalnej ilo\u015bci (%) olejku dla ka\u017cdego zapachu u\u017cywanego do produkcji myd\u0142a w kostce.<\/p>\n<p>Przed zakupem naszych produkt\u00f3w prosimy o zapoznanie si\u0119 z nasz\u0105 not\u0105 informacyjn\u0105 CLP (Klasyfikacja, oznakowanie i pakowanie) dotycz\u0105c\u0105 stosowania olejk\u00f3w zapachowych w <a href=\"https:\/\/cosyowl.com\/pl\/guides\/how-to-make-a-candle\">produkcja \u015bwiec<\/a>. Informacje te dotycz\u0105 sk\u0142adu chemicznego olejk\u00f3w, a tak\u017ce potencjalnych reakcji alergicznych.<\/p>\n<p>&nbsp;<\/p>\n<p>Okres wa\u017cno\u015bci olejk\u00f3w zapachowych wynosi zazwyczaj jeden rok od daty produkcji. Jednak wiele olejk\u00f3w zapachowych mo\u017ce przetrwa\u0107 miesi\u0105ce, a nawet lata po up\u0142ywie tej daty, je\u015bli s\u0105 odpowiednio przechowywane. Olejki zapachowe mog\u0105 by\u0107 testowane (nie oferujemy tej us\u0142ugi) w celu okre\u015blenia ich przydatno\u015bci po up\u0142ywie okresu przydatno\u015bci do spo\u017cycia.<\/p>\n<p>Obecne dokumenty IFRA (wersja 48 IFRA) s\u0105 istotne i maj\u0105 zastosowanie do wszystkich naszych perfum do lutego 2022 r., czyli do daty wej\u015bcia w \u017cycie nowych klasyfikacji dla istniej\u0105cych produkt\u00f3w, tj. perfum ju\u017c dost\u0119pnych na rynku. spacer. Wszystkie nowe zapachy podlegaj\u0105 ju\u017c klasyfikacji IFRA 49. W nadchodz\u0105cych tygodniach, w miar\u0119 otrzymywania odpowiednich informacji, b\u0119dziemy aktualizowa\u0107 i wprowadza\u0107 niezb\u0119dne zmiany na naszej stronie internetowej.<\/p>","protected":false},"excerpt":{"rendered":"<p>Please note &#8211; all 5kg, 10kg and 25kg Fragrance Oils are bespoke made-to-order items and have an up to 6-week delivery lead time which isn\u2019t reflected in the shipping options presented at checkout. If your order includes any 5kg, 10kg or 25kg Fragrance Oils, lead time for the entirety of the order will be up [&hellip;]<\/p>\n","protected":false},"featured_media":78887,"comment_status":"open","ping_status":"closed","template":"","meta":{"_acf_changed":false},"product_brand":[],"product_cat":[503,520,514,523,504,636,586,509,512,511,730,515,506],"product_tag":[909,1594,908,1600],"class_list":{"0":"post-78885","1":"product","2":"type-product","3":"status-publish","4":"has-post-thumbnail","6":"product_cat-fragrance-oils","7":"product_cat-fragrance-oils-calm","8":"product_cat-fragrance-oils-christmas","9":"product_cat-fragrance-oils-floral","10":"product_cat-fragrance-oils-all-fragrances","11":"product_cat-body-care-fragrance-oils","12":"product_cat-hair-care-fragrance-oils","13":"product_cat-soap-making-supplies-fragrances","14":"product_cat-wax-melts-fragrances","15":"product_cat-beard-oil-fragrances","16":"product_cat-fragrances-for-reed-diffusers","17":"product_cat-fragrance-oils-herbal","18":"product_cat-fragrance-oils-masculine-fragrances","19":"product_tag-black-friday","20":"product_tag-christmas","21":"product_tag-fragrance-oil","22":"product_tag-winter","23":"pa_bottle-size-100ml","24":"pa_bottle-size-10kg","25":"pa_bottle-size-10ml","26":"pa_bottle-size-250ml","27":"pa_bottle-size-25kg","28":"pa_bottle-size-500ml","29":"pa_bottle-size-50ml","30":"pa_bottle-size-5kg","31":"pa_bottle-size-950ml","33":"first","34":"instock","35":"taxable","36":"shipping-taxable","37":"purchasable","38":"product-type-variable"},"acf":[],"_links":{"self":[{"href":"https:\/\/cosyowl.com\/pl\/wp-json\/wp\/v2\/product\/78885","targetHints":{"allow":["GET"]}}],"collection":[{"href":"https:\/\/cosyowl.com\/pl\/wp-json\/wp\/v2\/product"}],"about":[{"href":"https:\/\/cosyowl.com\/pl\/wp-json\/wp\/v2\/types\/product"}],"replies":[{"embeddable":true,"href":"https:\/\/cosyowl.com\/pl\/wp-json\/wp\/v2\/comments?post=78885"}],"wp:featuredmedia":[{"embeddable":true,"href":"https:\/\/cosyowl.com\/pl\/wp-json\/wp\/v2\/media\/78887"}],"wp:attachment":[{"href":"https:\/\/cosyowl.com\/pl\/wp-json\/wp\/v2\/media?parent=78885"}],"wp:term":[{"taxonomy":"product_brand","embeddable":true,"href":"https:\/\/cosyowl.com\/pl\/wp-json\/wp\/v2\/product_brand?post=78885"},{"taxonomy":"product_cat","embeddable":true,"href":"https:\/\/cosyowl.com\/pl\/wp-json\/wp\/v2\/product_cat?post=78885"},{"taxonomy":"product_tag","embeddable":true,"href":"https:\/\/cosyowl.com\/pl\/wp-json\/wp\/v2\/product_tag?post=78885"}],"curies":[{"name":"wp","href":"https:\/\/api.w.org\/{rel}","templated":true}]}}