{"id":77224,"date":"2024-04-12T17:02:16","date_gmt":"2024-04-12T16:02:16","guid":{"rendered":"https:\/\/cosyowl.com\/?post_type=product&#038;p=77224"},"modified":"2026-05-01T13:08:51","modified_gmt":"2026-05-01T12:08:51","slug":"butelka-aluminiowa-250-ml","status":"publish","type":"product","link":"https:\/\/cosyowl.com\/pl\/clearance\/100ml-aluminium-bottle-copy","title":{"rendered":"Butelka aluminiowa 250 ml"},"content":{"rendered":"<p><a href=\"https:\/\/cosyowl.com\/pl\/candle-making-supplies\/candle-containers\/metal-containers\/rose-gold-round-candle-tin-with-welded-side-seam-250ml\">250ml<\/a> w pe\u0142ni aluminiowe butelki z zakr\u0119tkami w cenach handlowych.<\/p>\n<p>Wymiary butelki - 18 cm wysoko\u015bci x 4,8 cm \u015brednicy<\/p>","protected":false},"excerpt":{"rendered":"<p>W pe\u0142ni aluminiowa butelka o pojemno\u015bci 250 ml z zakr\u0119tk\u0105 w cenach handlowych. Wymiary butelki - 18 cm wysoko\u015bci x 4,8 cm \u015brednicy<\/p>","protected":false},"featured_media":77230,"comment_status":"open","ping_status":"closed","template":"","meta":{"_acf_changed":false},"product_brand":[],"product_cat":[717,752,501],"product_tag":[923],"class_list":{"0":"post-77224","1":"product","2":"type-product","3":"status-publish","4":"has-post-thumbnail","6":"product_cat-sale","7":"product_cat-sale-containers","8":"product_cat-metal-containers","9":"product_tag-bottle","10":"product_shipping_class-standard","11":"pa_pack-size-571","12":"pa_pack-size-572","13":"pa_pack-size-575","14":"pa_pack-size-570","16":"first","17":"outofstock","18":"sale","19":"taxable","20":"shipping-taxable","21":"purchasable","22":"product-type-variable"},"acf":[],"_links":{"self":[{"href":"https:\/\/cosyowl.com\/pl\/wp-json\/wp\/v2\/product\/77224","targetHints":{"allow":["GET"]}}],"collection":[{"href":"https:\/\/cosyowl.com\/pl\/wp-json\/wp\/v2\/product"}],"about":[{"href":"https:\/\/cosyowl.com\/pl\/wp-json\/wp\/v2\/types\/product"}],"replies":[{"embeddable":true,"href":"https:\/\/cosyowl.com\/pl\/wp-json\/wp\/v2\/comments?post=77224"}],"wp:featuredmedia":[{"embeddable":true,"href":"https:\/\/cosyowl.com\/pl\/wp-json\/wp\/v2\/media\/77230"}],"wp:attachment":[{"href":"https:\/\/cosyowl.com\/pl\/wp-json\/wp\/v2\/media?parent=77224"}],"wp:term":[{"taxonomy":"product_brand","embeddable":true,"href":"https:\/\/cosyowl.com\/pl\/wp-json\/wp\/v2\/product_brand?post=77224"},{"taxonomy":"product_cat","embeddable":true,"href":"https:\/\/cosyowl.com\/pl\/wp-json\/wp\/v2\/product_cat?post=77224"},{"taxonomy":"product_tag","embeddable":true,"href":"https:\/\/cosyowl.com\/pl\/wp-json\/wp\/v2\/product_tag?post=77224"}],"curies":[{"name":"wp","href":"https:\/\/api.w.org\/{rel}","templated":true}]}}