{"id":76167,"date":"2024-03-19T09:21:02","date_gmt":"2024-03-19T09:21:02","guid":{"rendered":"https:\/\/cosyowl.com\/?post_type=product&#038;p=76167"},"modified":"2026-03-03T13:45:59","modified_gmt":"2026-03-03T13:45:59","slug":"flora-30cl-pojemnik-na-swiece-czarny-matowy-opakowanie-6-sztuk-kopia","status":"publish","type":"product","link":"https:\/\/cosyowl.com\/pl\/candle-making-supplies\/candle-containers\/metal-containers\/flora-30cl-candle-container-matt-black-pack-of-6-x100","title":{"rendered":"Pojemnik na \u015bwiece Flora 30cl | czarny matowy | opakowanie 6 x 100 (\u0142\u0105cznie 600 sztuk)"},"content":{"rendered":"<p data-start=\"39\" data-end=\"122\"><strong data-start=\"39\" data-end=\"122\">Ta oferta obejmuje 100 pakiet\u00f3w po 6 przedmiot\u00f3w w ka\u017cdym pakiecie (\u0142\u0105cznie 600 przedmiot\u00f3w).<\/strong><\/p>\n<p>Ten metalowy pojemnik doskonale nadaje si\u0119 do wyr\u00f3\u017cniania \u015bwiec. Pojemnik pomie\u015bci 300 ml <a href=\"https:\/\/cosyowl.com\/pl\/guides\/a-summers-beach-gel-votive-candle\">\u015bwieca<\/a> wosk.<\/p>\n<p><strong>Rozmiar:<\/strong> 78mm x 79mm<\/p>\n<p><strong>Materia\u0142:\u00a0<\/strong>\u017belazo<\/p>\n<p><strong>Kolor:<\/strong> <a href=\"https:\/\/cosyowl.com\/pl\/candle-making-supplies\/candle-containers\/candle-glasses\/karen-30cl-candle-glass-matt-black-pack-of-12\">Matt Black<\/a><\/p>","protected":false},"excerpt":{"rendered":"<p>Ta oferta obejmuje 100 opakowa\u0144, po 6 sztuk w ka\u017cdym opakowaniu (\u0142\u0105cznie 600 sztuk). Jest to idealny metalowy pojemnik do wyr\u00f3\u017cniania \u015bwiec. Pojemnik pomie\u015bci 300 ml wosku do \u015bwiec. Rozmiar: 78 mm x 79 mm Materia\u0142: \u017belazo Kolor: Czarny matowy<\/p>","protected":false},"featured_media":53985,"comment_status":"open","ping_status":"closed","template":"","meta":{"_acf_changed":false},"product_brand":[],"product_cat":[501,752,717],"product_tag":[922],"class_list":{"0":"post-76167","1":"product","2":"type-product","3":"status-publish","4":"has-post-thumbnail","6":"product_cat-metal-containers","7":"product_cat-sale-containers","8":"product_cat-sale","9":"product_tag-metal-container","10":"product_shipping_class-royal_mail","12":"first","13":"instock","14":"sale","15":"taxable","16":"shipping-taxable","17":"purchasable","18":"product-type-simple"},"acf":[],"_links":{"self":[{"href":"https:\/\/cosyowl.com\/pl\/wp-json\/wp\/v2\/product\/76167","targetHints":{"allow":["GET"]}}],"collection":[{"href":"https:\/\/cosyowl.com\/pl\/wp-json\/wp\/v2\/product"}],"about":[{"href":"https:\/\/cosyowl.com\/pl\/wp-json\/wp\/v2\/types\/product"}],"replies":[{"embeddable":true,"href":"https:\/\/cosyowl.com\/pl\/wp-json\/wp\/v2\/comments?post=76167"}],"wp:featuredmedia":[{"embeddable":true,"href":"https:\/\/cosyowl.com\/pl\/wp-json\/wp\/v2\/media\/53985"}],"wp:attachment":[{"href":"https:\/\/cosyowl.com\/pl\/wp-json\/wp\/v2\/media?parent=76167"}],"wp:term":[{"taxonomy":"product_brand","embeddable":true,"href":"https:\/\/cosyowl.com\/pl\/wp-json\/wp\/v2\/product_brand?post=76167"},{"taxonomy":"product_cat","embeddable":true,"href":"https:\/\/cosyowl.com\/pl\/wp-json\/wp\/v2\/product_cat?post=76167"},{"taxonomy":"product_tag","embeddable":true,"href":"https:\/\/cosyowl.com\/pl\/wp-json\/wp\/v2\/product_tag?post=76167"}],"curies":[{"name":"wp","href":"https:\/\/api.w.org\/{rel}","templated":true}]}}