{"id":76147,"date":"2024-03-18T17:23:59","date_gmt":"2024-03-18T17:23:59","guid":{"rendered":"https:\/\/cosyowl.com\/?post_type=product&#038;p=76147"},"modified":"2026-03-03T13:45:59","modified_gmt":"2026-03-03T13:45:59","slug":"niebieska-wzorzysta-puszka-na-swiece-150ml-opakowanie-24-x-50-1200-puszek","status":"publish","type":"product","link":"https:\/\/cosyowl.com\/pl\/clearance\/containers-moulds\/blue-patterned-candle-tin-150ml-pack-of-24-copy","title":{"rendered":"\u015awieca w puszce z niebieskim wzorem - 150 ml - opakowanie 24 x 50 (1 200 puszek)"},"content":{"rendered":"<p>To interesuj\u0105ce <a href=\"https:\/\/cosyowl.com\/pl\/guides\/a-summers-beach-gel-votive-candle\">\u015bwieca<\/a> b\u0119dzie idealnym dodatkiem do Twojej kolekcji \u015bwiec. Puszka mie\u015bci 150 ml* wosku do \u015bwiec.<\/p>","protected":false},"excerpt":{"rendered":"<p>Ta interesuj\u0105ca puszka b\u0119dzie doskona\u0142ym dodatkiem do Twojej kolekcji \u015bwiec. Puszka mie\u015bci 150 ml* wosku do \u015bwiec.<\/p>","protected":false},"featured_media":54000,"comment_status":"open","ping_status":"closed","template":"","meta":{"_acf_changed":false},"product_brand":[],"product_cat":[639,752,642,501,717],"product_tag":[918],"class_list":{"0":"post-76147","1":"product","2":"type-product","3":"status-publish","4":"has-post-thumbnail","6":"product_cat-body-care-containers","7":"product_cat-sale-containers","8":"product_cat-hair-care-containers","9":"product_cat-metal-containers","10":"product_cat-sale","11":"product_tag-candle-tin","12":"product_shipping_class-royal_mail","14":"first","15":"instock","16":"sale","17":"taxable","18":"shipping-taxable","19":"purchasable","20":"product-type-simple"},"acf":[],"_links":{"self":[{"href":"https:\/\/cosyowl.com\/pl\/wp-json\/wp\/v2\/product\/76147","targetHints":{"allow":["GET"]}}],"collection":[{"href":"https:\/\/cosyowl.com\/pl\/wp-json\/wp\/v2\/product"}],"about":[{"href":"https:\/\/cosyowl.com\/pl\/wp-json\/wp\/v2\/types\/product"}],"replies":[{"embeddable":true,"href":"https:\/\/cosyowl.com\/pl\/wp-json\/wp\/v2\/comments?post=76147"}],"wp:featuredmedia":[{"embeddable":true,"href":"https:\/\/cosyowl.com\/pl\/wp-json\/wp\/v2\/media\/54000"}],"wp:attachment":[{"href":"https:\/\/cosyowl.com\/pl\/wp-json\/wp\/v2\/media?parent=76147"}],"wp:term":[{"taxonomy":"product_brand","embeddable":true,"href":"https:\/\/cosyowl.com\/pl\/wp-json\/wp\/v2\/product_brand?post=76147"},{"taxonomy":"product_cat","embeddable":true,"href":"https:\/\/cosyowl.com\/pl\/wp-json\/wp\/v2\/product_cat?post=76147"},{"taxonomy":"product_tag","embeddable":true,"href":"https:\/\/cosyowl.com\/pl\/wp-json\/wp\/v2\/product_tag?post=76147"}],"curies":[{"name":"wp","href":"https:\/\/api.w.org\/{rel}","templated":true}]}}