{"id":76145,"date":"2024-03-18T17:18:42","date_gmt":"2024-03-18T17:18:42","guid":{"rendered":"https:\/\/cosyowl.com\/?post_type=product&#038;p=76145"},"modified":"2026-03-03T13:45:59","modified_gmt":"2026-03-03T13:45:59","slug":"wielokolorowa-puszka-na-swiece-150ml-opakowanie-24-x-50-1200-puszek","status":"publish","type":"product","link":"https:\/\/cosyowl.com\/pl\/clearance\/containers-moulds\/multi-colour-candle-tin-150ml-pack-of-24-x50","title":{"rendered":"Wielokolorowa \u015bwieca w puszce - 150 ml - opakowanie 24 x 50 (1200 puszek)"},"content":{"rendered":"<p>&nbsp;<\/p>\n<p>To interesuj\u0105ce <a href=\"https:\/\/cosyowl.com\/pl\/guides\/a-summers-beach-gel-votive-candle\">\u015bwieca<\/a> b\u0119dzie idealnym dodatkiem do Twojej kolekcji \u015bwiec. Puszka mie\u015bci 150 ml* wosku do \u015bwiec.<\/p>","protected":false},"excerpt":{"rendered":"<p>&nbsp; Ta interesuj\u0105ca puszka b\u0119dzie doskona\u0142ym dodatkiem do Twojej kolekcji \u015bwiec. Puszka mie\u015bci 150 ml* wosku do \u015bwiec.<\/p>","protected":false},"featured_media":54002,"comment_status":"open","ping_status":"closed","template":"","meta":{"_acf_changed":false},"product_brand":[],"product_cat":[758],"product_tag":[918],"class_list":{"0":"post-76145","1":"product","2":"type-product","3":"status-publish","4":"has-post-thumbnail","6":"product_cat-discontinued","7":"product_tag-candle-tin","8":"product_shipping_class-royal_mail","10":"first","11":"outofstock","12":"sale","13":"taxable","14":"shipping-taxable","15":"purchasable","16":"product-type-simple"},"acf":[],"_links":{"self":[{"href":"https:\/\/cosyowl.com\/pl\/wp-json\/wp\/v2\/product\/76145","targetHints":{"allow":["GET"]}}],"collection":[{"href":"https:\/\/cosyowl.com\/pl\/wp-json\/wp\/v2\/product"}],"about":[{"href":"https:\/\/cosyowl.com\/pl\/wp-json\/wp\/v2\/types\/product"}],"replies":[{"embeddable":true,"href":"https:\/\/cosyowl.com\/pl\/wp-json\/wp\/v2\/comments?post=76145"}],"wp:featuredmedia":[{"embeddable":true,"href":"https:\/\/cosyowl.com\/pl\/wp-json\/wp\/v2\/media\/54002"}],"wp:attachment":[{"href":"https:\/\/cosyowl.com\/pl\/wp-json\/wp\/v2\/media?parent=76145"}],"wp:term":[{"taxonomy":"product_brand","embeddable":true,"href":"https:\/\/cosyowl.com\/pl\/wp-json\/wp\/v2\/product_brand?post=76145"},{"taxonomy":"product_cat","embeddable":true,"href":"https:\/\/cosyowl.com\/pl\/wp-json\/wp\/v2\/product_cat?post=76145"},{"taxonomy":"product_tag","embeddable":true,"href":"https:\/\/cosyowl.com\/pl\/wp-json\/wp\/v2\/product_tag?post=76145"}],"curies":[{"name":"wp","href":"https:\/\/api.w.org\/{rel}","templated":true}]}}