{"id":76002,"date":"2024-03-15T15:37:08","date_gmt":"2024-03-15T15:37:08","guid":{"rendered":"https:\/\/cosyowl.com\/?post_type=product&#038;p=76002"},"modified":"2026-03-03T13:45:59","modified_gmt":"2026-03-03T13:45:59","slug":"silikonowa-forma-do-mydla-w-ksztalcie-pszczoly-zestaw-6-sztuk-opakowanie-50-sztuk","status":"publish","type":"product","link":"https:\/\/cosyowl.com\/pl\/clearance\/containers-moulds\/bee-silicone-soap-mould-set-of-6-x50","title":{"rendered":"Silikonowa forma do myd\u0142a w kszta\u0142cie pszczo\u0142y - zestaw 6 sztuk - opakowanie 50 sztuk"},"content":{"rendered":"<p>To <a href=\"https:\/\/cosyowl.com\/pl\/craft-supplies\/wax-melt-supplies\/mica-powder-glitter\/royal-blue-purple-biodegradable-candle-glitter\">uderzaj\u0105cy<\/a> okr\u0105g\u0142a forma do myd\u0142a w kszta\u0142cie pszczo\u0142y to jeden z najpi\u0119kniejszych kszta\u0142t\u00f3w w <a href=\"https:\/\/cosyowl.com\/pl\/guides\/a-beginners-guide-to-soap-making\">produkcja myd\u0142a<\/a>. To myde\u0142ko jest idealne dla tych, kt\u00f3rzy chc\u0105 doda\u0107 delikatny, domowy dodatek do swoich zapas\u00f3w do produkcji myd\u0142a.<\/p>\n<p>Oferujemy t\u0119 form\u0119 z p\u00f3\u0142elastycznego silikonu, kt\u00f3ra jest r\u00f3wnie\u017c wielokrotnego u\u017cytku, dzi\u0119ki czemu zawsze mo\u017cesz robi\u0107 swoje ulubione myd\u0142a!<\/p>\n<p>Pomiar formy*:<\/p>\n<p>Pe\u0142na forma (d\u0142ugo\u015b\u0107 x szeroko\u015b\u0107): 214 mm x 145 mm<\/p>\n<p>Rozmiar myd\u0142a: 58 mm \u015brednicy x 20 mm g\u0142\u0119boko\u015bci<\/p>\n<p>*Wszystkie wymiary s\u0105 przybli\u017cone, a kolor produktu mo\u017ce ulec zmianie.<\/p>","protected":false},"excerpt":{"rendered":"<p>This striking round bee soap mould is one of the most beautiful shapes in soap making. This soap is ideal for those looking to add a delicate homemade addition to your soap making supplies. We offer this mould in a semi-flexible silicone, it is also re-usable, so you can always be making your favourite soaps! [&hellip;]<\/p>\n","protected":false},"featured_media":55479,"comment_status":"open","ping_status":"closed","template":"","meta":{"_acf_changed":false},"product_brand":[],"product_cat":[752,717,546],"product_tag":[926],"class_list":{"0":"post-76002","1":"product","2":"type-product","3":"status-publish","4":"has-post-thumbnail","6":"product_cat-sale-containers","7":"product_cat-sale","8":"product_cat-soap-making-supplies-soap-moulds","9":"product_tag-mould","10":"product_shipping_class-royal_mail","12":"first","13":"instock","14":"sale","15":"taxable","16":"shipping-taxable","17":"purchasable","18":"product-type-simple"},"acf":[],"_links":{"self":[{"href":"https:\/\/cosyowl.com\/pl\/wp-json\/wp\/v2\/product\/76002","targetHints":{"allow":["GET"]}}],"collection":[{"href":"https:\/\/cosyowl.com\/pl\/wp-json\/wp\/v2\/product"}],"about":[{"href":"https:\/\/cosyowl.com\/pl\/wp-json\/wp\/v2\/types\/product"}],"replies":[{"embeddable":true,"href":"https:\/\/cosyowl.com\/pl\/wp-json\/wp\/v2\/comments?post=76002"}],"wp:featuredmedia":[{"embeddable":true,"href":"https:\/\/cosyowl.com\/pl\/wp-json\/wp\/v2\/media\/55479"}],"wp:attachment":[{"href":"https:\/\/cosyowl.com\/pl\/wp-json\/wp\/v2\/media?parent=76002"}],"wp:term":[{"taxonomy":"product_brand","embeddable":true,"href":"https:\/\/cosyowl.com\/pl\/wp-json\/wp\/v2\/product_brand?post=76002"},{"taxonomy":"product_cat","embeddable":true,"href":"https:\/\/cosyowl.com\/pl\/wp-json\/wp\/v2\/product_cat?post=76002"},{"taxonomy":"product_tag","embeddable":true,"href":"https:\/\/cosyowl.com\/pl\/wp-json\/wp\/v2\/product_tag?post=76002"}],"curies":[{"name":"wp","href":"https:\/\/api.w.org\/{rel}","templated":true}]}}