{"id":75999,"date":"2024-03-15T15:26:04","date_gmt":"2024-03-15T15:26:04","guid":{"rendered":"https:\/\/cosyowl.com\/?post_type=product&#038;p=75999"},"modified":"2026-03-03T13:45:59","modified_gmt":"2026-03-03T13:45:59","slug":"owalna-silikonowa-forma-do-mydla-zestaw-6-sztuk-opakowanie-50-sztuk","status":"publish","type":"product","link":"https:\/\/cosyowl.com\/pl\/clearance\/containers-moulds\/oval-silicone-soap-mould-set-of-6-x50","title":{"rendered":"Owalna silikonowa forma do myd\u0142a - zestaw 6 sztuk - opakowanie 50 sztuk"},"content":{"rendered":"<p>To <a href=\"https:\/\/cosyowl.com\/pl\/candle-making-extras\/50mm-candle-safety-label-white-black-text\">czysty<\/a> Forma do myd\u0142a jest jednym z najbardziej wszechstronnych kszta\u0142t\u00f3w w <a href=\"https:\/\/cosyowl.com\/pl\/guides\/a-beginners-guide-to-soap-making\">produkcja myd\u0142a<\/a>. To myd\u0142o jest idealne dla tych, kt\u00f3rzy chc\u0105 doda\u0107 prosty domowy dodatek do swoich materia\u0142\u00f3w do produkcji myd\u0142a.<\/p>\n<p>Oferujemy t\u0119 form\u0119 z p\u00f3\u0142elastycznego silikonu, kt\u00f3ra jest r\u00f3wnie\u017c wielokrotnego u\u017cytku, dzi\u0119ki czemu mo\u017cesz regularnie robi\u0107 swoje ulubione myd\u0142a!<\/p>\n<p>Pomiar formy*:<\/p>\n<p>Pe\u0142na forma (d\u0142ugo\u015b\u0107 x szeroko\u015b\u0107): 254 mm x 231 mm<\/p>\n<p>Rozmiar myd\u0142a: (d\u0142ugo\u015b\u0107 x szeroko\u015b\u0107 x g\u0142\u0119boko\u015b\u0107): 78mm x 55mm x 33mm<\/p>\n<p>*Nale\u017cy pami\u0119ta\u0107, \u017ce wszystkie <a href=\"https:\/\/cosyowl.com\/pl\/guides\/weighing-fragrance\">pomiary<\/a> s\u0105 przybli\u017cone, a kolor produktu mo\u017ce ulec zmianie.<\/p>","protected":false},"excerpt":{"rendered":"<p>This clear soap mould is one of the most versatile shapes in soap making. This soap is ideal for those looking to add a simple homemade addition to your soap making supplies. We offer this mould in a semi-flexible silicone, it is also re-usable, so you can regularly be making your favourite soaps! Measurement of [&hellip;]<\/p>\n","protected":false},"featured_media":4550,"comment_status":"open","ping_status":"closed","template":"","meta":{"_acf_changed":false},"product_brand":[],"product_cat":[752,717,546],"product_tag":[926],"class_list":{"0":"post-75999","1":"product","2":"type-product","3":"status-publish","4":"has-post-thumbnail","6":"product_cat-sale-containers","7":"product_cat-sale","8":"product_cat-soap-making-supplies-soap-moulds","9":"product_tag-mould","10":"product_shipping_class-royal_mail","12":"first","13":"instock","14":"sale","15":"taxable","16":"shipping-taxable","17":"purchasable","18":"product-type-simple"},"acf":[],"_links":{"self":[{"href":"https:\/\/cosyowl.com\/pl\/wp-json\/wp\/v2\/product\/75999","targetHints":{"allow":["GET"]}}],"collection":[{"href":"https:\/\/cosyowl.com\/pl\/wp-json\/wp\/v2\/product"}],"about":[{"href":"https:\/\/cosyowl.com\/pl\/wp-json\/wp\/v2\/types\/product"}],"replies":[{"embeddable":true,"href":"https:\/\/cosyowl.com\/pl\/wp-json\/wp\/v2\/comments?post=75999"}],"wp:featuredmedia":[{"embeddable":true,"href":"https:\/\/cosyowl.com\/pl\/wp-json\/wp\/v2\/media\/4550"}],"wp:attachment":[{"href":"https:\/\/cosyowl.com\/pl\/wp-json\/wp\/v2\/media?parent=75999"}],"wp:term":[{"taxonomy":"product_brand","embeddable":true,"href":"https:\/\/cosyowl.com\/pl\/wp-json\/wp\/v2\/product_brand?post=75999"},{"taxonomy":"product_cat","embeddable":true,"href":"https:\/\/cosyowl.com\/pl\/wp-json\/wp\/v2\/product_cat?post=75999"},{"taxonomy":"product_tag","embeddable":true,"href":"https:\/\/cosyowl.com\/pl\/wp-json\/wp\/v2\/product_tag?post=75999"}],"curies":[{"name":"wp","href":"https:\/\/api.w.org\/{rel}","templated":true}]}}