{"id":75995,"date":"2024-03-15T15:01:21","date_gmt":"2024-03-15T15:01:21","guid":{"rendered":"https:\/\/cosyowl.com\/?post_type=product&#038;p=75995"},"modified":"2026-03-03T13:45:59","modified_gmt":"2026-03-03T13:45:59","slug":"owalna-elipsa-silikonowa-forma-do-mydla-zestaw-6-sztuk-opakowanie-50-sztuk","status":"publish","type":"product","link":"https:\/\/cosyowl.com\/pl\/clearance\/containers-moulds\/oval-ellipse-silicone-soap-mould-set-of-6-x50","title":{"rendered":"Owalna silikonowa forma do myd\u0142a w kszta\u0142cie elipsy - zestaw 6 sztuk - opakowanie 50 sztuk"},"content":{"rendered":"<p>Owalna elipsa <a href=\"https:\/\/cosyowl.com\/pl\/clearance\/containers-moulds\/bee-silicone-soap-mould-set-of-6-x50\">Myd\u0142o silikonowe<\/a> Forma - zestaw 6 sztuk - <strong>Opakowanie 50 sztuk<\/strong><\/p>\n<p>To <a href=\"https:\/\/cosyowl.com\/pl\/candle-making-supplies\/fragrance-oils-for-candle-making\/all-fragrances\/alien-type-fragrance-oil\">wyj\u0105tkowy<\/a> Owalna forma do myd\u0142a w kszta\u0142cie elipsy to jeden z najdziwniejszych kszta\u0142t\u00f3w w bran\u017cy mydlarskiej. <a href=\"https:\/\/cosyowl.com\/pl\/guides\/a-beginners-guide-to-soap-making\">produkcja myd\u0142a<\/a>. To myd\u0142o jest idealne dla tych, kt\u00f3rzy chc\u0105 doda\u0107 zabawny domowy dodatek do swoich materia\u0142\u00f3w do produkcji myd\u0142a.<\/p>\n<p>Oferujemy t\u0119 form\u0119 jako zestaw 6 sztuk z elastycznego silikonu, jest ona r\u00f3wnie\u017c wielokrotnego u\u017cytku, dzi\u0119ki czemu mo\u017cesz regularnie produkowa\u0107 swoje szalone myd\u0142a!<\/p>\n<p>Pomiar formy*:<\/p>\n<p>Pe\u0142na forma (d\u0142ugo\u015b\u0107 x szeroko\u015b\u0107): 187 mm x 211 mm<\/p>\n<p>Rozmiar myd\u0142a: (d\u0142ugo\u015b\u0107 x szeroko\u015b\u0107 x g\u0142\u0119boko\u015b\u0107): 94mm x 56mm x 33mm<\/p>\n<p>*Nale\u017cy pami\u0119ta\u0107, \u017ce wszystkie <a href=\"https:\/\/cosyowl.com\/pl\/guides\/weighing-fragrance\">pomiary<\/a> s\u0105 przybli\u017cone, a kolor produktu mo\u017ce ulec zmianie i opiera si\u0119 na najszerszych punktach myd\u0142a.<\/p>\n<p><strong> Uwaga, ten produkt jest czerwony, a nie r\u00f3\u017cowy!<\/strong><\/p>","protected":false},"excerpt":{"rendered":"<p>Oval Ellipse Silicone Soap Mould &#8211; Set Of 6 &#8211; Pack of 50 This unique oval ellipse soap mould is one of the quirkiest shapes in soap making. This soap is ideal for those looking to add a funky homemade addition to your soap making supplies. We offer this mould as a set of 6 [&hellip;]<\/p>\n","protected":false},"featured_media":4546,"comment_status":"open","ping_status":"closed","template":"","meta":{"_acf_changed":false},"product_brand":[],"product_cat":[752,717,546],"product_tag":[926],"class_list":{"0":"post-75995","1":"product","2":"type-product","3":"status-publish","4":"has-post-thumbnail","6":"product_cat-sale-containers","7":"product_cat-sale","8":"product_cat-soap-making-supplies-soap-moulds","9":"product_tag-mould","10":"product_shipping_class-royal_mail","12":"first","13":"instock","14":"sale","15":"taxable","16":"shipping-taxable","17":"purchasable","18":"product-type-simple"},"acf":[],"_links":{"self":[{"href":"https:\/\/cosyowl.com\/pl\/wp-json\/wp\/v2\/product\/75995","targetHints":{"allow":["GET"]}}],"collection":[{"href":"https:\/\/cosyowl.com\/pl\/wp-json\/wp\/v2\/product"}],"about":[{"href":"https:\/\/cosyowl.com\/pl\/wp-json\/wp\/v2\/types\/product"}],"replies":[{"embeddable":true,"href":"https:\/\/cosyowl.com\/pl\/wp-json\/wp\/v2\/comments?post=75995"}],"wp:featuredmedia":[{"embeddable":true,"href":"https:\/\/cosyowl.com\/pl\/wp-json\/wp\/v2\/media\/4546"}],"wp:attachment":[{"href":"https:\/\/cosyowl.com\/pl\/wp-json\/wp\/v2\/media?parent=75995"}],"wp:term":[{"taxonomy":"product_brand","embeddable":true,"href":"https:\/\/cosyowl.com\/pl\/wp-json\/wp\/v2\/product_brand?post=75995"},{"taxonomy":"product_cat","embeddable":true,"href":"https:\/\/cosyowl.com\/pl\/wp-json\/wp\/v2\/product_cat?post=75995"},{"taxonomy":"product_tag","embeddable":true,"href":"https:\/\/cosyowl.com\/pl\/wp-json\/wp\/v2\/product_tag?post=75995"}],"curies":[{"name":"wp","href":"https:\/\/api.w.org\/{rel}","templated":true}]}}