{"id":56755,"date":"2023-03-09T11:39:41","date_gmt":"2023-03-09T11:39:41","guid":{"rendered":"https:\/\/cosyowl.com\/?post_type=product&#038;p=56755"},"modified":"2026-03-03T13:47:15","modified_gmt":"2026-03-03T13:47:15","slug":"metalowa-pokrywka-do-pojemnika-30cl-opakowanie-100-sztuk","status":"publish","type":"product","link":"https:\/\/cosyowl.com\/pl\/candle-making-supplies\/candle-containers\/candle-glasses\/metal-lid-for-30cl-container-x100","title":{"rendered":"Metalowa pokrywka do pojemnika 30cl - opakowanie 100 szt."},"content":{"rendered":"<p>Opakowanie 100 metalowych pokrywek do pojemnik\u00f3w 30cl, dost\u0119pnych w nast\u0119puj\u0105cych wersjach <a href=\"https:\/\/cosyowl.com\/pl\/candle-making-supplies\/candle-containers\/other-containers\/wax-melt-christmas-tree-mould-3\">3<\/a> Kolory - srebrny, miedziany i mosi\u0119\u017cny. Nale\u017cy pami\u0119ta\u0107, \u017ce pokrywy te nie posiadaj\u0105 zintegrowanej uszczelki silikonowej.<\/p>\n<p>Wymiary zewn\u0119trzne - wys. 10 mm x szer. 85 mm<br \/>\nWymiary wewn\u0119trzne - wys. 8 mm x szer. 83 mm<\/p>","protected":false},"excerpt":{"rendered":"<p>Zestaw 100 metalowych pokrywek do pojemnik\u00f3w o pojemno\u015bci 30 cl, dost\u0119pnych w 3 kolorach - srebrnym, miedzianym i mosi\u0119\u017cnym. Nale\u017cy pami\u0119ta\u0107, \u017ce pokrywki te nie posiadaj\u0105 zintegrowanej uszczelki silikonowej. Wymiary zewn\u0119trzne - wys. 10 mm x szer. 85 mm Wymiary wewn\u0119trzne - wys. 8 mm x szer. 83 mm<\/p>","protected":false},"featured_media":86810,"comment_status":"open","ping_status":"closed","template":"","meta":{"_acf_changed":false},"product_brand":[],"product_cat":[527,752,501,717],"product_tag":[924],"class_list":{"0":"post-56755","1":"product","2":"type-product","3":"status-publish","4":"has-post-thumbnail","6":"product_cat-candle-glasses","7":"product_cat-sale-containers","8":"product_cat-metal-containers","9":"product_cat-sale","10":"product_tag-lid","11":"product_shipping_class-standard","13":"first","14":"instock","15":"sale","16":"taxable","17":"shipping-taxable","18":"purchasable","19":"product-type-variable"},"acf":[],"_links":{"self":[{"href":"https:\/\/cosyowl.com\/pl\/wp-json\/wp\/v2\/product\/56755","targetHints":{"allow":["GET"]}}],"collection":[{"href":"https:\/\/cosyowl.com\/pl\/wp-json\/wp\/v2\/product"}],"about":[{"href":"https:\/\/cosyowl.com\/pl\/wp-json\/wp\/v2\/types\/product"}],"replies":[{"embeddable":true,"href":"https:\/\/cosyowl.com\/pl\/wp-json\/wp\/v2\/comments?post=56755"}],"wp:featuredmedia":[{"embeddable":true,"href":"https:\/\/cosyowl.com\/pl\/wp-json\/wp\/v2\/media\/86810"}],"wp:attachment":[{"href":"https:\/\/cosyowl.com\/pl\/wp-json\/wp\/v2\/media?parent=56755"}],"wp:term":[{"taxonomy":"product_brand","embeddable":true,"href":"https:\/\/cosyowl.com\/pl\/wp-json\/wp\/v2\/product_brand?post=56755"},{"taxonomy":"product_cat","embeddable":true,"href":"https:\/\/cosyowl.com\/pl\/wp-json\/wp\/v2\/product_cat?post=56755"},{"taxonomy":"product_tag","embeddable":true,"href":"https:\/\/cosyowl.com\/pl\/wp-json\/wp\/v2\/product_tag?post=56755"}],"curies":[{"name":"wp","href":"https:\/\/api.w.org\/{rel}","templated":true}]}}