{"id":44459,"date":"2022-10-21T11:52:49","date_gmt":"2022-10-21T10:52:49","guid":{"rendered":"https:\/\/cosyowl.com\/?post_type=product&#038;p=44459"},"modified":"2026-04-27T15:04:08","modified_gmt":"2026-04-27T14:04:08","slug":"zestaw-do-produkcji-swiatecznych-swiec-z-wosku-sojowego-z-laska-cynamonu","status":"publish","type":"product","link":"https:\/\/cosyowl.com\/pl\/craft-kits\/candle-making-kits\/soy-wax-cinnamon-stick-christmas-candle-making-kit","title":{"rendered":"Zestaw do tworzenia \u015bwi\u0105tecznych \u015bwiec z wosku sojowego i laski cynamonu"},"content":{"rendered":"<p>Nasze zestawy s\u0105 idealnym zakupem dla ka\u017cdego, kto chce by\u0107 kreatywny i zacz\u0105\u0107 tworzy\u0107 w\u0142asne \u015bwiece. Dzi\u0119ki temu <a href=\"https:\/\/cosyowl.com\/pl\/guides\/how-to-make-a-candle\">produkcja \u015bwiec<\/a> Zestaw zawiera wszystko, czego potrzebujesz, aby stworzy\u0107 do 5 \u015bwiec za pomoc\u0105 <a href=\"https:\/\/cosyowl.com\/pl\/fragrance-oils\/cinnamon-stick\">Laska cynamonu<\/a> zapach i sezonowy jasnobr\u0105zowy kolor.<\/p>\n<h3>Co znajduje si\u0119 w zestawie do tworzenia \u015bwiec?<\/h3>\n<ul>\n<li><span style=\"color: #050000\"><a style=\"color: #050000\" href=\"https:\/\/cosyowl.com\/pl\/materialy-do-produkcji-swiec\/wosk-do-swiec\/wosk-sojowy\/wosk-do-pojemnikow-kerasoy-4130\/?wmc-currency=EUR\">800 g wysokiej jako\u015bci<\/a> <span style=\"color: #ff6600\"><strong><a style=\"color: #ff6600\" href=\"https:\/\/cosyowl.com\/pl\/materialy-do-produkcji-swiec\/wosk-do-swiec\/wosk-sojowy\/naturalne-woski-w-pojemnikach-soyaluna\/?wmc-currency=EUR\">Wosk sojowy do pojemnik\u00f3w<\/a><\/strong><\/span> <a style=\"color: #050000\" href=\"https:\/\/cosyowl.com\/pl\/materialy-do-produkcji-swiec\/wosk-do-swiec\/wosk-sojowy\/wosk-do-pojemnikow-kerasoy-4130\/?wmc-currency=EUR\">dla czystego, r\u00f3wnomiernego spalania<\/a><\/span><\/li>\n<li><span style=\"color: #050000\"><a style=\"color: #050000\" href=\"https:\/\/cosyowl.com\/pl\/olejki-zapachowe\/laska-cynamonu\/?wmc-currency=EUR\">50 ml <span style=\"color: #ff6600\"><strong>Olejek zapachowy Cinnamon Stick<\/strong><\/span> (Temperatura zap\u0142onu 93,3\u00b0C) Bogaty, korzenny aromat, kt\u00f3ry wnosi ciep\u0142o do ka\u017cdego pomieszczenia.<\/a><\/span><\/li>\n<li><span style=\"color: #050000\"><a style=\"color: #050000\" href=\"https:\/\/cosyowl.com\/pl\/barwniki-do-swiec\/bekro-44-2067-brazowy-barwnik-do-swiec\/?wmc-currency=EUR\"><span style=\"color: #080000\">1g <\/span>z <span style=\"color: #ff6600\"><strong>Jasnobr\u0105zowy barwnik Bekro<\/strong><\/span> (44\/2067) Tworzy przytulny, naturalny br\u0105zowy odcie\u0144, kt\u00f3ry pi\u0119knie \u0142\u0105czy si\u0119 z cynamonowym zapachem.<\/a><\/span><\/li>\n<li><span style=\"color: #050000\">5 <span style=\"color: #ff6600\"><strong><a style=\"color: #ff6600\" href=\"https:\/\/cosyowl.com\/pl\/knoty-do-swiec\/wedo-eco-wick-120mm\/?wmc-currency=EUR\">Eco Wicks <\/a><\/strong><\/span><a style=\"color: #050000\" href=\"https:\/\/cosyowl.com\/pl\/knoty-do-swiec\/wedo-eco-wick-120mm\/?wmc-currency=EUR\">dla optymalnej wydajno\u015bci p\u0142omienia<\/a><\/span><\/li>\n<li><span style=\"color: #050000\">5 <span style=\"color: #ff6600\"><strong><a style=\"color: #ff6600\" href=\"https:\/\/cosyowl.com\/pl\/materialy-do-produkcji-swiec\/pojemniki-na-swiece\/kieliszki-do-swiec\/szklany-pojemnik-na-swiece-20cl-karen-round\/?wmc-currency=EUR\">Okr\u0105g\u0142e szklanki 20cl Karen Pojemniki <\/a><\/strong><\/span><a style=\"color: #050000\" href=\"https:\/\/cosyowl.com\/pl\/materialy-do-produkcji-swiec\/pojemniki-na-swiece\/kieliszki-do-swiec\/szklany-pojemnik-na-swiece-20cl-karen-round\/?wmc-currency=EUR\">Idealny do u\u017cytku domowego lub na prezent<\/a><\/span><\/li>\n<li><span style=\"color: #050000\">\u0141atwy do na\u015bladowania, <span style=\"color: #ff6600\"><strong><a style=\"color: #ff6600\" href=\"https:\/\/cosyowl.com\/pl\/przewodniki\/jak-zrobic-swiece\/?wmc-currency=EUR\">Przewodnik tworzenia \u015bwiec krok po kroku<\/a><\/strong> <\/span>Idealny dla pocz\u0105tkuj\u0105cych<\/span><\/li>\n<\/ul>\n<p>Jeste\u015bmy dumni z zapewniania najwy\u017cszej <a href=\"https:\/\/cosyowl.com\/pl\/candle-wicks\/wedo-lx-wick-raw\">jako\u015b\u0107<\/a> sk\u0142adnik\u00f3w dost\u0119pnych na rynku do tworzenia idealnych \u015bwiec w domu. Nasze zestawy s\u0105 idealne zar\u00f3wno dla tych, kt\u00f3rzy dopiero zaczynaj\u0105, jak i dla tych, kt\u00f3rzy ju\u017c opanowali t\u0119 umiej\u0119tno\u015b\u0107, wi\u0119c chwy\u0107 fartuch i zacznijmy tworzy\u0107 w te \u015awi\u0119ta Bo\u017cego Narodzenia.<\/p>\n<h3>Informacje o zapachu<\/h3>\n<p>Nasz\u00a0<span style=\"color: #ff6600\"><a style=\"color: #ff6600\" href=\"https:\/\/cosyowl.com\/pl\/olejki-zapachowe\/laska-cynamonu\/?wmc-currency=EUR\"><strong>Olejek zapachowy Cinnamon Stick<\/strong>\u00a0<\/a><\/span>zosta\u0142 specjalnie opracowany, aby przywo\u0142ywa\u0107 znajome zapachy zwi\u0105zane z <a href=\"https:\/\/cosyowl.com\/pl\/fragrance-oils\/coffee\">aromatyczny<\/a> Pseudo przyprawa uzyskiwana z wewn\u0119trznej kory kilku gatunk\u00f3w drzew. Nasz olejek z laski cynamonu natychmiast wydziela silny i wyra\u017any zapach kojarzony z<strong>\u00a0krwista pomara\u0144cza, cytrusy i pieprz<\/strong>. Ten pocz\u0105tkowy aromat jest najbardziej wyra\u017any, gdy <a href=\"https:\/\/cosyowl.com\/pl\/guides\/a-summers-beach-gel-votive-candle\">\u015bwieca<\/a> zaczyna si\u0119 pali\u0107, wype\u0142niaj\u0105c pomieszczenie zapachem, kt\u00f3ry jest nast\u0119pnie wzmacniany przez lekkie tony\u00a0<strong>cynamon i irys<\/strong>. W recepturze tego charakterystycznego zapachu znajduje si\u0119 <a href=\"https:\/\/cosyowl.com\/pl\/fragrance-oils\/strawberry-bon-bon\">zachwycaj\u0105cy<\/a> \u015bladowy posmak\u00a0<strong>ga\u0142ka muszkato\u0142owa i ziarenka wanilii<\/strong>.<\/p>\n<p><span style=\"color: #ff6600\"><a style=\"color: #ff6600\" href=\"https:\/\/cosyowl.com\/pl\/arkusze-danych-substancji-zapachowych-i-olejkow-eterycznych\/?wmc-currency=EUR\">(Arkusze danych dla olejku zapachowego Cinnamon Stick)<\/a><\/span><\/p>\n<h3>Informacje o naszych produktach<\/h3>\n<p><a href=\"https:\/\/cosyowl.com\/pl\/shop\">Wszystkie produkty<\/a> w tym zestawie s\u0105 profesjonalnej jako\u015bci, aby stworzy\u0107 najwy\u017cszej jako\u015bci \u015bwiece, kt\u00f3re b\u0119d\u0105 si\u0119 pi\u0119knie i w pe\u0142ni pali\u0107 z doskona\u0142ym wyrzutem zapachu. Nie oferujemy zestaw\u00f3w startowych z ta\u0144szymi lub pocz\u0105tkowymi materia\u0142ami, poniewa\u017c uwa\u017camy, \u017ce najlepiej jest uczy\u0107 si\u0119 przy u\u017cyciu materia\u0142\u00f3w najwy\u017cszej jako\u015bci. Jeste\u015bmy r\u00f3wnie\u017c dumni z tego, \u017ce zaopatrujemy si\u0119 nie tylko w materia\u0142y najwy\u017cszej jako\u015bci, ale tak\u017ce najbardziej etyczne i ekologiczne. <a href=\"https:\/\/cosyowl.com\/pl\/candle-wicks\/wedo-eco-wick-raw\">zr\u00f3wnowa\u017cony<\/a> materia\u0142y. Wszystkie materia\u0142y s\u0105:<\/p>\n<ul>\n<li>Pozyskiwane w spos\u00f3b zr\u00f3wnowa\u017cony<\/li>\n<li>Przyjazny dla \u015brodowiska<\/li>\n<li>Przyjazny dla wegan<\/li>\n<li>Cruelty Free<\/li>\n<li><a href=\"https:\/\/cosyowl.com\/pl\/guides\/cmrs-and-phthalates-in-fragrance-oils\">Wolny od<\/a> CMR i ftalany<\/li>\n<\/ul>\n<h3 data-start=\"2493\" data-end=\"2542\">Pomocne zasoby dla sukcesu w tworzeniu \u015bwiec<\/h3>\n<ul>\n<li><strong><span style=\"color: #ff6600\"><a style=\"color: #ff6600\" href=\"https:\/\/cosyowl.com\/pl\/przewodniki\/jak-zrobic-swiece\/?wmc-currency=EUR\">Jak zrobi\u0107 \u015bwiec\u0119\u00a0<\/a><\/span><\/strong><\/li>\n<li><strong><span style=\"color: #ff6600\"><a style=\"color: #ff6600\" href=\"https:\/\/cosyowl.com\/pl\/przewodniki\/przewodnik-po-swiecach-w-pojemnikach\/?wmc-currency=EUR\">Przewodnik tworzenia \u015bwiec w pojemnikach<\/a><\/span><\/strong><\/li>\n<li><strong><span style=\"color: #ff6600\"><a style=\"color: #ff6600\" href=\"https:\/\/cosyowl.com\/pl\/przewodniki\/przewodnik-dla-poczatkujacych-jak-zrobic-swiece\/?wmc-currency=EUR\">Przewodnik dla pocz\u0105tkuj\u0105cych, jak zrobi\u0107 \u015bwiec\u0119<\/a><\/span><\/strong><\/li>\n<li class=\"entry-title\"><strong><span style=\"color: #ff6600\"><a style=\"color: #ff6600\" href=\"https:\/\/cosyowl.com\/pl\/przewodniki\/przewodnik-po-stosowaniu-barwnika-woskowego-bekro\/?wmc-currency=EUR\" rel=\"bookmark\">Przewodnik po u\u017cywaniu barwnika woskowego Bekro<\/a><\/span><\/strong><\/li>\n<li class=\"entry-title\"><strong><span style=\"color: #ff6600\"><a style=\"color: #ff6600\" href=\"https:\/\/cosyowl.com\/pl\/przewodniki\/jak-uzywac-olejkow-zapachowych\/?wmc-currency=EUR\">Jak u\u017cywa\u0107 olejk\u00f3w zapachowych<\/a><\/span><\/strong><\/li>\n<li><strong><span style=\"color: #ff6600\"><a style=\"color: #ff6600\" href=\"https:\/\/cosyowl.com\/pl\/przewodniki\/rozwiazywanie-problemow\/?wmc-currency=EUR\">Rozwi\u0105zywanie problem\u00f3w zwi\u0105zanych z produkcj\u0105 \u015bwiec<\/a><\/span><\/strong><\/li>\n<li><strong><span style=\"color: #ff6600\"><a style=\"color: #ff6600\" href=\"https:\/\/cosyowl.com\/pl\/przewodniki\/faq\/?wmc-currency=EUR\">Najcz\u0119\u015bciej zadawane pytania dotycz\u0105ce tworzenia \u015bwiec<\/a><\/span><\/strong><\/li>\n<li><strong><span style=\"color: #ff6600\"><a style=\"color: #ff6600\" href=\"https:\/\/cosyowl.com\/pl\/przewodniki\/?wmc-currency=EUR\">Przewodniki i przepisy<\/a><\/span><\/strong><\/li>\n<\/ul>","protected":false},"excerpt":{"rendered":"<p>Our kits are the perfect purchase for anyone looking to get creative and start crafting their own candles. With this candle making kit you have everything you need to make up to 5 candles with a Cinnamon Stick scent and seasonal Light Brown colour. What\u2019s Inside Your Candle Making Kit? 800g of high-quality Soy Container [&hellip;]<\/p>\n","protected":false},"featured_media":60387,"comment_status":"open","ping_status":"closed","template":"","meta":{"_acf_changed":false},"product_brand":[],"product_cat":[530,720,498],"product_tag":[917,1594],"class_list":{"0":"post-44459","1":"product","2":"type-product","3":"status-publish","4":"has-post-thumbnail","6":"product_cat-candle-making-kits","7":"product_cat-candle-making-kits-candle-making-supplies","8":"product_cat-christmas","9":"product_tag-candle-making-kit","10":"product_tag-christmas","11":"product_shipping_class-royal_mail_kits","13":"first","14":"instock","15":"taxable","16":"shipping-taxable","17":"purchasable","18":"product-type-simple"},"acf":[],"_links":{"self":[{"href":"https:\/\/cosyowl.com\/pl\/wp-json\/wp\/v2\/product\/44459","targetHints":{"allow":["GET"]}}],"collection":[{"href":"https:\/\/cosyowl.com\/pl\/wp-json\/wp\/v2\/product"}],"about":[{"href":"https:\/\/cosyowl.com\/pl\/wp-json\/wp\/v2\/types\/product"}],"replies":[{"embeddable":true,"href":"https:\/\/cosyowl.com\/pl\/wp-json\/wp\/v2\/comments?post=44459"}],"wp:featuredmedia":[{"embeddable":true,"href":"https:\/\/cosyowl.com\/pl\/wp-json\/wp\/v2\/media\/60387"}],"wp:attachment":[{"href":"https:\/\/cosyowl.com\/pl\/wp-json\/wp\/v2\/media?parent=44459"}],"wp:term":[{"taxonomy":"product_brand","embeddable":true,"href":"https:\/\/cosyowl.com\/pl\/wp-json\/wp\/v2\/product_brand?post=44459"},{"taxonomy":"product_cat","embeddable":true,"href":"https:\/\/cosyowl.com\/pl\/wp-json\/wp\/v2\/product_cat?post=44459"},{"taxonomy":"product_tag","embeddable":true,"href":"https:\/\/cosyowl.com\/pl\/wp-json\/wp\/v2\/product_tag?post=44459"}],"curies":[{"name":"wp","href":"https:\/\/api.w.org\/{rel}","templated":true}]}}