{"id":42251,"date":"2022-05-27T11:28:08","date_gmt":"2022-05-27T10:28:08","guid":{"rendered":"https:\/\/cosyowl.com\/?post_type=product&#038;p=42251"},"modified":"2026-03-03T13:45:34","modified_gmt":"2026-03-03T13:45:34","slug":"gruby-brokatowy-pakiet","status":"publish","type":"product","link":"https:\/\/cosyowl.com\/pl\/bundles\/glitter-bundles\/chunky-glitter-bundle","title":{"rendered":"Chunky Glitter Bundle"},"content":{"rendered":"<h2 style=\"text-align: center\"><strong>Chunky Glitter Bundle<\/strong><\/h2>\n<table style=\"height: 72px;border-style: solid;border-color: black;background-color: white;margin-left: auto;margin-right: auto;width: 682px\" border=\"1\">\n<tbody>\n<tr>\n<td style=\"width: 217.135px;text-align: center\"><strong>RRP<\/strong><\/td>\n<td style=\"width: 220.729px;text-align: center\"><strong>Nasza cena pakietu<\/strong><\/td>\n<td style=\"width: 224.861px;text-align: center\"><strong>Oszcz\u0119dzasz<\/strong><\/td>\n<\/tr>\n<tr style=\"height: 18px\">\n<td style=\"height: 18px;width: 217.135px;text-align: center\"><strong>\u00a3<\/strong><strong>18.24<\/strong><\/td>\n<td style=\"width: 220.729px;text-align: center\"><strong>\u00a314.99<\/strong><\/td>\n<td style=\"height: 18px;width: 224.861px;text-align: center\"><span style=\"color: #ff0000\">\u00a33.25<\/span><\/td>\n<\/tr>\n<\/tbody>\n<\/table>\n<p>&nbsp;<\/p>\n<p>Nasz gruby brokat to \u015bwietny spos\u00f3b na dodanie czego\u015b ekstra do wosku. Te brokaty s\u0105 bardzo <a href=\"https:\/\/cosyowl.com\/pl\/candle-making-supplies\/glitters\/fluorescent-peach\">przyci\u0105gaj\u0105cy wzrok<\/a> po zawieszeniu w wosku.<\/p>\n<p>Zestaw zawiera:<\/p>\n<p>25 g <a href=\"https:\/\/cosyowl.com\/pl\/materialy-do-produkcji-swiec\/blyszczy\/swieca-serce-brokat\/?wmc-currency=EUR\">Heart Glitter<\/a><\/p>\n<p>25 g <a href=\"https:\/\/cosyowl.com\/pl\/materialy-do-produkcji-swiec\/blyszczy\/bialo-niebieski-brokat-okragly\/?wmc-currency=EUR\">Bia\u0142y i okr\u0105g\u0142y brokat<\/a><\/p>\n<p>25 g <a href=\"https:\/\/cosyowl.com\/pl\/materialy-do-produkcji-swiec\/blyszczy\/gold-purple-blue-circle\/?wmc-currency=EUR\">Z\u0142oty, fioletowy i niebieski brokat w kszta\u0142cie ko\u0142a<\/a><\/p>\n<p>&nbsp;<\/p>\n<p>Ten brokat mo\u017ce by\u0107 stosowany w myd\u0142ach, lakierach do paznokci, r\u0119kodziele, farbach i pow\u0142okach oraz grafice.<\/p>\n<p>Uwaga - ten produkt najlepiej stosowa\u0107 w <a href=\"https:\/\/cosyowl.com\/pl\/guides\/sandalwood-vanilla-leaf-wax-melts-guide\">wosk topi si\u0119<\/a>Je\u015bli jest u\u017cywany w \u015bwiecach, mo\u017ce zatka\u0107 knot!<\/p>","protected":false},"excerpt":{"rendered":"<p>Chunky Glitter Bundle RRP Our Bundle Price You Save \u00a318.24 \u00a314.99 \u00a33.25 &nbsp; Our chunky glitter great way to add something extra to your wax. These glitters are very eye-catching when suspended in wax. This Bundle Includes: 25g of Heart Glitter 25g of White and Circle Glitter 25g of Gold Purple and Blue Circle Glitter [&hellip;]<\/p>\n","protected":false},"featured_media":42299,"comment_status":"open","ping_status":"closed","template":"","meta":{"_acf_changed":false},"product_brand":[],"product_cat":[719,724,715,540,541],"product_tag":[914],"class_list":{"0":"post-42251","1":"product","2":"type-product","3":"status-publish","4":"has-post-thumbnail","6":"product_cat-bundles-candle-making-supplies","7":"product_cat-glitter-bundles-candle-making","8":"product_cat-glitter-bundles-bundles","9":"product_cat-candle-making-supplies-mica-powder-glitter","10":"product_cat-wax-melts-mica-powder-and-glitter","11":"product_tag-glitter","12":"product_shipping_class-royal_mail","14":"first","15":"instock","16":"taxable","17":"shipping-taxable","18":"purchasable","19":"product-type-simple"},"acf":[],"_links":{"self":[{"href":"https:\/\/cosyowl.com\/pl\/wp-json\/wp\/v2\/product\/42251","targetHints":{"allow":["GET"]}}],"collection":[{"href":"https:\/\/cosyowl.com\/pl\/wp-json\/wp\/v2\/product"}],"about":[{"href":"https:\/\/cosyowl.com\/pl\/wp-json\/wp\/v2\/types\/product"}],"replies":[{"embeddable":true,"href":"https:\/\/cosyowl.com\/pl\/wp-json\/wp\/v2\/comments?post=42251"}],"wp:featuredmedia":[{"embeddable":true,"href":"https:\/\/cosyowl.com\/pl\/wp-json\/wp\/v2\/media\/42299"}],"wp:attachment":[{"href":"https:\/\/cosyowl.com\/pl\/wp-json\/wp\/v2\/media?parent=42251"}],"wp:term":[{"taxonomy":"product_brand","embeddable":true,"href":"https:\/\/cosyowl.com\/pl\/wp-json\/wp\/v2\/product_brand?post=42251"},{"taxonomy":"product_cat","embeddable":true,"href":"https:\/\/cosyowl.com\/pl\/wp-json\/wp\/v2\/product_cat?post=42251"},{"taxonomy":"product_tag","embeddable":true,"href":"https:\/\/cosyowl.com\/pl\/wp-json\/wp\/v2\/product_tag?post=42251"}],"curies":[{"name":"wp","href":"https:\/\/api.w.org\/{rel}","templated":true}]}}