{"id":42250,"date":"2022-05-27T11:25:55","date_gmt":"2022-05-27T10:25:55","guid":{"rendered":"https:\/\/cosyowl.com\/?post_type=product&#038;p=42250"},"modified":"2026-03-03T13:45:34","modified_gmt":"2026-03-03T13:45:34","slug":"jasny-brokatowy-pakiet","status":"publish","type":"product","link":"https:\/\/cosyowl.com\/pl\/bundles\/glitter-bundles\/bright-glitter-bundle","title":{"rendered":"Zestaw Bright Glitter"},"content":{"rendered":"<h2 style=\"text-align: center\"><strong>Zestaw Bright Glitter<\/strong><\/h2>\n<table style=\"height: 72px;border-style: solid;border-color: black;background-color: white;margin-left: auto;margin-right: auto;width: 682px\" border=\"1\">\n<tbody>\n<tr>\n<td style=\"width: 217.135px;text-align: center\"><strong>RRP<\/strong><\/td>\n<td style=\"width: 220.729px;text-align: center\"><strong>Nasza cena pakietu<\/strong><\/td>\n<td style=\"width: 224.861px;text-align: center\"><strong>Oszcz\u0119dzasz<\/strong><\/td>\n<\/tr>\n<tr style=\"height: 18px\">\n<td style=\"height: 18px;width: 217.135px;text-align: center\"><strong>\u00a3<\/strong><strong>42.98<\/strong><\/td>\n<td style=\"width: 220.729px;text-align: center\"><strong>\u00a334.99<\/strong><\/td>\n<td style=\"height: 18px;width: 224.861px;text-align: center\"><span style=\"color: #ff0000\">\u00a37.99<\/span><\/td>\n<\/tr>\n<\/tbody>\n<\/table>\n<p>&nbsp;<\/p>\n<p>Te b\u0142yszcz\u0105ce brokaty to obowi\u0105zkowy element Twojej garderoby. <a href=\"https:\/\/cosyowl.com\/pl\/guides\/sandalwood-vanilla-leaf-wax-melts-guide\">wosk topi si\u0119<\/a>. Dzi\u0119ki swoim mocnym odcieniom brokaty te wzmacniaj\u0105 inne brokaty o podobnych kolorach.<\/p>\n<p>Zestaw zawiera:<\/p>\n<p>25 g <a href=\"https:\/\/cosyowl.com\/pl\/materialy-do-produkcji-swiec\/blyszczy\/czerwona-swieca-brokatowa\/?wmc-currency=EUR\">Czerwony<\/a><\/p>\n<p>25 g <a href=\"https:\/\/cosyowl.com\/pl\/materialy-do-produkcji-swiec\/blyszczy\/turkusowo-niebieska-swieca-brokatowa\/?wmc-currency=EUR\">Turkusowy niebieski<\/a><\/p>\n<p>25 g <a href=\"https:\/\/cosyowl.com\/pl\/materialy-do-produkcji-swiec\/blyszczy\/teczowa-rozowa-swieca-brokatowa\/?wmc-currency=EUR\">T\u0119czowy r\u00f3\u017c<\/a><\/p>\n<p>25 g <a href=\"https:\/\/cosyowl.com\/pl\/materialy-do-produkcji-swiec\/blyszczy\/jablko-zielone-biodegradowalne\/?wmc-currency=EUR\">Apple Green<\/a><\/p>\n<p>25 g <a href=\"https:\/\/cosyowl.com\/pl\/materialy-do-produkcji-swiec\/blyszczy\/fluorescencyjny-zolty\/?wmc-currency=EUR\">Fluorescencyjny \u017c\u00f3\u0142ty<\/a><\/p>\n<p>25 g <a href=\"https:\/\/cosyowl.com\/pl\/materialy-do-produkcji-swiec\/blyszczy\/fluorescencyjna-brzoskwinia\/?wmc-currency=EUR\">Fluorescencyjna brzoskwinia<\/a><\/p>\n<p>25 g <a href=\"https:\/\/cosyowl.com\/pl\/materialy-do-produkcji-swiec\/blyszczy\/fluorescencyjny-zielony\/?wmc-currency=EUR\">Zielony fluorescencyjny<\/a><\/p>\n<p>25 g <a href=\"https:\/\/cosyowl.com\/pl\/materialy-do-produkcji-swiec\/blyszczy\/magiczna-fioletowa-swieca-brokatowa\/?wmc-currency=EUR\">Magic Purple<\/a><\/p>\n<p>&nbsp;<\/p>\n<p>Ten brokat mo\u017ce by\u0107 stosowany w kosmetykach, cieniach do powiek, myd\u0142ach, zdobieniu paznokci i r\u0119kodziele.<\/p>\n<p>Uwaga - ten produkt najlepiej stosowa\u0107 w woskach do topienia, je\u015bli zostanie u\u017cyty w \u015bwiecach, mo\u017ce zatka\u0107 knot!<\/p>","protected":false},"excerpt":{"rendered":"<p>Bright Glitter Bundle RRP Our Bundle Price You Save \u00a342.98 \u00a334.99 \u00a37.99 &nbsp; These bright glitters are a must-have for your wax melts. With their powerful hues, these glitters enhance other shimmers of similar colours. This Bundle Includes: 25g of Red 25g of Turquoise Blue 25g of Rainbow Pink 25g of Apple Green 25g of [&hellip;]<\/p>\n","protected":false},"featured_media":42290,"comment_status":"open","ping_status":"closed","template":"","meta":{"_acf_changed":false},"product_brand":[],"product_cat":[719,724,715,540,541],"product_tag":[914],"class_list":{"0":"post-42250","1":"product","2":"type-product","3":"status-publish","4":"has-post-thumbnail","6":"product_cat-bundles-candle-making-supplies","7":"product_cat-glitter-bundles-candle-making","8":"product_cat-glitter-bundles-bundles","9":"product_cat-candle-making-supplies-mica-powder-glitter","10":"product_cat-wax-melts-mica-powder-and-glitter","11":"product_tag-glitter","12":"product_shipping_class-royal_mail","14":"first","15":"instock","16":"taxable","17":"shipping-taxable","18":"purchasable","19":"product-type-simple"},"acf":[],"_links":{"self":[{"href":"https:\/\/cosyowl.com\/pl\/wp-json\/wp\/v2\/product\/42250","targetHints":{"allow":["GET"]}}],"collection":[{"href":"https:\/\/cosyowl.com\/pl\/wp-json\/wp\/v2\/product"}],"about":[{"href":"https:\/\/cosyowl.com\/pl\/wp-json\/wp\/v2\/types\/product"}],"replies":[{"embeddable":true,"href":"https:\/\/cosyowl.com\/pl\/wp-json\/wp\/v2\/comments?post=42250"}],"wp:featuredmedia":[{"embeddable":true,"href":"https:\/\/cosyowl.com\/pl\/wp-json\/wp\/v2\/media\/42290"}],"wp:attachment":[{"href":"https:\/\/cosyowl.com\/pl\/wp-json\/wp\/v2\/media?parent=42250"}],"wp:term":[{"taxonomy":"product_brand","embeddable":true,"href":"https:\/\/cosyowl.com\/pl\/wp-json\/wp\/v2\/product_brand?post=42250"},{"taxonomy":"product_cat","embeddable":true,"href":"https:\/\/cosyowl.com\/pl\/wp-json\/wp\/v2\/product_cat?post=42250"},{"taxonomy":"product_tag","embeddable":true,"href":"https:\/\/cosyowl.com\/pl\/wp-json\/wp\/v2\/product_tag?post=42250"}],"curies":[{"name":"wp","href":"https:\/\/api.w.org\/{rel}","templated":true}]}}