{"id":42247,"date":"2022-05-27T11:20:29","date_gmt":"2022-05-27T10:20:29","guid":{"rendered":"https:\/\/cosyowl.com\/?post_type=product&#038;p=42247"},"modified":"2026-03-03T13:45:33","modified_gmt":"2026-03-03T13:45:33","slug":"pakiet-barwnikow-teczowych","status":"publish","type":"product","link":"https:\/\/cosyowl.com\/pl\/bundles\/dye-bundles\/rainbow-dye-bundle","title":{"rendered":"Rainbow Dye Bundle"},"content":{"rendered":"<h2 style=\"text-align: center\"><strong>Rainbow Dye Bundle <\/strong><\/h2>\n<table style=\"height: 72px;border-style: solid;border-color: black;background-color: white;margin-left: auto;margin-right: auto;width: 682px\" border=\"1\">\n<tbody>\n<tr>\n<td style=\"width: 217.135px;text-align: center\"><strong>RRP<\/strong><\/td>\n<td style=\"width: 220.729px;text-align: center\"><strong>Nasza cena pakietu<\/strong><\/td>\n<td style=\"width: 224.861px;text-align: center\"><strong>Oszcz\u0119dzasz<\/strong><\/td>\n<\/tr>\n<tr style=\"height: 18px\">\n<td style=\"height: 18px;width: 217.135px;text-align: center\"><span style=\"text-decoration: line-through\"><strong>\u00a3<\/strong><\/span><strong>7.86<\/strong><\/td>\n<td style=\"width: 220.729px;text-align: center\"><strong>\u00a35.29<\/strong><\/td>\n<td style=\"height: 18px;width: 224.861px;text-align: center\"><span style=\"color: #ff0000\">\u00a32.57<\/span><\/td>\n<\/tr>\n<\/tbody>\n<\/table>\n<p>&nbsp;<\/p>\n<p><a href=\"https:\/\/cosyowl.com\/pl\/guides\/how-to-make-wax-melts-at-home\">Rzemios\u0142o<\/a> z naszym wyborem t\u0119czowych barwnik\u00f3w jasnych i <a href=\"https:\/\/cosyowl.com\/pl\/craft-supplies\/wax-melt-supplies\/mica-powder-glitter\/bright-peach-biodegradable-candle-glitter\">\u017cywy<\/a> kolor do \u015bwiec i <a href=\"https:\/\/cosyowl.com\/pl\/guides\/sandalwood-vanilla-leaf-wax-melts-guide\">wosk topi si\u0119<\/a>.<\/p>\n<p><strong>Zestaw zawiera:<\/strong><\/p>\n<p>3 g <a href=\"https:\/\/cosyowl.com\/pl\/barwniki-do-swiec\/bekro-6099-25-pomaranczowy-barwnik-do-swiec\/?wmc-currency=EUR\">Barwnik pomara\u0144czowy<\/a><\/p>\n<p>3 g <a href=\"https:\/\/cosyowl.com\/pl\/barwniki-do-swiec\/bekro-30-6077-czerwony-barwnik-do-swiec\/?wmc-currency=EUR\">Czerwony barwnik<\/a><\/p>\n<p>3 g <a href=\"https:\/\/cosyowl.com\/pl\/barwniki-do-swiec\/bekro-10-937-zolty-barwnik-do-swiec\/?wmc-currency=EUR\">\u017b\u00f3\u0142ty barwnik<\/a><\/p>\n<p>3 g <a href=\"https:\/\/cosyowl.com\/pl\/barwniki-do-swiec\/bekro-71-917-zielony-barwnik-do-swiec\/?wmc-currency=EUR\">Zielony barwnik<\/a><\/p>\n<p>3 g <a href=\"https:\/\/cosyowl.com\/pl\/barwniki-do-swiec\/bekro-51-4027-niebieski-barwnik-do-swiec\/?wmc-currency=EUR\">Niebieski barwnik<\/a><\/p>\n<p>3 g <a href=\"https:\/\/cosyowl.com\/pl\/barwniki-do-swiec\/bekro-6139-65-fioletowy-barwnik-do-swiec\/?wmc-currency=EUR\">Fioletowy barwnik<\/a><\/p>\n<p>Te <a href=\"https:\/\/cosyowl.com\/pl\/craft-supplies\/wax-melt-supplies\/mica-powder-glitter\/light-copper-biodegradable-candle-glitter\">przyjazny dla \u015brodowiska<\/a>Nietoksyczne barwniki s\u0105 wysoce skoncentrowane, \u0142atwe w u\u017cyciu i zapewniaj\u0105 du\u017c\u0105 g\u0142\u0119bi\u0119 koloru. Barwnik jest bardzo \u0142atwo dodawany i mieszany do roztopionego wosku i rozprasza si\u0119 r\u00f3wnomiernie w wosku, zapewniaj\u0105c wymagan\u0105 konsystencj\u0119. Rezultatem jest <a href=\"https:\/\/cosyowl.com\/pl\/guides\/a-summers-beach-gel-votive-candle\">\u015bwieca<\/a> z kolorystyk\u0105 nie r\u00f3\u017cni\u0105c\u0105 si\u0119 od tych, kt\u00f3re s\u0105 produkowane profesjonalnie. Konkurencyjne ceny Cosy Owl sprawiaj\u0105, \u017ce profesjonalny poziom <a href=\"https:\/\/cosyowl.com\/pl\/guides\/how-to-make-a-candle\">produkcja \u015bwiec<\/a> Bardzo przyst\u0119pna cena i fantastyczny stosunek jako\u015bci do ceny.<\/p>\n<p>Do wosku mo\u017cna dodawa\u0107 r\u00f3\u017cnokolorowe barwniki, tworz\u0105c kolory kompozytowe, co pozwala na eksperymentowanie z w\u0142asnymi umiej\u0119tno\u015bciami tw\u00f3rczymi przy produkcji \u015bwiec i wosk\u00f3w Melts.<\/p>\n<p>Nale\u017cy pami\u0119ta\u0107, \u017ce zdj\u0119cie sta\u0142ego barwnika nie zawsze odzwierciedla kolor \u015bwiecy po zako\u0144czeniu. Ten produkt nie nadaje si\u0119 do stosowania z woskiem \u017celowym.<\/p>","protected":false},"excerpt":{"rendered":"<p>Rainbow Dye Bundle RRP Our Bundle Price You Save \u00a37.86 \u00a35.29 \u00a32.57 &nbsp; Craft with our selection of Rainbow dyes bright and vibrant colour to your candles and wax melts. This Bundle Includes: 3g of Orange Dye 3g of Red Dye 3g of Yellow Dye 3g of Green Dye 3g of Blue Dye 3g of [&hellip;]<\/p>\n","protected":false},"featured_media":42269,"comment_status":"open","ping_status":"closed","template":"","meta":{"_acf_changed":false},"product_brand":[],"product_cat":[708,719,496,722,497],"product_tag":[916],"class_list":{"0":"post-42247","1":"product","2":"type-product","3":"status-publish","4":"has-post-thumbnail","6":"product_cat-dye-bundles","7":"product_cat-bundles-candle-making-supplies","8":"product_cat-candle-dyes","9":"product_cat-bundles-dye-candle-making","10":"product_cat-wax-melts-dyes","11":"product_tag-dye","12":"product_shipping_class-royal_mail_letter","14":"first","15":"outofstock","16":"taxable","17":"shipping-taxable","18":"purchasable","19":"product-type-simple"},"acf":[],"_links":{"self":[{"href":"https:\/\/cosyowl.com\/pl\/wp-json\/wp\/v2\/product\/42247","targetHints":{"allow":["GET"]}}],"collection":[{"href":"https:\/\/cosyowl.com\/pl\/wp-json\/wp\/v2\/product"}],"about":[{"href":"https:\/\/cosyowl.com\/pl\/wp-json\/wp\/v2\/types\/product"}],"replies":[{"embeddable":true,"href":"https:\/\/cosyowl.com\/pl\/wp-json\/wp\/v2\/comments?post=42247"}],"wp:featuredmedia":[{"embeddable":true,"href":"https:\/\/cosyowl.com\/pl\/wp-json\/wp\/v2\/media\/42269"}],"wp:attachment":[{"href":"https:\/\/cosyowl.com\/pl\/wp-json\/wp\/v2\/media?parent=42247"}],"wp:term":[{"taxonomy":"product_brand","embeddable":true,"href":"https:\/\/cosyowl.com\/pl\/wp-json\/wp\/v2\/product_brand?post=42247"},{"taxonomy":"product_cat","embeddable":true,"href":"https:\/\/cosyowl.com\/pl\/wp-json\/wp\/v2\/product_cat?post=42247"},{"taxonomy":"product_tag","embeddable":true,"href":"https:\/\/cosyowl.com\/pl\/wp-json\/wp\/v2\/product_tag?post=42247"}],"curies":[{"name":"wp","href":"https:\/\/api.w.org\/{rel}","templated":true}]}}