{"id":42244,"date":"2022-05-27T11:04:21","date_gmt":"2022-05-27T10:04:21","guid":{"rendered":"https:\/\/cosyowl.com\/?post_type=product&#038;p=42244"},"modified":"2026-03-03T13:45:33","modified_gmt":"2026-03-03T13:45:33","slug":"zestaw-pastelowych-barwnikow","status":"publish","type":"product","link":"https:\/\/cosyowl.com\/pl\/bundles\/dye-bundles\/pastel-dye-bundle","title":{"rendered":"Zestaw pastelowych barwnik\u00f3w"},"content":{"rendered":"<h2 style=\"text-align: center\"><strong>Zestaw pastelowych barwnik\u00f3w <\/strong><\/h2>\n<table style=\"height: 72px;border-style: solid;border-color: black;background-color: white;margin-left: auto;margin-right: auto;width: 682px\" border=\"1\">\n<tbody>\n<tr>\n<td style=\"width: 217.135px;text-align: center\"><strong>RRP<\/strong><\/td>\n<td style=\"width: 220.729px;text-align: center\"><strong>Nasza cena pakietu<\/strong><\/td>\n<td style=\"width: 224.861px;text-align: center\"><strong>Oszcz\u0119dzasz<\/strong><\/td>\n<\/tr>\n<tr style=\"height: 18px\">\n<td style=\"height: 18px;width: 217.135px;text-align: center\"><span style=\"text-decoration: line-through\"><strong>\u00a3<\/strong><\/span><strong>6.55<\/strong><\/td>\n<td style=\"width: 220.729px;text-align: center\"><strong>\u00a34.99<\/strong><\/td>\n<td style=\"height: 18px;width: 224.861px;text-align: center\"><span style=\"color: #ff0000\">\u00a31.56<\/span><\/td>\n<\/tr>\n<\/tbody>\n<\/table>\n<p>&nbsp;<\/p>\n<p><a href=\"https:\/\/cosyowl.com\/pl\/guides\/how-to-make-wax-melts-at-home\">Rzemios\u0142o<\/a> z naszym wyborem pastelowych barwnik\u00f3w, aby doda\u0107 delikatne odcienie koloru do swoich \u015bwiec i <a href=\"https:\/\/cosyowl.com\/pl\/guides\/sandalwood-vanilla-leaf-wax-melts-guide\">wosk topi si\u0119<\/a>.<\/p>\n<p><strong>Zestaw zawiera:<\/strong><\/p>\n<p>3 g <a href=\"https:\/\/cosyowl.com\/pl\/barwniki-do-swiec\/bekro-227-kremowy-barwnik-do-swiec\/?wmc-currency=EUR\">Kremowy barwnik do \u015bwiec<\/a><\/p>\n<p>3 g <a href=\"https:\/\/cosyowl.com\/pl\/barwniki-do-swiec\/bekro-35-4141-rozowy-barwnik-do-swiec\/?wmc-currency=EUR\">Jasnor\u00f3\u017cowy r\u00f3\u017cowy barwnik<\/a><\/p>\n<p>3 g <a href=\"https:\/\/cosyowl.com\/pl\/barwniki-do-swiec\/bekro-60-1127-liliowy-barwnik-do-swiec\/?wmc-currency=EUR\">Liliowy barwnik<\/a><\/p>\n<p>3 g <a href=\"https:\/\/cosyowl.com\/pl\/barwniki-do-swiec\/bekro-52-5561-niebieski-barwnik-do-swiec\/?wmc-currency=EUR\">Jasnoniebieski barwnik<\/a><\/p>\n<p>3 g <a href=\"https:\/\/cosyowl.com\/pl\/barwniki-do-swiec\/bekro-72-7427-zielony-barwnik-do-swiec\/?wmc-currency=EUR\">Jasnozielony barwnik<\/a><\/p>\n<p>Te <a href=\"https:\/\/cosyowl.com\/pl\/craft-supplies\/wax-melt-supplies\/mica-powder-glitter\/light-copper-biodegradable-candle-glitter\">przyjazny dla \u015brodowiska<\/a>Nietoksyczne barwniki s\u0105 wysoce skoncentrowane, \u0142atwe w u\u017cyciu i zapewniaj\u0105 du\u017c\u0105 g\u0142\u0119bi\u0119 koloru. Barwnik jest bardzo \u0142atwo dodawany i mieszany do roztopionego wosku i rozprasza si\u0119 r\u00f3wnomiernie w wosku, zapewniaj\u0105c wymagan\u0105 konsystencj\u0119. Rezultatem jest <a href=\"https:\/\/cosyowl.com\/pl\/guides\/a-summers-beach-gel-votive-candle\">\u015bwieca<\/a> z kolorystyk\u0105 nie r\u00f3\u017cni\u0105c\u0105 si\u0119 od tych, kt\u00f3re s\u0105 produkowane profesjonalnie. Konkurencyjne ceny Cosy Owl sprawiaj\u0105, \u017ce profesjonalny poziom <a href=\"https:\/\/cosyowl.com\/pl\/guides\/how-to-make-a-candle\">produkcja \u015bwiec<\/a> Bardzo przyst\u0119pna cena i fantastyczny stosunek jako\u015bci do ceny.<\/p>\n<p>Do wosku mo\u017cna dodawa\u0107 r\u00f3\u017cnokolorowe barwniki, tworz\u0105c kolory kompozytowe, co pozwala na eksperymentowanie z w\u0142asnymi umiej\u0119tno\u015bciami tw\u00f3rczymi przy produkcji \u015bwiec i wosk\u00f3w Melts.<\/p>\n<p>Nale\u017cy pami\u0119ta\u0107, \u017ce zdj\u0119cie sta\u0142ego barwnika nie zawsze odzwierciedla kolor \u015bwiecy po zako\u0144czeniu. Ten produkt nie nadaje si\u0119 do stosowania z woskiem \u017celowym.<\/p>","protected":false},"excerpt":{"rendered":"<p>Pastel Dye Bundle RRP Our Bundle Price You Save \u00a36.55 \u00a34.99 \u00a31.56 &nbsp; Craft with our selection of pastel dyes to add soft hints of colour to your candles and wax melts. This Bundle Includes: 3g of Cream Candle Dye 3g of Light Rose Pink Dye 3g of Lilac Dye 3g of Light Blue Dye [&hellip;]<\/p>\n","protected":false},"featured_media":42255,"comment_status":"open","ping_status":"closed","template":"","meta":{"_acf_changed":false},"product_brand":[],"product_cat":[708,719,496,722,497,790],"product_tag":[916,1595],"class_list":{"0":"post-42244","1":"product","2":"type-product","3":"status-publish","4":"has-post-thumbnail","6":"product_cat-dye-bundles","7":"product_cat-bundles-candle-making-supplies","8":"product_cat-candle-dyes","9":"product_cat-bundles-dye-candle-making","10":"product_cat-wax-melts-dyes","11":"product_cat-easter","12":"product_tag-dye","13":"product_tag-easter","14":"product_shipping_class-royal_mail_letter","16":"first","17":"instock","18":"taxable","19":"shipping-taxable","20":"purchasable","21":"product-type-simple"},"acf":[],"_links":{"self":[{"href":"https:\/\/cosyowl.com\/pl\/wp-json\/wp\/v2\/product\/42244","targetHints":{"allow":["GET"]}}],"collection":[{"href":"https:\/\/cosyowl.com\/pl\/wp-json\/wp\/v2\/product"}],"about":[{"href":"https:\/\/cosyowl.com\/pl\/wp-json\/wp\/v2\/types\/product"}],"replies":[{"embeddable":true,"href":"https:\/\/cosyowl.com\/pl\/wp-json\/wp\/v2\/comments?post=42244"}],"wp:featuredmedia":[{"embeddable":true,"href":"https:\/\/cosyowl.com\/pl\/wp-json\/wp\/v2\/media\/42255"}],"wp:attachment":[{"href":"https:\/\/cosyowl.com\/pl\/wp-json\/wp\/v2\/media?parent=42244"}],"wp:term":[{"taxonomy":"product_brand","embeddable":true,"href":"https:\/\/cosyowl.com\/pl\/wp-json\/wp\/v2\/product_brand?post=42244"},{"taxonomy":"product_cat","embeddable":true,"href":"https:\/\/cosyowl.com\/pl\/wp-json\/wp\/v2\/product_cat?post=42244"},{"taxonomy":"product_tag","embeddable":true,"href":"https:\/\/cosyowl.com\/pl\/wp-json\/wp\/v2\/product_tag?post=42244"}],"curies":[{"name":"wp","href":"https:\/\/api.w.org\/{rel}","templated":true}]}}