{"id":42134,"date":"2022-04-20T16:54:30","date_gmt":"2022-04-20T15:54:30","guid":{"rendered":"https:\/\/cosyowl.com\/?post_type=product&#038;p=42134"},"modified":"2026-03-24T16:27:33","modified_gmt":"2026-03-24T16:27:33","slug":"cosy-owl-tropical-fragrance-oil-collection-pack-of-5","status":"publish","type":"product","link":"https:\/\/cosyowl.com\/pl\/candle-making-supplies\/fragrance-oils-for-candle-making\/fragrance-oil-sets\/cosy-owl-tropical-fragrance-oil-collection-pack-of-5","title":{"rendered":"Kolekcja olejk\u00f3w zapachowych Cosy Owl Tropical - (zestaw 5)"},"content":{"rendered":"<p><strong><a href=\"https:\/\/cosyowl.com\/pl\/candle-making-supplies\/fragrance-oils-for-candle-making\/all-fragrances\/black-coconut-fragrance-oil\">Tropikalny<\/a> <a href=\"https:\/\/cosyowl.com\/pl\/candle-making-supplies\/fragrance-oils-for-candle-making\/premium-fragrance-oils\/cosy-owl-premium-1-million-type-fragrance-oil\">Olejek zapachowy<\/a> Kolekcja.<\/strong><\/p>\n<p>Nasze zestawy olejk\u00f3w zapachowych to doskona\u0142y spos\u00f3b na przetestowanie naszych bestseller\u00f3w <a href=\"https:\/\/cosyowl.com\/pl\/guides\/2023-spring-fragrance-oil-trends\">olejki zapachowe<\/a>.<\/p>\n<p>Zestaw zawiera 5 olejk\u00f3w zapachowych o pojemno\u015bci 10 ml z kolekcji Tropical.<\/p>\n<ul>\n<li><span style=\"color: #000000\"><strong><a href=\"https:\/\/cosyowl.com\/pl\/olejki-zapachowe\/limonka-kokosowa\/?wmc-currency=EUR\" target=\"_blank\" rel=\"noopener\">Limonka kokosowa<\/a><\/strong>\u00a0<\/span>- Nasz <a href=\"https:\/\/cosyowl.com\/pl\/craft-kits\/wax-melt-making-kits\/coconut-lime-wax-melt-making-kit\">Limonka kokosowa<\/a> Olejek zapachowy zosta\u0142 specjalnie opracowany, aby przywo\u0142a\u0107 znajomy zapach kojarzony z tym du\u017cym owalnym br\u0105zowym nasieniem tropikalnej palmy w po\u0142\u0105czeniu z lekko cytrusowym aromatem limonki. Olejek i mleczko z <a href=\"https:\/\/cosyowl.com\/pl\/fragrance-oils\/coconut\">kokos<\/a> wraz ze sk\u00f3rk\u0105 limonki s\u0105 syntetycznie mieszane w naszym olejku zapachowym, kt\u00f3ry natychmiast emanuje silnym i wyra\u017anym zapachem kojarzonym z wod\u0105 kokosow\u0105, cierpk\u0105 sk\u00f3rk\u0105 limonki i wod\u0105 kokosow\u0105. <a href=\"https:\/\/cosyowl.com\/pl\/fragrance-oils\/lemon\">cytryna<\/a>sok z limonki, starty imbir. Ten pocz\u0105tkowy aromat jest najbardziej wyra\u017any, poniewa\u017c <a href=\"https:\/\/cosyowl.com\/pl\/guides\/a-summers-beach-gel-votive-candle\">\u015bwieca<\/a> zaczyna si\u0119 pali\u0107, wype\u0142niaj\u0105c Tw\u00f3j pok\u00f3j zapachem, kt\u00f3ry jest nast\u0119pnie wzmocniony delikatnymi nutami ubitej kokosowej \u015bmietanki i werbeny. Do formu\u0142y tego charakterystycznego zapachu dodany zosta\u0142 zachwycaj\u0105cy \u015blad wanilii, bia\u0142ego cedru i pi\u017cma.<\/li>\n<\/ul>\n<ul>\n<li><a href=\"https:\/\/cosyowl.com\/pl\/olejki-zapachowe\/ananas-mango\/?wmc-currency=EUR\" target=\"_blank\" rel=\"noopener\"><strong>Ananas Mango<\/strong><\/a> \u2013 Nasz olejek zapachowy Ananas i Mango zosta\u0142 specjalnie opracowany, aby wywo\u0142a\u0107 znajome i uwielbiane zapachy zwi\u0105zane z tymi wspania\u0142ymi tropikalnymi owocami i emanuje silnym i wyra\u017anym zapachem ananasa, melona miodowego, r\u00f3\u017cowego grejpfruta i sk\u00f3rki pomara\u0144czy. Ten pocz\u0105tkowy aromat jest najbardziej wyczuwalny, gdy \u015bwieca zaczyna si\u0119 pali\u0107, wype\u0142niaj\u0105c pomieszczenie zapachem, kt\u00f3ry nast\u0119pnie jest wzbogacony o lekkie nuty mango, tlenku r\u00f3\u017cy, cyklamenu i guawy. W sk\u0142ad tej charakterystycznej kompozycji zapachowej wchodzi zachwycaj\u0105ca nuta ko\u0144cowa pi\u017cma owocowego, wanilii i <a href=\"https:\/\/cosyowl.com\/pl\/candle-making-supplies\/fragrance-oils-for-candle-making\/all-fragrances\/french-vanilla-fragrance-oil\">kremowy<\/a> ga\u0142ka muszkato\u0142owa.<\/li>\n<\/ul>\n<ul>\n<li><strong><a href=\"https:\/\/cosyowl.com\/pl\/olejki-zapachowe\/granat\/?wmc-currency=EUR\" target=\"_blank\" rel=\"noopener\">Granat<\/a>\u00a0<\/strong>\u2013 Nasz olejek zapachowy Pomegranate Type zosta\u0142 specjalnie opracowany, aby uwolni\u0107 pot\u0119\u017cny zapach tego kulistego owocu o twardej z\u0142oto-pomara\u0144czowej sk\u00f3rce i s\u0142odkim czerwonym, galaretowatym mi\u0105\u017cszu, pochodz\u0105cego z drzewa rodzimego dla Afryki P\u00f3\u0142nocnej i zachodniej Azji. Zapach zapewnia mocny i wyra\u017any aromat kojarz\u0105cy si\u0119 z limonk\u0105 i <a href=\"https:\/\/cosyowl.com\/pl\/candle-making-supplies\/fragrance-oils-for-candle-making\/all-fragrances\/lemon-lavender-fragrance-oil\">sk\u00f3rka z cytryny<\/a>. Ten pocz\u0105tkowy aromat jest najbardziej wyra\u017any, gdy \u015bwieca zaczyna si\u0119 pali\u0107, wype\u0142niaj\u0105c pomieszczenie zapachem, kt\u00f3ry jest nast\u0119pnie wzmocniony lekkimi nutami granatu, <a href=\"https:\/\/cosyowl.com\/pl\/fragrance-oils\/raspberry\">malina<\/a> i \u015bliwka. Formu\u0142a tego charakterystycznego zapachu zawiera cudowny posmak wanilii, s\u0142odkiego pi\u017cma i mchu.<\/li>\n<\/ul>\n<ul>\n<li><a href=\"https:\/\/cosyowl.com\/pl\/materialy-do-produkcji-swiec\/olejki-zapachowe-do-produkcji-swiec\/wszystkie-zapachy\/tropikalny-olejek-zapachowy\/?wmc-currency=EUR\"><strong>Tropiki<\/strong><\/a> - Olejek zapachowy Tropics Fragrance Oil oddaje esencj\u0119 tropikalnego lata z jego <a href=\"https:\/\/cosyowl.com\/pl\/craft-supplies\/wax-melt-supplies\/mica-powder-glitter\/bright-peach-biodegradable-candle-glitter\">\u017cywy<\/a> mieszanka. Otwiera si\u0119 od <a href=\"https:\/\/cosyowl.com\/pl\/candle-making-supplies\/essential-oils\/rosemary-essential-oil\">o\u017cywczy<\/a> g\u00f3rne nuty <a href=\"https:\/\/cosyowl.com\/pl\/candle-making-supplies\/essential-oils\/eucalyptus-globulus-essential-oil\">\u015bwie\u017cy<\/a> ananas, brzoskwinia, marakuja, <a href=\"https:\/\/cosyowl.com\/pl\/all-fragrances\/sumptious-fruits-fragrance-oil\">owoce egzotyczne<\/a>, i soczystego grejpfruta, przechodz\u0105c w serce z kusz\u0105cego mango i owoc\u00f3w tropikalnych. Nuta bazy z mi\u0119kkiego pi\u017cma zapewnia ciep\u0142e i koj\u0105ce wyko\u0144czenie tego zachwycaj\u0105cego zapachu.<\/li>\n<\/ul>\n<ul>\n<li><a href=\"https:\/\/cosyowl.com\/pl\/materialy-do-produkcji-swiec\/olejki-zapachowe-do-produkcji-swiec\/wszystkie-zapachy\/olejek-zapachowy-brazilian-crush\/?wmc-currency=EUR\"><strong>Brazilian Crush<\/strong><\/a> - Przedstawiamy Brazilian Crush, urzekaj\u0105cy olejek zapachowy inspirowany sk\u0105panymi w s\u0142o\u0144cu pla\u017cami Brazylii. Z nutami migda\u0142\u00f3w, <a href=\"https:\/\/cosyowl.com\/pl\/candle-making-supplies\/fragrance-oils-for-candle-making\/all-fragrances\/chocolate-fragrance-oil\">czekolada<\/a>Kokos, kawa, wanilia, karmel i odrobina pi\u017cma to zachwycaj\u0105ca mieszanka, kt\u00f3ra przywo\u0142uje esencj\u0119 tropikalnej rozkoszy.<\/li>\n<\/ul>\n<p>Wszystkie zapachy zawarte w tym zestawie mo\u017cna naby\u0107 osobno.<\/p>","protected":false},"excerpt":{"rendered":"<p>Tropical Fragrance Oil Collection. Our Fragrance oil sets are the perfect way to test out our best-selling fragrance oils. This Set Includes 5x 10ml Fragrance Oils from our Tropical Collection. Coconut Lime\u00a0&#8211; Our Coconut Lime Fragrance Oil has been specially formulated to evoke the familiar scent associated with this large oval brown seed of a [&hellip;]<\/p>\n","protected":false},"featured_media":86737,"comment_status":"open","ping_status":"closed","template":"","meta":{"_acf_changed":false},"product_brand":[],"product_cat":[719,723,711,504,636,586,509,512,730,800,531],"product_tag":[908],"class_list":{"0":"post-42134","1":"product","2":"type-product","3":"status-publish","4":"has-post-thumbnail","6":"product_cat-bundles-candle-making-supplies","7":"product_cat-fragrance-oil-sets-candle-making","8":"product_cat-bundles-fragrance-oil-sets","9":"product_cat-fragrance-oils-all-fragrances","10":"product_cat-body-care-fragrance-oils","11":"product_cat-hair-care-fragrance-oils","12":"product_cat-soap-making-supplies-fragrances","13":"product_cat-wax-melts-fragrances","14":"product_cat-fragrances-for-reed-diffusers","15":"product_cat-new","16":"product_cat-fragrance-oils-new","17":"product_tag-fragrance-oil","18":"product_shipping_class-royal_mail","20":"first","21":"instock","22":"taxable","23":"shipping-taxable","24":"purchasable","25":"product-type-simple"},"acf":[],"_links":{"self":[{"href":"https:\/\/cosyowl.com\/pl\/wp-json\/wp\/v2\/product\/42134","targetHints":{"allow":["GET"]}}],"collection":[{"href":"https:\/\/cosyowl.com\/pl\/wp-json\/wp\/v2\/product"}],"about":[{"href":"https:\/\/cosyowl.com\/pl\/wp-json\/wp\/v2\/types\/product"}],"replies":[{"embeddable":true,"href":"https:\/\/cosyowl.com\/pl\/wp-json\/wp\/v2\/comments?post=42134"}],"wp:featuredmedia":[{"embeddable":true,"href":"https:\/\/cosyowl.com\/pl\/wp-json\/wp\/v2\/media\/86737"}],"wp:attachment":[{"href":"https:\/\/cosyowl.com\/pl\/wp-json\/wp\/v2\/media?parent=42134"}],"wp:term":[{"taxonomy":"product_brand","embeddable":true,"href":"https:\/\/cosyowl.com\/pl\/wp-json\/wp\/v2\/product_brand?post=42134"},{"taxonomy":"product_cat","embeddable":true,"href":"https:\/\/cosyowl.com\/pl\/wp-json\/wp\/v2\/product_cat?post=42134"},{"taxonomy":"product_tag","embeddable":true,"href":"https:\/\/cosyowl.com\/pl\/wp-json\/wp\/v2\/product_tag?post=42134"}],"curies":[{"name":"wp","href":"https:\/\/api.w.org\/{rel}","templated":true}]}}