{"id":42132,"date":"2022-04-20T16:49:55","date_gmt":"2022-04-20T15:49:55","guid":{"rendered":"https:\/\/cosyowl.com\/?post_type=product&#038;p=42132"},"modified":"2026-03-24T16:27:33","modified_gmt":"2026-03-24T16:27:33","slug":"kolekcja-olejkow-zapachowych-cosy-owl-premium-opakowanie-5-sztuk","status":"publish","type":"product","link":"https:\/\/cosyowl.com\/pl\/candle-making-supplies\/fragrance-oils-for-candle-making\/fragrance-oil-sets\/cosy-owl-premium-fragrance-oil-collection-pack-of-5","title":{"rendered":"Kolekcja olejk\u00f3w zapachowych Cosy Owl Premium - (zestaw 5)"},"content":{"rendered":"<p><strong>Premium <a href=\"https:\/\/cosyowl.com\/pl\/candle-making-supplies\/fragrance-oils-for-candle-making\/premium-fragrance-oils\/cosy-owl-premium-1-million-type-fragrance-oil\">Olejek zapachowy<\/a> Kolekcja.<\/strong><\/p>\n<p>Nasze zestawy olejk\u00f3w zapachowych to doskona\u0142y spos\u00f3b na przetestowanie naszych bestseller\u00f3w <a href=\"https:\/\/cosyowl.com\/pl\/guides\/2023-spring-fragrance-oil-trends\">olejki zapachowe<\/a>.<\/p>\n<p>Zestaw zawiera 5 olejk\u00f3w zapachowych o pojemno\u015bci 10 ml z naszej kolekcji Premium.<\/p>\n<ul>\n<li><strong><a href=\"https:\/\/cosyowl.com\/pl\/olejki-zapachowe\/olejek-zapachowy-jezyna-i-laur\/?wmc-currency=EUR\" target=\"_blank\" rel=\"noopener\">Je\u017cyna i zatoka<\/a><\/strong> - Kolejna podstawa w szeregach najs\u0142ynniejszych brytyjskich top end\u00f3w <a href=\"https:\/\/cosyowl.com\/pl\/looking-for-a-new-supplier-of-candle-making-materials\">dostawca \u015bwiec<\/a>przeformu\u0142owane dla <a href=\"https:\/\/cosyowl.com\/pl\/guides\/new-cosy-owl-premium-candle-fragrances\">Cosy Owl Premium<\/a> gama. Kwiatowo-owocowy zapach skierowany g\u0142\u00f3wnie do kobiet. Nuty g\u0142owy to bia\u0142a \u015bliwka, wiciokrzew, brzoskwinia i czarna herbata, a nuty \u015brodkowe to je\u017cyna, kwiat pomara\u0144czy i li\u015bcie laurowe. <a href=\"https:\/\/cosyowl.com\/pl\/candle-making-supplies\/fragrance-oils-for-candle-making\/all-fragrances\/french-vanilla-fragrance-oil\">kremowy<\/a> drzewo sanda\u0142owe, kt\u00f3re <a href=\"https:\/\/cosyowl.com\/pl\/helper\">wsparcie<\/a> ca\u0142y zapach.<\/li>\n<\/ul>\n<ul>\n<li><strong><a href=\"https:\/\/cosyowl.com\/pl\/olejki-zapachowe\/olejek-zapachowy-angielska-gruszka-fresia\/?wmc-currency=EUR\" target=\"_blank\" rel=\"noopener\">Angielska gruszka i frezja<\/a>\u00a0<\/strong>- Od prawdopodobnie najbardziej znanego top end <a href=\"https:\/\/cosyowl.com\/pl\/guides\/a-summers-beach-gel-votive-candle\">\u015bwieca<\/a> Zapach ten jest jednym z podstawowych zapach\u00f3w w ofercie marki w Wielkiej Brytanii i doda blasku Twoim produktom. Pi\u0119knie zaokr\u0105glone nuty g\u0142owy wiciokrzewu, angielskiej gruszki, cassis, bergamotki i frezji. \u015arodkowe nuty to konwalia, <a href=\"https:\/\/cosyowl.com\/pl\/fragrance-oils\/lilac\">liliowy<\/a>, bia\u0142a r\u00f3\u017ca i ylang ylang oraz g\u0142adkie nuty bazy cyprysu, drzewa sanda\u0142owego i kwiatu wanilii.<\/li>\n<\/ul>\n<ul>\n<li><strong><a href=\"https:\/\/cosyowl.com\/pl\/olejki-zapachowe\/olejek-zapachowy-typu-grace\/?wmc-currency=EUR\" target=\"_blank\" rel=\"noopener\">Typ Sweet Grace<\/a><\/strong> - Ten kultowy zapach ma naprawd\u0119 oddanych zwolennik\u00f3w, a jego zwolennicy okre\u015blaj\u0105 go jako uzale\u017cniaj\u0105cy. Ju\u017c teraz jest to jeden z najlepszych zapach\u00f3w na \u015bwiece. <a href=\"https:\/\/cosyowl.com\/pl\/\">Przytulna sowa<\/a> Wersja Premium to doskona\u0142e odwzorowanie tego klasycznego zapachu. Z g\u00f3rnymi nutami sk\u00f3rki pomara\u0144czowej, bergamotki, <a href=\"https:\/\/cosyowl.com\/pl\/fragrance-oils\/lemon\">cytryna<\/a> Sk\u00f3rka i r\u00f3\u017cowy cytron, nuty \u015brednie tonki, calone, bzu i geranium w po\u0142\u0105czeniu z nutami bazowymi pi\u017cma, wanilii, lekkiej paczuli i bursztynu tworz\u0105 ten pe\u0142ny zapach, kt\u00f3ry okaza\u0142 si\u0119 tak popularny.<\/li>\n<\/ul>\n<ul>\n<li><strong><a href=\"https:\/\/cosyowl.com\/pl\/olejki-zapachowe\/sun-drenched-apricot-rose-fragrance-oil\/?wmc-currency=EUR\" target=\"_blank\" rel=\"noopener\">Sun Drenched Apricot<\/a><\/strong> - Kolejnym wspania\u0142ym dodatkiem do gamy zapach\u00f3w Cosy Owl Premium jest ten zawsze popularny zapach \u015bwiecy od jednej z najbardziej znanych marek \u015bwiec. Bogaty i intensywny zapach z b\u0105belkowymi aldehydami, \u015bliwk\u0105 i kwiatami maku, w \u015brodku z czerwon\u0105 jagod\u0105, <a href=\"https:\/\/cosyowl.com\/pl\/candle-making-supplies\/fragrance-oils-for-candle-making\/all-fragrances\/peony-petals-fragrance-oil\">p\u0142atki piwonii<\/a>Nuty bazy to s\u0142odkie pi\u017cmo, wanilia, geranium, lilia wodna i s\u0142odka nektarynka. Wykonany z najwy\u017cszej jako\u015bci sk\u0142adnik\u00f3w, aby pasowa\u0142 do tego dobrze znanego zapachu.<\/li>\n<\/ul>\n<ul>\n<li><strong>\u00a0<a href=\"https:\/\/cosyowl.com\/pl\/olejki-zapachowe\/wszystkie-zapachy\/sage-seasalt-fragrance-oil\/?wmc-currency=EUR\" target=\"_blank\" rel=\"noopener\">Drewno sza\u0142wii i s\u00f3l morska<\/a><\/strong>- An <a href=\"https:\/\/cosyowl.com\/pl\/fragrance-oils\/coffee\">aromatyczny<\/a> i pi\u017cmowy zapach inspirowany s\u0142ynnym zapachem Jo Malone.  Z bogactwem i g\u0142\u0119bi\u0105, kt\u00f3re oznaczaj\u0105 nasz\u0105 gam\u0119 zapach\u00f3w premium, ten <a href=\"https:\/\/cosyowl.com\/pl\/candle-making-supplies\/fragrance-oils-for-candle-making\/all-fragrances\/ocean-fragrance-oil\">morski<\/a> Zapach na bazie cytrus\u00f3w, zapewniaj\u0105cy doskona\u0142\u0105 mieszank\u0119 drewna, soli, pikanterii i s\u0142odyczy.  Nie przyt\u0142aczaj\u0105cy, ale z prawdziw\u0105 moc\u0105, ten zapach naprawd\u0119 ewoluuje i dojrzewa, im d\u0142u\u017cej unosi si\u0119 w powietrzu.<\/li>\n<\/ul>\n<p>Wszystkie zapachy zawarte w tym zestawie mo\u017cna naby\u0107 osobno.<\/p>","protected":false},"excerpt":{"rendered":"<p>Premium Fragrance Oil Collection. Our Fragrance oil sets are the perfect way to test out our best-selling fragrance oils. This Set Includes 5x 10ml Fragrance Oils from our Premium Collection. Blackberry and Bay &#8211; Another staple from the ranks of the UK\u2019s most famous top end candle supplier, re-formulated for the Cosy Owl Premium range. [&hellip;]<\/p>\n","protected":false},"featured_media":86735,"comment_status":"open","ping_status":"closed","template":"","meta":{"_acf_changed":false},"product_brand":[],"product_cat":[669,719,711,723,504,636,586,509,512,511,730,800,531,536],"product_tag":[908],"class_list":{"0":"post-42132","1":"product","2":"type-product","3":"status-publish","4":"has-post-thumbnail","6":"product_cat-fragrance-oils-sets","7":"product_cat-bundles-candle-making-supplies","8":"product_cat-bundles-fragrance-oil-sets","9":"product_cat-fragrance-oil-sets-candle-making","10":"product_cat-fragrance-oils-all-fragrances","11":"product_cat-body-care-fragrance-oils","12":"product_cat-hair-care-fragrance-oils","13":"product_cat-soap-making-supplies-fragrances","14":"product_cat-wax-melts-fragrances","15":"product_cat-beard-oil-fragrances","16":"product_cat-fragrances-for-reed-diffusers","17":"product_cat-new","18":"product_cat-fragrance-oils-new","19":"product_cat-fragrance-oils-premium-fragrances","20":"product_tag-fragrance-oil","21":"product_shipping_class-royal_mail","23":"first","24":"instock","25":"taxable","26":"shipping-taxable","27":"purchasable","28":"product-type-simple"},"acf":[],"_links":{"self":[{"href":"https:\/\/cosyowl.com\/pl\/wp-json\/wp\/v2\/product\/42132","targetHints":{"allow":["GET"]}}],"collection":[{"href":"https:\/\/cosyowl.com\/pl\/wp-json\/wp\/v2\/product"}],"about":[{"href":"https:\/\/cosyowl.com\/pl\/wp-json\/wp\/v2\/types\/product"}],"replies":[{"embeddable":true,"href":"https:\/\/cosyowl.com\/pl\/wp-json\/wp\/v2\/comments?post=42132"}],"wp:featuredmedia":[{"embeddable":true,"href":"https:\/\/cosyowl.com\/pl\/wp-json\/wp\/v2\/media\/86735"}],"wp:attachment":[{"href":"https:\/\/cosyowl.com\/pl\/wp-json\/wp\/v2\/media?parent=42132"}],"wp:term":[{"taxonomy":"product_brand","embeddable":true,"href":"https:\/\/cosyowl.com\/pl\/wp-json\/wp\/v2\/product_brand?post=42132"},{"taxonomy":"product_cat","embeddable":true,"href":"https:\/\/cosyowl.com\/pl\/wp-json\/wp\/v2\/product_cat?post=42132"},{"taxonomy":"product_tag","embeddable":true,"href":"https:\/\/cosyowl.com\/pl\/wp-json\/wp\/v2\/product_tag?post=42132"}],"curies":[{"name":"wp","href":"https:\/\/api.w.org\/{rel}","templated":true}]}}