{"id":42125,"date":"2022-04-20T16:40:50","date_gmt":"2022-04-20T15:40:50","guid":{"rendered":"https:\/\/cosyowl.com\/?post_type=product&#038;p=42125"},"modified":"2026-03-24T16:27:33","modified_gmt":"2026-03-24T16:27:33","slug":"kolekcja-owocowych-olejkow-zapachowych-cosy-owl-opakowanie-5-sztuk","status":"publish","type":"product","link":"https:\/\/cosyowl.com\/pl\/candle-making-supplies\/fragrance-oils-for-candle-making\/fragrance-oil-sets\/cosy-owl-fruity-fragrance-oil-collection-pack-of-5","title":{"rendered":"Kolekcja olejk\u00f3w zapachowych Cosy Owl Fruity - (zestaw 5)"},"content":{"rendered":"<p><strong>Owocowy <a href=\"https:\/\/cosyowl.com\/pl\/candle-making-supplies\/fragrance-oils-for-candle-making\/premium-fragrance-oils\/cosy-owl-premium-1-million-type-fragrance-oil\">Olejek zapachowy<\/a> Kolekcja.<\/strong><\/p>\n<p>Nasze zestawy olejk\u00f3w zapachowych to doskona\u0142y spos\u00f3b na przetestowanie naszych bestseller\u00f3w <a href=\"https:\/\/cosyowl.com\/pl\/guides\/2023-spring-fragrance-oil-trends\">olejki zapachowe<\/a>.<\/p>\n<p>Zestaw zawiera 5 olejk\u00f3w zapachowych o pojemno\u015bci 10 ml z naszej kolekcji Fruity.<\/p>\n<ul>\n<li><strong><a href=\"https:\/\/cosyowl.com\/pl\/olejki-zapachowe\/black-cherry\/?wmc-currency=EUR\" target=\"_blank\" rel=\"noopener\">Czarna wi\u015bnia<\/a> <\/strong>- Nasz <a href=\"https:\/\/cosyowl.com\/pl\/candle-making-supplies\/fragrance-oils-for-candle-making\/all-fragrances\/black-cherry-fragrance-oil\">Czarna wi\u015bnia<\/a> Olejek zapachowy zosta\u0142 specjalnie opracowany, aby przywo\u0142ywa\u0107 znane i lubiane zapachy. <a href=\"https:\/\/cosyowl.com\/pl\/candle-making-supplies\/fragrance-oils-for-candle-making\/all-fragrances\/opium-fragrance-oil\">intensywny zapach<\/a> kojarzony z tym bogatym, pe\u0142nym smaku owocem. Zapach pocz\u0105tkowo emanuje silnym i wyra\u017anym zapachem kojarzonym zar\u00f3wno z wi\u015bni\u0105, jak i granatem. Aromat ten jest najbardziej wyra\u017any, gdy <a href=\"https:\/\/cosyowl.com\/pl\/guides\/a-summers-beach-gel-votive-candle\">\u015bwieca<\/a> zaczyna si\u0119 pali\u0107, wype\u0142niaj\u0105c pomieszczenie zapachem, kt\u00f3ry jest nast\u0119pnie wzmocniony lekkimi nutami s\u0142odkiej \u015bliwki, <a href=\"https:\/\/cosyowl.com\/pl\/fragrance-oils\/raspberry\">malina<\/a>, i czarna wi\u015bnia. Formu\u0142a tego charakterystycznego zapachu zawiera zachwycaj\u0105cy \u015bladowy posmak czarnej herbaty, metaliczne nuty i kaszmirowe pi\u017cmo.<\/li>\n<li><strong><a href=\"https:\/\/cosyowl.com\/pl\/olejki-zapachowe\/francuska-gruszka\/?wmc-currency=EUR\" target=\"_blank\" rel=\"noopener\">Francuska gruszka<\/a> <\/strong>- Nasz <a href=\"https:\/\/cosyowl.com\/pl\/fragrance-oils\/french-pear\">Francuska gruszka<\/a> Olejek zapachowy zosta\u0142 specjalnie opracowany w celu przywo\u0142ania znanego i lubianego owocowego zapachu kojarzonego z gruszk\u0105 pospolit\u0105 i pocz\u0105tkowo emanuje silnym i wyra\u017anym zapachem kojarzonym z <a href=\"https:\/\/cosyowl.com\/pl\/fragrance-oils\/fresh-cut-grass\">zielony<\/a> jab\u0142ko, bia\u0142a lilia i osmantus. Aromat ten jest najbardziej wyra\u017any, gdy \u015bwieca zaczyna si\u0119 pali\u0107, wype\u0142niaj\u0105c pomieszczenie zapachem, kt\u00f3ry jest nast\u0119pnie wzmocniony lekkimi nutami p\u00f3\u0142nocy <a href=\"https:\/\/cosyowl.com\/pl\/candle-making-supplies\/fragrance-oils-for-candle-making\/all-fragrances\/jasmine-fragrance-oil\">ja\u015bmin<\/a> i gruszka nashi. Formu\u0142a tego charakterystycznego zapachu zawiera zachwycaj\u0105cy \u015bladowy posmak fasoli tonka, olejku davana, cynamonu, bitej \u015bmietany, wanilii i miodu z ostu.<\/li>\n<li><strong><a href=\"https:\/\/cosyowl.com\/pl\/olejki-zapachowe\/slodka-figa\/?wmc-currency=EUR\" target=\"_blank\" rel=\"noopener\">S\u0142odka figa<\/a> - <\/strong>Nasz s\u0142odki <a href=\"https:\/\/cosyowl.com\/pl\/candle-making-supplies\/fragrance-oils-for-candle-making\/all-fragrances\/fig-fragrance-oil\">Rys<\/a> Olejek zapachowy Type Fragrance Oil zosta\u0142 specjalnie opracowany, aby uwolni\u0107 silny zapach kojarzony z tym owocem drzewa figowego, nale\u017c\u0105cego do rodziny morwowatych. Figi maj\u0105 wyj\u0105tkowy, s\u0142odki smak, mi\u0119kk\u0105 i \u017cuj\u0105c\u0105 tekstur\u0119, a ten zapach zapewnia silny i wyra\u017any zapach kojarzony z bia\u0142ymi winogronami i s\u0142odk\u0105 czarn\u0105 fig\u0105 i bergamotk\u0105. Ten pocz\u0105tkowy aromat jest najbardziej wyra\u017any, gdy \u015bwieca zaczyna si\u0119 pali\u0107, wype\u0142niaj\u0105c pomieszczenie zapachem, kt\u00f3ry jest nast\u0119pnie wzmacniany lekkimi nutami go\u017adzik\u00f3w, je\u017cyn i bia\u0142ych kwiat\u00f3w. Formu\u0142a tego charakterystycznego zapachu zawiera cudowny \u015bladowy posmak wetiweru, cynamonu, wanilii, absyntu i cedru.<\/li>\n<li><strong>\u00a0<a href=\"https:\/\/cosyowl.com\/pl\/olejki-zapachowe\/lime-basil-amp-mandarin\/?wmc-currency=EUR\" target=\"_blank\" rel=\"noopener\">Limonka, bazylia i mandarynka<\/a> - <\/strong>Nasz olejek zapachowy Lime Basil &amp; Mandarin zosta\u0142 specjalnie opracowany, aby uwalnia\u0107 wspania\u0142e po\u0142\u0105czenie smakowe tych wyj\u0105tkowych ziemistych esencji i zapewnia silny i wyra\u017any zapach kojarzony z limonk\u0105, bazyli\u0105, mandarynk\u0105 i sk\u00f3rk\u0105 pomara\u0144czow\u0105. Ten pocz\u0105tkowy aromat jest najbardziej wyra\u017any, gdy \u015bwieca zaczyna si\u0119 pali\u0107, wype\u0142niaj\u0105c pomieszczenie zapachem, kt\u00f3ry jest nast\u0119pnie wzmacniany lekkimi nutami czarnego pieprzu i geranium, <a href=\"https:\/\/cosyowl.com\/pl\/fragrance-oils\/lilac\">liliowy<\/a>i tymianek. Formu\u0142a tego charakterystycznego zapachu zawiera cudowny \u015bladowy posmak mchu, paczuli, pi\u017cma i bia\u0142ego cedru.<\/li>\n<li><strong><a href=\"https:\/\/cosyowl.com\/pl\/olejki-zapachowe\/plum-amp-mulberry\/?wmc-currency=EUR\" target=\"_blank\" rel=\"noopener\">\u015aliwka i morwa<\/a> - <\/strong>Nasz olejek zapachowy Plum &amp; Mulberry zosta\u0142 specjalnie opracowany, aby uwolni\u0107 wyj\u0105tkowy zapach tego cudownego po\u0142\u0105czenia owoc\u00f3w i jag\u00f3d, z g\u00f3rnymi nutami czerwonych jag\u00f3d, jab\u0142ka i gruszki, \u015brodkowymi nutami liczi, \u015bliwki, morwy, cassis, ja\u015bminu i r\u00f3\u017cy, z nut\u0105 bazy brzoskwini.<\/li>\n<\/ul>","protected":false},"excerpt":{"rendered":"<p>Fruity Fragrance Oil Collection. Our Fragrance oil sets are the perfect way to test out our best-selling fragrance oils. This Set Includes 5x 10ml Fragrance Oils from our Fruity Collection. Black Cherry &#8211; Our Black Cherry Fragrance Oil has been specially formulated to evoke the familiar and well-loved intense scent associated with this rich full-bodied [&hellip;]<\/p>\n","protected":false},"featured_media":86732,"comment_status":"open","ping_status":"closed","template":"","meta":{"_acf_changed":false},"product_brand":[],"product_cat":[669,719,711,723,504,636,586,509,512,511,730,800,531],"product_tag":[908],"class_list":{"0":"post-42125","1":"product","2":"type-product","3":"status-publish","4":"has-post-thumbnail","6":"product_cat-fragrance-oils-sets","7":"product_cat-bundles-candle-making-supplies","8":"product_cat-bundles-fragrance-oil-sets","9":"product_cat-fragrance-oil-sets-candle-making","10":"product_cat-fragrance-oils-all-fragrances","11":"product_cat-body-care-fragrance-oils","12":"product_cat-hair-care-fragrance-oils","13":"product_cat-soap-making-supplies-fragrances","14":"product_cat-wax-melts-fragrances","15":"product_cat-beard-oil-fragrances","16":"product_cat-fragrances-for-reed-diffusers","17":"product_cat-new","18":"product_cat-fragrance-oils-new","19":"product_tag-fragrance-oil","20":"product_shipping_class-royal_mail","22":"first","23":"instock","24":"taxable","25":"shipping-taxable","26":"purchasable","27":"product-type-simple"},"acf":[],"_links":{"self":[{"href":"https:\/\/cosyowl.com\/pl\/wp-json\/wp\/v2\/product\/42125","targetHints":{"allow":["GET"]}}],"collection":[{"href":"https:\/\/cosyowl.com\/pl\/wp-json\/wp\/v2\/product"}],"about":[{"href":"https:\/\/cosyowl.com\/pl\/wp-json\/wp\/v2\/types\/product"}],"replies":[{"embeddable":true,"href":"https:\/\/cosyowl.com\/pl\/wp-json\/wp\/v2\/comments?post=42125"}],"wp:featuredmedia":[{"embeddable":true,"href":"https:\/\/cosyowl.com\/pl\/wp-json\/wp\/v2\/media\/86732"}],"wp:attachment":[{"href":"https:\/\/cosyowl.com\/pl\/wp-json\/wp\/v2\/media?parent=42125"}],"wp:term":[{"taxonomy":"product_brand","embeddable":true,"href":"https:\/\/cosyowl.com\/pl\/wp-json\/wp\/v2\/product_brand?post=42125"},{"taxonomy":"product_cat","embeddable":true,"href":"https:\/\/cosyowl.com\/pl\/wp-json\/wp\/v2\/product_cat?post=42125"},{"taxonomy":"product_tag","embeddable":true,"href":"https:\/\/cosyowl.com\/pl\/wp-json\/wp\/v2\/product_tag?post=42125"}],"curies":[{"name":"wp","href":"https:\/\/api.w.org\/{rel}","templated":true}]}}