{"id":42121,"date":"2022-04-20T16:35:05","date_gmt":"2022-04-20T15:35:05","guid":{"rendered":"https:\/\/cosyowl.com\/?post_type=product&#038;p=42121"},"modified":"2026-03-24T16:27:43","modified_gmt":"2026-03-24T16:27:43","slug":"przytulna-sowa-kwiatowa-kolekcja-olejkow-zapachowych-opakowanie-5","status":"publish","type":"product","link":"https:\/\/cosyowl.com\/pl\/candle-making-supplies\/fragrance-oils-for-candle-making\/fragrance-oil-sets\/cosy-owl-floral-fragrance-oil-collection-pack-of-5","title":{"rendered":"Kolekcja kwiatowych olejk\u00f3w zapachowych Cosy Owl - (zestaw 5)"},"content":{"rendered":"<p><strong>Kwiatowy <a href=\"https:\/\/cosyowl.com\/pl\/candle-making-supplies\/fragrance-oils-for-candle-making\/premium-fragrance-oils\/cosy-owl-premium-1-million-type-fragrance-oil\">Olejek zapachowy<\/a> Kolekcja.<\/strong><\/p>\n<p>Nasze zestawy olejk\u00f3w zapachowych to doskona\u0142y spos\u00f3b na przetestowanie naszych bestseller\u00f3w <a href=\"https:\/\/cosyowl.com\/pl\/guides\/2023-spring-fragrance-oil-trends\">olejki zapachowe<\/a>.<\/p>\n<p>Zestaw zawiera 5 olejk\u00f3w zapachowych o pojemno\u015bci 10 ml z naszej kolekcji kwiatowej.<\/p>\n<ul>\n<li><strong><a href=\"https:\/\/cosyowl.com\/pl\/olejki-zapachowe\/red-roses\/?wmc-currency=EUR\" target=\"_blank\" rel=\"noopener\">Czerwone r\u00f3\u017ce<\/a> - <\/strong>Nasz\u00a0<a href=\"https:\/\/cosyowl.com\/pl\/candle-making-supplies\/fragrance-oils-for-candle-making\/all-fragrances\/red-roses-fragrance-oil\">Czerwone r\u00f3\u017ce<\/a> Olejek zapachowy zosta\u0142 specjalnie opracowany, aby przywo\u0142ywa\u0107 znane i lubiane zapachy. <a href=\"https:\/\/cosyowl.com\/pl\/candle-making-supplies\/essential-oils\/eucalyptus-globulus-essential-oil\">\u015bwie\u017cy<\/a> zapach zwi\u0105zany z t\u0105 cudown\u0105 i cz\u0119sto do\u015b\u0107 romantyczn\u0105 ro\u015blin\u0105 kwitn\u0105c\u0105, pocz\u0105tkowo wydzielaj\u0105c\u0105 silny i wyra\u017any zapach kojarzony z\u00a0<a href=\"https:\/\/cosyowl.com\/pl\/candle-making-supplies\/fragrance-oils-for-candle-making\/all-fragrances\/lemon-lavender-fragrance-oil\">sk\u00f3rka z cytryny<\/a>, bergamotka, \u015bliwka i chrupi\u0105ce jab\u0142ko. Ten aromat jest najbardziej wyczuwalny, gdy Twoje <a href=\"https:\/\/cosyowl.com\/pl\/guides\/a-summers-beach-gel-votive-candle\">\u015bwieca<\/a> zaczyna si\u0119 pali\u0107, wype\u0142niaj\u0105c pomieszczenie zapachem, kt\u00f3ry jest nast\u0119pnie wzmacniany lekkimi nutami kryszta\u0142\u00f3w r\u00f3\u017cy, <a href=\"https:\/\/cosyowl.com\/pl\/candle-making-supplies\/fragrance-oils-for-candle-making\/all-fragrances\/ocean-fragrance-oil\">morski<\/a> i ylang ylang. Formu\u0142a tego charakterystycznego zapachu zawiera r\u00f3wnie\u017c <a href=\"https:\/\/cosyowl.com\/pl\/fragrance-oils\/strawberry-bon-bon\">zachwycaj\u0105cy<\/a> \u015bladowy posmak nagiego pi\u017cma i bia\u0142ego drzewa sanda\u0142owego.<\/li>\n<li><strong><a href=\"https:\/\/cosyowl.com\/pl\/olejki-zapachowe\/peony-petals\/?wmc-currency=EUR\" target=\"_blank\" rel=\"noopener\">P\u0142atki piwonii<\/a> - <\/strong>Nasz <a href=\"https:\/\/cosyowl.com\/pl\/candle-making-supplies\/fragrance-oils-for-candle-making\/all-fragrances\/peony-petals-fragrance-oil\">P\u0142atki piwonii<\/a> Olejek zapachowy zosta\u0142 specjalnie opracowany, aby stworzy\u0107 zapach tego produktu. <a href=\"https:\/\/cosyowl.com\/pl\/candle-making-supplies\/essential-oils\/marjoram-essential-oil\">zielny<\/a> lub krzewiasta ro\u015blina z p\u00f3\u0142nocnych region\u00f3w o umiarkowanym klimacie, od dawna uprawiana ze wzgl\u0119du na swoje osza\u0142amiaj\u0105ce w\u0142a\u015bciwo\u015bci. <a href=\"https:\/\/cosyowl.com\/pl\/fragrance-oils\/coffee\">aromatyczny<\/a> efektowne kwiaty. Olejek pocz\u0105tkowo emanuje silnym i wyra\u017anym zapachem kojarzonym z r\u00f3\u017cowym geranium, czerwon\u0105 porzeczk\u0105 i granatem. Aromat ten jest najbardziej wyra\u017any, gdy \u015bwieca zaczyna si\u0119 pali\u0107, wype\u0142niaj\u0105c pomieszczenie zapachem, kt\u00f3ry jest nast\u0119pnie wzmocniony lekkimi nutami brzoskwini, ambry i bobu tonka. Formu\u0142a tego charakterystycznego zapachu zawiera rozkoszny posmak ziaren wanilii, pi\u017cma i bursztynu.<\/li>\n<li><strong><strong><a href=\"https:\/\/cosyowl.com\/pl\/olejki-zapachowe\/jasmin\/?wmc-currency=EUR\" target=\"_blank\" rel=\"noopener\">Jasmine<\/a> - <\/strong><\/strong>Nasz\u00a0<a href=\"https:\/\/cosyowl.com\/pl\/candle-making-supplies\/fragrance-oils-for-candle-making\/all-fragrances\/jasmine-fragrance-oil\">Jasmine<\/a> Olejek zapachowy zosta\u0142 specjalnie opracowany, aby przywo\u0142a\u0107 znajomy i zachwycaj\u0105cy zapach <a href=\"https:\/\/cosyowl.com\/pl\/fragrance-oils\/watermelon\">\u015bwie\u017cy zapach<\/a> \u015awieca zapachowa o zapachu ja\u015bminu i sk\u00f3rki pomara\u0144czowej, kojarzona z tym staro\u015bwieckim krzewem lub ro\u015blin\u0105 pn\u0105c\u0105, emanuje silnym i wyrazistym zapachem, kt\u00f3ry kojarzy si\u0119 zar\u00f3wno z ja\u015bminem, jak i sk\u00f3rk\u0105 pomara\u0144czow\u0105. Ten pocz\u0105tkowy aromat jest najbardziej wyra\u017any, gdy \u015bwieca zaczyna si\u0119 pali\u0107, wype\u0142niaj\u0105c pomieszczenie zapachem, kt\u00f3ry jest nast\u0119pnie wzmacniany przez lekkie nuty gorzkiej pomara\u0144czy i wanilii z Madagaskaru. Formu\u0142a tego charakterystycznego zapachu zawiera r\u00f3wnie\u017c przyjemny posmak miodu i pi\u017cma.<\/li>\n<li><strong><strong><a href=\"https:\/\/cosyowl.com\/pl\/olejki-zapachowe\/gardenia\/?wmc-currency=EUR\" target=\"_blank\" rel=\"noopener\">Gardenia<\/a> - <\/strong><\/strong>Nasz\u00a0<a href=\"https:\/\/cosyowl.com\/pl\/fragrance-oils\/gardenia\">Gardenia<\/a> Olejek zapachowy zosta\u0142 specjalnie opracowany, aby przywo\u0142a\u0107 rozkoszny zapach zwi\u0105zany z t\u0105 kwitn\u0105c\u0105 ro\u015blin\u0105 pochodz\u0105c\u0105 z <a href=\"https:\/\/cosyowl.com\/pl\/candle-making-supplies\/fragrance-oils-for-candle-making\/all-fragrances\/black-coconut-fragrance-oil\">tropikalny<\/a> oraz region\u00f3w subtropikalnych Afryki, Azji, Madagaskaru i wysp Pacyfiku. Ten zapach pocz\u0105tkowo emanuje silnym i wyrazistym aromatem bergamotki, kwiatu pomara\u0144czy i grejpfruta. Ten aromat jest najbardziej wyczuwalny, gdy \u015bwieca zaczyna si\u0119 pali\u0107, wype\u0142niaj\u0105c pomieszczenie zapachem, kt\u00f3ry nast\u0119pnie jest wzbogacany o lekkie nuty magnolii, s\u0142odkiego hiacyntu, gardenii i nocnego ja\u015bminu. W formu\u0142\u0119 tego charakterystycznego zapachu wpleciono zachwycaj\u0105cy \u015blad posmaku nagiego pi\u017cma, p\u0105k\u00f3w go\u017adzika, geranium i drzewa sanda\u0142owego.<\/li>\n<li><strong><a href=\"https:\/\/cosyowl.com\/pl\/olejki-zapachowe\/french-lavender\/?wmc-currency=EUR\" target=\"_blank\" rel=\"noopener\">Francuska lawenda<\/a> -<\/strong>Nasz\u00a0<a href=\"https:\/\/cosyowl.com\/pl\/candle-making-supplies\/fragrance-oils-for-candle-making\/all-fragrances\/french-lavender-fragrance-oil\">Francuska lawenda<\/a> Olejek zapachowy zosta\u0142 specjalnie opracowany, aby przywo\u0142a\u0107 wspania\u0142y zapach zwi\u0105zany z tym gatunkiem kwitn\u0105cej ro\u015bliny z rodziny Lamiaceae, wyst\u0119puj\u0105cej naturalnie w krajach \u015br\u00f3dziemnomorskich. Olejek natychmiast wydziela silny i wyra\u017any zapach kojarzony z bergamotk\u0105 i lawend\u0105. Ten pocz\u0105tkowy aromat jest najbardziej wyra\u017any, gdy \u015bwieca zaczyna si\u0119 pali\u0107, wype\u0142niaj\u0105c pomieszczenie zapachem, kt\u00f3ry jest nast\u0119pnie wzmacniany przez lekkie nuty sza\u0142wii muszkato\u0142owej, francuskiej lawendy i li\u015bcia cynamonu. Formu\u0142a tego charakterystycznego zapachu zawiera zachwycaj\u0105cy \u015bladowy posmak\u00a0<a href=\"https:\/\/cosyowl.com\/pl\/candle-making-supplies\/fragrance-oils-for-candle-making\/all-fragrances\/french-vanilla-fragrance-oil\">Francuska wanilia<\/a>, galbanum i drzewo r\u00f3\u017cane.<\/li>\n<\/ul>\n<p>Wszystkie zapachy zawarte w tym zestawie mo\u017cna naby\u0107 osobno.<\/p>","protected":false},"excerpt":{"rendered":"<p>Floral Fragrance Oil Collection. Our Fragrance oil sets are the perfect way to test out our best-selling fragrance oils. This Set Includes 5x 10ml Fragrance Oils from our Floral Collection. Red Roses &#8211; Our\u00a0Red Roses Fragrance Oil\u00a0has been specially formulated to evoke the familiar and well-loved fresh scent associated with this marvellous and often quite [&hellip;]<\/p>\n","protected":false},"featured_media":86730,"comment_status":"open","ping_status":"closed","template":"","meta":{"_acf_changed":false},"product_brand":[],"product_cat":[669,719,523,723,711,504,636,586,509,512,511,730,800,531],"product_tag":[908],"class_list":{"0":"post-42121","1":"product","2":"type-product","3":"status-publish","4":"has-post-thumbnail","6":"product_cat-fragrance-oils-sets","7":"product_cat-bundles-candle-making-supplies","8":"product_cat-fragrance-oils-floral","9":"product_cat-fragrance-oil-sets-candle-making","10":"product_cat-bundles-fragrance-oil-sets","11":"product_cat-fragrance-oils-all-fragrances","12":"product_cat-body-care-fragrance-oils","13":"product_cat-hair-care-fragrance-oils","14":"product_cat-soap-making-supplies-fragrances","15":"product_cat-wax-melts-fragrances","16":"product_cat-beard-oil-fragrances","17":"product_cat-fragrances-for-reed-diffusers","18":"product_cat-new","19":"product_cat-fragrance-oils-new","20":"product_tag-fragrance-oil","21":"product_shipping_class-royal_mail","23":"first","24":"outofstock","25":"taxable","26":"shipping-taxable","27":"purchasable","28":"product-type-simple"},"acf":[],"_links":{"self":[{"href":"https:\/\/cosyowl.com\/pl\/wp-json\/wp\/v2\/product\/42121","targetHints":{"allow":["GET"]}}],"collection":[{"href":"https:\/\/cosyowl.com\/pl\/wp-json\/wp\/v2\/product"}],"about":[{"href":"https:\/\/cosyowl.com\/pl\/wp-json\/wp\/v2\/types\/product"}],"replies":[{"embeddable":true,"href":"https:\/\/cosyowl.com\/pl\/wp-json\/wp\/v2\/comments?post=42121"}],"wp:featuredmedia":[{"embeddable":true,"href":"https:\/\/cosyowl.com\/pl\/wp-json\/wp\/v2\/media\/86730"}],"wp:attachment":[{"href":"https:\/\/cosyowl.com\/pl\/wp-json\/wp\/v2\/media?parent=42121"}],"wp:term":[{"taxonomy":"product_brand","embeddable":true,"href":"https:\/\/cosyowl.com\/pl\/wp-json\/wp\/v2\/product_brand?post=42121"},{"taxonomy":"product_cat","embeddable":true,"href":"https:\/\/cosyowl.com\/pl\/wp-json\/wp\/v2\/product_cat?post=42121"},{"taxonomy":"product_tag","embeddable":true,"href":"https:\/\/cosyowl.com\/pl\/wp-json\/wp\/v2\/product_tag?post=42121"}],"curies":[{"name":"wp","href":"https:\/\/api.w.org\/{rel}","templated":true}]}}