{"id":42117,"date":"2022-04-20T16:28:08","date_gmt":"2022-04-20T15:28:08","guid":{"rendered":"https:\/\/cosyowl.com\/?post_type=product&#038;p=42117"},"modified":"2026-03-24T16:27:33","modified_gmt":"2026-03-24T16:27:33","slug":"kolekcja-swiatecznych-olejkow-zapachowych-cosy-owl-opakowanie-5-sztuk","status":"publish","type":"product","link":"https:\/\/cosyowl.com\/pl\/candle-making-supplies\/fragrance-oils-for-candle-making\/fragrance-oil-sets\/cosy-owl-christmas-fragrance-oil-collection-pack-of-5","title":{"rendered":"Kolekcja \u015bwi\u0105tecznych olejk\u00f3w zapachowych Cosy Owl - (zestaw 5)"},"content":{"rendered":"<p><strong>Bo\u017ce Narodzenie <a href=\"https:\/\/cosyowl.com\/pl\/candle-making-supplies\/fragrance-oils-for-candle-making\/premium-fragrance-oils\/cosy-owl-premium-1-million-type-fragrance-oil\">Olejek zapachowy<\/a> Kolekcja.<\/strong><\/p>\n<p>Nasze zestawy olejk\u00f3w zapachowych to doskona\u0142y spos\u00f3b na przetestowanie naszych bestseller\u00f3w <a href=\"https:\/\/cosyowl.com\/pl\/guides\/2023-spring-fragrance-oil-trends\">olejki zapachowe<\/a>.<\/p>\n<p>Zestaw zawiera 5 olejk\u00f3w zapachowych o pojemno\u015bci 10 ml z naszej kolekcji \u015bwi\u0105tecznej.<\/p>\n<ul>\n<li><strong><a href=\"https:\/\/cosyowl.com\/pl\/olejki-zapachowe\/przyprawa-swiateczna\/?wmc-currency=EUR\" target=\"_blank\" rel=\"noopener\">Przyprawa \u015bwi\u0105teczna<\/a><\/strong> - Nasz <a href=\"https:\/\/cosyowl.com\/pl\/fragrance-oils\/christmas-spice\">Przyprawa \u015bwi\u0105teczna<\/a> Olejek zapachowy zosta\u0142 specjalnie opracowany, aby przywo\u0142a\u0107 znajomy zapach <a href=\"https:\/\/cosyowl.com\/pl\/candle-making-supplies\/fragrance-oils-for-candle-making\/all-fragrances\/tonka-bean-myrrh-fragrance-oil\">bogaty aromat<\/a> Zapach sk\u0142ada si\u0119 z jednych z najbardziej znanych przypraw stosowanych zar\u00f3wno w \u017cywno\u015bci, jak i w zapachach; co\u015b, co nigdy nie jest nie na miejscu w okresie Bo\u017cego Narodzenia. Ten intensywny i d\u017awi\u0119czny zapach emanuje silnym i wyra\u017anym zapachem zwi\u0105zanym z bergamotk\u0105, imbirem, sk\u00f3rk\u0105 pomara\u0144czow\u0105 i eukaliptusem. Ten pocz\u0105tkowy aromat jest najbardziej wyra\u017any, gdy <a href=\"https:\/\/cosyowl.com\/pl\/guides\/a-summers-beach-gel-votive-candle\">\u015bwieca<\/a> zaczyna si\u0119 pali\u0107, wype\u0142niaj\u0105c pomieszczenie zapachem, kt\u00f3ry jest nast\u0119pnie wzmocniony lekkimi nutami go\u017adzik\u00f3w i cynamonu. Formu\u0142a tego charakterystycznego zapachu zawiera rozkoszny posmak pi\u017cma, kardamonu i wanilii.<\/li>\n<li><a href=\"https:\/\/cosyowl.com\/pl\/olejki-zapachowe\/platek-sniegu\/?wmc-currency=EUR\"><strong>P\u0142atek \u015bniegu<\/strong><\/a> - Nasz <a href=\"https:\/\/cosyowl.com\/pl\/fragrance-oils\/snowflake\">Olejek zapachowy Snowflake<\/a> tworzy <a href=\"https:\/\/cosyowl.com\/pl\/candle-making-supplies\/essential-oils\/eucalyptus-globulus-essential-oil\">\u015bwie\u017cy<\/a> bukiet kwiatowy z <a href=\"https:\/\/cosyowl.com\/pl\/candle-making-supplies\/essential-oils\/marjoram-essential-oil\">zielny<\/a> mi\u0119towe i cytrusowe nuty g\u0142owy na sercu <a href=\"https:\/\/cosyowl.com\/pl\/fragrance-oils\/fresh-cut-grass\">zielony<\/a> jab\u0142ko, mi\u0119kkie <a href=\"https:\/\/cosyowl.com\/pl\/candle-making-supplies\/fragrance-oils-for-candle-making\/all-fragrances\/jasmine-fragrance-oil\">ja\u015bmin<\/a> i p\u0142atki r\u00f3\u017cy wsparte baz\u0105 z drewna i pi\u017cma.<\/li>\n<li><strong><a href=\"https:\/\/cosyowl.com\/pl\/olejki-zapachowe\/wieniec-zurawinowy\/?wmc-currency=EUR\" target=\"_blank\" rel=\"noopener\">Wieniec \u017curawinowy<\/a><\/strong> - Nasz <a href=\"https:\/\/cosyowl.com\/pl\/candle-making-supplies\/fragrance-oils-for-candle-making\/all-fragrances\/cranberry-wreath-fragrance-oil\">Wieniec \u017curawinowy<\/a> Olejek zapachowy jest pozyskiwany z owoc\u00f3w \u017curawiny, nale\u017c\u0105cych do grupy <a href=\"https:\/\/cosyowl.com\/pl\/fragrance-oils\/winter-spruce\">wiecznie zielony<\/a> kar\u0142owate krzewy lub zwisaj\u0105ce pn\u0105cza z podrodzaju Oxycoccus rodzaju Vaccinium. W porz\u0105dku, to opis techniczny, jednak dla wi\u0119kszo\u015bci z nas aromat przypomina Bo\u017ce Narodzenie w po\u0142\u0105czeniu z pieczeni\u0105 z indyka. Olejek zapachowy natychmiast wydziela silny i wyra\u017any zapach geranium, sk\u00f3rki pomara\u0144czowej i r\u00f3\u017cowego imbiru. Ten pocz\u0105tkowy aromat jest najbardziej wyra\u017any, gdy \u015bwieca zaczyna si\u0119 pali\u0107, wype\u0142niaj\u0105c pomieszczenie zapachem, kt\u00f3ry jest nast\u0119pnie wzmacniany przez podteksty <a href=\"https:\/\/cosyowl.com\/pl\/fragrance-oils\/raspberry\">malina<\/a>maroka\u0144ska r\u00f3\u017ca, r\u00f3\u017cowy pieprz i soczysta \u017curawina. Formu\u0142a tego charakterystycznego zapachu zawiera zachwycaj\u0105cy \u015bladowy posmak mchu d\u0119bowego i wanilii, <a href=\"https:\/\/cosyowl.com\/pl\/candle-making-supplies\/fragrance-oils-for-candle-making\/all-fragrances\/french-vanilla-fragrance-oil\">kremowy<\/a> ga\u0142ka muszkato\u0142owa, b\u00f3b tonka i igliwie jod\u0142y.<\/li>\n<li><strong><a href=\"https:\/\/cosyowl.com\/pl\/olejki-zapachowe\/mulled-wine\/?wmc-currency=EUR\" target=\"_blank\" rel=\"noopener\">Grzane wino<\/a><\/strong> - Nasz <a href=\"https:\/\/cosyowl.com\/pl\/candle-making-supplies\/fragrance-oils-for-candle-making\/all-fragrances\/mulled-wine-fragrance-oil\">Grzane wino<\/a> Olejek zapachowy zosta\u0142 specjalnie opracowany, aby zapewni\u0107 <a href=\"https:\/\/cosyowl.com\/pl\/fragrance-oils\/nutcracker\">pikantny<\/a> Aromat kojarzony z tym popularnym napojem przywo\u0142uje rado\u015b\u0107 \u015bwi\u0105t Bo\u017cego Narodzenia. Olejek przywo\u0142uje ten powszechnie doceniany i lubiany zapach kojarzony z czerwonymi winogronami i chrupi\u0105cym jab\u0142kiem. Ten pocz\u0105tkowy aromat jest najbardziej wyra\u017any, gdy \u015bwieca zaczyna si\u0119 pali\u0107, wype\u0142niaj\u0105c pomieszczenie zapachem, kt\u00f3ry jest nast\u0119pnie wzmocniony lekkimi nutami malin, je\u017cyn, go\u017adzik\u00f3w i p\u0105czk\u00f3w. <a href=\"https:\/\/cosyowl.com\/pl\/craft-supplies\/wax-melt-supplies\/mica-powder-glitter\/bright-peach-biodegradable-candle-glitter\">iskrzenie<\/a> cynamon. Formu\u0142a tego charakterystycznego zapachu zawiera rozkoszny posmak ziela angielskiego, ga\u0142ki muszkato\u0142owej i wanilii.<\/li>\n<li><a href=\"https:\/\/cosyowl.com\/pl\/materialy-do-produkcji-swiec\/olejki-zapachowe-do-produkcji-swiec\/wszystkie-zapachy\/olejek-o-zapachu-choinki\/?wmc-currency=EUR\"><strong>Choinka<\/strong><\/a> - Wype\u0142nij sw\u00f3j dom esencj\u0105 \u015awi\u0105t Bo\u017cego Narodzenia dzi\u0119ki naszym <a href=\"https:\/\/cosyowl.com\/pl\/guides\/nutcracker-christmas-tree-wax-melts-guide\">Choinka<\/a> Olejek zapachowy. To <a href=\"https:\/\/cosyowl.com\/pl\/craft-kits\/candle-making-kits\/soy-wax-mulled-wine-christmas-candle-making-kit\">ciep\u0142y<\/a> ten korzenny zapach oddaje magi\u0119 \u015bwi\u0105t, a jego g\u00f3rne nuty to <a href=\"https:\/\/cosyowl.com\/pl\/candle-making-kits\/winter-pine-candle-making-kit\">sosna<\/a> a nast\u0119pnie harmonijna mieszanka go\u017adzik\u00f3w, cynamonu i pimentu. Ugruntowany balsamem jod\u0142owym i dymnym drewnem, zapach ten tworzy przytuln\u0105 atmosfer\u0119 przypominaj\u0105c\u0105 za\u015bnie\u017cone lasy i <a href=\"https:\/\/cosyowl.com\/pl\/candle-making-kits\/soy-wax-christmas-spice-candle-making-kit\">\u015bwi\u0105teczny<\/a> tradycje.<\/li>\n<\/ul>\n<p>Wszystkie zapachy zawarte w tym zestawie mo\u017cna naby\u0107 osobno.<\/p>","protected":false},"excerpt":{"rendered":"<p>Christmas Fragrance Oil Collection. Our Fragrance oil sets are the perfect way to test out our best-selling fragrance oils. This Set Includes 5x 10ml Fragrance Oils from our Christmas Collection. Christmas Spice &#8211; Our Christmas Spice Fragrance Oil has been specially formulated to evoke the familiar rich aroma of some of the most well-known spices [&hellip;]<\/p>\n","protected":false},"featured_media":86739,"comment_status":"open","ping_status":"closed","template":"","meta":{"_acf_changed":false},"product_brand":[],"product_cat":[719,723,711,504,636,586,509,512,730,800,531],"product_tag":[908],"class_list":{"0":"post-42117","1":"product","2":"type-product","3":"status-publish","4":"has-post-thumbnail","6":"product_cat-bundles-candle-making-supplies","7":"product_cat-fragrance-oil-sets-candle-making","8":"product_cat-bundles-fragrance-oil-sets","9":"product_cat-fragrance-oils-all-fragrances","10":"product_cat-body-care-fragrance-oils","11":"product_cat-hair-care-fragrance-oils","12":"product_cat-soap-making-supplies-fragrances","13":"product_cat-wax-melts-fragrances","14":"product_cat-fragrances-for-reed-diffusers","15":"product_cat-new","16":"product_cat-fragrance-oils-new","17":"product_tag-fragrance-oil","18":"product_shipping_class-royal_mail","20":"first","21":"instock","22":"taxable","23":"shipping-taxable","24":"purchasable","25":"product-type-simple"},"acf":[],"_links":{"self":[{"href":"https:\/\/cosyowl.com\/pl\/wp-json\/wp\/v2\/product\/42117","targetHints":{"allow":["GET"]}}],"collection":[{"href":"https:\/\/cosyowl.com\/pl\/wp-json\/wp\/v2\/product"}],"about":[{"href":"https:\/\/cosyowl.com\/pl\/wp-json\/wp\/v2\/types\/product"}],"replies":[{"embeddable":true,"href":"https:\/\/cosyowl.com\/pl\/wp-json\/wp\/v2\/comments?post=42117"}],"wp:featuredmedia":[{"embeddable":true,"href":"https:\/\/cosyowl.com\/pl\/wp-json\/wp\/v2\/media\/86739"}],"wp:attachment":[{"href":"https:\/\/cosyowl.com\/pl\/wp-json\/wp\/v2\/media?parent=42117"}],"wp:term":[{"taxonomy":"product_brand","embeddable":true,"href":"https:\/\/cosyowl.com\/pl\/wp-json\/wp\/v2\/product_brand?post=42117"},{"taxonomy":"product_cat","embeddable":true,"href":"https:\/\/cosyowl.com\/pl\/wp-json\/wp\/v2\/product_cat?post=42117"},{"taxonomy":"product_tag","embeddable":true,"href":"https:\/\/cosyowl.com\/pl\/wp-json\/wp\/v2\/product_tag?post=42117"}],"curies":[{"name":"wp","href":"https:\/\/api.w.org\/{rel}","templated":true}]}}