{"id":40008,"date":"2022-03-24T08:29:20","date_gmt":"2022-03-24T08:29:20","guid":{"rendered":"https:\/\/cosyowl.com\/product\/uncategorized\/perfume-inspired-collection"},"modified":"2026-03-24T16:27:43","modified_gmt":"2026-03-24T16:27:43","slug":"kolekcja-inspirowana-perfumami","status":"publish","type":"product","link":"https:\/\/cosyowl.com\/pl\/candle-making-supplies\/bundles\/fragrance-oil-sets\/cosy-owl-perfume-inspired-collection-pack-of-5","title":{"rendered":"Kolekcja inspirowana perfumami Cosy Owl - (zestaw 5 sztuk)"},"content":{"rendered":"<p><strong>Inspirowane perfumami <a href=\"https:\/\/cosyowl.com\/pl\/candle-making-supplies\/fragrance-oils-for-candle-making\/premium-fragrance-oils\/cosy-owl-premium-1-million-type-fragrance-oil\">Olejek zapachowy<\/a> Kolekcja.<\/strong><\/p>\n<p>Nasze zestawy olejk\u00f3w zapachowych to doskona\u0142y spos\u00f3b na przetestowanie naszych bestseller\u00f3w <a href=\"https:\/\/cosyowl.com\/pl\/guides\/2023-spring-fragrance-oil-trends\">olejki zapachowe<\/a>.<\/p>\n<p>Zestaw zawiera 5 olejk\u00f3w zapachowych o pojemno\u015bci 10 ml z naszej kolekcji inspirowanej perfumami.<\/p>\n<ul>\n<li><strong><a href=\"https:\/\/cosyowl.com\/pl\/materialy-do-produkcji-swiec\/olejki-zapachowe-do-produkcji-swiec\/olejki-zapachowe-premium\/olejek-zapachowy-cosy-owl-premium-baies\/?wmc-currency=EUR\">Baies<\/a> -\u00a0<\/strong>Jeden z najlepiej sprzedaj\u0105cych si\u0119 zapach\u00f3w jednej z najlepszych marek na \u015bwiecie. <a href=\"https:\/\/cosyowl.com\/pl\/guides\/a-summers-beach-gel-votive-candle\">\u015bwieca<\/a> ten zapach przeniesie Ci\u0119 do Francji z ca\u0142ym romantyzmem i wyrafinowaniem tamtejszej kultury. Z nutami letnich jag\u00f3d, r\u00f3\u017c, frezji i li\u015bci czarnej porzeczki. Z tym <a href=\"https:\/\/cosyowl.com\/pl\/guides\/new-cosy-owl-premium-candle-fragrances\">Cosy Owl Premium<\/a> Teraz mo\u017cesz uzyska\u0107 ten wiernie odtworzony zapach dla swoich produkt\u00f3w i doda\u0107 im prawdziwej klasy.<\/li>\n<\/ul>\n<ul>\n<li><strong><a href=\"https:\/\/cosyowl.com\/pl\/olejki-zapachowe\/wszystkie-zapachy\/lost-cherry-type-fragrance-oil\/?wmc-currency=EUR\" target=\"_blank\" rel=\"noopener\">Typ Lost Cherry<\/a> -<\/strong> Jest to pi\u0119knie skomponowany zapach inspirowany zapachem Tom Ford Lost Cherry.  Zaokr\u0105glony i s\u0142odki, z delikatnymi tonami i subtelnymi nutami bazowymi, kt\u00f3re sprawiaj\u0105, \u017ce zapach ten zachwyci zar\u00f3wno fan\u00f3w oryginalnego zapachu, jak i nowicjuszy.  Z g\u00f3rnymi nutami bia\u0142ego tymianku, bergamotki i r\u00f3\u017cowego pieprzu oraz pachn\u0105cym \u015brodkiem li\u015bcia fio\u0142ka, neroli i bia\u0142ego bursztynu, wszystko pi\u0119knie osadzone na zr\u00f3wnowa\u017conej bazie <a href=\"https:\/\/cosyowl.com\/pl\/candle-making-supplies\/fragrance-oils-for-candle-making\/all-fragrances\/french-vanilla-fragrance-oil\">Francuska wanilia<\/a>drzewo sanda\u0142owe, wetyweria, paczula i sza\u0142wia. Jest to g\u0142\u0119boki i bogaty zapach z nowym urokiem przez ca\u0142y czas trwania.<\/li>\n<\/ul>\n<ul>\n<li><strong><a href=\"https:\/\/cosyowl.com\/pl\/olejki-zapachowe\/lady-million-type\/?wmc-currency=EUR\" target=\"_blank\" rel=\"noopener\">Typ Lady Million<\/a> - <\/strong>Nasz <a href=\"https:\/\/cosyowl.com\/pl\/candle-making-supplies\/fragrance-oils-for-candle-making\/all-fragrances\/lady-million-type-fragrance-oil\">Typ Lady Million<\/a> Olejek zapachowy zosta\u0142 specjalnie opracowany, aby przywo\u0142a\u0107 ten delikatny i <a href=\"https:\/\/cosyowl.com\/pl\/candle-making-supplies\/glitters\/pure-white-biodegradable\">elegancki<\/a> Perfumy damskie o silnym i wyrazistym zapachu kojarz\u0105cym si\u0119 z pomara\u0144cz\u0105, neroli i jab\u0142kiem. Ten pocz\u0105tkowy aromat jest najbardziej wyra\u017any, gdy \u015bwieca zaczyna si\u0119 pali\u0107, wype\u0142niaj\u0105c pomieszczenie zapachem, kt\u00f3ry jest nast\u0119pnie wzmacniany przez lekkie nuty ja\u015bminu, fio\u0142ka i piwonii. Formu\u0142a tego charakterystycznego zapachu zawiera nast\u0119puj\u0105ce sk\u0142adniki <a href=\"https:\/\/cosyowl.com\/pl\/fragrance-oils\/strawberry-bon-bon\">zachwycaj\u0105cy<\/a> \u015aladowy posmak bursztynu, paczuli, drzewa sanda\u0142owego, wanilii i pi\u017cma.<\/li>\n<\/ul>\n<ul>\n<li><strong><a href=\"https:\/\/cosyowl.com\/pl\/materialy-do-produkcji-swiec\/olejki-zapachowe-do-produkcji-swiec\/wszystkie-zapachy\/olejek-zapachowy-opium\/?wmc-currency=EUR\">Opium<\/a> -\u00a0<\/strong>Otocz si\u0119 urzekaj\u0105c\u0105 mieszank\u0105 bursztynu, s\u0142odyczy gourmand, pi\u017cma, kwiatu pomara\u0144czy, pigwy, drzewa sanda\u0142owego i wanilii. To <a href=\"https:\/\/cosyowl.com\/pl\/fragrance-oils\/all-fragrances\/bibliotheque-fragrance-oil\">wyrafinowany aromat<\/a> oferuje zmys\u0142ow\u0105 podr\u00f3\u017c przez warstwy bogactwa i powabu, idealn\u0105 dla tych, kt\u00f3rzy szukaj\u0105 odrobiny tajemniczo\u015bci i odpustu.<\/li>\n<\/ul>\n<ul>\n<li><strong><a href=\"https:\/\/cosyowl.com\/pl\/olejki-zapachowe\/typ-v-r-flowerbomb\/?wmc-currency=EUR\" target=\"_blank\" rel=\"noopener\">V&amp;R Flowerbomb Type<\/a> - <\/strong>Nasz olejek zapachowy inspirowany bomb\u0105 kwiatow\u0105 V&amp;R zosta\u0142 specjalnie opracowany, aby przywo\u0142a\u0107 te mocne i intensywne damskie perfumy Viktor &amp; Rolf, emanuj\u0105ce silnym i wyra\u017anym zapachem kojarzonym z balsamem pomara\u0144czowym i bergamotk\u0105. Ten pocz\u0105tkowy aromat jest najbardziej wyra\u017any, gdy \u015bwieca zaczyna si\u0119 pali\u0107, wype\u0142niaj\u0105c pomieszczenie zapachem, kt\u00f3ry jest nast\u0119pnie wzmocniony lekkimi nutami konwalii, <a href=\"https:\/\/cosyowl.com\/pl\/candle-making-supplies\/fragrance-oils-for-candle-making\/all-fragrances\/jasmine-fragrance-oil\">ja\u015bmin<\/a> i muguet. Formu\u0142a tego charakterystycznego zapachu zawiera zachwycaj\u0105cy \u015bladowy posmak drzewa sanda\u0142owego, paczuli, pi\u017cma i rze\u015bkiego bursztynu.<\/li>\n<\/ul>\n<p>Wszystkie zapachy zawarte w tym zestawie mo\u017cna naby\u0107 osobno.<\/p>","protected":false},"excerpt":{"rendered":"<p>Perfume Inspired Fragrance Oil Collection. Our Fragrance oil sets are the perfect way to test out our best-selling fragrance oils. This Set Includes 5x 10ml Fragrance Oils from our Perfume Inspired Collection Baies &#8211;\u00a0One of the top selling fragrances from one of the top candle brands in the world, this fragrance will transport you to [&hellip;]<\/p>\n","protected":false},"featured_media":86734,"comment_status":"open","ping_status":"closed","template":"","meta":{"_acf_changed":false},"product_brand":[],"product_cat":[719,505,723,669,711,504,636,586,509,512,511,730,800,531],"product_tag":[908],"class_list":{"0":"post-40008","1":"product","2":"type-product","3":"status-publish","4":"has-post-thumbnail","6":"product_cat-bundles-candle-making-supplies","7":"product_cat-fragrance-oils-designer","8":"product_cat-fragrance-oil-sets-candle-making","9":"product_cat-fragrance-oils-sets","10":"product_cat-bundles-fragrance-oil-sets","11":"product_cat-fragrance-oils-all-fragrances","12":"product_cat-body-care-fragrance-oils","13":"product_cat-hair-care-fragrance-oils","14":"product_cat-soap-making-supplies-fragrances","15":"product_cat-wax-melts-fragrances","16":"product_cat-beard-oil-fragrances","17":"product_cat-fragrances-for-reed-diffusers","18":"product_cat-new","19":"product_cat-fragrance-oils-new","20":"product_tag-fragrance-oil","21":"product_shipping_class-royal_mail","23":"first","24":"outofstock","25":"taxable","26":"shipping-taxable","27":"purchasable","28":"product-type-simple"},"acf":[],"_links":{"self":[{"href":"https:\/\/cosyowl.com\/pl\/wp-json\/wp\/v2\/product\/40008","targetHints":{"allow":["GET"]}}],"collection":[{"href":"https:\/\/cosyowl.com\/pl\/wp-json\/wp\/v2\/product"}],"about":[{"href":"https:\/\/cosyowl.com\/pl\/wp-json\/wp\/v2\/types\/product"}],"replies":[{"embeddable":true,"href":"https:\/\/cosyowl.com\/pl\/wp-json\/wp\/v2\/comments?post=40008"}],"wp:featuredmedia":[{"embeddable":true,"href":"https:\/\/cosyowl.com\/pl\/wp-json\/wp\/v2\/media\/86734"}],"wp:attachment":[{"href":"https:\/\/cosyowl.com\/pl\/wp-json\/wp\/v2\/media?parent=40008"}],"wp:term":[{"taxonomy":"product_brand","embeddable":true,"href":"https:\/\/cosyowl.com\/pl\/wp-json\/wp\/v2\/product_brand?post=40008"},{"taxonomy":"product_cat","embeddable":true,"href":"https:\/\/cosyowl.com\/pl\/wp-json\/wp\/v2\/product_cat?post=40008"},{"taxonomy":"product_tag","embeddable":true,"href":"https:\/\/cosyowl.com\/pl\/wp-json\/wp\/v2\/product_tag?post=40008"}],"curies":[{"name":"wp","href":"https:\/\/api.w.org\/{rel}","templated":true}]}}