{"id":39973,"date":"2022-03-24T08:29:03","date_gmt":"2022-03-24T08:29:03","guid":{"rendered":"https:\/\/cosyowl.com\/product\/uncategorized\/mini-rectangle-silicone-mould"},"modified":"2026-04-30T16:22:55","modified_gmt":"2026-04-30T15:22:55","slug":"mini-prostokatna-forma-silikonowa","status":"publish","type":"product","link":"https:\/\/cosyowl.com\/pl\/craft-supplies\/soap-making-supplies\/soap-moulds\/mini-rectangle-silicone-mould","title":{"rendered":"Mini prostok\u0105tna silikonowa forma do myd\u0142a - zestaw 9 sztuk"},"content":{"rendered":"<p>To <a href=\"https:\/\/cosyowl.com\/pl\/candle-making-extras\/50mm-candle-safety-label-white-black-text\">czysty<\/a> Forma do myd\u0142a jest jednym z najbardziej niedocenianych kszta\u0142t\u00f3w w <a href=\"https:\/\/cosyowl.com\/pl\/guides\/a-beginners-guide-to-soap-making\">produkcja myd\u0142a<\/a>. To myde\u0142ko jest idealne dla tych, kt\u00f3rzy chc\u0105 doda\u0107 miniaturowy klasyczny, domowy dodatek do swoich zapas\u00f3w do produkcji myd\u0142a.<\/p>\n<p>Oferujemy t\u0119 form\u0119 z p\u00f3\u0142elastycznego silikonu, jest ona r\u00f3wnie\u017c wielokrotnego u\u017cytku, dzi\u0119ki czemu mo\u017cesz regularnie tworzy\u0107 swoje ulubione miniaturowe myde\u0142ka!<\/p>\n<p>Pomiar formy*:<\/p>\n<p>Pe\u0142na forma (d\u0142ugo\u015b\u0107 x szeroko\u015b\u0107): 242 mm x 171 mm<\/p>\n<p>Rozmiar myd\u0142a: (d\u0142ugo\u015b\u0107 x szeroko\u015b\u0107 x g\u0142\u0119boko\u015b\u0107): 60mm x 37mm x 15mm<\/p>\n<p>*Nale\u017cy pami\u0119ta\u0107, \u017ce wszystkie <a href=\"https:\/\/cosyowl.com\/pl\/guides\/weighing-fragrance\">pomiary<\/a> s\u0105 przybli\u017cone, a kolor produktu mo\u017ce ulec zmianie.<\/p>","protected":false},"excerpt":{"rendered":"<p>This clear soap mould is one of the most understated shapes in soap making. This soap is ideal for those looking to add a miniature classic homemade addition to your soap making supplies. We offer this mould in a semi-flexible silicone, it is also re-usable, so you can regularly be making your favourite mini soaps! [&hellip;]<\/p>\n","protected":false},"featured_media":4552,"comment_status":"open","ping_status":"closed","template":"","meta":{"_acf_changed":false},"product_brand":[],"product_cat":[752,717,546],"product_tag":[926],"class_list":{"0":"post-39973","1":"product","2":"type-product","3":"status-publish","4":"has-post-thumbnail","6":"product_cat-sale-containers","7":"product_cat-sale","8":"product_cat-soap-making-supplies-soap-moulds","9":"product_tag-mould","10":"product_shipping_class-royal_mail","12":"first","13":"instock","14":"sale","15":"taxable","16":"shipping-taxable","17":"purchasable","18":"product-type-simple"},"acf":[],"_links":{"self":[{"href":"https:\/\/cosyowl.com\/pl\/wp-json\/wp\/v2\/product\/39973","targetHints":{"allow":["GET"]}}],"collection":[{"href":"https:\/\/cosyowl.com\/pl\/wp-json\/wp\/v2\/product"}],"about":[{"href":"https:\/\/cosyowl.com\/pl\/wp-json\/wp\/v2\/types\/product"}],"replies":[{"embeddable":true,"href":"https:\/\/cosyowl.com\/pl\/wp-json\/wp\/v2\/comments?post=39973"}],"wp:featuredmedia":[{"embeddable":true,"href":"https:\/\/cosyowl.com\/pl\/wp-json\/wp\/v2\/media\/4552"}],"wp:attachment":[{"href":"https:\/\/cosyowl.com\/pl\/wp-json\/wp\/v2\/media?parent=39973"}],"wp:term":[{"taxonomy":"product_brand","embeddable":true,"href":"https:\/\/cosyowl.com\/pl\/wp-json\/wp\/v2\/product_brand?post=39973"},{"taxonomy":"product_cat","embeddable":true,"href":"https:\/\/cosyowl.com\/pl\/wp-json\/wp\/v2\/product_cat?post=39973"},{"taxonomy":"product_tag","embeddable":true,"href":"https:\/\/cosyowl.com\/pl\/wp-json\/wp\/v2\/product_tag?post=39973"}],"curies":[{"name":"wp","href":"https:\/\/api.w.org\/{rel}","templated":true}]}}