{"id":25965,"date":"2021-11-02T11:01:34","date_gmt":"2021-11-02T11:01:34","guid":{"rendered":"https:\/\/cosyowl.com\/?post_type=product&#038;p=25965"},"modified":"2026-03-03T13:45:31","modified_gmt":"2026-03-03T13:45:31","slug":"zestaw-do-robienia-platkow-sniegu-z-wosku","status":"publish","type":"product","link":"https:\/\/cosyowl.com\/pl\/craft-kits\/wax-melt-making-kits\/snowflake-wax-melt-making-kit","title":{"rendered":"Zestaw do robienia p\u0142atk\u00f3w \u015bniegu z wosku"},"content":{"rendered":"<p data-start=\"229\" data-end=\"539\">Embrace the <a href=\"https:\/\/cosyowl.com\/pl\/candle-making-supplies\/glitters\/lake-blue-biodegradable\">fajny<\/a> urok zimy z naszym <strong data-start=\"271\" data-end=\"297\">P\u0142atek \u015bniegu <a href=\"https:\/\/cosyowl.com\/pl\/craft-kits\/wax-melt-making-kits\/lavender-wax-melt-making-kit\">Zestaw do topienia wosku<\/a><\/strong>Idealny dla ka\u017cdego, kto chce odkry\u0107 kreatywny \u015bwiat tworzenia z wosku. Niezale\u017cnie od tego, czy jeste\u015b pocz\u0105tkuj\u0105cym, czy do\u015bwiadczonym rzemie\u015blnikiem, ten zestaw ma wszystko, czego potrzebujesz, aby stworzy\u0107 pi\u0119knie ukszta\u0142towane przedmioty. <a href=\"https:\/\/cosyowl.com\/pl\/guides\/sandalwood-vanilla-leaf-wax-melts-guide\">wosk topi si\u0119<\/a> nasycony <a href=\"https:\/\/cosyowl.com\/pl\/candle-making-supplies\/glitters\/turquoise-blue-candle-glitter\">od\u015bwie\u017canie<\/a>sezonowy zapach.<\/p>\n<h3>Co znajduje si\u0119 w zestawie do topienia wosku?<\/h3>\n<ul>\n<li data-start=\"905\" data-end=\"1005\"><span style=\"color: #080000\"><a style=\"color: #080000\" href=\"https:\/\/cosyowl.com\/pl\/olejki-zapachowe\/platek-sniegu\/?wmc-currency=EUR\">50 ml <span style=\"color: #ff6600\"><strong data-start=\"905\" data-end=\"937\">Olejek zapachowy Snowflake<\/strong> <\/span>- Czysty, kwiatowy zapach z nutami mi\u0119ty, cytrus\u00f3w i delikatnego pi\u017cma<\/a><\/span><\/li>\n<li data-start=\"1008\" data-end=\"1085\"><span style=\"color: #080000\"><a style=\"color: #080000\" href=\"https:\/\/cosyowl.com\/pl\/materialy-do-produkcji-swiec\/proszki-miki\/srebrna-satyna\/?wmc-currency=EUR\">25g <span style=\"color: #ff6600\"><strong data-start=\"1008\" data-end=\"1040\">Srebrna satynowa mika w proszku<\/strong><\/span> - Dodaje matowy po\u0142ysk do ka\u017cdego roztopionego wosku<\/a><\/span><\/li>\n<li data-start=\"1088\" data-end=\"1185\"><span style=\"color: #080000\"><a style=\"color: #080000\" href=\"https:\/\/cosyowl.com\/pl\/barwniki-do-swiec\/bekro-03-4217-szary-barwnik-do-swiec\/?wmc-currency=EUR\">3g <span style=\"color: #ff6600\"><strong data-start=\"1088\" data-end=\"1109\">Bekro Grey Dye<\/strong><\/span> - Tworzy ch\u0142odny, neutralny odcie\u0144, kt\u00f3ry idealnie pasuje do zimowego motywu.<\/a><\/span><\/li>\n<li><span style=\"color: #080000\"><a style=\"color: #080000\" href=\"https:\/\/cosyowl.com\/pl\/materialy-rzemieslnicze\/materialy-do-topienia-wosku\/wosk-do-topienia-wosku\/naturalne-woski-soyaluna-meltpillar-wax\/?wmc-currency=EUR\">350g - <span style=\"color: #ff6600\"><strong data-start=\"883\" data-end=\"902\">Wosk Pillar<\/strong><\/span> - Wysokiej jako\u015bci wosk idealny do form<\/a><\/span><\/li>\n<li><span style=\"color: #080000\"><a style=\"color: #080000\" href=\"https:\/\/cosyowl.com\/pl\/wosk-topi-sie\/formy\/?wmc-currency=EUR\">4<span style=\"color: #ff6600\"><strong> Formy<\/strong> <\/span>- 1x muszla, 1x muszla z sercem, 1x muszla z gwiazd\u0105, 1x garnek delikatesowy<\/a><\/span><\/li>\n<li><span style=\"color: #080000\"><a style=\"color: #080000\" href=\"https:\/\/cosyowl.com\/pl\/przewodniki\/przewodnik-dla-poczatkujacych-dotyczacy-wytwarzania-wosku-topionego\/?wmc-currency=EUR\"><strong data-start=\"1026\" data-end=\"1060\"><span style=\"color: #ff6600\">Instrukcja krok po kroku<\/span><\/strong> - \u0141atwe do na\u015bladowania wskaz\u00f3wki dotycz\u0105ce tworzenia klej\u00f3w<\/a><\/span><\/li>\n<\/ul>\n<p>Nasz <span style=\"color: #080000\"><a style=\"color: #080000\" href=\"https:\/\/cosyowl.com\/pl\/olejki-zapachowe\/platek-sniegu\/?wmc-currency=EUR\"><span style=\"color: #ff6600\"><strong data-start=\"905\" data-end=\"937\">Olejek zapachowy Snowflake<\/strong><\/span><\/a><\/span>\u00a0tworzy <a href=\"https:\/\/cosyowl.com\/pl\/candle-making-supplies\/essential-oils\/eucalyptus-globulus-essential-oil\">\u015bwie\u017cy<\/a> bukiet kwiatowy z\u00a0<strong><a href=\"https:\/\/cosyowl.com\/pl\/candle-making-supplies\/essential-oils\/marjoram-essential-oil\">zielny<\/a> mi\u0119ta i cytrusy<\/strong>\u00a0g\u00f3rne nuty na sercu\u00a0<strong><a href=\"https:\/\/cosyowl.com\/pl\/fragrance-oils\/fresh-cut-grass\">zielony<\/a> jab\u0142ko, mi\u0119kkie <a href=\"https:\/\/cosyowl.com\/pl\/candle-making-supplies\/fragrance-oils-for-candle-making\/all-fragrances\/jasmine-fragrance-oil\">ja\u015bmin<\/a> i p\u0142atek r\u00f3\u017cy<\/strong>\u00a0wspierany przez baz\u0119\u00a0<strong>drewna i pi\u017cma.<\/strong><\/p>\n<p>Jeste\u015bmy dumni z zapewniania najwy\u017cszej <a href=\"https:\/\/cosyowl.com\/pl\/candle-wicks\/wedo-lx-wick-raw\">jako\u015b\u0107<\/a> sk\u0142adnik\u00f3w dost\u0119pnych na rynku do tworzenia idealnych wosk\u00f3w w domu. Nasze zestawy s\u0105 idealne zar\u00f3wno dla tych, kt\u00f3rzy dopiero zaczynaj\u0105, jak i dla tych, kt\u00f3rzy ju\u017c opanowali t\u0119 umiej\u0119tno\u015b\u0107, wi\u0119c chwy\u0107 fartuch i zacznijmy tworzy\u0107.<\/p>\n<p>&nbsp;<\/p>\n<h3 data-start=\"2493\" data-end=\"2542\">Pomocne zasoby dla sukcesu w tworzeniu \u015bwiec<\/h3>\n<ul>\n<li><strong><span style=\"color: #ff6600\"><a style=\"color: #ff6600\" href=\"https:\/\/cosyowl.com\/pl\/przewodniki\/przewodnik-dla-poczatkujacych-dotyczacy-wytwarzania-wosku-topionego\/?wmc-currency=EUR\">Przewodnik dla pocz\u0105tkuj\u0105cych dotycz\u0105cy wytwarzania wosku topionego<\/a><\/span><br \/>\n<\/strong><\/li>\n<li><span style=\"color: #ff6600\"><strong><a style=\"color: #ff6600\" href=\"https:\/\/cosyowl.com\/pl\/przewodniki\/przewodnik-po-stosowaniu-barwnika-woskowego-bekro\/?wmc-currency=EUR\">Przewodnik po u\u017cywaniu barwnika woskowego Bekro<\/a><\/strong><\/span><\/li>\n<li><strong><span style=\"color: #ff6600\"><a style=\"color: #ff6600\" href=\"https:\/\/cosyowl.com\/pl\/przewodniki\/6-najwazniejszych-pytan-dotyczacych-produkcji-wosku\/?wmc-currency=EUR\">6 najcz\u0119\u015bciej zadawanych pyta\u0144 - edycja dotycz\u0105ca wytwarzania wosku<\/a><\/span><\/strong><\/li>\n<li><strong><span style=\"color: #ff6600\"><a style=\"color: #ff6600\" href=\"https:\/\/cosyowl.com\/pl\/przewodniki\/jak-zrobic-wosk-do-topienia-w-domu\/?wmc-currency=EUR\">Jak zrobi\u0107 wosk w domu<\/a><\/span><\/strong><\/li>\n<li><strong><span style=\"color: #ff6600\"><a style=\"color: #ff6600\" href=\"https:\/\/cosyowl.com\/pl\/przewodniki\/?wmc-currency=EUR\">Przewodniki i przepisy<\/a><\/span><\/strong><\/li>\n<\/ul>","protected":false},"excerpt":{"rendered":"<p>Embrace the cool charm of winter with our Snowflake Wax Melt Kit, perfect for anyone wanting to explore the creative world of wax melt making. Whether you&#8217;re a beginner or a seasoned crafter, this kit has everything you need to create beautifully shaped wax melts infused with a refreshing, seasonal scent. What\u2019s Inside Your Wax [&hellip;]<\/p>\n","protected":false},"featured_media":53808,"comment_status":"open","ping_status":"closed","template":"","meta":{"_acf_changed":false},"product_brand":[],"product_cat":[655,727],"product_tag":[927],"class_list":{"0":"post-25965","1":"product","2":"type-product","3":"status-publish","4":"has-post-thumbnail","6":"product_cat-wax-melt-making-kits","7":"product_cat-wax-melt-making-kits-wax-melts","8":"product_tag-wax-melt-making-kit","9":"product_shipping_class-royal_mail_kits","11":"first","12":"instock","13":"taxable","14":"shipping-taxable","15":"purchasable","16":"product-type-simple"},"acf":[],"_links":{"self":[{"href":"https:\/\/cosyowl.com\/pl\/wp-json\/wp\/v2\/product\/25965","targetHints":{"allow":["GET"]}}],"collection":[{"href":"https:\/\/cosyowl.com\/pl\/wp-json\/wp\/v2\/product"}],"about":[{"href":"https:\/\/cosyowl.com\/pl\/wp-json\/wp\/v2\/types\/product"}],"replies":[{"embeddable":true,"href":"https:\/\/cosyowl.com\/pl\/wp-json\/wp\/v2\/comments?post=25965"}],"wp:featuredmedia":[{"embeddable":true,"href":"https:\/\/cosyowl.com\/pl\/wp-json\/wp\/v2\/media\/53808"}],"wp:attachment":[{"href":"https:\/\/cosyowl.com\/pl\/wp-json\/wp\/v2\/media?parent=25965"}],"wp:term":[{"taxonomy":"product_brand","embeddable":true,"href":"https:\/\/cosyowl.com\/pl\/wp-json\/wp\/v2\/product_brand?post=25965"},{"taxonomy":"product_cat","embeddable":true,"href":"https:\/\/cosyowl.com\/pl\/wp-json\/wp\/v2\/product_cat?post=25965"},{"taxonomy":"product_tag","embeddable":true,"href":"https:\/\/cosyowl.com\/pl\/wp-json\/wp\/v2\/product_tag?post=25965"}],"curies":[{"name":"wp","href":"https:\/\/api.w.org\/{rel}","templated":true}]}}