{"id":25964,"date":"2021-11-02T11:00:22","date_gmt":"2021-11-02T11:00:22","guid":{"rendered":"https:\/\/cosyowl.com\/?post_type=product&#038;p=25964"},"modified":"2026-03-03T13:45:31","modified_gmt":"2026-03-03T13:45:31","slug":"zestaw-do-wytapiania-wosku-z-solonego-grejpfruta","status":"publish","type":"product","link":"https:\/\/cosyowl.com\/pl\/craft-kits\/wax-melt-making-kits\/salted-grapefruit-wax-melt-making-kit","title":{"rendered":"Zestaw do wytapiania wosku z solonym grejpfrutem"},"content":{"rendered":"<p data-start=\"238\" data-end=\"498\">Dodaj odrobin\u0119 cytrus\u00f3w i kreatywno\u015bci do swojego dnia dzi\u0119ki naszym <strong data-start=\"296\" data-end=\"330\"><a href=\"https:\/\/cosyowl.com\/pl\/fragrance-oils\/salted-grapefruit\">Solony grejpfrut<\/a> <a href=\"https:\/\/cosyowl.com\/pl\/craft-kits\/wax-melt-making-kits\/lavender-wax-melt-making-kit\">Zestaw do topienia wosku<\/a><\/strong>. Niezale\u017cnie od tego, czy dopiero zaczynasz, czy ju\u017c uwielbiasz woskowe r\u0119kodzie\u0142o, ten zestaw zawiera wszystko, czego potrzebujesz, aby stworzy\u0107 unikalny kszta\u0142t, <a href=\"https:\/\/cosyowl.com\/pl\/craft-supplies\/wax-melt-supplies\/mica-powder-glitter\/bright-peach-biodegradable-candle-glitter\">\u017cywy<\/a> <a href=\"https:\/\/cosyowl.com\/pl\/guides\/sandalwood-vanilla-leaf-wax-melts-guide\">wosk topi si\u0119<\/a> z domowego zacisza.<\/p>\n<h3>Co znajduje si\u0119 w zestawie do topienia wosku?<\/h3>\n<ul>\n<li data-start=\"717\" data-end=\"812\"><span style=\"color: #050000\"><a style=\"color: #050000\" href=\"https:\/\/cosyowl.com\/pl\/olejki-zapachowe\/solony-grejpfrut\/?wmc-currency=EUR\">50ml - <span style=\"color: #ff6600\"><strong data-start=\"717\" data-end=\"757\">Olejek zapachowy Salted Grapefruit<\/strong><\/span> - Orze\u017awiaj\u0105cy cytrusowy aromat z rze\u015bk\u0105, pikantn\u0105 nut\u0105<\/a><\/span><\/li>\n<li data-start=\"815\" data-end=\"896\"><span style=\"color: #050000\"><a style=\"color: #050000\" href=\"https:\/\/cosyowl.com\/pl\/materialy-do-produkcji-swiec\/brokat-w-proszku-mika\/szafran-mika-w-proszku\/?wmc-currency=EUR\">25g - <span style=\"color: #ff6600\"><strong data-start=\"815\" data-end=\"842\">Mika szafranowa w proszku<\/strong><\/span> - Dodaje luksusowy z\u0142oty po\u0142ysk do wosk\u00f3w topionych<\/a><\/span><\/li>\n<li data-start=\"899\" data-end=\"986\"><span style=\"color: #050000\"><a style=\"color: #050000\" href=\"https:\/\/cosyowl.com\/pl\/barwniki-do-swiec\/bekro-6099-25-pomaranczowy-barwnik-do-swiec\/?wmc-currency=EUR\">3g -<\/a> <span style=\"color: #ff6600\"><strong data-start=\"899\" data-end=\"922\">Bekro Orange Dye<\/strong><\/span> - Zapewnia jasny obraz, <a href=\"https:\/\/cosyowl.com\/pl\/fragrance-oils\/juicy-orange\">soczysta pomara\u0144cza<\/a> kolor zapewniaj\u0105cy \u017cywe wyko\u0144czenie<\/span><\/li>\n<li data-start=\"883\" data-end=\"942\"><span style=\"color: #050000\"><a style=\"color: #050000\" href=\"https:\/\/cosyowl.com\/pl\/materialy-rzemieslnicze\/materialy-do-topienia-wosku\/wosk-do-topienia-wosku\/naturalne-woski-soyaluna-meltpillar-wax\/?wmc-currency=EUR\">350g - <span style=\"color: #ff6600\"><strong data-start=\"883\" data-end=\"902\">Wosk Pillar<\/strong><\/span> - Wysokiej jako\u015bci wosk idealny do form<\/a><\/span><\/li>\n<li data-start=\"945\" data-end=\"1023\"><span style=\"color: #050000\"><a style=\"color: #050000\" href=\"https:\/\/cosyowl.com\/pl\/wosk-topi-sie\/formy\/?wmc-currency=EUR\">4<span style=\"color: #ff6600\"><strong> Formy<\/strong> <\/span>- 1x muszla, 1x muszla z sercem, 1x muszla z gwiazd\u0105, 1x garnek delikatesowy<\/a><\/span><\/li>\n<li data-start=\"1026\" data-end=\"1112\"><span style=\"color: #050000\"><a style=\"color: #050000\" href=\"https:\/\/cosyowl.com\/pl\/przewodniki\/przewodnik-dla-poczatkujacych-dotyczacy-wytwarzania-wosku-topionego\/?wmc-currency=EUR\"><strong data-start=\"1026\" data-end=\"1060\"><span style=\"color: #ff6600\">Instrukcja krok po kroku<\/span><\/strong> - \u0141atwe do na\u015bladowania wskaz\u00f3wki dotycz\u0105ce tworzenia klej\u00f3w<\/a><\/span><\/li>\n<\/ul>\n<p>Nasz <span style=\"color: #050000\"><a style=\"color: #050000\" href=\"https:\/\/cosyowl.com\/pl\/olejki-zapachowe\/solony-grejpfrut\/?wmc-currency=EUR\"><span style=\"color: #ff6600\"><strong data-start=\"717\" data-end=\"757\">Olejek zapachowy Salted Grapefruit<\/strong><\/span><\/a><\/span>\u00a0zosta\u0142 specjalnie opracowany, aby przywo\u0142ywa\u0107 znany i lubiany owocowy i rze\u015bki zapach kojarzony z grejpfrutem i pocz\u0105tkowo emanuje silnym i wyra\u017anym zapachem kojarzonym z<strong>\u00a0<a href=\"https:\/\/cosyowl.com\/pl\/candle-making-supplies\/fragrance-oils-for-candle-making\/all-fragrances\/twc-seasalt-fragrance-oil\">s\u00f3l morska<\/a>r\u00f3\u017cowy grejpfrut, r\u00f3\u017cowy imbir, jab\u0142ko i <a href=\"https:\/\/cosyowl.com\/pl\/candle-making-supplies\/fragrance-oils-for-candle-making\/all-fragrances\/lemon-lavender-fragrance-oil\">sk\u00f3rka z cytryny<\/a><\/strong>. Aromat ten jest najbardziej wyra\u017any, gdy <a href=\"https:\/\/cosyowl.com\/pl\/guides\/a-summers-beach-gel-votive-candle\">\u015bwieca<\/a> zaczyna si\u0119 pali\u0107, wype\u0142niaj\u0105c pomieszczenie zapachem, kt\u00f3ry jest nast\u0119pnie wzmacniany przez lekkie tony<strong>\u00a0konwalia, czarny pieprz, geranium i sza\u0142wia muszkato\u0142owa<\/strong>. W sk\u0142adzie tego charakterystycznego zapachu znajduje si\u0119 rozkoszny \u015bladowy posmak\u00a0<strong>bursztyn, cedr i ziarna wanilii<\/strong>.<\/p>\n<p>Jeste\u015bmy dumni z zapewniania najwy\u017cszej <a href=\"https:\/\/cosyowl.com\/pl\/candle-wicks\/wedo-lx-wick-raw\">jako\u015b\u0107<\/a> sk\u0142adnik\u00f3w dost\u0119pnych na rynku do tworzenia idealnych wosk\u00f3w w domu. Nasze zestawy s\u0105 idealne zar\u00f3wno dla tych, kt\u00f3rzy dopiero zaczynaj\u0105, jak i dla tych, kt\u00f3rzy ju\u017c opanowali t\u0119 umiej\u0119tno\u015b\u0107, wi\u0119c chwy\u0107 fartuch i zacznijmy tworzy\u0107.<\/p>\n<p>&nbsp;<\/p>\n<h3 data-start=\"2493\" data-end=\"2542\">Pomocne zasoby dla sukcesu w tworzeniu \u015bwiec<\/h3>\n<ul>\n<li><strong><span style=\"color: #ff6600\"><a style=\"color: #ff6600\" href=\"https:\/\/cosyowl.com\/pl\/przewodniki\/przewodnik-dla-poczatkujacych-dotyczacy-wytwarzania-wosku-topionego\/?wmc-currency=EUR\">Przewodnik dla pocz\u0105tkuj\u0105cych dotycz\u0105cy wytwarzania wosku topionego<\/a><\/span><br \/>\n<\/strong><\/li>\n<li><span style=\"color: #ff6600\"><strong><a style=\"color: #ff6600\" href=\"https:\/\/cosyowl.com\/pl\/przewodniki\/przewodnik-po-stosowaniu-barwnika-woskowego-bekro\/?wmc-currency=EUR\">Przewodnik po u\u017cywaniu barwnika woskowego Bekro<\/a><\/strong><\/span><\/li>\n<li><strong><span style=\"color: #ff6600\"><a style=\"color: #ff6600\" href=\"https:\/\/cosyowl.com\/pl\/przewodniki\/6-najwazniejszych-pytan-dotyczacych-produkcji-wosku\/?wmc-currency=EUR\">6 najcz\u0119\u015bciej zadawanych pyta\u0144 - edycja dotycz\u0105ca wytwarzania wosku<\/a><\/span><\/strong><\/li>\n<li><strong><span style=\"color: #ff6600\"><a style=\"color: #ff6600\" href=\"https:\/\/cosyowl.com\/pl\/przewodniki\/jak-zrobic-wosk-do-topienia-w-domu\/?wmc-currency=EUR\">Jak zrobi\u0107 wosk w domu<\/a><\/span><\/strong><\/li>\n<li><strong><span style=\"color: #ff6600\"><a style=\"color: #ff6600\" href=\"https:\/\/cosyowl.com\/pl\/przewodniki\/?wmc-currency=EUR\">Przewodniki i przepisy<\/a><\/span><\/strong><\/li>\n<\/ul>","protected":false},"excerpt":{"rendered":"<p>Add a burst of citrus and creativity to your day with our Salted Grapefruit Wax Melt Kit. Whether you\u2019re just starting out or already love wax crafting, this kit has everything you need to create uniquely shaped, vibrant wax melts from the comfort of home. What\u2019s Inside Your Wax Melt Kit: 50ml &#8211; Salted Grapefruit [&hellip;]<\/p>\n","protected":false},"featured_media":53807,"comment_status":"open","ping_status":"closed","template":"","meta":{"_acf_changed":false},"product_brand":[],"product_cat":[655,727],"product_tag":[927],"class_list":{"0":"post-25964","1":"product","2":"type-product","3":"status-publish","4":"has-post-thumbnail","6":"product_cat-wax-melt-making-kits","7":"product_cat-wax-melt-making-kits-wax-melts","8":"product_tag-wax-melt-making-kit","9":"product_shipping_class-royal_mail_kits","11":"first","12":"instock","13":"taxable","14":"shipping-taxable","15":"purchasable","16":"product-type-simple"},"acf":[],"_links":{"self":[{"href":"https:\/\/cosyowl.com\/pl\/wp-json\/wp\/v2\/product\/25964","targetHints":{"allow":["GET"]}}],"collection":[{"href":"https:\/\/cosyowl.com\/pl\/wp-json\/wp\/v2\/product"}],"about":[{"href":"https:\/\/cosyowl.com\/pl\/wp-json\/wp\/v2\/types\/product"}],"replies":[{"embeddable":true,"href":"https:\/\/cosyowl.com\/pl\/wp-json\/wp\/v2\/comments?post=25964"}],"wp:featuredmedia":[{"embeddable":true,"href":"https:\/\/cosyowl.com\/pl\/wp-json\/wp\/v2\/media\/53807"}],"wp:attachment":[{"href":"https:\/\/cosyowl.com\/pl\/wp-json\/wp\/v2\/media?parent=25964"}],"wp:term":[{"taxonomy":"product_brand","embeddable":true,"href":"https:\/\/cosyowl.com\/pl\/wp-json\/wp\/v2\/product_brand?post=25964"},{"taxonomy":"product_cat","embeddable":true,"href":"https:\/\/cosyowl.com\/pl\/wp-json\/wp\/v2\/product_cat?post=25964"},{"taxonomy":"product_tag","embeddable":true,"href":"https:\/\/cosyowl.com\/pl\/wp-json\/wp\/v2\/product_tag?post=25964"}],"curies":[{"name":"wp","href":"https:\/\/api.w.org\/{rel}","templated":true}]}}