{"id":25962,"date":"2021-11-02T10:55:52","date_gmt":"2021-11-02T10:55:52","guid":{"rendered":"https:\/\/cosyowl.com\/?post_type=product&#038;p=25962"},"modified":"2026-03-03T13:45:31","modified_gmt":"2026-03-03T13:45:31","slug":"zestaw-do-wytapiania-wosku-oud","status":"publish","type":"product","link":"https:\/\/cosyowl.com\/pl\/craft-kits\/wax-melt-making-kits\/oud-wax-melt-making-kit","title":{"rendered":"Zestaw do produkcji wosku Oud"},"content":{"rendered":"<p data-start=\"197\" data-end=\"516\">Zwi\u0119ksz swoje do\u015bwiadczenie w tworzeniu wosk\u00f3w dzi\u0119ki naszym <strong data-start=\"243\" data-end=\"263\">Oud <a href=\"https:\/\/cosyowl.com\/pl\/craft-kits\/wax-melt-making-kits\/lavender-wax-melt-making-kit\">Zestaw do topienia wosku<\/a><\/strong>zaprojektowany dla tych, kt\u00f3rzy ceni\u0105 <a href=\"https:\/\/cosyowl.com\/pl\/fragrance-oils\/chocolate-orange\">bogaty<\/a>, bogate zapachy i kreatywne wyra\u017canie siebie. Niezale\u017cnie od tego, czy jeste\u015b pocz\u0105tkuj\u0105cym, czy do\u015bwiadczonym tw\u00f3rc\u0105, ten zestaw zapewnia wszystko, czego potrzebujesz, aby stworzy\u0107 pi\u0119knie ukszta\u0142towane, silnie pachn\u0105ce produkty. <a href=\"https:\/\/cosyowl.com\/pl\/guides\/sandalwood-vanilla-leaf-wax-melts-guide\">wosk topi si\u0119<\/a> w domu.<\/p>\n<h3>Co znajduje si\u0119 w zestawie do topienia wosku?<\/h3>\n<ul>\n<li data-start=\"749\" data-end=\"852\"><a href=\"https:\/\/cosyowl.com\/pl\/materialy-do-produkcji-swiec\/olejki-zapachowe-do-produkcji-swiec\/wszystkie-zapachy\/olejek-zapachowy-oud\/?wmc-currency=EUR\"><span style=\"color: #050000\">50 ml <span style=\"color: #ff6600\"><strong data-start=\"749\" data-end=\"775\">Olejek zapachowy Oud<\/strong><\/span> - Odwa\u017cny, \u017cywiczny zapach z ciep\u0142ymi, dymnymi nutami zapewnia luksusowy aromat.<\/span><\/a><\/li>\n<li data-start=\"855\" data-end=\"938\"><span style=\"color: #050000\"><a style=\"color: #050000\" href=\"https:\/\/cosyowl.com\/pl\/materialy-do-produkcji-swiec\/brokat-w-proszku-mika\/szafran-mika-w-proszku\/?wmc-currency=EUR\">25g <span style=\"color: #ff6600\"><strong>Szafran<\/strong> <strong>Mika w proszku<\/strong><\/span> - Dodaje elegancki z\u0142oty po\u0142ysk do wosk\u00f3w topionych<\/a><\/span><\/li>\n<li data-start=\"941\" data-end=\"1028\"><span style=\"color: #050000\"><a style=\"color: #050000\" href=\"https:\/\/cosyowl.com\/pl\/barwniki-do-swiec\/bekro-227-kremowy-barwnik-do-swiec\/?wmc-currency=EUR\">3g <span style=\"color: #ff6600\"><strong data-start=\"941\" data-end=\"963\">Bekro Cream Dye<\/strong><\/span> - Tworzy mi\u0119kki, neutralny odcie\u0144, kt\u00f3ry uzupe\u0142nia bogaty zapach.<\/a><\/span><\/li>\n<li><span style=\"color: #050000\"><a style=\"color: #050000\" href=\"https:\/\/cosyowl.com\/pl\/materialy-rzemieslnicze\/materialy-do-topienia-wosku\/wosk-do-topienia-wosku\/naturalne-woski-soyaluna-meltpillar-wax\/?wmc-currency=EUR\">350g - <span style=\"color: #ff6600\"><strong data-start=\"883\" data-end=\"902\">Wosk Pillar<\/strong><\/span> - Wysokiej jako\u015bci wosk idealny do form<\/a><\/span><\/li>\n<li><span style=\"color: #050000\"><a style=\"color: #050000\" href=\"https:\/\/cosyowl.com\/pl\/wosk-topi-sie\/formy\/?wmc-currency=EUR\">4<span style=\"color: #ff6600\"><strong> Formy<\/strong><\/span> - 1x muszla, 1x muszla z sercem, 1x muszla z gwiazd\u0105, 1x garnek delikatesowy<\/a><\/span><\/li>\n<li><span style=\"color: #050000\"><a style=\"color: #050000\" href=\"https:\/\/cosyowl.com\/pl\/przewodniki\/przewodnik-dla-poczatkujacych-dotyczacy-wytwarzania-wosku-topionego\/?wmc-currency=EUR\"><strong data-start=\"1026\" data-end=\"1060\"><span style=\"color: #ff6600\">Instrukcja krok po kroku<\/span><\/strong> - \u0141atwe do na\u015bladowania wskaz\u00f3wki dotycz\u0105ce tworzenia klej\u00f3w<\/a><\/span><\/li>\n<\/ul>\n<p>Nasz <a href=\"https:\/\/cosyowl.com\/pl\/materialy-do-produkcji-swiec\/olejki-zapachowe-do-produkcji-swiec\/wszystkie-zapachy\/olejek-zapachowy-oud\/?wmc-currency=EUR\"><span style=\"color: #050000\"><span style=\"color: #ff6600\"><strong data-start=\"749\" data-end=\"775\">Olejek zapachowy Oud<\/strong><\/span> <\/span><\/a>\u00a0zosta\u0142 specjalnie opracowany, aby uwalnia\u0107 odurzaj\u0105cy pi\u017cmowy zapach, zwykle pochodz\u0105cy z \u017cywicy drzewnej <a href=\"https:\/\/cosyowl.com\/pl\/candle-making-supplies\/fragrance-oils-for-candle-making\/all-fragrances\/black-coconut-fragrance-oil\">tropikalny<\/a> Drzewo agarowe. Jeden z najdro\u017cszych i najbardziej poszukiwanych zapach\u00f3w na \u015bwiecie, u\u017cywany w wielu ceremoniach religijnych w Azji Po\u0142udniowo-Wschodniej, na Bliskim Wschodzie, w Chinach, Japonii i Indiach. Ten intryguj\u0105cy zapach otwiera\u00a0<strong><a href=\"https:\/\/cosyowl.com\/pl\/candle-making-supplies\/fragrance-oils-for-candle-making\/all-fragrances\/pink-grapefruit-fragrance-oil\">cytrus<\/a>jagody ja\u0142owca, czarna porzeczka, \u015bliwka i wi\u015bnia<\/strong>\u00a0z nutami <a href=\"https:\/\/cosyowl.com\/pl\/candle-making-kits\/winter-pine-candle-making-kit\">sosna<\/a> prowadz\u0105ce do serca\u00a0<strong>r\u00f3\u017ca, <a href=\"https:\/\/cosyowl.com\/pl\/candle-making-supplies\/fragrance-oils-for-candle-making\/all-fragrances\/jasmine-fragrance-oil\">ja\u015bmin<\/a> i ylang <\/strong>wspierany przez rozgrzewaj\u0105ce przyprawy spoczywaj\u0105ce na intensywnej bazie cennych<strong>\u00a0drewno, oudh, paczula, bursztyn i pi\u017cmo.<\/strong><\/p>\n<p>Jeste\u015bmy dumni z zapewniania najwy\u017cszej <a href=\"https:\/\/cosyowl.com\/pl\/candle-wicks\/wedo-lx-wick-raw\">jako\u015b\u0107<\/a> sk\u0142adnik\u00f3w dost\u0119pnych na rynku do tworzenia idealnych wosk\u00f3w w domu. Nasze zestawy s\u0105 idealne zar\u00f3wno dla tych, kt\u00f3rzy dopiero zaczynaj\u0105, jak i dla tych, kt\u00f3rzy ju\u017c opanowali t\u0119 umiej\u0119tno\u015b\u0107, wi\u0119c chwy\u0107 fartuch i zacznijmy tworzy\u0107.<\/p>\n<p>&nbsp;<\/p>\n<h3 data-start=\"2493\" data-end=\"2542\">Pomocne zasoby dla sukcesu w tworzeniu \u015bwiec<\/h3>\n<ul>\n<li><strong><span style=\"color: #ff6600\"><a style=\"color: #ff6600\" href=\"https:\/\/cosyowl.com\/pl\/przewodniki\/przewodnik-dla-poczatkujacych-dotyczacy-wytwarzania-wosku-topionego\/?wmc-currency=EUR\">Przewodnik dla pocz\u0105tkuj\u0105cych dotycz\u0105cy wytwarzania wosku topionego<\/a><\/span><br \/>\n<\/strong><\/li>\n<li><span style=\"color: #ff6600\"><strong><a style=\"color: #ff6600\" href=\"https:\/\/cosyowl.com\/pl\/przewodniki\/przewodnik-po-stosowaniu-barwnika-woskowego-bekro\/?wmc-currency=EUR\">Przewodnik po u\u017cywaniu barwnika woskowego Bekro<\/a><\/strong><\/span><\/li>\n<li><strong><span style=\"color: #ff6600\"><a style=\"color: #ff6600\" href=\"https:\/\/cosyowl.com\/pl\/przewodniki\/6-najwazniejszych-pytan-dotyczacych-produkcji-wosku\/?wmc-currency=EUR\">6 najcz\u0119\u015bciej zadawanych pyta\u0144 - edycja dotycz\u0105ca wytwarzania wosku<\/a><\/span><\/strong><\/li>\n<li><strong><span style=\"color: #ff6600\"><a style=\"color: #ff6600\" href=\"https:\/\/cosyowl.com\/pl\/przewodniki\/jak-zrobic-wosk-do-topienia-w-domu\/?wmc-currency=EUR\">Jak zrobi\u0107 wosk w domu<\/a><\/span><\/strong><\/li>\n<li><strong><span style=\"color: #ff6600\"><a style=\"color: #ff6600\" href=\"https:\/\/cosyowl.com\/pl\/przewodniki\/?wmc-currency=EUR\">Przewodniki i przepisy<\/a><\/span><\/strong><\/li>\n<\/ul>","protected":false},"excerpt":{"rendered":"<p>Elevate your wax crafting experience with our Oud Wax Melt Kit, designed for those who appreciate rich, opulent fragrances and creative self-expression. Whether you&#8217;re a beginner or an experienced maker, this all-in-one kit provides everything you need to make beautifully shaped, highly fragrant wax melts at home. What\u2019s Inside Your Wax Melt Kit: 50ml Oud [&hellip;]<\/p>\n","protected":false},"featured_media":53812,"comment_status":"open","ping_status":"closed","template":"","meta":{"_acf_changed":false},"product_brand":[],"product_cat":[655,653,727],"product_tag":[927],"class_list":{"0":"post-25962","1":"product","2":"type-product","3":"status-publish","4":"has-post-thumbnail","6":"product_cat-wax-melt-making-kits","7":"product_cat-craft-kits","8":"product_cat-wax-melt-making-kits-wax-melts","9":"product_tag-wax-melt-making-kit","10":"product_shipping_class-royal_mail_kits","12":"first","13":"instock","14":"taxable","15":"shipping-taxable","16":"purchasable","17":"product-type-simple"},"acf":[],"_links":{"self":[{"href":"https:\/\/cosyowl.com\/pl\/wp-json\/wp\/v2\/product\/25962","targetHints":{"allow":["GET"]}}],"collection":[{"href":"https:\/\/cosyowl.com\/pl\/wp-json\/wp\/v2\/product"}],"about":[{"href":"https:\/\/cosyowl.com\/pl\/wp-json\/wp\/v2\/types\/product"}],"replies":[{"embeddable":true,"href":"https:\/\/cosyowl.com\/pl\/wp-json\/wp\/v2\/comments?post=25962"}],"wp:featuredmedia":[{"embeddable":true,"href":"https:\/\/cosyowl.com\/pl\/wp-json\/wp\/v2\/media\/53812"}],"wp:attachment":[{"href":"https:\/\/cosyowl.com\/pl\/wp-json\/wp\/v2\/media?parent=25962"}],"wp:term":[{"taxonomy":"product_brand","embeddable":true,"href":"https:\/\/cosyowl.com\/pl\/wp-json\/wp\/v2\/product_brand?post=25962"},{"taxonomy":"product_cat","embeddable":true,"href":"https:\/\/cosyowl.com\/pl\/wp-json\/wp\/v2\/product_cat?post=25962"},{"taxonomy":"product_tag","embeddable":true,"href":"https:\/\/cosyowl.com\/pl\/wp-json\/wp\/v2\/product_tag?post=25962"}],"curies":[{"name":"wp","href":"https:\/\/api.w.org\/{rel}","templated":true}]}}