{"id":25961,"date":"2021-11-02T10:53:23","date_gmt":"2021-11-02T10:53:23","guid":{"rendered":"https:\/\/cosyowl.com\/?post_type=product&#038;p=25961"},"modified":"2026-03-03T13:45:30","modified_gmt":"2026-03-03T13:45:30","slug":"zestaw-do-topienia-wosku-z-kadzidlem-i-mirra","status":"publish","type":"product","link":"https:\/\/cosyowl.com\/pl\/craft-kits\/wax-melt-making-kits\/frankincense-and-myrrh-wax-melting-kit","title":{"rendered":"Zestaw do topienia wosku z kadzid\u0142em i mirr\u0105"},"content":{"rendered":"<p data-start=\"112\" data-end=\"469\">Wejd\u017a do \u015bwiata kreatywno\u015bci <a href=\"https:\/\/cosyowl.com\/pl\/guides\/making-a-reed-diffuser\">zapach do domu<\/a> z naszym <strong data-start=\"247\" data-end=\"284\">Kadzid\u0142o i mirra <a href=\"https:\/\/cosyowl.com\/pl\/craft-kits\/wax-melt-making-kits\/lavender-wax-melt-making-kit\">Zestaw do topienia wosku<\/a><\/strong>. Niezale\u017cnie od tego, czy jeste\u015b pocz\u0105tkuj\u0105cym rzemie\u015blnikiem, czy entuzjast\u0105 topienia wosku, ten zestaw zawiera wszystko, czego potrzebujesz, aby uzyska\u0107 pi\u0119knie ukszta\u0142towane, bogato pachn\u0105ce topienie z odrobin\u0105 <a href=\"https:\/\/cosyowl.com\/pl\/craft-supplies\/wax-melt-supplies\/mica-powder-glitter\/light-copper-biodegradable-candle-glitter\">po\u0142yskuj\u0105cy<\/a> luksus. The <a href=\"https:\/\/cosyowl.com\/pl\/craft-kits\/candle-making-kits\/soy-wax-mulled-wine-christmas-candle-making-kit\">ciep\u0142y<\/a>, <a href=\"https:\/\/cosyowl.com\/pl\/candle-making-supplies\/essential-oils\/frankincense-essential-oil\">\u017cywiczny<\/a> Zapach kadzid\u0142a i mirry doskonale \u0142\u0105czy si\u0119 z delikatnym kremowym kolorem i br\u0105zowym po\u0142yskiem miki - idealny dla <a href=\"https:\/\/cosyowl.com\/pl\/candle-making-kits\/soy-wax-christmas-spice-candle-making-kit\">\u015bwi\u0105teczny<\/a> projekty, prezenty lub po prostu sprawianie sobie przyjemno\u015bci.<\/p>\n<p><strong>Co znajduje si\u0119 w zestawie do topienia wosku?<\/strong><\/p>\n<ul>\n<li data-start=\"692\" data-end=\"796\"><span style=\"color: #050000\"><a style=\"color: #050000\" href=\"https:\/\/cosyowl.com\/pl\/materialy-do-produkcji-swiec\/olejki-zapachowe-do-produkcji-swiec\/olejek-zapachowy-kadzidlo-mirra\/?wmc-currency=EUR\">50 ml<span style=\"color: #ff6600\"><strong data-start=\"692\" data-end=\"735\"> Olejek zapachowy Frankincense &amp; Myrrh<\/strong><\/span> - G\u0142\u0119boka, aromatyczna mieszanka ciep\u0142ych przypraw i nut \u017cywicznych<\/a><\/span><\/li>\n<li data-start=\"799\" data-end=\"889\"><span style=\"color: #050000\"><a style=\"color: #050000\" href=\"https:\/\/cosyowl.com\/pl\/materialy-do-produkcji-swiec\/brokat-w-proszku-mika\/proszek-mika-z-brazu-blyskowego\/?wmc-currency=EUR\">25g <span style=\"color: #ff6600\"><strong data-start=\"799\" data-end=\"831\">Flash Bronze Mica Powder<\/strong> <\/span>- Dodaje luksusowego, po\u0142yskuj\u0105cego wyko\u0144czenia do wosk\u00f3w topionych.<\/a><\/span><\/li>\n<li data-start=\"892\" data-end=\"984\"><span style=\"color: #050000\"><a style=\"color: #050000\" href=\"https:\/\/cosyowl.com\/pl\/barwniki-do-swiec\/bekro-227-kremowy-barwnik-do-swiec\/?wmc-currency=EUR\">3g <span style=\"color: #ff6600\"><strong data-start=\"892\" data-end=\"914\">Bekro Cream Dye<\/strong><\/span> - Delikatny, elegancki kremowy kolor uzupe\u0142nia bogaty zapach.<\/a><\/span><\/li>\n<li data-start=\"883\" data-end=\"942\"><span style=\"color: #080000\"><a style=\"color: #080000\" href=\"https:\/\/cosyowl.com\/pl\/materialy-rzemieslnicze\/materialy-do-topienia-wosku\/wosk-do-topienia-wosku\/naturalne-woski-soyaluna-meltpillar-wax\/?wmc-currency=EUR\">350g - <span style=\"color: #ff6600\"><strong data-start=\"883\" data-end=\"902\">Wosk Pillar<\/strong><\/span> - Wysokiej jako\u015bci wosk idealny do form<\/a><\/span><\/li>\n<li data-start=\"945\" data-end=\"1023\"><span style=\"color: #080000\"><a style=\"color: #080000\" href=\"https:\/\/cosyowl.com\/pl\/wosk-topi-sie\/formy\/?wmc-currency=EUR\">4<span style=\"color: #ff6600\"><strong> Formy<\/strong><\/span> - 1x muszla, 1x muszla z sercem, 1x muszla z gwiazd\u0105, 1x garnek delikatesowy<\/a><\/span><\/li>\n<li data-start=\"1026\" data-end=\"1112\"><span style=\"color: #080000\"><a style=\"color: #080000\" href=\"https:\/\/cosyowl.com\/pl\/przewodniki\/przewodnik-dla-poczatkujacych-dotyczacy-wytwarzania-wosku-topionego\/?wmc-currency=EUR\"><span style=\"color: #ff6600\"><strong data-start=\"1026\" data-end=\"1060\">Instrukcja krok po kroku<\/strong><\/span> - \u0141atwe do na\u015bladowania wskaz\u00f3wki dotycz\u0105ce tworzenia klej\u00f3w<\/a><\/span><\/li>\n<\/ul>\n<p>Nasz <span style=\"color: #050000\"><a style=\"color: #050000\" href=\"https:\/\/cosyowl.com\/pl\/materialy-do-produkcji-swiec\/olejki-zapachowe-do-produkcji-swiec\/olejek-zapachowy-kadzidlo-mirra\/?wmc-currency=EUR\"><span style=\"color: #ff6600\"><strong data-start=\"692\" data-end=\"735\">Olejek zapachowy Frankincense &amp; Myrrh<\/strong><\/span><\/a><\/span>\u00a0zapewnia orientalny akord fantazji z nutami g\u0142owy\u00a0<strong>sk\u00f3rki cytrus\u00f3w, eukaliptus, ja\u0142owiec i lawenda<\/strong>\u00a0prowadz\u0105ce do <a href=\"https:\/\/cosyowl.com\/pl\/fragrance-oils\/nutcracker\">pikantny<\/a> serce\u00a0<strong>cynamon i go\u017adziki<\/strong>zaokr\u0105glony przez irys z orientalnymi nutami bazy\u00a0<strong>ciep\u0142y bursztyn, drzewo sanda\u0142owe, drzewo cedrowe, paczula, pi\u017cmo i wanilia.<\/strong><\/p>\n<p>Jeste\u015bmy dumni z zapewniania najwy\u017cszej <a href=\"https:\/\/cosyowl.com\/pl\/candle-wicks\/wedo-lx-wick-raw\">jako\u015b\u0107<\/a> sk\u0142adniki dost\u0119pne na rynku do stworzenia idealnego <a href=\"https:\/\/cosyowl.com\/pl\/guides\/sandalwood-vanilla-leaf-wax-melts-guide\">Wosk topiony<\/a> w domu. Nasze zestawy s\u0105 idealne zar\u00f3wno dla tych, kt\u00f3rzy dopiero zaczynaj\u0105, jak i tych, kt\u00f3rzy ju\u017c opanowali t\u0119 umiej\u0119tno\u015b\u0107, wi\u0119c chwy\u0107 fartuch i zacznijmy tworzy\u0107.<\/p>\n<p>&nbsp;<\/p>\n<h3 data-start=\"2493\" data-end=\"2542\">Pomocne zasoby dla sukcesu w tworzeniu \u015bwiec<\/h3>\n<ul>\n<li><strong><span style=\"color: #ff6600\"><a style=\"color: #ff6600\" href=\"https:\/\/cosyowl.com\/pl\/przewodniki\/przewodnik-dla-poczatkujacych-dotyczacy-wytwarzania-wosku-topionego\/?wmc-currency=EUR\">Przewodnik dla pocz\u0105tkuj\u0105cych dotycz\u0105cy wytwarzania wosku topionego<\/a><\/span><br \/>\n<\/strong><\/li>\n<li><span style=\"color: #ff6600\"><strong><a style=\"color: #ff6600\" href=\"https:\/\/cosyowl.com\/pl\/przewodniki\/przewodnik-po-stosowaniu-barwnika-woskowego-bekro\/?wmc-currency=EUR\">Przewodnik po u\u017cywaniu barwnika woskowego Bekro<\/a><\/strong><\/span><\/li>\n<li><strong><span style=\"color: #ff6600\"><a style=\"color: #ff6600\" href=\"https:\/\/cosyowl.com\/pl\/przewodniki\/6-najwazniejszych-pytan-dotyczacych-produkcji-wosku\/?wmc-currency=EUR\">6 najcz\u0119\u015bciej zadawanych pyta\u0144 - edycja dotycz\u0105ca wytwarzania wosku<\/a><\/span><\/strong><\/li>\n<li><strong><span style=\"color: #ff6600\"><a style=\"color: #ff6600\" href=\"https:\/\/cosyowl.com\/pl\/przewodniki\/jak-zrobic-wosk-do-topienia-w-domu\/?wmc-currency=EUR\">Jak zrobi\u0107 wosk w domu<\/a><\/span><\/strong><\/li>\n<li><strong><span style=\"color: #ff6600\"><a style=\"color: #ff6600\" href=\"https:\/\/cosyowl.com\/pl\/przewodniki\/?wmc-currency=EUR\">Przewodniki i przepisy<\/a><\/span><\/strong><\/li>\n<\/ul>","protected":false},"excerpt":{"rendered":"<p>Step into the world of creative home fragrance with our Frankincense &amp; Myrrh Wax Melt Kit. Whether you&#8217;re a first-time crafter or a wax melt enthusiast, this kit includes everything you need to make beautifully shaped, richly scented melts with a touch of shimmering luxury.\u00a0The warm, resinous scent of frankincense and myrrh pairs perfectly with [&hellip;]<\/p>\n","protected":false},"featured_media":53813,"comment_status":"open","ping_status":"closed","template":"","meta":{"_acf_changed":false},"product_brand":[],"product_cat":[655,653,727],"product_tag":[927],"class_list":{"0":"post-25961","1":"product","2":"type-product","3":"status-publish","4":"has-post-thumbnail","6":"product_cat-wax-melt-making-kits","7":"product_cat-craft-kits","8":"product_cat-wax-melt-making-kits-wax-melts","9":"product_tag-wax-melt-making-kit","10":"product_shipping_class-royal_mail_kits","12":"first","13":"instock","14":"taxable","15":"shipping-taxable","16":"purchasable","17":"product-type-simple"},"acf":[],"_links":{"self":[{"href":"https:\/\/cosyowl.com\/pl\/wp-json\/wp\/v2\/product\/25961","targetHints":{"allow":["GET"]}}],"collection":[{"href":"https:\/\/cosyowl.com\/pl\/wp-json\/wp\/v2\/product"}],"about":[{"href":"https:\/\/cosyowl.com\/pl\/wp-json\/wp\/v2\/types\/product"}],"replies":[{"embeddable":true,"href":"https:\/\/cosyowl.com\/pl\/wp-json\/wp\/v2\/comments?post=25961"}],"wp:featuredmedia":[{"embeddable":true,"href":"https:\/\/cosyowl.com\/pl\/wp-json\/wp\/v2\/media\/53813"}],"wp:attachment":[{"href":"https:\/\/cosyowl.com\/pl\/wp-json\/wp\/v2\/media?parent=25961"}],"wp:term":[{"taxonomy":"product_brand","embeddable":true,"href":"https:\/\/cosyowl.com\/pl\/wp-json\/wp\/v2\/product_brand?post=25961"},{"taxonomy":"product_cat","embeddable":true,"href":"https:\/\/cosyowl.com\/pl\/wp-json\/wp\/v2\/product_cat?post=25961"},{"taxonomy":"product_tag","embeddable":true,"href":"https:\/\/cosyowl.com\/pl\/wp-json\/wp\/v2\/product_tag?post=25961"}],"curies":[{"name":"wp","href":"https:\/\/api.w.org\/{rel}","templated":true}]}}