{"id":25944,"date":"2021-11-02T10:25:29","date_gmt":"2021-11-02T10:25:29","guid":{"rendered":"https:\/\/cosyowl.com\/?post_type=product&#038;p=25944"},"modified":"2026-04-28T17:23:15","modified_gmt":"2026-04-28T16:23:15","slug":"zestaw-do-produkcji-dyfuzora-z-szalwia-i-sola-morska","status":"publish","type":"product","link":"https:\/\/cosyowl.com\/pl\/craft-kits\/diffuser-making-kits\/sage-and-sea-salt-diffuser-making-kit","title":{"rendered":"Zestaw do tworzenia dyfuzor\u00f3w z sza\u0142wi\u0105 i sol\u0105 morsk\u0105"},"content":{"rendered":"<p>Chcesz stworzy\u0107 sw\u00f3j w\u0142asny zapach do domu? Nasz <strong data-start=\"305\" data-end=\"325\"><a href=\"https:\/\/cosyowl.com\/pl\/guides\/making-a-reed-diffuser\">Dyfuzor DIY<\/a> Zestaw<\/strong> to idealne rozwi\u0105zanie dla pocz\u0105tkuj\u0105cych i do\u015bwiadczonych rzemie\u015blnik\u00f3w. Dzi\u0119ki temu kompletnemu zestawowi mo\u017cesz wykona\u0107 <strong data-start=\"444\" data-end=\"478\">trzy pi\u0119kne <a href=\"https:\/\/cosyowl.com\/pl\/guides\/a-beginners-guide-to-making-reed-diffusers\">dyfuzory trzcinowe<\/a><\/strong> od podstaw, w domu.<\/p>\n<h3>Co znajduje si\u0119 w zestawie do tworzenia dyfuzor\u00f3w?<\/h3>\n<ul>\n<li><span style=\"color: #080000\"><a href=\"https:\/\/cosyowl.com\/pl\/candle-containers\/candle-tins\/rose-gold-round-candle-tin-with-welded-side-seam-100ml-single\">100ml<\/a> <a style=\"color: #080000\" href=\"https:\/\/cosyowl.com\/pl\/materialy-do-produkcji-swiec\/olejki-zapachowe-do-produkcji-swiec\/olejki-zapachowe-premium\/olejek-zapachowy-cosy-owl-premium-wood-sage-seasalt\/?wmc-currency=EUR\"><strong>Olejek zapachowy Wood Sage &amp; Sea Salt <\/strong><\/a>- To <a href=\"https:\/\/cosyowl.com\/pl\/fragrance-oils\/coffee\">aromatyczny<\/a> i pi\u017cmowy zapach zawiera <a href=\"https:\/\/cosyowl.com\/pl\/candle-making-supplies\/fragrance-oils-for-candle-making\/all-fragrances\/ocean-fragrance-oil\">morski<\/a> podstawa z subtelnym <a href=\"https:\/\/cosyowl.com\/pl\/candle-making-supplies\/fragrance-oils-for-candle-making\/all-fragrances\/pink-grapefruit-fragrance-oil\">cytrus<\/a> nuty g\u0142owy. Zr\u00f3wnowa\u017cony drewnem, sol\u0105, przyprawami i s\u0142odycz\u0105, oferuje wielowarstwowy aromat, kt\u00f3ry pi\u0119knie ewoluuje wraz z up\u0142ywem czasu.<\/span><\/li>\n<li><span style=\"color: #080000\">500g <a href=\"https:\/\/cosyowl.com\/pl\/dyfuzory-trzcinowe\/olej-bazowy-do-dyfuzorow-trzcinowych\/?wmc-currency=EUR\"><strong>Olej bazowy do dyfuzora Augeo Clean Multi<\/strong><\/a> - Specjalnie opracowany do mieszania z <a href=\"https:\/\/cosyowl.com\/pl\/candle-making-supplies\/fragrance-oils-for-candle-making\/premium-fragrance-oils\/cosy-owl-premium-1-million-type-fragrance-oil\">olejek zapachowy<\/a> aby zapewni\u0107 <a href=\"https:\/\/cosyowl.com\/pl\/candle-making-supplies\/glitters\/pure-white-biodegradable\">czysty<\/a>d\u0142ugotrwa\u0142y zapach.<\/span><\/li>\n<li><span style=\"color: #080000\"><a href=\"https:\/\/cosyowl.com\/pl\/candle-making-supplies\/candle-containers\/other-containers\/wax-melt-christmas-tree-mould-3\">3<\/a> Stylowy <a href=\"https:\/\/cosyowl.com\/pl\/craft-supplies\/reed-diffuser-supplies\/reed-diffuser-bottles\/14mm-clear-glass-marble-balls-for-diffuser-bottles\">Butelki z dyfuzorem<\/a>:\u00a0<strong><a style=\"color: #080000\" href=\"https:\/\/cosyowl.com\/pl\/materialy-rzemieslnicze\/materialy-eksploatacyjne-do-dyfuzorow-trzcinowych\/butelki-z-dyfuzorem-trzcinowym\/szklany-pojemnik-100ml-kostka-dyfuzora\/?wmc-currency=EUR\">Dyfuzor w szklanej kostce o pojemno\u015bci 100 ml<\/a>,<a style=\"color: #080000\" href=\"https:\/\/cosyowl.com\/pl\/materialy-rzemieslnicze\/materialy-eksploatacyjne-do-dyfuzorow-trzcinowych\/butelki-z-dyfuzorem-trzcinowym\/szklany-pojemnik-200ml-butelka-z-dyfuzorem-karen\/?wmc-currency=EUR\"> 2x <\/a><\/strong><strong><a style=\"color: #080000\" href=\"https:\/\/cosyowl.com\/pl\/materialy-rzemieslnicze\/materialy-eksploatacyjne-do-dyfuzorow-trzcinowych\/butelki-z-dyfuzorem-trzcinowym\/szklany-pojemnik-200ml-butelka-z-dyfuzorem-karen\/?wmc-currency=EUR\">Szklane butelki Karen o pojemno\u015bci 100 ml<\/a><\/strong><\/span><\/li>\n<li data-start=\"975\" data-end=\"1019\"><span style=\"color: #080000\">3 <a style=\"color: #080000\" href=\"https:\/\/cosyowl.com\/pl\/materialy-rzemieslnicze\/materialy-eksploatacyjne-do-dyfuzorow-trzcinowych\/butelki-z-dyfuzorem-trzcinowym\/nasadka-dyfuzora-z-metalowa-powloka-w-kolorze-zlotym-blyszczacym\/?wmc-currency=EUR\"><strong data-start=\"975\" data-end=\"1000\">Metalowe za\u015blepki dyfuzora<\/strong><\/a> (1 z\u0142oty, 2 srebrne)<\/span><\/li>\n<li data-start=\"1022\" data-end=\"1064\"><span style=\"color: #080000\">30 <a style=\"color: #080000\" href=\"https:\/\/cosyowl.com\/pl\/dyfuzory-trzcinowe\/trzciny\/?wmc-currency=EUR\"><strong data-start=\"1022\" data-end=\"1043\">Stroiki dyfuzora<\/strong><\/a> (20 czarnych, 10 bia\u0142ych)<\/span><\/li>\n<li data-start=\"1067\" data-end=\"1087\"><span style=\"color: #080000\">3 <a style=\"color: #080000\" href=\"https:\/\/cosyowl.com\/pl\/materialy-rzemieslnicze\/materialy-eksploatacyjne-do-dyfuzorow-trzcinowych\/butelki-z-dyfuzorem-trzcinowym\/zatyczka-butelki-z-dyfuzorem\/?wmc-currency=EUR\"><strong data-start=\"1067\" data-end=\"1087\">Za\u015blepki dyfuzora<\/strong><\/a><\/span><\/li>\n<li data-start=\"1067\" data-end=\"1087\"><span style=\"color: #080000\"><a style=\"color: #080000\" href=\"https:\/\/cosyowl.com\/pl\/przewodniki\/przewodnik-dla-poczatkujacych-po-tworzeniu-dyfuzorow-trzcinowych\/?wmc-currency=EUR\"><strong data-start=\"1090\" data-end=\"1124\">Instrukcja obs\u0142ugi krok po kroku<\/strong><\/a><\/span><\/li>\n<\/ul>\n<p>Aromatyczny i pi\u017cmowy zapach inspirowany s\u0142ynnymi perfumami Jo Malone.  Z bogactwem i g\u0142\u0119bi\u0105, kt\u00f3re oznaczaj\u0105 nasz\u0105 gam\u0119 zapach\u00f3w premium, ten morski zapach ma nuty cytrus\u00f3w, zapewniaj\u0105c doskona\u0142\u0105 mieszank\u0119 drewna, soli, pikanterii i s\u0142odyczy.  Nie przyt\u0142aczaj\u0105cy, ale z prawdziw\u0105 moc\u0105, ten zapach naprawd\u0119 ewoluuje i dojrzewa, im d\u0142u\u017cej unosi si\u0119 w powietrzu.<\/p>\n<p>Jako jeden z\u00a0<a href=\"https:\/\/cosyowl.com\/pl\/przewodniki\/nowe-zapachy-swiec-cosy-owl-premium\/?wmc-currency=EUR\">Cosy Owl Premium<\/a>\u00a0zapach\u00f3w, jeste\u015bmy przekonani, \u017ce przewy\u017csza on wszystko, co jest obecnie dost\u0119pne na rynku.\u00a0<a href=\"https:\/\/cosyowl.com\/pl\/guides\/how-to-make-a-candle\">produkcja \u015bwiec<\/a> obecnie na rynku.  Sp\u0119dzili\u015bmy miesi\u0105ce pracuj\u0105c z ekspertami z bran\u017cy, aby opracowa\u0107 now\u0105 gam\u0119 zapach\u00f3w o wi\u0119kszej sile, g\u0142\u0119bi, okr\u0105g\u0142o\u015bci i zapachu.  Wykorzystali\u015bmy najwy\u017csze\u00a0<a href=\"https:\/\/cosyowl.com\/pl\/candle-wicks\/wedo-lx-wick-raw\">jako\u015b\u0107<\/a>\u00a0i najdro\u017csze sk\u0142adniki, bardziej z\u0142o\u017cone mieszanki sk\u0142adnik\u00f3w i znacznie bardziej skoncentrowana mieszanka, co oznacza, \u017ce b\u0119d\u0105 to znacznie mocniejsze i bardziej zaokr\u0105glone zapachy.<\/p>\n<p>Jeste\u015bmy dumni z dostarczania najwy\u017cszej jako\u015bci sk\u0142adnik\u00f3w dost\u0119pnych na rynku do tworzenia idealnych dyfuzor\u00f3w w domu. Nasze zestawy s\u0105 idealne zar\u00f3wno dla tych, kt\u00f3rzy dopiero zaczynaj\u0105, jak i dla tych, kt\u00f3rzy ju\u017c opanowali t\u0119 umiej\u0119tno\u015b\u0107, wi\u0119c chwy\u0107 fartuch i zacznijmy tworzy\u0107.<\/p>\n<p>&nbsp;<\/p>\n<h3 data-start=\"2493\" data-end=\"2542\">Pomocne zasoby dla sukcesu w tworzeniu \u015bwiec<\/h3>\n<ul>\n<li><a href=\"https:\/\/cosyowl.com\/pl\/przewodniki\/przewodnik-dla-poczatkujacych-po-tworzeniu-dyfuzorow-trzcinowych\/?wmc-currency=EUR\"><strong><span style=\"color: #ff6600\">Przewodnik dla pocz\u0105tkuj\u0105cych po tworzeniu dyfuzor\u00f3w trzcinowych<\/span><\/strong><\/a><\/li>\n<li><a href=\"https:\/\/cosyowl.com\/pl\/przewodniki\/tworzenie-dyfuzora-trzcinowego\/?wmc-currency=EUR\"><strong><span style=\"color: #ff6600\">Jak zrobi\u0107 w\u0142asne dyfuzory z trzciny?<\/span><\/strong><\/a><\/li>\n<li class=\"entry-title\"><a href=\"https:\/\/cosyowl.com\/pl\/przewodniki\/jak-uzywac-olejkow-zapachowych\/?wmc-currency=EUR\"><strong><span style=\"color: #ff6600\">Jak u\u017cywa\u0107 olejk\u00f3w zapachowych<\/span><\/strong><\/a><\/li>\n<li><strong><span style=\"color: #ff6600\"><a style=\"color: #ff6600\" href=\"https:\/\/cosyowl.com\/pl\/przewodniki\/cmrs-i-ftalany-w-olejkach-zapachowych\/?wmc-currency=EUR\">CMR, ftalany, parabeny, PEG i silikon w olejkach zapachowych - nasz przewodnik Free From.<\/a><\/span><\/strong><\/li>\n<li><a href=\"https:\/\/cosyowl.com\/pl\/przewodniki\/?wmc-currency=EUR\"><span style=\"color: #ff6600\"><strong>Przewodniki i przepisy<\/strong><\/span><\/a><\/li>\n<\/ul>","protected":false},"excerpt":{"rendered":"<p>Looking to create your own signature home fragrance? Our DIY Diffuser Kit is the perfect all-in-one solution for beginners and experienced crafters alike. With this complete set, you can make three beautiful reed diffusers from scratch, right at home. What\u2019s Inside Your Diffuser Making Kit? 100ml Wood Sage &amp; Sea Salt Fragrance Oil &#8211; This [&hellip;]<\/p>\n","protected":false},"featured_media":53786,"comment_status":"open","ping_status":"closed","template":"","meta":{"_acf_changed":false},"product_brand":[],"product_cat":[654,653,726],"product_tag":[929],"class_list":{"0":"post-25944","1":"product","2":"type-product","3":"status-publish","4":"has-post-thumbnail","6":"product_cat-diffuser-making-kits","7":"product_cat-craft-kits","8":"product_cat-reed-diffuser-kits","9":"product_tag-diffuser-making-kit","10":"product_shipping_class-royal_mail_kits","12":"first","13":"instock","14":"taxable","15":"shipping-taxable","16":"purchasable","17":"product-type-simple"},"acf":[],"_links":{"self":[{"href":"https:\/\/cosyowl.com\/pl\/wp-json\/wp\/v2\/product\/25944","targetHints":{"allow":["GET"]}}],"collection":[{"href":"https:\/\/cosyowl.com\/pl\/wp-json\/wp\/v2\/product"}],"about":[{"href":"https:\/\/cosyowl.com\/pl\/wp-json\/wp\/v2\/types\/product"}],"replies":[{"embeddable":true,"href":"https:\/\/cosyowl.com\/pl\/wp-json\/wp\/v2\/comments?post=25944"}],"wp:featuredmedia":[{"embeddable":true,"href":"https:\/\/cosyowl.com\/pl\/wp-json\/wp\/v2\/media\/53786"}],"wp:attachment":[{"href":"https:\/\/cosyowl.com\/pl\/wp-json\/wp\/v2\/media?parent=25944"}],"wp:term":[{"taxonomy":"product_brand","embeddable":true,"href":"https:\/\/cosyowl.com\/pl\/wp-json\/wp\/v2\/product_brand?post=25944"},{"taxonomy":"product_cat","embeddable":true,"href":"https:\/\/cosyowl.com\/pl\/wp-json\/wp\/v2\/product_cat?post=25944"},{"taxonomy":"product_tag","embeddable":true,"href":"https:\/\/cosyowl.com\/pl\/wp-json\/wp\/v2\/product_tag?post=25944"}],"curies":[{"name":"wp","href":"https:\/\/api.w.org\/{rel}","templated":true}]}}