{"id":25933,"date":"2021-11-02T09:44:30","date_gmt":"2021-11-02T09:44:30","guid":{"rendered":"https:\/\/cosyowl.com\/?post_type=product&#038;p=25933"},"modified":"2026-04-28T17:23:59","modified_gmt":"2026-04-28T16:23:59","slug":"zestaw-do-robienia-dyfuzorow-z-ogorka-i-melona","status":"publish","type":"product","link":"https:\/\/cosyowl.com\/pl\/craft-kits\/diffuser-making-kits\/cucumber-melon-diffuser-making-kit","title":{"rendered":"Zestaw do tworzenia dyfuzora z og\u00f3rka i melona"},"content":{"rendered":"<p data-start=\"248\" data-end=\"507\">Chcesz stworzy\u0107 sw\u00f3j w\u0142asny zapach do domu? Nasz <strong data-start=\"305\" data-end=\"325\"><a href=\"https:\/\/cosyowl.com\/pl\/guides\/making-a-reed-diffuser\">Dyfuzor DIY<\/a> Zestaw<\/strong> to idealne rozwi\u0105zanie dla pocz\u0105tkuj\u0105cych i do\u015bwiadczonych rzemie\u015blnik\u00f3w. Dzi\u0119ki temu kompletnemu zestawowi mo\u017cesz wykona\u0107 <strong data-start=\"444\" data-end=\"478\">trzy pi\u0119kne <a href=\"https:\/\/cosyowl.com\/pl\/guides\/a-beginners-guide-to-making-reed-diffusers\">dyfuzory trzcinowe<\/a><\/strong> od podstaw, w domu.<\/p>\n<h3>Co znajduje si\u0119 w zestawie do tworzenia dyfuzor\u00f3w?<\/h3>\n<ul>\n<li data-start=\"533\" data-end=\"742\"><span style=\"color: #050000\"><a href=\"https:\/\/cosyowl.com\/pl\/candle-containers\/candle-tins\/rose-gold-round-candle-tin-with-welded-side-seam-100ml-single\">100ml<\/a> <a style=\"color: #050000\" href=\"https:\/\/cosyowl.com\/pl\/olejki-zapachowe\/ogorek-melon\/?wmc-currency=EUR\"><strong data-start=\"533\" data-end=\"571\">Olejek zapachowy Cucumber Melon<\/strong><\/a> - A <a href=\"https:\/\/cosyowl.com\/pl\/candle-making-supplies\/glitters\/turquoise-blue-candle-glitter\">od\u015bwie\u017canie<\/a> po\u0142\u0105czenie soczystego kantalupa, dojrza\u0142ej odmiany miodowej i chrupkiego og\u00f3rka, zr\u00f3wnowa\u017cone nutami frezji, bia\u0142ych kwiat\u00f3w, nektaru brzoskwiniowego, <a href=\"https:\/\/cosyowl.com\/pl\/candle-making-supplies\/fragrance-oils-for-candle-making\/all-fragrances\/jasmine-fragrance-oil\">ja\u015bmin<\/a>, wanilia i delikatne pi\u017cmo.<\/span><\/li>\n<li><span style=\"color: #080000\">500g <a href=\"https:\/\/cosyowl.com\/pl\/dyfuzory-trzcinowe\/olej-bazowy-do-dyfuzorow-trzcinowych\/?wmc-currency=EUR\"><strong>Olej bazowy do dyfuzora Augeo Clean Multi<\/strong><\/a> - Specjalnie opracowany do mieszania z <a href=\"https:\/\/cosyowl.com\/pl\/candle-making-supplies\/fragrance-oils-for-candle-making\/premium-fragrance-oils\/cosy-owl-premium-1-million-type-fragrance-oil\">olejek zapachowy<\/a> aby zapewni\u0107 <a href=\"https:\/\/cosyowl.com\/pl\/candle-making-supplies\/glitters\/pure-white-biodegradable\">czysty<\/a>d\u0142ugotrwa\u0142y zapach.<\/span><\/li>\n<li><span style=\"color: #080000\"><a href=\"https:\/\/cosyowl.com\/pl\/candle-making-supplies\/candle-containers\/other-containers\/wax-melt-christmas-tree-mould-3\">3<\/a> Stylowy <a href=\"https:\/\/cosyowl.com\/pl\/craft-supplies\/reed-diffuser-supplies\/reed-diffuser-bottles\/14mm-clear-glass-marble-balls-for-diffuser-bottles\">Butelki z dyfuzorem<\/a>:\u00a0<strong><a style=\"color: #080000\" href=\"https:\/\/cosyowl.com\/pl\/materialy-rzemieslnicze\/materialy-eksploatacyjne-do-dyfuzorow-trzcinowych\/butelki-z-dyfuzorem-trzcinowym\/szklany-pojemnik-100ml-kostka-dyfuzora\/?wmc-currency=EUR\">Dyfuzor w szklanej kostce o pojemno\u015bci 100 ml<\/a>,<a style=\"color: #080000\" href=\"https:\/\/cosyowl.com\/pl\/materialy-rzemieslnicze\/materialy-eksploatacyjne-do-dyfuzorow-trzcinowych\/butelki-z-dyfuzorem-trzcinowym\/szklany-pojemnik-200ml-butelka-z-dyfuzorem-karen\/?wmc-currency=EUR\"> 2x <\/a><\/strong><strong><a style=\"color: #080000\" href=\"https:\/\/cosyowl.com\/pl\/materialy-rzemieslnicze\/materialy-eksploatacyjne-do-dyfuzorow-trzcinowych\/butelki-z-dyfuzorem-trzcinowym\/szklany-pojemnik-200ml-butelka-z-dyfuzorem-karen\/?wmc-currency=EUR\">Szklane butelki Karen o pojemno\u015bci 100 ml<\/a><\/strong><\/span><\/li>\n<li data-start=\"975\" data-end=\"1019\"><span style=\"color: #050000\">3 <a style=\"color: #050000\" href=\"https:\/\/cosyowl.com\/pl\/materialy-rzemieslnicze\/materialy-eksploatacyjne-do-dyfuzorow-trzcinowych\/butelki-z-dyfuzorem-trzcinowym\/nasadka-dyfuzora-z-metalowa-powloka-w-kolorze-zlotym-blyszczacym\/?wmc-currency=EUR\"><strong data-start=\"975\" data-end=\"1000\">Metalowe za\u015blepki dyfuzora<\/strong><\/a> (1 z\u0142oty, 2 srebrne)<\/span><\/li>\n<li data-start=\"1022\" data-end=\"1064\"><span style=\"color: #050000\">30 <a style=\"color: #050000\" href=\"https:\/\/cosyowl.com\/pl\/dyfuzory-trzcinowe\/trzciny\/?wmc-currency=EUR\"><strong data-start=\"1022\" data-end=\"1043\">Stroiki dyfuzora<\/strong><\/a> (20 czarnych, 10 bia\u0142ych)<\/span><\/li>\n<li data-start=\"1067\" data-end=\"1087\"><span style=\"color: #050000\">3 <a style=\"color: #050000\" href=\"https:\/\/cosyowl.com\/pl\/materialy-rzemieslnicze\/materialy-eksploatacyjne-do-dyfuzorow-trzcinowych\/butelki-z-dyfuzorem-trzcinowym\/zatyczka-butelki-z-dyfuzorem\/?wmc-currency=EUR\"><strong data-start=\"1067\" data-end=\"1087\">Za\u015blepki dyfuzora<\/strong><\/a><\/span><\/li>\n<li data-start=\"1067\" data-end=\"1087\"><span style=\"color: #050000\"><a style=\"color: #050000\" href=\"https:\/\/cosyowl.com\/pl\/przewodniki\/przewodnik-dla-poczatkujacych-po-tworzeniu-dyfuzorow-trzcinowych\/?wmc-currency=EUR\"><strong data-start=\"1090\" data-end=\"1124\">Instrukcja obs\u0142ugi krok po kroku<\/strong><\/a><\/span><\/li>\n<\/ul>\n<p>Nasz <span style=\"color: #050000\"><a style=\"color: #050000\" href=\"https:\/\/cosyowl.com\/pl\/olejki-zapachowe\/ogorek-melon\/?wmc-currency=EUR\"><span style=\"color: #ff6600\"><strong data-start=\"533\" data-end=\"571\">Olejek zapachowy Cucumber Melon<\/strong><\/span><\/a><\/span>\u00a0zosta\u0142 specjalnie opracowany, aby przywo\u0142ywa\u0107 znane i lubiane zapachy <a href=\"https:\/\/cosyowl.com\/pl\/candle-making-supplies\/fragrance-oils-for-candle-making\/all-fragrances\/mandarin-orange-fragrance-oil\">\u015bwie\u017cy aromat<\/a> obu tych owoc\u00f3w. Zapach pocz\u0105tkowo emanuje siln\u0105 i wyra\u017an\u0105 woni\u0105 kojarz\u0105c\u0105 si\u0119 z\u00a0<strong>soczysty kantalupa, dojrza\u0142y melon spadziowy i chrupi\u0105cy og\u00f3rek<\/strong>. Aromat ten jest najbardziej wyra\u017any, gdy <a href=\"https:\/\/cosyowl.com\/pl\/guides\/a-summers-beach-gel-votive-candle\">\u015bwieca<\/a> zaczyna si\u0119 pali\u0107, wype\u0142niaj\u0105c pomieszczenie zapachem, kt\u00f3ry jest nast\u0119pnie wzmacniany przez lekkie tony\u00a0<strong>frezja, bia\u0142y kwiat i nektar brzoskwiniowy<\/strong>. W recepturze tego charakterystycznego zapachu znajduje si\u0119 <a href=\"https:\/\/cosyowl.com\/pl\/fragrance-oils\/strawberry-bon-bon\">zachwycaj\u0105cy<\/a> \u015bladowy posmak<strong>\u00a0ja\u015bmin, wanilia i lekkie pi\u017cmo<\/strong>.<\/p>\n<p>Jeste\u015bmy dumni z zapewniania najwy\u017cszej <a href=\"https:\/\/cosyowl.com\/pl\/candle-wicks\/wedo-lx-wick-raw\">jako\u015b\u0107<\/a> sk\u0142adnik\u00f3w dost\u0119pnych na rynku do tworzenia idealnych dyfuzor\u00f3w w domu. Nasze zestawy s\u0105 idealne zar\u00f3wno dla tych, kt\u00f3rzy dopiero zaczynaj\u0105, jak i dla tych, kt\u00f3rzy ju\u017c opanowali t\u0119 umiej\u0119tno\u015b\u0107, wi\u0119c chwy\u0107 fartuch i zacznijmy tworzy\u0107.<\/p>\n<h3 data-start=\"2493\" data-end=\"2542\">Pomocne zasoby dla sukcesu w tworzeniu \u015bwiec<\/h3>\n<ul>\n<li><a href=\"https:\/\/cosyowl.com\/pl\/przewodniki\/przewodnik-dla-poczatkujacych-po-tworzeniu-dyfuzorow-trzcinowych\/?wmc-currency=EUR\"><strong><span style=\"color: #ff6600\">Przewodnik dla pocz\u0105tkuj\u0105cych po tworzeniu dyfuzor\u00f3w trzcinowych<\/span><\/strong><\/a><\/li>\n<li><a href=\"https:\/\/cosyowl.com\/pl\/przewodniki\/tworzenie-dyfuzora-trzcinowego\/?wmc-currency=EUR\"><strong><span style=\"color: #ff6600\">Jak zrobi\u0107 w\u0142asne dyfuzory z trzciny?<\/span><\/strong><\/a><\/li>\n<li class=\"entry-title\"><a href=\"https:\/\/cosyowl.com\/pl\/przewodniki\/jak-uzywac-olejkow-zapachowych\/?wmc-currency=EUR\"><strong><span style=\"color: #ff6600\">Jak u\u017cywa\u0107 olejk\u00f3w zapachowych<\/span><\/strong><\/a><\/li>\n<li><strong><span style=\"color: #ff6600\"><a style=\"color: #ff6600\" href=\"https:\/\/cosyowl.com\/pl\/przewodniki\/cmrs-i-ftalany-w-olejkach-zapachowych\/?wmc-currency=EUR\">CMR, ftalany, parabeny, PEG i silikon w olejkach zapachowych - nasz przewodnik Free From.<\/a><\/span><\/strong><\/li>\n<li><a href=\"https:\/\/cosyowl.com\/pl\/przewodniki\/?wmc-currency=EUR\"><span style=\"color: #ff6600\"><strong>Przewodniki i przepisy<\/strong><\/span><\/a><\/li>\n<\/ul>","protected":false},"excerpt":{"rendered":"<p>Looking to create your own signature home fragrance? Our DIY Diffuser Kit is the perfect all-in-one solution for beginners and experienced crafters alike. With this complete set, you can make three beautiful reed diffusers from scratch, right at home. What\u2019s Inside Your Diffuser Making Kit? 100ml Cucumber Melon Fragrance Oil \u2013 A refreshing blend of [&hellip;]<\/p>\n","protected":false},"featured_media":53790,"comment_status":"open","ping_status":"closed","template":"","meta":{"_acf_changed":false},"product_brand":[],"product_cat":[654,653,726],"product_tag":[929],"class_list":{"0":"post-25933","1":"product","2":"type-product","3":"status-publish","4":"has-post-thumbnail","6":"product_cat-diffuser-making-kits","7":"product_cat-craft-kits","8":"product_cat-reed-diffuser-kits","9":"product_tag-diffuser-making-kit","10":"product_shipping_class-royal_mail_kits","12":"first","13":"instock","14":"taxable","15":"shipping-taxable","16":"purchasable","17":"product-type-simple"},"acf":[],"_links":{"self":[{"href":"https:\/\/cosyowl.com\/pl\/wp-json\/wp\/v2\/product\/25933","targetHints":{"allow":["GET"]}}],"collection":[{"href":"https:\/\/cosyowl.com\/pl\/wp-json\/wp\/v2\/product"}],"about":[{"href":"https:\/\/cosyowl.com\/pl\/wp-json\/wp\/v2\/types\/product"}],"replies":[{"embeddable":true,"href":"https:\/\/cosyowl.com\/pl\/wp-json\/wp\/v2\/comments?post=25933"}],"wp:featuredmedia":[{"embeddable":true,"href":"https:\/\/cosyowl.com\/pl\/wp-json\/wp\/v2\/media\/53790"}],"wp:attachment":[{"href":"https:\/\/cosyowl.com\/pl\/wp-json\/wp\/v2\/media?parent=25933"}],"wp:term":[{"taxonomy":"product_brand","embeddable":true,"href":"https:\/\/cosyowl.com\/pl\/wp-json\/wp\/v2\/product_brand?post=25933"},{"taxonomy":"product_cat","embeddable":true,"href":"https:\/\/cosyowl.com\/pl\/wp-json\/wp\/v2\/product_cat?post=25933"},{"taxonomy":"product_tag","embeddable":true,"href":"https:\/\/cosyowl.com\/pl\/wp-json\/wp\/v2\/product_tag?post=25933"}],"curies":[{"name":"wp","href":"https:\/\/api.w.org\/{rel}","templated":true}]}}