{"id":20477,"date":"2021-08-24T08:54:53","date_gmt":"2021-08-24T07:54:53","guid":{"rendered":"https:\/\/cosyowl.com\/?post_type=product&#038;p=20477"},"modified":"2026-05-01T13:08:51","modified_gmt":"2026-05-01T12:08:51","slug":"metalowa-pokrywka-do-pojemnika-20cl","status":"publish","type":"product","link":"https:\/\/cosyowl.com\/pl\/candle-making-supplies\/candle-containers\/candle-glasses\/metal-lid-for-20cl-container","title":{"rendered":"Metalowa pokrywka do pojemnika 20cl"},"content":{"rendered":"<p>Metalowa pokrywa do pojemnik\u00f3w 20cl dost\u0119pna w <a href=\"https:\/\/cosyowl.com\/pl\/candle-making-supplies\/candle-containers\/other-containers\/wax-melt-christmas-tree-mould-3\">3<\/a> Kolory - srebrny, miedziany i mosi\u0119\u017cny. Nale\u017cy pami\u0119ta\u0107, \u017ce pokrywy te nie s\u0105 wyposa\u017cone w zintegrowan\u0105 silikonow\u0105 uszczelk\u0119.<\/p>\n<p>Wymiary zewn\u0119trzne - wys. 10 mm x szer. 74 mm<br \/>\nWymiary wewn\u0119trzne - wys. 8 mm x szer. 72 mm<\/p>","protected":false},"excerpt":{"rendered":"<p>Metalowa pokrywka do pojemnik\u00f3w o pojemno\u015bci 20 cl dost\u0119pna w 3 kolorach - srebrnym, miedzianym i mosi\u0119\u017cnym. Nale\u017cy pami\u0119ta\u0107, \u017ce pokrywki te nie s\u0105 wyposa\u017cone w zintegrowan\u0105 silikonow\u0105 uszczelk\u0119. Wymiary zewn\u0119trzne - wys. 10 mm x szer. 74 mm Wymiary wewn\u0119trzne - wys. 8 mm x szer. 72 mm<\/p>","protected":false},"featured_media":53718,"comment_status":"open","ping_status":"closed","template":"","meta":{"_acf_changed":false},"product_brand":[],"product_cat":[527,501],"product_tag":[924],"class_list":{"0":"post-20477","1":"product","2":"type-product","3":"status-publish","4":"has-post-thumbnail","6":"product_cat-candle-glasses","7":"product_cat-metal-containers","8":"product_tag-lid","9":"product_shipping_class-royal_mail","11":"first","12":"instock","13":"taxable","14":"shipping-taxable","15":"purchasable","16":"product-type-variable"},"acf":[],"_links":{"self":[{"href":"https:\/\/cosyowl.com\/pl\/wp-json\/wp\/v2\/product\/20477","targetHints":{"allow":["GET"]}}],"collection":[{"href":"https:\/\/cosyowl.com\/pl\/wp-json\/wp\/v2\/product"}],"about":[{"href":"https:\/\/cosyowl.com\/pl\/wp-json\/wp\/v2\/types\/product"}],"replies":[{"embeddable":true,"href":"https:\/\/cosyowl.com\/pl\/wp-json\/wp\/v2\/comments?post=20477"}],"wp:featuredmedia":[{"embeddable":true,"href":"https:\/\/cosyowl.com\/pl\/wp-json\/wp\/v2\/media\/53718"}],"wp:attachment":[{"href":"https:\/\/cosyowl.com\/pl\/wp-json\/wp\/v2\/media?parent=20477"}],"wp:term":[{"taxonomy":"product_brand","embeddable":true,"href":"https:\/\/cosyowl.com\/pl\/wp-json\/wp\/v2\/product_brand?post=20477"},{"taxonomy":"product_cat","embeddable":true,"href":"https:\/\/cosyowl.com\/pl\/wp-json\/wp\/v2\/product_cat?post=20477"},{"taxonomy":"product_tag","embeddable":true,"href":"https:\/\/cosyowl.com\/pl\/wp-json\/wp\/v2\/product_tag?post=20477"}],"curies":[{"name":"wp","href":"https:\/\/api.w.org\/{rel}","templated":true}]}}