{"id":18317,"date":"1970-01-01T00:00:00","date_gmt":"1969-12-31T23:00:00","guid":{"rendered":"https:\/\/cosyowl.com\/?post_type=product&#038;p=18317"},"modified":"2026-03-03T13:45:31","modified_gmt":"2026-03-03T13:45:31","slug":"aluminiowe-podgrzewacze-do-herbaty-36mm-x-16-4mm","status":"publish","type":"product","link":"https:\/\/cosyowl.com\/pl\/candle-making-supplies\/candle-containers\/metal-containers\/aluminium-tea-light-cups-36mm-x-164mm","title":{"rendered":"Aluminiowe podgrzewacze do herbaty - 36 mm x 16,4 mm"},"content":{"rendered":"<p>\u2018<\/p>\n<p>Te <a href=\"https:\/\/cosyowl.com\/pl\/candle-making-supplies\/candle-containers\/metal-containers\/aluminium-tea-light-cups-375mm-x-22mm\">Aluminiowe podgrzewacze do herbaty<\/a> maj\u0105 36 mm szeroko\u015bci x 16,4 mm wysoko\u015bci i s\u0105 przeznaczone g\u0142\u00f3wnie do u\u017cytku z <a href=\"https:\/\/cosyowl.com\/pl\/guides\/the-truth-about-paraffin-wax-being-vegan-friendly\">parafina<\/a>. Knoty z podtrzymywaczami s\u0105 dostarczane oddzielnie - patrz lista w sekcji \"Knoty do \u015bwiec\" \/ produkt: Knot do podgrzewaczy (TL 15\/S.33) - 40 mm<\/p>\n<p>Wa\u017cna uwaga: nie nale\u017cy umieszcza\u0107 Tea Light <a href=\"https:\/\/cosyowl.com\/pl\/guides\/a-summers-beach-gel-votive-candle\">\u015bwieca<\/a> bezpo\u015brednio na paln\u0105 powierzchni\u0119, poniewa\u017c podstawa pojemnika mo\u017ce si\u0119 bardzo nagrza\u0107.<\/p>","protected":false},"excerpt":{"rendered":"<p>&#8216; These Aluminium Tea Light Cups are 36mm wide x 16.4mm in height and for use predominantly with paraffin wax. The wicks with sustainers are supplied separately &#8211; see listings under &#8216;Candle Wicks&#8217; \/ product: Tea Light Wick (TL 15\/S.33) &#8211; 40mm Important note, do not place the Tea Light candle directly onto a combustible [&hellip;]<\/p>\n","protected":false},"featured_media":54003,"comment_status":"open","ping_status":"closed","template":"","meta":{"_acf_changed":false},"product_brand":[],"product_cat":[501,502],"product_tag":[925],"class_list":{"0":"post-18317","1":"product","2":"type-product","3":"status-publish","4":"has-post-thumbnail","6":"product_cat-metal-containers","7":"product_cat-candle-containers-other-containers","8":"product_tag-tea-light-cup","9":"product_shipping_class-royal_mail","11":"first","12":"instock","13":"taxable","14":"shipping-taxable","15":"purchasable","16":"product-type-variable"},"acf":[],"_links":{"self":[{"href":"https:\/\/cosyowl.com\/pl\/wp-json\/wp\/v2\/product\/18317","targetHints":{"allow":["GET"]}}],"collection":[{"href":"https:\/\/cosyowl.com\/pl\/wp-json\/wp\/v2\/product"}],"about":[{"href":"https:\/\/cosyowl.com\/pl\/wp-json\/wp\/v2\/types\/product"}],"replies":[{"embeddable":true,"href":"https:\/\/cosyowl.com\/pl\/wp-json\/wp\/v2\/comments?post=18317"}],"wp:featuredmedia":[{"embeddable":true,"href":"https:\/\/cosyowl.com\/pl\/wp-json\/wp\/v2\/media\/54003"}],"wp:attachment":[{"href":"https:\/\/cosyowl.com\/pl\/wp-json\/wp\/v2\/media?parent=18317"}],"wp:term":[{"taxonomy":"product_brand","embeddable":true,"href":"https:\/\/cosyowl.com\/pl\/wp-json\/wp\/v2\/product_brand?post=18317"},{"taxonomy":"product_cat","embeddable":true,"href":"https:\/\/cosyowl.com\/pl\/wp-json\/wp\/v2\/product_cat?post=18317"},{"taxonomy":"product_tag","embeddable":true,"href":"https:\/\/cosyowl.com\/pl\/wp-json\/wp\/v2\/product_tag?post=18317"}],"curies":[{"name":"wp","href":"https:\/\/api.w.org\/{rel}","templated":true}]}}