{"id":18177,"date":"1970-01-01T00:00:00","date_gmt":"1969-12-31T23:00:00","guid":{"rendered":"https:\/\/cosyowl.com\/?post_type=product&#038;p=18177"},"modified":"2026-03-03T13:45:31","modified_gmt":"2026-03-03T13:45:31","slug":"drewniany-patyczek-do-centrowania-knota-12-cm","status":"publish","type":"product","link":"https:\/\/cosyowl.com\/pl\/candle-making-supplies\/candle-making-extras\/wooden-wick-centering-stick-12cm","title":{"rendered":"Drewniany knot centruj\u0105cy 12 cm"},"content":{"rendered":"<p>Narz\u0119dzie do centrowania knota to bardzo proste urz\u0105dzenie, kt\u00f3re przytrzymuje knot. <a href=\"https:\/\/cosyowl.com\/pl\/guides\/a-summers-beach-gel-votive-candle\">\u015bwieca<\/a> knot na miejscu. Umieszcza si\u0119 go na szczycie filaru \u015bwiecy, lampy T lub innego pojemnika, aby utrzyma\u0107 knot w \u015brodku.<\/p>\n<p>Dost\u0119pne w opakowaniach po 10, 50 lub 250 sztuk.<\/p>","protected":false},"excerpt":{"rendered":"<p>Narz\u0119dzie do centrowania knota to bardzo proste urz\u0105dzenie, kt\u00f3re utrzymuje knot \u015bwiecy na miejscu. Umieszcza si\u0119 go na szczycie filaru \u015bwiecy, lampy T lub innego pojemnika, aby utrzyma\u0107 knot w \u015brodku. Dost\u0119pne w opakowaniach po 10, 50 lub 250 sztuk.<\/p>","protected":false},"featured_media":18183,"comment_status":"open","ping_status":"closed","template":"","meta":{"_acf_changed":false},"product_brand":[],"product_cat":[532],"product_tag":[935],"class_list":{"0":"post-18177","1":"product","2":"type-product","3":"status-publish","4":"has-post-thumbnail","6":"product_cat-tools-equipment","7":"product_tag-wick-centering-tool","8":"pa_pack-size-569","9":"pa_pack-size-575","10":"pa_pack-size-570","12":"first","13":"instock","14":"taxable","15":"shipping-taxable","16":"purchasable","17":"product-type-variable"},"acf":[],"_links":{"self":[{"href":"https:\/\/cosyowl.com\/pl\/wp-json\/wp\/v2\/product\/18177","targetHints":{"allow":["GET"]}}],"collection":[{"href":"https:\/\/cosyowl.com\/pl\/wp-json\/wp\/v2\/product"}],"about":[{"href":"https:\/\/cosyowl.com\/pl\/wp-json\/wp\/v2\/types\/product"}],"replies":[{"embeddable":true,"href":"https:\/\/cosyowl.com\/pl\/wp-json\/wp\/v2\/comments?post=18177"}],"wp:featuredmedia":[{"embeddable":true,"href":"https:\/\/cosyowl.com\/pl\/wp-json\/wp\/v2\/media\/18183"}],"wp:attachment":[{"href":"https:\/\/cosyowl.com\/pl\/wp-json\/wp\/v2\/media?parent=18177"}],"wp:term":[{"taxonomy":"product_brand","embeddable":true,"href":"https:\/\/cosyowl.com\/pl\/wp-json\/wp\/v2\/product_brand?post=18177"},{"taxonomy":"product_cat","embeddable":true,"href":"https:\/\/cosyowl.com\/pl\/wp-json\/wp\/v2\/product_cat?post=18177"},{"taxonomy":"product_tag","embeddable":true,"href":"https:\/\/cosyowl.com\/pl\/wp-json\/wp\/v2\/product_tag?post=18177"}],"curies":[{"name":"wp","href":"https:\/\/api.w.org\/{rel}","templated":true}]}}